{"id":38,"date":"2014-09-18T12:34:08","date_gmt":"2014-09-18T11:34:08","guid":{"rendered":"http:\/\/agora.xtec.cat\/escola-ramonmuntaner\/?page_id=38"},"modified":"2025-07-03T11:41:06","modified_gmt":"2025-07-03T09:41:06","slug":"salut","status":"publish","type":"page","link":"https:\/\/agora.xtec.cat\/escola-ramonmuntaner\/lescola\/salut\/","title":{"rendered":"Salut"},"content":{"rendered":"<h2 style=\"text-align: center;\"><strong><u>ASPECTES GENERALS<\/u><\/strong><\/h2>\n<p>\u00c9s important <strong>actualitzar les dades de salut<\/strong> (al\u00b7l\u00e8rgies, intoler\u00e0ncies&#8230;), i si hi ha algun canvi, cal comunicar-ho a <strong>secretaria<\/strong>. \u00c9s necessari un paper del metge que ho justifiqui.<\/p>\n<p>Si el vostre\/a fill o filla t\u00e9<strong> febre <\/strong>o una<strong> malaltia infecciosa <\/strong>(conjuntivitis, diarrees, polls&#8230;) <strong>no pot venir a escola. <\/strong><\/p>\n<h2 style=\"text-align: center;\"><strong>\u00a0<\/strong><span style=\"text-decoration: underline;\"><strong>ADMINISTRACI\u00d3 DE MEDICAMENTS<\/strong><\/span><\/h2>\n<p>Si el\/la nen\/a ha de prendre algun tipus de medicament<strong>, cal portar <a href=\"https:\/\/agora.xtec.cat\/escola-ramonmuntaner\/wp-content\/uploads\/usu445\/2020\/01\/Administraci\u00f3-medicaments.pdf\">l\u2019autoritzaci\u00f3 de les fam\u00edlies<\/a>,<\/strong> <strong>i la prescripci\u00f3 m\u00e8dica corresponent.<\/strong><\/p>\n<p><a href=\"https:\/\/agora.xtec.cat\/escola-ramonmuntaner\/wp-content\/uploads\/usu445\/2020\/01\/Administraci\u00f3-medicaments.pdf\">AUTORITZACI\u00d3 DE LES FAM\u00cdLIES<\/a><\/p>\n<p><strong>En cap cas<\/strong> s\u2019administrar\u00e0 <strong>un medicament<\/strong> sense que es <strong>compleixin aquests dos requisits. <\/strong><\/p>\n<p>Si algun\/a alumne\/a <strong>ha de seguir dieta<\/strong> cal que porti <strong>el document<\/strong> omplert que <strong>trobareu a la plana web de l\u2019escola.<\/strong><\/p>\n<p><strong>\u00a0<\/strong>A l\u2019inici de l\u2019escolaritat les fam\u00edlies signaran una autoritzaci\u00f3 per tal que,en casos\u00a0 d\u2019urg\u00e8ncia i no s\u2019hagi pogut contactar amb la fam\u00edlia, l\u2019equip m\u00e8dic prengui les decisions medicoquir\u00fargiques que creguin oportunes.<br \/>\nSi un alumne es posa malalt en horari lectiu, es trucar\u00e0 la fam\u00edlia per tal que el vinguin a recollir.<\/p>\n<h2 style=\"text-align: center;\"><span style=\"text-decoration: underline;\">\u00a0<strong>ACCIDENTS<\/strong><\/span><\/h2>\n<p><strong>\u00a0<\/strong>En cas de produir-se un accident sempre es trucar\u00e0 a la fam\u00edlia per informar i, paral\u00b7lelament, es dur\u00e0 el nen al <strong>CAP.<\/strong><\/p>\n<p>Segons la gravetat, es trucar\u00e0 a emerg\u00e8ncies.<\/p>\n<h2 style=\"text-align: center;\"><span style=\"text-decoration: underline;\"><strong>ESMORZARS SALUDABLES<\/strong><\/span><\/h2>\n<p>Per esmorzar caldr\u00e0 portar entrepans, galetes o fruita. L\u2019esmorzar es dur\u00e0 dins d\u2019una carmanyola.<\/p>\n<p>L\u2019escola fomenta el consum de fruita per esmorzar:<\/p>\n<p>&#8211; A Educaci\u00f3 infantil cal portar fruita dos dies a la setmana: <strong>dimecres<\/strong> i <strong>divendres<\/strong>.<\/p>\n<p>&#8211; A prim\u00e0ria l\u2019alumnat ha de portar fruita els <strong>dimecres<\/strong>.<\/p>\n<p>L\u2019escola continua participant el <strong>Pla de Consum de la Fruita<\/strong> (nom\u00e9s alumnes de Prim\u00e0ria). Ja us avisarem puntualment, via internet, dels dies que es repartir\u00e0 la fruita.<\/p>\n<p>No es permeten llaminadures en el recinte escolar.<\/p>\n<h2 style=\"text-align: center;\"><span style=\"text-decoration: underline;\"><strong>ELS POLLS<\/strong><\/span><\/h2>\n<p>Aqu\u00ed us deixem un<a href=\"http:\/\/www.xtec.cat\/centres\/a8022321\/NOVETATS\/polls.pdf\"> link <\/a>sobre aquest tema.<\/p>\n<p>&nbsp;<\/p>\n","protected":false},"excerpt":{"rendered":"<p>ASPECTES GENERALS \u00c9s important actualitzar les dades de salut (al\u00b7l\u00e8rgies, intoler\u00e0ncies&#8230;), i si hi ha algun canvi, cal comunicar-ho a [&hellip;]<\/p>\n","protected":false},"author":1,"featured_media":0,"parent":22,"menu_order":8,"comment_status":"closed","ping_status":"closed","template":"","meta":{"_bbp_topic_count":0,"_bbp_reply_count":0,"_bbp_total_topic_count":0,"_bbp_total_reply_count":0,"_bbp_voice_count":0,"_bbp_anonymous_reply_count":0,"_bbp_topic_count_hidden":0,"_bbp_reply_count_hidden":0,"_bbp_forum_subforum_count":0,"site-sidebar-layout":"default","site-content-layout":"","ast-site-content-layout":"default","site-content-style":"default","site-sidebar-style":"default","ast-global-header-display":"","ast-banner-title-visibility":"","ast-main-header-display":"","ast-hfb-above-header-display":"","ast-hfb-below-header-display":"","ast-hfb-mobile-header-display":"","site-post-title":"","ast-breadcrumbs-content":"","ast-featured-img":"","footer-sml-layout":"","theme-transparent-header-meta":"default","adv-header-id-meta":"","stick-header-meta":"","header-above-stick-meta":"","header-main-stick-meta":"","header-below-stick-meta":"","astra-migrate-meta-layouts":"set","ast-page-background-enabled":"default","ast-page-background-meta":{"desktop":{"background-color":"var(--ast-global-color-4)","background-image":"","background-repeat":"repeat","background-position":"center center","background-size":"auto","background-attachment":"scroll","background-type":"","background-media":"","overlay-type":"","overlay-color":"","overlay-opacity":"","overlay-gradient":""},"tablet":{"background-color":"","background-image":"","background-repeat":"repeat","background-position":"center center","background-size":"auto","background-attachment":"scroll","background-type":"","background-media":"","overlay-type":"","overlay-color":"","overlay-opacity":"","overlay-gradient":""},"mobile":{"background-color":"","background-image":"","background-repeat":"repeat","background-position":"center center","background-size":"auto","background-attachment":"scroll","background-type":"","background-media":"","overlay-type":"","overlay-color":"","overlay-opacity":"","overlay-gradient":""}},"ast-content-background-meta":{"desktop":{"background-color":"var(--ast-global-color-5)","background-image":"","background-repeat":"repeat","background-position":"center center","background-size":"auto","background-attachment":"scroll","background-type":"","background-media":"","overlay-type":"","overlay-color":"","overlay-opacity":"","overlay-gradient":""},"tablet":{"background-color":"var(--ast-global-color-5)","background-image":"","background-repeat":"repeat","background-position":"center center","background-size":"auto","background-attachment":"scroll","background-type":"","background-media":"","overlay-type":"","overlay-color":"","overlay-opacity":"","overlay-gradient":""},"mobile":{"background-color":"var(--ast-global-color-5)","background-image":"","background-repeat":"repeat","background-position":"center center","background-size":"auto","background-attachment":"scroll","background-type":"","background-media":"","overlay-type":"","overlay-color":"","overlay-opacity":"","overlay-gradient":""}},"footnotes":""},"class_list":["post-38","page","type-page","status-publish","hentry"],"post_mailing_queue_ids":[],"_links":{"self":[{"href":"https:\/\/agora.xtec.cat\/escola-ramonmuntaner\/wp-json\/wp\/v2\/pages\/38","targetHints":{"allow":["GET"]}}],"collection":[{"href":"https:\/\/agora.xtec.cat\/escola-ramonmuntaner\/wp-json\/wp\/v2\/pages"}],"about":[{"href":"https:\/\/agora.xtec.cat\/escola-ramonmuntaner\/wp-json\/wp\/v2\/types\/page"}],"author":[{"embeddable":true,"href":"https:\/\/agora.xtec.cat\/escola-ramonmuntaner\/wp-json\/wp\/v2\/users\/1"}],"replies":[{"embeddable":true,"href":"https:\/\/agora.xtec.cat\/escola-ramonmuntaner\/wp-json\/wp\/v2\/comments?post=38"}],"version-history":[{"count":5,"href":"https:\/\/agora.xtec.cat\/escola-ramonmuntaner\/wp-json\/wp\/v2\/pages\/38\/revisions"}],"predecessor-version":[{"id":9644,"href":"https:\/\/agora.xtec.cat\/escola-ramonmuntaner\/wp-json\/wp\/v2\/pages\/38\/revisions\/9644"}],"up":[{"embeddable":true,"href":"https:\/\/agora.xtec.cat\/escola-ramonmuntaner\/wp-json\/wp\/v2\/pages\/22"}],"wp:attachment":[{"href":"https:\/\/agora.xtec.cat\/escola-ramonmuntaner\/wp-json\/wp\/v2\/media?parent=38"}],"curies":[{"name":"wp","href":"https:\/\/api.w.org\/{rel}","templated":true}]}}