{"id":3259,"date":"2019-04-02T13:30:43","date_gmt":"2019-04-02T11:30:43","guid":{"rendered":"http:\/\/agora.xtec.cat\/escola-ramonmuntaner\/?page_id=3259"},"modified":"2025-10-10T19:11:03","modified_gmt":"2025-10-10T17:11:03","slug":"documents-de-centre","status":"publish","type":"page","link":"https:\/\/agora.xtec.cat\/escola-ramonmuntaner\/documents-de-centre\/","title":{"rendered":"DOCUMENTS DE CENTRE"},"content":{"rendered":"<table style=\"border-collapse: collapse; width: 100%;\">\n<tbody>\n<tr>\n<td style=\"width: 4.77157%;\"><\/td>\n<td style=\"width: 67.5706%;\">T\u00cdTOL<\/td>\n<td style=\"width: 10.0653%;\">Autor<\/td>\n<td style=\"width: 9.99278%;\">Creat<\/td>\n<td style=\"width: 7.59971%;\">Etiquetes<\/td>\n<\/tr>\n<tr>\n<td style=\"width: 4.77157%;\"><\/td>\n<td style=\"width: 67.5706%;\">\n<ul style=\"font-size: 16px; font-family: 'Helvetica Neue', Helvetica, Helvetica, Arial, sans-serif;\">\n<li>NOFC<\/li>\n<\/ul>\n<\/td>\n<td style=\"width: 10.0653%;\"><\/td>\n<td style=\"width: 9.99278%;\"><\/td>\n<td style=\"width: 7.59971%;\"><\/td>\n<\/tr>\n<tr>\n<td style=\"width: 4.77157%;\"><\/td>\n<td style=\"width: 67.5706%;\">\n<ul style=\"font-size: 16px; font-family: 'Helvetica Neue', Helvetica, Helvetica, Arial, sans-serif;\">\n<li><a style=\"color: #2795b6;\" href=\"https:\/\/agora.xtec.cat\/escola-ramonmuntaner\/docs\/projecte-educatiu-de-centre-3\/\">PEC<\/a>\u00a0(Projecte Educatiu de Centre)<\/li>\n<\/ul>\n<\/td>\n<td style=\"width: 10.0653%;\"><\/td>\n<td style=\"width: 9.99278%;\"><\/td>\n<td style=\"width: 7.59971%;\"><\/td>\n<\/tr>\n<tr>\n<td style=\"width: 4.77157%;\"><\/td>\n<td style=\"width: 67.5706%;\">\n<ul style=\"font-size: 16px; font-family: 'Helvetica Neue', Helvetica, Helvetica, Arial, sans-serif;\">\n<li>Projecte de direcci\u00f3<\/li>\n<\/ul>\n<\/td>\n<td style=\"width: 10.0653%;\"><\/td>\n<td style=\"width: 9.99278%;\"><\/td>\n<td style=\"width: 7.59971%;\"><\/td>\n<\/tr>\n<tr>\n<td style=\"width: 4.77157%;\"><\/td>\n<td style=\"width: 67.5706%;\">\n<ul style=\"font-size: 16px; font-family: 'Helvetica Neue', Helvetica, Helvetica, Arial, sans-serif;\">\n<li><a href=\"https:\/\/agora.xtec.cat\/escola-ramonmuntaner\/wp-content\/uploads\/usu445\/2021\/05\/pla_acollida_mestres_nous_aprovat.pdf\">Pla_acollida_mestres_nous_aprovat<\/a><\/li>\n<\/ul>\n<\/td>\n<td style=\"width: 10.0653%;\"><\/td>\n<td style=\"width: 9.99278%;\"><\/td>\n<td style=\"width: 7.59971%;\"><\/td>\n<\/tr>\n<tr>\n<td style=\"width: 4.77157%;\"><\/td>\n<td style=\"width: 67.5706%;\">\n<ul style=\"font-size: 16px; font-family: 'Helvetica Neue', Helvetica, Helvetica, Arial, sans-serif; background-color: #ffffff;\">\n<li><a style=\"color: #2795b6;\" href=\"https:\/\/agora.xtec.cat\/escola-ramonmuntaner\/wp-content\/uploads\/usu445\/2021\/05\/PdC_aprovat.pdf\">PdC_aprovat<\/a><\/li>\n<\/ul>\n<\/td>\n<td style=\"width: 10.0653%;\"><\/td>\n<td style=\"width: 9.99278%;\"><\/td>\n<td style=\"width: 7.59971%;\"><\/td>\n<\/tr>\n<tr>\n<td style=\"width: 4.77157%;\"><\/td>\n<td style=\"width: 67.5706%;\">\n<ul style=\"font-size: 16px; font-family: 'Helvetica Neue', Helvetica, Helvetica, Arial, sans-serif;\">\n<li><a style=\"color: #2795b6;\" href=\"https:\/\/agora.xtec.cat\/escola-ramonmuntaner\/wp-content\/uploads\/usu445\/2023\/05\/carta-_compromis.pdf\">carta _comprom\u00eds<\/a><\/li>\n<\/ul>\n<\/td>\n<td style=\"width: 10.0653%;\"><\/td>\n<td style=\"width: 9.99278%;\"><\/td>\n<td style=\"width: 7.59971%;\"><\/td>\n<\/tr>\n<tr>\n<td style=\"width: 4.77157%;\"><\/td>\n<td style=\"width: 67.5706%;\">\n<ul style=\"font-size: 16px; font-family: 'Helvetica Neue', Helvetica, Helvetica, Arial, sans-serif;\">\n<li><a style=\"color: #2795b6;\" href=\"https:\/\/agora.xtec.cat\/escola-ramonmuntaner\/wp-content\/uploads\/usu445\/2022\/06\/PLCdocumentfinal.pdf\">PLC<\/a><\/li>\n<\/ul>\n<\/td>\n<td style=\"width: 10.0653%;\"><\/td>\n<td style=\"width: 9.99278%;\"><\/td>\n<td style=\"width: 7.59971%;\"><\/td>\n<\/tr>\n<\/tbody>\n<\/table>\n<p>Aqu\u00ed trobareu els documents oficials del centre.<\/p>\n<p>&nbsp;<\/p>\n","protected":false},"excerpt":{"rendered":"<p>T\u00cdTOL Autor Creat Etiquetes NOFC PEC\u00a0(Projecte Educatiu de Centre) Projecte de direcci\u00f3 Pla_acollida_mestres_nous_aprovat PdC_aprovat carta _comprom\u00eds PLC Aqu\u00ed trobareu els [&hellip;]<\/p>\n","protected":false},"author":12,"featured_media":0,"parent":0,"menu_order":0,"comment_status":"closed","ping_status":"closed","template":"","meta":{"_bbp_topic_count":0,"_bbp_reply_count":0,"_bbp_total_topic_count":0,"_bbp_total_reply_count":0,"_bbp_voice_count":0,"_bbp_anonymous_reply_count":0,"_bbp_topic_count_hidden":0,"_bbp_reply_count_hidden":0,"_bbp_forum_subforum_count":0,"site-sidebar-layout":"default","site-content-layout":"","ast-site-content-layout":"default","site-content-style":"default","site-sidebar-style":"default","ast-global-header-display":"","ast-banner-title-visibility":"","ast-main-header-display":"","ast-hfb-above-header-display":"","ast-hfb-below-header-display":"","ast-hfb-mobile-header-display":"","site-post-title":"","ast-breadcrumbs-content":"","ast-featured-img":"","footer-sml-layout":"","theme-transparent-header-meta":"default","adv-header-id-meta":"","stick-header-meta":"","header-above-stick-meta":"","header-main-stick-meta":"","header-below-stick-meta":"","astra-migrate-meta-layouts":"set","ast-page-background-enabled":"default","ast-page-background-meta":{"desktop":{"background-color":"var(--ast-global-color-4)","background-image":"","background-repeat":"repeat","background-position":"center center","background-size":"auto","background-attachment":"scroll","background-type":"","background-media":"","overlay-type":"","overlay-color":"","overlay-opacity":"","overlay-gradient":""},"tablet":{"background-color":"","background-image":"","background-repeat":"repeat","background-position":"center center","background-size":"auto","background-attachment":"scroll","background-type":"","background-media":"","overlay-type":"","overlay-color":"","overlay-opacity":"","overlay-gradient":""},"mobile":{"background-color":"","background-image":"","background-repeat":"repeat","background-position":"center center","background-size":"auto","background-attachment":"scroll","background-type":"","background-media":"","overlay-type":"","overlay-color":"","overlay-opacity":"","overlay-gradient":""}},"ast-content-background-meta":{"desktop":{"background-color":"var(--ast-global-color-5)","background-image":"","background-repeat":"repeat","background-position":"center center","background-size":"auto","background-attachment":"scroll","background-type":"","background-media":"","overlay-type":"","overlay-color":"","overlay-opacity":"","overlay-gradient":""},"tablet":{"background-color":"var(--ast-global-color-5)","background-image":"","background-repeat":"repeat","background-position":"center center","background-size":"auto","background-attachment":"scroll","background-type":"","background-media":"","overlay-type":"","overlay-color":"","overlay-opacity":"","overlay-gradient":""},"mobile":{"background-color":"var(--ast-global-color-5)","background-image":"","background-repeat":"repeat","background-position":"center center","background-size":"auto","background-attachment":"scroll","background-type":"","background-media":"","overlay-type":"","overlay-color":"","overlay-opacity":"","overlay-gradient":""}},"footnotes":""},"class_list":["post-3259","page","type-page","status-publish","hentry"],"post_mailing_queue_ids":[],"_links":{"self":[{"href":"https:\/\/agora.xtec.cat\/escola-ramonmuntaner\/wp-json\/wp\/v2\/pages\/3259","targetHints":{"allow":["GET"]}}],"collection":[{"href":"https:\/\/agora.xtec.cat\/escola-ramonmuntaner\/wp-json\/wp\/v2\/pages"}],"about":[{"href":"https:\/\/agora.xtec.cat\/escola-ramonmuntaner\/wp-json\/wp\/v2\/types\/page"}],"author":[{"embeddable":true,"href":"https:\/\/agora.xtec.cat\/escola-ramonmuntaner\/wp-json\/wp\/v2\/users\/12"}],"replies":[{"embeddable":true,"href":"https:\/\/agora.xtec.cat\/escola-ramonmuntaner\/wp-json\/wp\/v2\/comments?post=3259"}],"version-history":[{"count":5,"href":"https:\/\/agora.xtec.cat\/escola-ramonmuntaner\/wp-json\/wp\/v2\/pages\/3259\/revisions"}],"predecessor-version":[{"id":9679,"href":"https:\/\/agora.xtec.cat\/escola-ramonmuntaner\/wp-json\/wp\/v2\/pages\/3259\/revisions\/9679"}],"wp:attachment":[{"href":"https:\/\/agora.xtec.cat\/escola-ramonmuntaner\/wp-json\/wp\/v2\/media?parent=3259"}],"curies":[{"name":"wp","href":"https:\/\/api.w.org\/{rel}","templated":true}]}}