{"id":7380,"date":"2025-10-08T16:42:04","date_gmt":"2025-10-08T14:42:04","guid":{"rendered":"https:\/\/agora.xtec.cat\/escola-puigdelescadiretes\/?page_id=7380"},"modified":"2025-10-09T15:49:35","modified_gmt":"2025-10-09T13:49:35","slug":"escola-de-pares","status":"publish","type":"page","link":"https:\/\/agora.xtec.cat\/escola-puigdelescadiretes\/pagines-dinici\/espai-families\/escola-de-pares\/","title":{"rendered":"ESCOLA DE PARES"},"content":{"rendered":"<div style=\"display: flex; justify-content: center; gap: 40px; margin-top: 20px;\"><a href=\"https:\/\/educacio.gencat.cat\/ca\/arees-actuacio\/families\/\" target=\"_blank\" rel=\"noopener\"><br \/>\n<img loading=\"lazy\" decoding=\"async\" class=\"aligncenter wp-image-7396\" src=\"https:\/\/agora.xtec.cat\/escola-puigdelescadiretes\/wp-content\/uploads\/usu819\/2025\/10\/FAMILIES.jpg\" alt=\"\" width=\"310\" height=\"226\" \/><br \/>\nFam\u00edlies GenCat<\/a><br \/>\n<a href=\"https:\/\/www.siguestu.cat\/ca\/inici-families.html\" target=\"_blank\" rel=\"noopener\"><br \/>\n<img loading=\"lazy\" decoding=\"async\" class=\"aligncenter wp-image-7400\" src=\"https:\/\/agora.xtec.cat\/escola-puigdelescadiretes\/wp-content\/uploads\/usu819\/2025\/10\/Sigues-tu-e1760016777596.png\" alt=\"\" width=\"326\" height=\"220\" srcset=\"https:\/\/agora.xtec.cat\/escola-puigdelescadiretes\/wp-content\/uploads\/usu819\/2025\/10\/Sigues-tu-e1760016777596.png 655w, https:\/\/agora.xtec.cat\/escola-puigdelescadiretes\/wp-content\/uploads\/usu819\/2025\/10\/Sigues-tu-e1760016777596-300x202.png 300w\" sizes=\"auto, (max-width: 326px) 100vw, 326px\" \/><br \/>\nSigues Tu! Fam\u00edlies<\/a><\/div>\n<div style=\"display: flex; justify-content: center; gap: 40px; margin-top: 20px; text-align: justify;\"><a href=\"https:\/\/www.enllac1.com\" target=\"_blank\" rel=\"noopener\"><br \/>\n<img loading=\"lazy\" decoding=\"async\" class=\"wp-image-7404\" src=\"https:\/\/agora.xtec.cat\/escola-puigdelescadiretes\/wp-content\/uploads\/usu819\/2025\/10\/descarga.png\" alt=\"\" width=\"288\" height=\"288\" srcset=\"https:\/\/agora.xtec.cat\/escola-puigdelescadiretes\/wp-content\/uploads\/usu819\/2025\/10\/descarga.png 225w, https:\/\/agora.xtec.cat\/escola-puigdelescadiretes\/wp-content\/uploads\/usu819\/2025\/10\/descarga-150x150.png 150w\" sizes=\"auto, (max-width: 288px) 100vw, 288px\" \/><br \/>\nRecomanacions per les fam\u00edlies<\/a><\/p>\n<\/div>\n","protected":false},"excerpt":{"rendered":"<p>Fam\u00edlies GenCat Sigues Tu! Fam\u00edlies Recomanacions per les fam\u00edlies<\/p>\n","protected":false},"author":1,"featured_media":0,"parent":7369,"menu_order":0,"comment_status":"closed","ping_status":"closed","template":"","meta":{"_bbp_topic_count":0,"_bbp_reply_count":0,"_bbp_total_topic_count":0,"_bbp_total_reply_count":0,"_bbp_voice_count":0,"_bbp_anonymous_reply_count":0,"_bbp_topic_count_hidden":0,"_bbp_reply_count_hidden":0,"_bbp_forum_subforum_count":0,"site-sidebar-layout":"left-sidebar","site-content-layout":"","ast-site-content-layout":"default","site-content-style":"default","site-sidebar-style":"default","ast-global-header-display":"","ast-banner-title-visibility":"","ast-main-header-display":"","ast-hfb-above-header-display":"","ast-hfb-below-header-display":"","ast-hfb-mobile-header-display":"","site-post-title":"","ast-breadcrumbs-content":"","ast-featured-img":"","footer-sml-layout":"","theme-transparent-header-meta":"default","adv-header-id-meta":"","stick-header-meta":"","header-above-stick-meta":"","header-main-stick-meta":"","header-below-stick-meta":"","astra-migrate-meta-layouts":"set","ast-page-background-enabled":"default","ast-page-background-meta":{"desktop":{"background-color":"var(--ast-global-color-4)","background-image":"","background-repeat":"repeat","background-position":"center center","background-size":"auto","background-attachment":"scroll","background-type":"","background-media":"","overlay-type":"","overlay-color":"","overlay-opacity":"","overlay-gradient":""},"tablet":{"background-color":"","background-image":"","background-repeat":"repeat","background-position":"center center","background-size":"auto","background-attachment":"scroll","background-type":"","background-media":"","overlay-type":"","overlay-color":"","overlay-opacity":"","overlay-gradient":""},"mobile":{"background-color":"","background-image":"","background-repeat":"repeat","background-position":"center center","background-size":"auto","background-attachment":"scroll","background-type":"","background-media":"","overlay-type":"","overlay-color":"","overlay-opacity":"","overlay-gradient":""}},"ast-content-background-meta":{"desktop":{"background-color":"var(--ast-global-color-5)","background-image":"","background-repeat":"repeat","background-position":"center center","background-size":"auto","background-attachment":"scroll","background-type":"","background-media":"","overlay-type":"","overlay-color":"","overlay-opacity":"","overlay-gradient":""},"tablet":{"background-color":"var(--ast-global-color-5)","background-image":"","background-repeat":"repeat","background-position":"center center","background-size":"auto","background-attachment":"scroll","background-type":"","background-media":"","overlay-type":"","overlay-color":"","overlay-opacity":"","overlay-gradient":""},"mobile":{"background-color":"var(--ast-global-color-5)","background-image":"","background-repeat":"repeat","background-position":"center center","background-size":"auto","background-attachment":"scroll","background-type":"","background-media":"","overlay-type":"","overlay-color":"","overlay-opacity":"","overlay-gradient":""}},"footnotes":""},"class_list":["post-7380","page","type-page","status-publish","hentry"],"post_mailing_queue_ids":[],"_links":{"self":[{"href":"https:\/\/agora.xtec.cat\/escola-puigdelescadiretes\/wp-json\/wp\/v2\/pages\/7380","targetHints":{"allow":["GET"]}}],"collection":[{"href":"https:\/\/agora.xtec.cat\/escola-puigdelescadiretes\/wp-json\/wp\/v2\/pages"}],"about":[{"href":"https:\/\/agora.xtec.cat\/escola-puigdelescadiretes\/wp-json\/wp\/v2\/types\/page"}],"author":[{"embeddable":true,"href":"https:\/\/agora.xtec.cat\/escola-puigdelescadiretes\/wp-json\/wp\/v2\/users\/1"}],"replies":[{"embeddable":true,"href":"https:\/\/agora.xtec.cat\/escola-puigdelescadiretes\/wp-json\/wp\/v2\/comments?post=7380"}],"version-history":[{"count":6,"href":"https:\/\/agora.xtec.cat\/escola-puigdelescadiretes\/wp-json\/wp\/v2\/pages\/7380\/revisions"}],"predecessor-version":[{"id":7405,"href":"https:\/\/agora.xtec.cat\/escola-puigdelescadiretes\/wp-json\/wp\/v2\/pages\/7380\/revisions\/7405"}],"up":[{"embeddable":true,"href":"https:\/\/agora.xtec.cat\/escola-puigdelescadiretes\/wp-json\/wp\/v2\/pages\/7369"}],"wp:attachment":[{"href":"https:\/\/agora.xtec.cat\/escola-puigdelescadiretes\/wp-json\/wp\/v2\/media?parent=7380"}],"curies":[{"name":"wp","href":"https:\/\/api.w.org\/{rel}","templated":true}]}}