{"id":73,"date":"2014-09-18T14:01:51","date_gmt":"2014-09-18T13:01:51","guid":{"rendered":"http:\/\/agora.xtec.cat\/escola-puigdelescadiretes\/?page_id=73"},"modified":"2026-04-30T15:37:28","modified_gmt":"2026-04-30T13:37:28","slug":"menjador-escolar","status":"publish","type":"page","link":"https:\/\/agora.xtec.cat\/escola-puigdelescadiretes\/pagines-dinici\/espai-families\/serveis\/menjador-escolar\/","title":{"rendered":"Menjador escolar"},"content":{"rendered":"<p>Empresa que gestiona el menjador escolar:\u00a0<a href=\"http:\/\/www.plagesport.com\/\">http:\/\/www.plagesport.com\/<\/a><\/p>\n<p>Document: <a href=\"https:\/\/drive.google.com\/file\/d\/1GLPJwxRvf0QYtdYi3MinaVXuW_KUKLyt\/view?usp=sharing\" target=\"_blank\" rel=\"noopener\">Pla de Funcionament del Menjador Escolar (2024-25)<\/a><\/p>\n<p>Tel\u00e8fon d&#8217;atenci\u00f3 a les fam\u00edlies del Menjador Escolar: 603 87 22 74 (Barbara)<\/p>\n<p>Preu del men\u00fa: 6,37 \u20ac \/ alumne<\/p>\n<p>&nbsp;<\/p>\n<p>&nbsp;<\/p>\n<hr \/>\n<p>&nbsp;<\/p>\n<p>&nbsp;<\/p>\n<hr \/>\n<p><em><strong>MEN\u00da MES MAIG 2026<img loading=\"lazy\" decoding=\"async\" class=\"aligncenter size-full wp-image-7938\" src=\"https:\/\/agora.xtec.cat\/escola-puigdelescadiretes\/wp-content\/uploads\/usu819\/2026\/04\/Maig.jpg\" alt=\"\" width=\"1287\" height=\"909\" srcset=\"https:\/\/agora.xtec.cat\/escola-puigdelescadiretes\/wp-content\/uploads\/usu819\/2026\/04\/Maig.jpg 1287w, https:\/\/agora.xtec.cat\/escola-puigdelescadiretes\/wp-content\/uploads\/usu819\/2026\/04\/Maig-300x212.jpg 300w, https:\/\/agora.xtec.cat\/escola-puigdelescadiretes\/wp-content\/uploads\/usu819\/2026\/04\/Maig-1024x723.jpg 1024w, https:\/\/agora.xtec.cat\/escola-puigdelescadiretes\/wp-content\/uploads\/usu819\/2026\/04\/Maig-768x542.jpg 768w\" sizes=\"auto, (max-width: 1287px) 100vw, 1287px\" \/><br \/>\n<\/strong><\/em><\/p>\n<p>Podeu descarregar el men\u00fa al seg\u00fcent <a href=\"https:\/\/agora.xtec.cat\/escola-puigdelescadiretes\/wp-content\/uploads\/usu819\/2026\/04\/MAIG-2026-Llagostera-2.pdf\">ENLLA\u00c7:\u00a0<\/a><\/p>\n<p>&nbsp;<\/p>\n<p style=\"text-align: center;\"><em><strong>MEN\u00da SENSE CARN<\/strong><\/em><\/p>\n<p><img loading=\"lazy\" decoding=\"async\" class=\"aligncenter size-full wp-image-7937\" src=\"https:\/\/agora.xtec.cat\/escola-puigdelescadiretes\/wp-content\/uploads\/usu819\/2026\/04\/maig-no-carn.jpg\" alt=\"\" width=\"1287\" height=\"914\" srcset=\"https:\/\/agora.xtec.cat\/escola-puigdelescadiretes\/wp-content\/uploads\/usu819\/2026\/04\/maig-no-carn.jpg 1287w, https:\/\/agora.xtec.cat\/escola-puigdelescadiretes\/wp-content\/uploads\/usu819\/2026\/04\/maig-no-carn-300x213.jpg 300w, https:\/\/agora.xtec.cat\/escola-puigdelescadiretes\/wp-content\/uploads\/usu819\/2026\/04\/maig-no-carn-1024x727.jpg 1024w, https:\/\/agora.xtec.cat\/escola-puigdelescadiretes\/wp-content\/uploads\/usu819\/2026\/04\/maig-no-carn-768x545.jpg 768w\" sizes=\"auto, (max-width: 1287px) 100vw, 1287px\" \/><\/p>\n<p>&nbsp;<\/p>\n<p>Podeu descarregar el men\u00fa SENSE CARN\u00a0 al seg\u00fcent <a href=\"https:\/\/agora.xtec.cat\/escola-puigdelescadiretes\/wp-content\/uploads\/usu819\/2026\/04\/MAIG-2026-no-carn-Llagostera-2.pdf\">ENLLA\u00c7<\/a><\/p>\n<p>&nbsp;<\/p>\n","protected":false},"excerpt":{"rendered":"<p>Empresa que gestiona el menjador escolar:\u00a0http:\/\/www.plagesport.com\/ Document: Pla de Funcionament del Menjador Escolar (2024-25) Tel\u00e8fon d&#8217;atenci\u00f3 a les fam\u00edlies del Menjador Escolar: 603 87 22 74 (Barbara) Preu del men\u00fa: 6,37 \u20ac \/ alumne &nbsp; &nbsp; &nbsp; &nbsp; MEN\u00da MES MAIG 2026 Podeu descarregar el men\u00fa al seg\u00fcent ENLLA\u00c7:\u00a0 &nbsp; MEN\u00da SENSE CARN &nbsp; Podeu [&hellip;]<\/p>\n","protected":false},"author":1,"featured_media":0,"parent":66,"menu_order":0,"comment_status":"closed","ping_status":"closed","template":"","meta":{"_bbp_topic_count":0,"_bbp_reply_count":0,"_bbp_total_topic_count":0,"_bbp_total_reply_count":0,"_bbp_voice_count":0,"_bbp_anonymous_reply_count":0,"_bbp_topic_count_hidden":0,"_bbp_reply_count_hidden":0,"_bbp_forum_subforum_count":0,"site-sidebar-layout":"default","site-content-layout":"","ast-site-content-layout":"default","site-content-style":"default","site-sidebar-style":"default","ast-global-header-display":"","ast-banner-title-visibility":"","ast-main-header-display":"","ast-hfb-above-header-display":"","ast-hfb-below-header-display":"","ast-hfb-mobile-header-display":"","site-post-title":"","ast-breadcrumbs-content":"","ast-featured-img":"","footer-sml-layout":"","theme-transparent-header-meta":"default","adv-header-id-meta":"","stick-header-meta":"","header-above-stick-meta":"","header-main-stick-meta":"","header-below-stick-meta":"","astra-migrate-meta-layouts":"set","ast-page-background-enabled":"default","ast-page-background-meta":{"desktop":{"background-color":"var(--ast-global-color-4)","background-image":"","background-repeat":"repeat","background-position":"center center","background-size":"auto","background-attachment":"scroll","background-type":"","background-media":"","overlay-type":"","overlay-color":"","overlay-opacity":"","overlay-gradient":""},"tablet":{"background-color":"","background-image":"","background-repeat":"repeat","background-position":"center center","background-size":"auto","background-attachment":"scroll","background-type":"","background-media":"","overlay-type":"","overlay-color":"","overlay-opacity":"","overlay-gradient":""},"mobile":{"background-color":"","background-image":"","background-repeat":"repeat","background-position":"center center","background-size":"auto","background-attachment":"scroll","background-type":"","background-media":"","overlay-type":"","overlay-color":"","overlay-opacity":"","overlay-gradient":""}},"ast-content-background-meta":{"desktop":{"background-color":"var(--ast-global-color-5)","background-image":"","background-repeat":"repeat","background-position":"center center","background-size":"auto","background-attachment":"scroll","background-type":"","background-media":"","overlay-type":"","overlay-color":"","overlay-opacity":"","overlay-gradient":""},"tablet":{"background-color":"var(--ast-global-color-5)","background-image":"","background-repeat":"repeat","background-position":"center center","background-size":"auto","background-attachment":"scroll","background-type":"","background-media":"","overlay-type":"","overlay-color":"","overlay-opacity":"","overlay-gradient":""},"mobile":{"background-color":"var(--ast-global-color-5)","background-image":"","background-repeat":"repeat","background-position":"center center","background-size":"auto","background-attachment":"scroll","background-type":"","background-media":"","overlay-type":"","overlay-color":"","overlay-opacity":"","overlay-gradient":""}},"footnotes":""},"class_list":["post-73","page","type-page","status-publish","hentry"],"post_mailing_queue_ids":[],"_links":{"self":[{"href":"https:\/\/agora.xtec.cat\/escola-puigdelescadiretes\/wp-json\/wp\/v2\/pages\/73","targetHints":{"allow":["GET"]}}],"collection":[{"href":"https:\/\/agora.xtec.cat\/escola-puigdelescadiretes\/wp-json\/wp\/v2\/pages"}],"about":[{"href":"https:\/\/agora.xtec.cat\/escola-puigdelescadiretes\/wp-json\/wp\/v2\/types\/page"}],"author":[{"embeddable":true,"href":"https:\/\/agora.xtec.cat\/escola-puigdelescadiretes\/wp-json\/wp\/v2\/users\/1"}],"replies":[{"embeddable":true,"href":"https:\/\/agora.xtec.cat\/escola-puigdelescadiretes\/wp-json\/wp\/v2\/comments?post=73"}],"version-history":[{"count":7,"href":"https:\/\/agora.xtec.cat\/escola-puigdelescadiretes\/wp-json\/wp\/v2\/pages\/73\/revisions"}],"predecessor-version":[{"id":7944,"href":"https:\/\/agora.xtec.cat\/escola-puigdelescadiretes\/wp-json\/wp\/v2\/pages\/73\/revisions\/7944"}],"up":[{"embeddable":true,"href":"https:\/\/agora.xtec.cat\/escola-puigdelescadiretes\/wp-json\/wp\/v2\/pages\/66"}],"wp:attachment":[{"href":"https:\/\/agora.xtec.cat\/escola-puigdelescadiretes\/wp-json\/wp\/v2\/media?parent=73"}],"curies":[{"name":"wp","href":"https:\/\/api.w.org\/{rel}","templated":true}]}}