{"id":66,"date":"2014-09-18T12:40:47","date_gmt":"2014-09-18T11:40:47","guid":{"rendered":"http:\/\/agora.xtec.cat\/escola-puigdelescadiretes\/?page_id=66"},"modified":"2026-02-10T11:43:29","modified_gmt":"2026-02-10T10:43:29","slug":"serveis","status":"publish","type":"page","link":"https:\/\/agora.xtec.cat\/escola-puigdelescadiretes\/pagines-dinici\/espai-families\/serveis\/","title":{"rendered":"SERVEIS GESTIONATS PER L&#8217;AFA"},"content":{"rendered":"<p>Quota AFA &#8211; <a href=\"https:\/\/agora.xtec.cat\/escola-puigdelescadiretes\/wp-content\/uploads\/usu819\/2024\/10\/Quota-AFA-24-25.pdf\" target=\"_blank\" rel=\"noopener\">CURS 2024-2025<\/a><\/p>\n<p><img loading=\"lazy\" decoding=\"async\" class=\"aligncenter size-full wp-image-7470\" src=\"https:\/\/agora.xtec.cat\/escola-puigdelescadiretes\/wp-content\/uploads\/usu819\/2025\/11\/Assemblea-AFA-2025.png\" alt=\"\" width=\"1309\" height=\"991\" srcset=\"https:\/\/agora.xtec.cat\/escola-puigdelescadiretes\/wp-content\/uploads\/usu819\/2025\/11\/Assemblea-AFA-2025.png 1309w, https:\/\/agora.xtec.cat\/escola-puigdelescadiretes\/wp-content\/uploads\/usu819\/2025\/11\/Assemblea-AFA-2025-300x227.png 300w, https:\/\/agora.xtec.cat\/escola-puigdelescadiretes\/wp-content\/uploads\/usu819\/2025\/11\/Assemblea-AFA-2025-1024x775.png 1024w, https:\/\/agora.xtec.cat\/escola-puigdelescadiretes\/wp-content\/uploads\/usu819\/2025\/11\/Assemblea-AFA-2025-768x581.png 768w\" sizes=\"auto, (max-width: 1309px) 100vw, 1309px\" \/><\/p>\n<p><img loading=\"lazy\" decoding=\"async\" class=\"aligncenter size-full wp-image-7742\" src=\"https:\/\/agora.xtec.cat\/escola-puigdelescadiretes\/wp-content\/uploads\/usu819\/2026\/02\/Captura-de-pantalla-2026-02-10-114200.png\" alt=\"\" width=\"968\" height=\"682\" srcset=\"https:\/\/agora.xtec.cat\/escola-puigdelescadiretes\/wp-content\/uploads\/usu819\/2026\/02\/Captura-de-pantalla-2026-02-10-114200.png 968w, https:\/\/agora.xtec.cat\/escola-puigdelescadiretes\/wp-content\/uploads\/usu819\/2026\/02\/Captura-de-pantalla-2026-02-10-114200-300x211.png 300w, https:\/\/agora.xtec.cat\/escola-puigdelescadiretes\/wp-content\/uploads\/usu819\/2026\/02\/Captura-de-pantalla-2026-02-10-114200-768x541.png 768w\" sizes=\"auto, (max-width: 968px) 100vw, 968px\" \/><\/p>\n<p><img loading=\"lazy\" decoding=\"async\" class=\"aligncenter size-full wp-image-7743\" src=\"https:\/\/agora.xtec.cat\/escola-puigdelescadiretes\/wp-content\/uploads\/usu819\/2026\/02\/Captura-de-pantalla-2026-02-10-114220.png\" alt=\"\" width=\"962\" height=\"679\" srcset=\"https:\/\/agora.xtec.cat\/escola-puigdelescadiretes\/wp-content\/uploads\/usu819\/2026\/02\/Captura-de-pantalla-2026-02-10-114220.png 962w, https:\/\/agora.xtec.cat\/escola-puigdelescadiretes\/wp-content\/uploads\/usu819\/2026\/02\/Captura-de-pantalla-2026-02-10-114220-300x212.png 300w, https:\/\/agora.xtec.cat\/escola-puigdelescadiretes\/wp-content\/uploads\/usu819\/2026\/02\/Captura-de-pantalla-2026-02-10-114220-768x542.png 768w\" sizes=\"auto, (max-width: 962px) 100vw, 962px\" \/><\/p>\n<p>&nbsp;<\/p>\n<p>&nbsp;<\/p>\n<p>&nbsp;<\/p>\n<p>Serveis que gestiona l&#8217;AFA del centre.<\/p>\n<ul>\n<li>El menjador escolar<\/li>\n<li>L&#8217;acollida matinal<\/li>\n<li>Les activitats extraescolars<\/li>\n<li>Contractaci\u00f3 de psicopedagoga<\/li>\n<li>Banc de llibres<\/li>\n<li>Roba de l&#8217;escola<\/li>\n<li>Aportaci\u00f3 econ\u00f2mica a l&#8217;escola<\/li>\n<li>Organitzaci\u00f3 de festes<\/li>\n<\/ul>\n","protected":false},"excerpt":{"rendered":"<p>Quota AFA &#8211; CURS 2024-2025 &nbsp; &nbsp; &nbsp; Serveis que gestiona l&#8217;AFA del centre. El menjador escolar L&#8217;acollida matinal Les activitats extraescolars Contractaci\u00f3 de psicopedagoga Banc de llibres Roba de l&#8217;escola Aportaci\u00f3 econ\u00f2mica a l&#8217;escola Organitzaci\u00f3 de festes<\/p>\n","protected":false},"author":1,"featured_media":0,"parent":7369,"menu_order":0,"comment_status":"closed","ping_status":"closed","template":"","meta":{"_bbp_topic_count":0,"_bbp_reply_count":0,"_bbp_total_topic_count":0,"_bbp_total_reply_count":0,"_bbp_voice_count":0,"_bbp_anonymous_reply_count":0,"_bbp_topic_count_hidden":0,"_bbp_reply_count_hidden":0,"_bbp_forum_subforum_count":0,"site-sidebar-layout":"default","site-content-layout":"","ast-site-content-layout":"default","site-content-style":"default","site-sidebar-style":"default","ast-global-header-display":"","ast-banner-title-visibility":"","ast-main-header-display":"","ast-hfb-above-header-display":"","ast-hfb-below-header-display":"","ast-hfb-mobile-header-display":"","site-post-title":"","ast-breadcrumbs-content":"","ast-featured-img":"","footer-sml-layout":"","theme-transparent-header-meta":"default","adv-header-id-meta":"","stick-header-meta":"","header-above-stick-meta":"","header-main-stick-meta":"","header-below-stick-meta":"","astra-migrate-meta-layouts":"set","ast-page-background-enabled":"default","ast-page-background-meta":{"desktop":{"background-color":"var(--ast-global-color-4)","background-image":"","background-repeat":"repeat","background-position":"center center","background-size":"auto","background-attachment":"scroll","background-type":"","background-media":"","overlay-type":"","overlay-color":"","overlay-opacity":"","overlay-gradient":""},"tablet":{"background-color":"","background-image":"","background-repeat":"repeat","background-position":"center center","background-size":"auto","background-attachment":"scroll","background-type":"","background-media":"","overlay-type":"","overlay-color":"","overlay-opacity":"","overlay-gradient":""},"mobile":{"background-color":"","background-image":"","background-repeat":"repeat","background-position":"center center","background-size":"auto","background-attachment":"scroll","background-type":"","background-media":"","overlay-type":"","overlay-color":"","overlay-opacity":"","overlay-gradient":""}},"ast-content-background-meta":{"desktop":{"background-color":"var(--ast-global-color-5)","background-image":"","background-repeat":"repeat","background-position":"center center","background-size":"auto","background-attachment":"scroll","background-type":"","background-media":"","overlay-type":"","overlay-color":"","overlay-opacity":"","overlay-gradient":""},"tablet":{"background-color":"var(--ast-global-color-5)","background-image":"","background-repeat":"repeat","background-position":"center center","background-size":"auto","background-attachment":"scroll","background-type":"","background-media":"","overlay-type":"","overlay-color":"","overlay-opacity":"","overlay-gradient":""},"mobile":{"background-color":"var(--ast-global-color-5)","background-image":"","background-repeat":"repeat","background-position":"center center","background-size":"auto","background-attachment":"scroll","background-type":"","background-media":"","overlay-type":"","overlay-color":"","overlay-opacity":"","overlay-gradient":""}},"footnotes":""},"class_list":["post-66","page","type-page","status-publish","hentry"],"post_mailing_queue_ids":[],"_links":{"self":[{"href":"https:\/\/agora.xtec.cat\/escola-puigdelescadiretes\/wp-json\/wp\/v2\/pages\/66","targetHints":{"allow":["GET"]}}],"collection":[{"href":"https:\/\/agora.xtec.cat\/escola-puigdelescadiretes\/wp-json\/wp\/v2\/pages"}],"about":[{"href":"https:\/\/agora.xtec.cat\/escola-puigdelescadiretes\/wp-json\/wp\/v2\/types\/page"}],"author":[{"embeddable":true,"href":"https:\/\/agora.xtec.cat\/escola-puigdelescadiretes\/wp-json\/wp\/v2\/users\/1"}],"replies":[{"embeddable":true,"href":"https:\/\/agora.xtec.cat\/escola-puigdelescadiretes\/wp-json\/wp\/v2\/comments?post=66"}],"version-history":[{"count":6,"href":"https:\/\/agora.xtec.cat\/escola-puigdelescadiretes\/wp-json\/wp\/v2\/pages\/66\/revisions"}],"predecessor-version":[{"id":7744,"href":"https:\/\/agora.xtec.cat\/escola-puigdelescadiretes\/wp-json\/wp\/v2\/pages\/66\/revisions\/7744"}],"up":[{"embeddable":true,"href":"https:\/\/agora.xtec.cat\/escola-puigdelescadiretes\/wp-json\/wp\/v2\/pages\/7369"}],"wp:attachment":[{"href":"https:\/\/agora.xtec.cat\/escola-puigdelescadiretes\/wp-json\/wp\/v2\/media?parent=66"}],"curies":[{"name":"wp","href":"https:\/\/api.w.org\/{rel}","templated":true}]}}