{"id":378,"date":"2017-07-14T11:57:43","date_gmt":"2017-07-14T09:57:43","guid":{"rendered":"http:\/\/agora.xtec.cat\/escola-puigdelescadiretes\/?page_id=378"},"modified":"2020-02-26T11:24:35","modified_gmt":"2020-02-26T10:24:35","slug":"raco-de-premsa","status":"publish","type":"page","link":"https:\/\/agora.xtec.cat\/escola-puigdelescadiretes\/lescola\/raco-de-premsa\/","title":{"rendered":"Rac\u00f3 de Premsa"},"content":{"rendered":"<p><strong>25 de febrer de 2020_ DIARI DE GIRONA<\/strong><\/p>\n<p style=\"text-align: center;\"><em><strong>EL PUIG DE LES CADIRETES, DE LLAGOSTERA, QUEDA FINALISTA EN ELS MOBILE LEARNING AWARDS\u00a0<\/strong><\/em><\/p>\n<p><strong><a href=\"https:\/\/agora.xtec.cat\/escola-puigdelescadiretes\/wp-content\/uploads\/usu819\/2020\/02\/NOTICIA-DIARI-GIRONA-25.02.2020.png\"><img loading=\"lazy\" decoding=\"async\" class=\"wp-image-3513 aligncenter\" src=\"https:\/\/agora.xtec.cat\/escola-puigdelescadiretes\/wp-content\/uploads\/usu819\/2020\/02\/NOTICIA-DIARI-GIRONA-25.02.2020.png\" alt=\"\" width=\"646\" height=\"711\" srcset=\"https:\/\/agora.xtec.cat\/escola-puigdelescadiretes\/wp-content\/uploads\/usu819\/2020\/02\/NOTICIA-DIARI-GIRONA-25.02.2020.png 525w, https:\/\/agora.xtec.cat\/escola-puigdelescadiretes\/wp-content\/uploads\/usu819\/2020\/02\/NOTICIA-DIARI-GIRONA-25.02.2020-272x300.png 272w\" sizes=\"auto, (max-width: 646px) 100vw, 646px\" \/><\/a><\/strong><\/p>\n<p>Tamb\u00e9 es pot llegir l&#8217;article a: <a href=\"https:\/\/www.diaridegirona.cat\/educacio\/2020\/02\/25\/puig-cadiretes-llagostera-queda-finalista\/1031102.html\">https:\/\/www.diaridegirona.cat\/educacio\/2020\/02\/25\/puig-cadiretes-llagostera-queda-finalista\/1031102.html<\/a><\/p>\n<p>&nbsp;<\/p>\n<hr \/>\n<p><strong>7 de novembre de 2018_ NOT\u00cdCIES A TV GIRONA<\/strong><\/p>\n<p style=\"text-align: center;\"><em><strong>REPORTATGE SOBRE L&#8217;AULA DIGITAL, LA PROGRAMACI\u00d3 I APRENENTATGE M\u00d2BIL QUE ESTEM DUENT A TERME A L&#8217;ESCOLA\u00a0<\/strong><\/em><\/p>\n<p><a href=\"https:\/\/drive.google.com\/file\/d\/1e_etixXok2q5LhhECPI3kTBul3Xay7Is\/view?usp=sharing\"><img loading=\"lazy\" decoding=\"async\" class=\"aligncenter wp-image-2079\" src=\"https:\/\/agora.xtec.cat\/escola-puigdelescadiretes\/wp-content\/uploads\/usu819\/2018\/11\/noticia-tv-girona.png\" alt=\"\" width=\"457\" height=\"238\" srcset=\"https:\/\/agora.xtec.cat\/escola-puigdelescadiretes\/wp-content\/uploads\/usu819\/2018\/11\/noticia-tv-girona.png 1187w, https:\/\/agora.xtec.cat\/escola-puigdelescadiretes\/wp-content\/uploads\/usu819\/2018\/11\/noticia-tv-girona-300x156.png 300w, https:\/\/agora.xtec.cat\/escola-puigdelescadiretes\/wp-content\/uploads\/usu819\/2018\/11\/noticia-tv-girona-768x400.png 768w, https:\/\/agora.xtec.cat\/escola-puigdelescadiretes\/wp-content\/uploads\/usu819\/2018\/11\/noticia-tv-girona-1024x534.png 1024w\" sizes=\"auto, (max-width: 457px) 100vw, 457px\" \/><\/a><\/p>\n<p>Es pot veure el recull de les not\u00edcies directament al web de TV Girona:\u00a0<a href=\"http:\/\/tvgirona.alacarta.cat\/noticies\/capitol\/noticies-migdia-del-07112018\">http:\/\/tvgirona.alacarta.cat\/noticies\/capitol\/noticies-migdia-del-07112018<\/a><\/p>\n<p>&nbsp;<\/p>\n<div id=\"embed-alacarta-77861\"><\/div>\n<div id=\"embed-alacarta-77861\"><\/div>\n<p>&nbsp;<\/p>\n<hr \/>\n<p><strong>9 d&#8217;octubre de 2018_ DIARI DE GIRONA<\/strong><\/p>\n<p style=\"text-align: center;\"><em><strong>L&#8217;ESCOLA PUIG DE LES CADIRETES DE LLAGOSTERA \u00c9S LA PRIMERA DE CATALUNYA AMB UNA AULA MICROSOFT\u00a0<\/strong><\/em><\/p>\n<p>&nbsp;<\/p>\n<p><a href=\"https:\/\/agora.xtec.cat\/escola-puigdelescadiretes\/wp-content\/uploads\/usu819\/2018\/10\/Diari-de-girona-_-aula-digital.jpg\"><img loading=\"lazy\" decoding=\"async\" class=\"aligncenter size-full wp-image-1951\" src=\"https:\/\/agora.xtec.cat\/escola-puigdelescadiretes\/wp-content\/uploads\/usu819\/2018\/10\/Diari-de-girona-_-aula-digital.jpg\" alt=\"\" width=\"948\" height=\"1232\" srcset=\"https:\/\/agora.xtec.cat\/escola-puigdelescadiretes\/wp-content\/uploads\/usu819\/2018\/10\/Diari-de-girona-_-aula-digital.jpg 948w, https:\/\/agora.xtec.cat\/escola-puigdelescadiretes\/wp-content\/uploads\/usu819\/2018\/10\/Diari-de-girona-_-aula-digital-231x300.jpg 231w, https:\/\/agora.xtec.cat\/escola-puigdelescadiretes\/wp-content\/uploads\/usu819\/2018\/10\/Diari-de-girona-_-aula-digital-768x998.jpg 768w, https:\/\/agora.xtec.cat\/escola-puigdelescadiretes\/wp-content\/uploads\/usu819\/2018\/10\/Diari-de-girona-_-aula-digital-788x1024.jpg 788w\" sizes=\"auto, (max-width: 948px) 100vw, 948px\" \/><\/a><\/p>\n<p>Tamb\u00e9 es pot llegir l&#8217;article a:\u00a0<a href=\"https:\/\/www.diaridegirona.cat\/comarques\/2018\/10\/09\/lescola-puig-cadiretes-llagostera-primera\/939464.html\" target=\"_blank\" rel=\"noopener noreferrer\">https:\/\/www.diaridegirona.cat\/comarques\/2018\/10\/09\/lescola-puig-cadiretes-llagostera-primera\/939464.html<\/a><\/p>\n<p><strong>20 de febrer de 2018_ DIARI DE GIRONA<\/strong><\/p>\n<p style=\"text-align: center;\"><em><strong>INNOVACI\u00d3 DIGITAL DE PRIMER NIVELL A L&#8217;ESCOLA<\/strong><\/em><\/p>\n<p style=\"text-align: center;\"><a href=\"http:\/\/agora.xtec.cat\/escola-puigdelescadiretes\/wp-content\/uploads\/usu819\/2018\/02\/IMG-20180221-WA0000.jpg\"><img loading=\"lazy\" decoding=\"async\" class=\"alignnone size-large wp-image-1401\" src=\"http:\/\/agora.xtec.cat\/escola-puigdelescadiretes\/wp-content\/uploads\/usu819\/2018\/02\/IMG-20180221-WA0000-813x1024.jpg\" alt=\"\" width=\"813\" height=\"1024\" srcset=\"https:\/\/agora.xtec.cat\/escola-puigdelescadiretes\/wp-content\/uploads\/usu819\/2018\/02\/IMG-20180221-WA0000-813x1024.jpg 813w, https:\/\/agora.xtec.cat\/escola-puigdelescadiretes\/wp-content\/uploads\/usu819\/2018\/02\/IMG-20180221-WA0000-238x300.jpg 238w, https:\/\/agora.xtec.cat\/escola-puigdelescadiretes\/wp-content\/uploads\/usu819\/2018\/02\/IMG-20180221-WA0000-768x967.jpg 768w, https:\/\/agora.xtec.cat\/escola-puigdelescadiretes\/wp-content\/uploads\/usu819\/2018\/02\/IMG-20180221-WA0000.jpg 964w\" sizes=\"auto, (max-width: 813px) 100vw, 813px\" \/><\/a><\/p>\n<p style=\"text-align: center;\">Tamb\u00e9 es pot llegir l&#8217;article a:\u00a0<a href=\"http:\/\/www.diaridegirona.cat\/comarques\/2018\/02\/20\/innovacio-digital-nivell-lescola\/896886.html\">http:\/\/www.diaridegirona.cat\/comarques\/2018\/02\/20\/innovacio-digital-nivell-lescola\/896886.html<\/a><\/p>\n<hr \/>\n<p>&nbsp;<\/p>\n<p><strong>29 d&#8217;octubre de 2017_ EL PUNT AVUI<\/strong><\/p>\n<p style=\"text-align: center;\"><em><strong>ES DESPLEGA A LES AULES EL PROJECTE 3.0\u00a0<\/strong><\/em><\/p>\n<p style=\"text-align: center;\"><a href=\"http:\/\/agora.xtec.cat\/escola-puigdelescadiretes\/wp-content\/uploads\/usu819\/2017\/07\/projecte-llagostera30-puntavui.pdf\"><img loading=\"lazy\" decoding=\"async\" class=\"size-full wp-image-1020 aligncenter\" src=\"http:\/\/agora.xtec.cat\/escola-puigdelescadiretes\/wp-content\/uploads\/usu819\/2017\/07\/Llagostera-3.0.jpg\" alt=\"\" width=\"547\" height=\"589\" srcset=\"https:\/\/agora.xtec.cat\/escola-puigdelescadiretes\/wp-content\/uploads\/usu819\/2017\/07\/Llagostera-3.0.jpg 547w, https:\/\/agora.xtec.cat\/escola-puigdelescadiretes\/wp-content\/uploads\/usu819\/2017\/07\/Llagostera-3.0-279x300.jpg 279w\" sizes=\"auto, (max-width: 547px) 100vw, 547px\" \/><\/a><\/p>\n<p>&#8212;&#8212;&#8212;&#8212;&#8212;&#8212;&#8212;&#8212;&#8212;&#8212;&#8212;&#8212;&#8212;&#8212;&#8212;&#8212;&#8212;&#8212;&#8212;&#8212;&#8212;&#8212;&#8212;&#8212;&#8212;&#8212;&#8212;&#8212;&#8212;&#8212;&#8212;&#8212;&#8212;&#8212;&#8212;&#8212;&#8212;&#8212;&#8212;&#8212;&#8212;&#8212;&#8212;&#8212;&#8212;&#8212;&#8212;&#8212;&#8212;&#8212;&#8212;&#8212;&#8212;&#8212;&#8212;&#8212;&#8212;&#8212;&#8212;&#8212;&#8212;&#8212;&#8212;&#8212;&#8212;&#8212;&#8212;&#8212;&#8212;&#8212;&#8212;&#8212;&#8212;&#8212;&#8212;-<\/p>\n<p><strong>12 d&#8217;abril de 2016_ DIARI DE GIRONA<\/strong><\/p>\n<p style=\"text-align: center;\"><em><strong>GIROB\u00d2TICA<\/strong><\/em><\/p>\n<p><a href=\"http:\/\/agora.xtec.cat\/escola-puigdelescadiretes\/wp-content\/uploads\/usu819\/2017\/07\/noticia-girobotica.jpg\"><img loading=\"lazy\" decoding=\"async\" class=\"size-full wp-image-380 aligncenter\" src=\"http:\/\/agora.xtec.cat\/escola-puigdelescadiretes\/wp-content\/uploads\/usu819\/2017\/07\/noticia-girobotica.jpg\" alt=\"\" width=\"958\" height=\"274\" srcset=\"https:\/\/agora.xtec.cat\/escola-puigdelescadiretes\/wp-content\/uploads\/usu819\/2017\/07\/noticia-girobotica.jpg 958w, https:\/\/agora.xtec.cat\/escola-puigdelescadiretes\/wp-content\/uploads\/usu819\/2017\/07\/noticia-girobotica-300x86.jpg 300w, https:\/\/agora.xtec.cat\/escola-puigdelescadiretes\/wp-content\/uploads\/usu819\/2017\/07\/noticia-girobotica-768x220.jpg 768w\" sizes=\"auto, (max-width: 958px) 100vw, 958px\" \/><\/a><\/p>\n<p>&#8212;&#8212;&#8212;&#8212;&#8212;&#8212;&#8212;&#8212;&#8212;&#8212;&#8212;&#8212;&#8212;&#8212;&#8212;&#8212;&#8212;&#8212;&#8212;&#8212;&#8212;&#8212;&#8212;&#8212;&#8212;&#8212;&#8212;&#8212;&#8212;&#8212;&#8212;&#8212;&#8212;&#8212;&#8212;&#8212;&#8212;&#8212;&#8212;&#8212;&#8212;&#8212;&#8212;&#8212;&#8212;&#8212;&#8212;&#8212;&#8212;&#8212;&#8212;&#8212;&#8212;&#8212;&#8212;&#8212;&#8212;&#8212;&#8212;&#8212;&#8212;&#8212;&#8212;&#8212;&#8212;&#8212;&#8212;&#8212;&#8212;&#8212;&#8212;&#8212;&#8212;&#8212;&#8212;-<\/p>\n<p><strong>20 de gener de 2016_ LA VANGUARDIA<\/strong><\/p>\n<p style=\"text-align: center;\"><em><strong>FES EXERCICI F\u00cdSIC CADA DIA I TINDR\u00c0S M\u00c9S BONA MEM\u00d2RIA<\/strong><\/em><\/p>\n<p><a href=\"https:\/\/drive.google.com\/file\/d\/0B4QoGEdt_BJneTk3NjRTOTNaVnc\/view?usp=sharing\"><img loading=\"lazy\" decoding=\"async\" class=\"size-full wp-image-383 aligncenter\" src=\"http:\/\/agora.xtec.cat\/escola-puigdelescadiretes\/wp-content\/uploads\/usu819\/2017\/07\/article-diari-20-gener.png\" alt=\"\" width=\"792\" height=\"360\" srcset=\"https:\/\/agora.xtec.cat\/escola-puigdelescadiretes\/wp-content\/uploads\/usu819\/2017\/07\/article-diari-20-gener.png 792w, https:\/\/agora.xtec.cat\/escola-puigdelescadiretes\/wp-content\/uploads\/usu819\/2017\/07\/article-diari-20-gener-300x136.png 300w, https:\/\/agora.xtec.cat\/escola-puigdelescadiretes\/wp-content\/uploads\/usu819\/2017\/07\/article-diari-20-gener-768x349.png 768w\" sizes=\"auto, (max-width: 792px) 100vw, 792px\" \/><\/a><\/p>\n<p>&#8212;&#8212;&#8212;&#8212;&#8212;&#8212;&#8212;&#8212;&#8212;&#8212;&#8212;&#8212;&#8212;&#8212;&#8212;&#8212;&#8212;&#8212;&#8212;&#8212;&#8212;&#8212;&#8212;&#8212;&#8212;&#8212;&#8212;&#8212;&#8212;&#8212;&#8212;&#8212;&#8212;&#8212;&#8212;&#8212;&#8212;&#8212;&#8212;&#8212;&#8212;&#8212;&#8212;&#8212;&#8212;&#8212;&#8212;&#8212;&#8212;&#8212;&#8212;&#8212;&#8212;&#8212;&#8212;&#8212;&#8212;&#8212;&#8212;&#8212;&#8212;&#8212;&#8212;&#8212;&#8212;&#8212;&#8212;&#8212;&#8212;&#8212;&#8212;&#8212;&#8212;&#8212;&#8212;-<\/p>\n<p><strong>28 de juny de 2015_LA VANGUARDIA<\/strong><\/p>\n<p style=\"text-align: center;\"><em><strong>DEBERES DE VERANO<\/strong><\/em><\/p>\n<p><a href=\"http:\/\/agora.xtec.cat\/escola-puigdelescadiretes\/wp-content\/uploads\/usu819\/2017\/07\/Deberes-de-verano.jpg\"><img loading=\"lazy\" decoding=\"async\" class=\"aligncenter wp-image-394 size-large\" src=\"http:\/\/agora.xtec.cat\/escola-puigdelescadiretes\/wp-content\/uploads\/usu819\/2017\/07\/Deberes-de-verano-1024x653.jpg\" alt=\"\" width=\"1024\" height=\"653\" srcset=\"https:\/\/agora.xtec.cat\/escola-puigdelescadiretes\/wp-content\/uploads\/usu819\/2017\/07\/Deberes-de-verano-1024x653.jpg 1024w, https:\/\/agora.xtec.cat\/escola-puigdelescadiretes\/wp-content\/uploads\/usu819\/2017\/07\/Deberes-de-verano-300x191.jpg 300w, https:\/\/agora.xtec.cat\/escola-puigdelescadiretes\/wp-content\/uploads\/usu819\/2017\/07\/Deberes-de-verano-768x489.jpg 768w, https:\/\/agora.xtec.cat\/escola-puigdelescadiretes\/wp-content\/uploads\/usu819\/2017\/07\/Deberes-de-verano.jpg 1729w\" sizes=\"auto, (max-width: 1024px) 100vw, 1024px\" \/><\/a><\/p>\n<p>&#8212;&#8212;&#8212;&#8212;&#8212;&#8212;&#8212;&#8212;&#8212;&#8212;&#8212;&#8212;&#8212;&#8212;&#8212;&#8212;&#8212;&#8212;&#8212;&#8212;&#8212;&#8212;&#8212;&#8212;&#8212;&#8212;&#8212;&#8212;&#8212;&#8212;&#8212;&#8212;&#8212;&#8212;&#8212;&#8212;&#8212;&#8212;&#8212;&#8212;&#8212;&#8212;&#8212;&#8212;&#8212;&#8212;&#8212;&#8212;&#8212;&#8212;&#8212;&#8212;&#8212;&#8212;&#8212;&#8212;&#8212;&#8212;&#8212;&#8212;&#8212;&#8212;&#8212;&#8212;&#8212;&#8212;&#8212;&#8212;&#8212;&#8212;&#8212;&#8212;&#8212;&#8212;&#8212;-<\/p>\n<p><strong>6 de novembre de 2014_ DIARI DE GIRONA<\/strong><\/p>\n<p style=\"text-align: center;\"><em><strong>ESCOLES DEL GIRON\u00c8S ESTALVIEN 33 TONES DE Co2 I 12.046 \u20ac<\/strong><\/em><\/p>\n<p>&nbsp;<\/p>\n<p>&nbsp;<\/p>\n<p><a href=\"https:\/\/drive.google.com\/file\/d\/0B4QoGEdt_BJnbjlCUGNYTzhpUGs\/view?usp=sharing\"><img loading=\"lazy\" decoding=\"async\" class=\"size-full wp-image-398 aligncenter\" src=\"http:\/\/agora.xtec.cat\/escola-puigdelescadiretes\/wp-content\/uploads\/usu819\/2017\/07\/ESTALVI-CO2.png\" alt=\"\" width=\"476\" height=\"672\" srcset=\"https:\/\/agora.xtec.cat\/escola-puigdelescadiretes\/wp-content\/uploads\/usu819\/2017\/07\/ESTALVI-CO2.png 476w, https:\/\/agora.xtec.cat\/escola-puigdelescadiretes\/wp-content\/uploads\/usu819\/2017\/07\/ESTALVI-CO2-213x300.png 213w\" sizes=\"auto, (max-width: 476px) 100vw, 476px\" \/><\/a><\/p>\n<p>&nbsp;<\/p>\n<p>&#8212;&#8212;&#8212;&#8212;&#8212;&#8212;&#8212;&#8212;&#8212;&#8212;&#8212;&#8212;&#8212;&#8212;&#8212;&#8212;&#8212;&#8212;&#8212;&#8212;&#8212;&#8212;&#8212;&#8212;&#8212;&#8212;&#8212;&#8212;&#8212;&#8212;&#8212;&#8212;&#8212;&#8212;&#8212;&#8212;&#8212;&#8212;&#8212;&#8212;&#8212;&#8212;&#8212;&#8212;&#8212;&#8212;&#8212;&#8212;&#8212;&#8212;&#8212;&#8212;&#8212;&#8212;&#8212;&#8212;&#8212;&#8212;&#8212;&#8212;&#8212;&#8212;&#8212;&#8212;&#8212;&#8212;&#8212;&#8212;&#8212;&#8212;&#8212;&#8212;&#8212;&#8212;&#8212;-<\/p>\n<p><strong>4 de febrer de 2014_ DIARI DE GIRONA<\/strong><\/p>\n<p style=\"text-align: center;\"><em><strong>ESCOLARS DE LLAGOSTERA PROPOSEN INCREMENTAR EL LLOGUER SOCIAL O LA SEGURETAT\u00a0<\/strong><\/em><\/p>\n<p>&nbsp;<\/p>\n<p><a href=\"http:\/\/agora.xtec.cat\/escola-puigdelescadiretes\/wp-content\/uploads\/usu819\/2017\/07\/Ple-infantil-4-febrer-2014.png\"><img loading=\"lazy\" decoding=\"async\" class=\" wp-image-419 aligncenter\" src=\"http:\/\/agora.xtec.cat\/escola-puigdelescadiretes\/wp-content\/uploads\/usu819\/2017\/07\/Ple-infantil-4-febrer-2014-1024x678.png\" alt=\"\" width=\"902\" height=\"597\" srcset=\"https:\/\/agora.xtec.cat\/escola-puigdelescadiretes\/wp-content\/uploads\/usu819\/2017\/07\/Ple-infantil-4-febrer-2014-1024x678.png 1024w, https:\/\/agora.xtec.cat\/escola-puigdelescadiretes\/wp-content\/uploads\/usu819\/2017\/07\/Ple-infantil-4-febrer-2014-300x199.png 300w, https:\/\/agora.xtec.cat\/escola-puigdelescadiretes\/wp-content\/uploads\/usu819\/2017\/07\/Ple-infantil-4-febrer-2014-768x509.png 768w, https:\/\/agora.xtec.cat\/escola-puigdelescadiretes\/wp-content\/uploads\/usu819\/2017\/07\/Ple-infantil-4-febrer-2014.png 1066w\" sizes=\"auto, (max-width: 902px) 100vw, 902px\" \/><\/a><\/p>\n","protected":false},"excerpt":{"rendered":"<p>25 de febrer de 2020_ DIARI DE GIRONA EL PUIG DE LES CADIRETES, DE LLAGOSTERA, QUEDA FINALISTA EN ELS MOBILE LEARNING AWARDS\u00a0 Tamb\u00e9 es pot llegir l&#8217;article a: https:\/\/www.diaridegirona.cat\/educacio\/2020\/02\/25\/puig-cadiretes-llagostera-queda-finalista\/1031102.html &nbsp; 7 de novembre de 2018_ NOT\u00cdCIES A TV GIRONA REPORTATGE SOBRE L&#8217;AULA DIGITAL, LA PROGRAMACI\u00d3 I APRENENTATGE M\u00d2BIL QUE ESTEM DUENT A TERME A L&#8217;ESCOLA\u00a0 [&hellip;]<\/p>\n","protected":false},"author":1,"featured_media":0,"parent":22,"menu_order":60,"comment_status":"closed","ping_status":"closed","template":"page-templates\/side-menu.php","meta":{"_bbp_topic_count":0,"_bbp_reply_count":0,"_bbp_total_topic_count":0,"_bbp_total_reply_count":0,"_bbp_voice_count":0,"_bbp_anonymous_reply_count":0,"_bbp_topic_count_hidden":0,"_bbp_reply_count_hidden":0,"_bbp_forum_subforum_count":0,"site-sidebar-layout":"default","site-content-layout":"","ast-site-content-layout":"","site-content-style":"default","site-sidebar-style":"default","ast-global-header-display":"","ast-banner-title-visibility":"","ast-main-header-display":"","ast-hfb-above-header-display":"","ast-hfb-below-header-display":"","ast-hfb-mobile-header-display":"","site-post-title":"","ast-breadcrumbs-content":"","ast-featured-img":"","footer-sml-layout":"","theme-transparent-header-meta":"","adv-header-id-meta":"","stick-header-meta":"","header-above-stick-meta":"","header-main-stick-meta":"","header-below-stick-meta":"","astra-migrate-meta-layouts":"default","ast-page-background-enabled":"default","ast-page-background-meta":{"desktop":{"background-color":"var(--ast-global-color-4)","background-image":"","background-repeat":"repeat","background-position":"center center","background-size":"auto","background-attachment":"scroll","background-type":"","background-media":"","overlay-type":"","overlay-color":"","overlay-opacity":"","overlay-gradient":""},"tablet":{"background-color":"","background-image":"","background-repeat":"repeat","background-position":"center center","background-size":"auto","background-attachment":"scroll","background-type":"","background-media":"","overlay-type":"","overlay-color":"","overlay-opacity":"","overlay-gradient":""},"mobile":{"background-color":"","background-image":"","background-repeat":"repeat","background-position":"center center","background-size":"auto","background-attachment":"scroll","background-type":"","background-media":"","overlay-type":"","overlay-color":"","overlay-opacity":"","overlay-gradient":""}},"ast-content-background-meta":{"desktop":{"background-color":"var(--ast-global-color-5)","background-image":"","background-repeat":"repeat","background-position":"center center","background-size":"auto","background-attachment":"scroll","background-type":"","background-media":"","overlay-type":"","overlay-color":"","overlay-opacity":"","overlay-gradient":""},"tablet":{"background-color":"var(--ast-global-color-5)","background-image":"","background-repeat":"repeat","background-position":"center center","background-size":"auto","background-attachment":"scroll","background-type":"","background-media":"","overlay-type":"","overlay-color":"","overlay-opacity":"","overlay-gradient":""},"mobile":{"background-color":"var(--ast-global-color-5)","background-image":"","background-repeat":"repeat","background-position":"center center","background-size":"auto","background-attachment":"scroll","background-type":"","background-media":"","overlay-type":"","overlay-color":"","overlay-opacity":"","overlay-gradient":""}},"footnotes":""},"class_list":["post-378","page","type-page","status-publish","hentry"],"post_mailing_queue_ids":[],"_links":{"self":[{"href":"https:\/\/agora.xtec.cat\/escola-puigdelescadiretes\/wp-json\/wp\/v2\/pages\/378","targetHints":{"allow":["GET"]}}],"collection":[{"href":"https:\/\/agora.xtec.cat\/escola-puigdelescadiretes\/wp-json\/wp\/v2\/pages"}],"about":[{"href":"https:\/\/agora.xtec.cat\/escola-puigdelescadiretes\/wp-json\/wp\/v2\/types\/page"}],"author":[{"embeddable":true,"href":"https:\/\/agora.xtec.cat\/escola-puigdelescadiretes\/wp-json\/wp\/v2\/users\/1"}],"replies":[{"embeddable":true,"href":"https:\/\/agora.xtec.cat\/escola-puigdelescadiretes\/wp-json\/wp\/v2\/comments?post=378"}],"version-history":[{"count":4,"href":"https:\/\/agora.xtec.cat\/escola-puigdelescadiretes\/wp-json\/wp\/v2\/pages\/378\/revisions"}],"predecessor-version":[{"id":3514,"href":"https:\/\/agora.xtec.cat\/escola-puigdelescadiretes\/wp-json\/wp\/v2\/pages\/378\/revisions\/3514"}],"up":[{"embeddable":true,"href":"https:\/\/agora.xtec.cat\/escola-puigdelescadiretes\/wp-json\/wp\/v2\/pages\/22"}],"wp:attachment":[{"href":"https:\/\/agora.xtec.cat\/escola-puigdelescadiretes\/wp-json\/wp\/v2\/media?parent=378"}],"curies":[{"name":"wp","href":"https:\/\/api.w.org\/{rel}","templated":true}]}}