{"id":36,"date":"2014-09-18T12:33:11","date_gmt":"2014-09-18T11:33:11","guid":{"rendered":"http:\/\/agora.xtec.cat\/escola-puigdelescadiretes\/?page_id=36"},"modified":"2025-06-23T09:49:04","modified_gmt":"2025-06-23T07:49:04","slug":"material-escolar","status":"publish","type":"page","link":"https:\/\/agora.xtec.cat\/escola-puigdelescadiretes\/lescola\/material-escolar\/","title":{"rendered":"Material escolar"},"content":{"rendered":"<p>&nbsp;<\/p>\n<p>En el seg\u00fcent enlla\u00e7 podeu descarregar els llibres de text i material escolar del curs 2024\/2025:<\/p>\n<h4><strong>EDUCACI\u00d3 INFANTIL:<\/strong><\/h4>\n<ul>\n<li><a href=\"https:\/\/drive.google.com\/file\/d\/1848dDh5pd6yoL3ocLKul9z_e9UOyeEnL\/view?usp=sharing\" target=\"_blank\" rel=\"noopener\">I3 MATERIAL ESCOLAR 25-26<\/a><\/li>\n<li><a href=\"https:\/\/drive.google.com\/file\/d\/1PZKQlBVeZvNUa-_Oc2jL3mJlJjOrqgys\/view?usp=sharing\" target=\"_blank\" rel=\"noopener\">I4 MATERIAL ESCOLAR 25-26<\/a><\/li>\n<li><a href=\"https:\/\/drive.google.com\/file\/d\/1m1LO5EsQA2sCZ3oS4XJjCIM9rs8MML0x\/view?usp=sharing\" target=\"_blank\" rel=\"noopener\">I5 MATERIAL ESCOLAR 25-26<\/a><\/li>\n<\/ul>\n<h4><strong>EDUCACI\u00d3 PRIM\u00c0RIA:<\/strong><\/h4>\n<ul>\n<li><a href=\"https:\/\/drive.google.com\/file\/d\/1kjVy4MabLoIk-f7SbLh35stVbs9olpMA\/view?usp=sharing\" target=\"_blank\" rel=\"noopener\">1r\u00a0 MATERIAL ESCOLAR 25-26<\/a><\/li>\n<li><a href=\"https:\/\/drive.google.com\/file\/d\/1tmWij7Q7_Ge6Y5hdGHmzbyKP6PFfr0x1\/view?usp=sharing\" target=\"_blank\" rel=\"noopener\">2n\u00a0 MATERIAL ESCOLAR 25-26<\/a><\/li>\n<li><a href=\"https:\/\/drive.google.com\/file\/d\/13QUc0fBN3RdIVx6-TRQPGWLOVczZ7uNe\/view?usp=sharing\" target=\"_blank\" rel=\"noopener\">3r\u00a0 MATERIAL ESCOLAR 25-26<\/a><\/li>\n<li><a href=\"https:\/\/drive.google.com\/file\/d\/1cCwfTfBnpCAHChcXj6ARFdqOr1klavUj\/view?usp=sharing\" target=\"_blank\" rel=\"noopener\">4t\u00a0 MATERIAL ESCOLAR 25-26<\/a><\/li>\n<li><a href=\"https:\/\/drive.google.com\/file\/d\/1KFv2pKzLoGtKmGPPf2n-wSAdp-R93dOo\/view?usp=sharing\" target=\"_blank\" rel=\"noopener\">5\u00e8 MATERIAL ESCOLAR 25-26<\/a><\/li>\n<li><a href=\"https:\/\/drive.google.com\/file\/d\/1wIwJQxyJz7NiofsynuNGGS7VN-Ehkbgc\/view?usp=sharing\" target=\"_blank\" rel=\"noopener\">6\u00e8 MATERIAL ESCOLAR 25-26<\/a><\/li>\n<\/ul>\n<p><a href=\"https:\/\/drive.google.com\/file\/d\/1txKvIhXggiipc4apRDe3xW8-_PQLnSp5\/view?usp=sharing\" target=\"_blank\" rel=\"noopener\"><strong>Funcionament del Banc de Llibres<\/strong><\/a><\/p>\n","protected":false},"excerpt":{"rendered":"<p>&nbsp; En el seg\u00fcent enlla\u00e7 podeu descarregar els llibres de text i material escolar del curs 2024\/2025: EDUCACI\u00d3 INFANTIL: I3 MATERIAL ESCOLAR 25-26 I4 MATERIAL ESCOLAR 25-26 I5 MATERIAL ESCOLAR 25-26 EDUCACI\u00d3 PRIM\u00c0RIA: 1r\u00a0 MATERIAL ESCOLAR 25-26 2n\u00a0 MATERIAL ESCOLAR 25-26 3r\u00a0 MATERIAL ESCOLAR 25-26 4t\u00a0 MATERIAL ESCOLAR 25-26 5\u00e8 MATERIAL ESCOLAR 25-26 6\u00e8 MATERIAL [&hellip;]<\/p>\n","protected":false},"author":1,"featured_media":0,"parent":22,"menu_order":50,"comment_status":"closed","ping_status":"closed","template":"page-templates\/side-menu.php","meta":{"_bbp_topic_count":0,"_bbp_reply_count":0,"_bbp_total_topic_count":0,"_bbp_total_reply_count":0,"_bbp_voice_count":0,"_bbp_anonymous_reply_count":0,"_bbp_topic_count_hidden":0,"_bbp_reply_count_hidden":0,"_bbp_forum_subforum_count":0,"site-sidebar-layout":"default","site-content-layout":"","ast-site-content-layout":"","site-content-style":"default","site-sidebar-style":"default","ast-global-header-display":"","ast-banner-title-visibility":"","ast-main-header-display":"","ast-hfb-above-header-display":"","ast-hfb-below-header-display":"","ast-hfb-mobile-header-display":"","site-post-title":"","ast-breadcrumbs-content":"","ast-featured-img":"","footer-sml-layout":"","theme-transparent-header-meta":"","adv-header-id-meta":"","stick-header-meta":"","header-above-stick-meta":"","header-main-stick-meta":"","header-below-stick-meta":"","astra-migrate-meta-layouts":"default","ast-page-background-enabled":"default","ast-page-background-meta":{"desktop":{"background-color":"var(--ast-global-color-4)","background-image":"","background-repeat":"repeat","background-position":"center center","background-size":"auto","background-attachment":"scroll","background-type":"","background-media":"","overlay-type":"","overlay-color":"","overlay-opacity":"","overlay-gradient":""},"tablet":{"background-color":"","background-image":"","background-repeat":"repeat","background-position":"center center","background-size":"auto","background-attachment":"scroll","background-type":"","background-media":"","overlay-type":"","overlay-color":"","overlay-opacity":"","overlay-gradient":""},"mobile":{"background-color":"","background-image":"","background-repeat":"repeat","background-position":"center center","background-size":"auto","background-attachment":"scroll","background-type":"","background-media":"","overlay-type":"","overlay-color":"","overlay-opacity":"","overlay-gradient":""}},"ast-content-background-meta":{"desktop":{"background-color":"var(--ast-global-color-5)","background-image":"","background-repeat":"repeat","background-position":"center center","background-size":"auto","background-attachment":"scroll","background-type":"","background-media":"","overlay-type":"","overlay-color":"","overlay-opacity":"","overlay-gradient":""},"tablet":{"background-color":"var(--ast-global-color-5)","background-image":"","background-repeat":"repeat","background-position":"center center","background-size":"auto","background-attachment":"scroll","background-type":"","background-media":"","overlay-type":"","overlay-color":"","overlay-opacity":"","overlay-gradient":""},"mobile":{"background-color":"var(--ast-global-color-5)","background-image":"","background-repeat":"repeat","background-position":"center center","background-size":"auto","background-attachment":"scroll","background-type":"","background-media":"","overlay-type":"","overlay-color":"","overlay-opacity":"","overlay-gradient":""}},"footnotes":""},"class_list":["post-36","page","type-page","status-publish","hentry"],"post_mailing_queue_ids":[],"_links":{"self":[{"href":"https:\/\/agora.xtec.cat\/escola-puigdelescadiretes\/wp-json\/wp\/v2\/pages\/36","targetHints":{"allow":["GET"]}}],"collection":[{"href":"https:\/\/agora.xtec.cat\/escola-puigdelescadiretes\/wp-json\/wp\/v2\/pages"}],"about":[{"href":"https:\/\/agora.xtec.cat\/escola-puigdelescadiretes\/wp-json\/wp\/v2\/types\/page"}],"author":[{"embeddable":true,"href":"https:\/\/agora.xtec.cat\/escola-puigdelescadiretes\/wp-json\/wp\/v2\/users\/1"}],"replies":[{"embeddable":true,"href":"https:\/\/agora.xtec.cat\/escola-puigdelescadiretes\/wp-json\/wp\/v2\/comments?post=36"}],"version-history":[{"count":7,"href":"https:\/\/agora.xtec.cat\/escola-puigdelescadiretes\/wp-json\/wp\/v2\/pages\/36\/revisions"}],"predecessor-version":[{"id":7270,"href":"https:\/\/agora.xtec.cat\/escola-puigdelescadiretes\/wp-json\/wp\/v2\/pages\/36\/revisions\/7270"}],"up":[{"embeddable":true,"href":"https:\/\/agora.xtec.cat\/escola-puigdelescadiretes\/wp-json\/wp\/v2\/pages\/22"}],"wp:attachment":[{"href":"https:\/\/agora.xtec.cat\/escola-puigdelescadiretes\/wp-json\/wp\/v2\/media?parent=36"}],"curies":[{"name":"wp","href":"https:\/\/api.w.org\/{rel}","templated":true}]}}