{"id":26,"date":"2014-09-18T12:24:32","date_gmt":"2014-09-18T11:24:32","guid":{"rendered":"http:\/\/agora.xtec.cat\/escola-puigdelescadiretes\/?page_id=26"},"modified":"2017-07-14T12:20:38","modified_gmt":"2017-07-14T10:20:38","slug":"historia","status":"publish","type":"page","link":"https:\/\/agora.xtec.cat\/escola-puigdelescadiretes\/lescola\/historia\/","title":{"rendered":"Hist\u00f2ria"},"content":{"rendered":"<p style=\"text-align: justify;\">L\u2019escola Puig de les Cadiretes inicia el seu funcionament en data 1 de setembre de 2009, com a resultat de la fusi\u00f3 del col\u00b7legi concertat Ntra. Sra. del Carme que finalitza la seva activitat escolar en data 30 de juny de 2009. Per aquest motiu, l\u2019oferta inicial del centre contempla tots els nivells d\u2019educaci\u00f3 infantil i prim\u00e0ria.<br \/>\nL\u2019alumnat s\u2019escolaritza en un edifici de nova construcci\u00f3, situat a la zona de l\u2019eixample del nucli urb\u00e0 de la poblaci\u00f3, format per un conjunt d\u2019espais molt acollidors i altament funcionals. L\u2019escola \u00e9s un centre en creixement, donat que cada curs incrementa un grup d\u2019escolaritzaci\u00f3, fet que succeir\u00e0 fins a arribar a completar els dos grups per nivell a educaci\u00f3 prim\u00e0ria.<\/p>\n<p style=\"text-align: justify;\">La junta de l\u2019Associaci\u00f3 de Fam\u00edlies d\u2019Alumnes es crea el m\u00e9s de febrer de 2009, amb una gran implicaci\u00f3 i molta generositat per part dels membres de l\u2019\u00f2rgan gestor d\u2019aquesta entitat estretament vinculada al centre, exercint un conjunt de funcions imprescindibles per al bon funcionament del centre: gestiona serveis tan importants per a la conciliaci\u00f3 laboral i familiar dels progenitors dels i de les alumnes del centre, com s\u00f3n l\u2019acolliment matinal (horari a partir 08:00 h) i el menjador escolar (horari de 13:00 h a 15:00 h); planifica un ampli ventall d\u2019activitats extraescolars molt interessants i dinamitzades amb gran professionalitat; contribueix a l\u2019organitzaci\u00f3 de jornades per a potenciar la conviv\u00e8ncia entre els sectors de la comunitat educativa: Jornada de Portes Obertes, Diada del Pedal i Festa de final de curs; contribueix anualment de forma considerable en l\u2019adquisici\u00f3 de material did\u00e0ctic per al centre; organitza el servei de venda de xandalls i bates de l\u2019escola.<\/p>\n","protected":false},"excerpt":{"rendered":"<p>L\u2019escola Puig de les Cadiretes inicia el seu funcionament en data 1 de setembre de 2009, com a resultat de la fusi\u00f3 del col\u00b7legi concertat Ntra. Sra. del Carme que finalitza la seva activitat escolar en data 30 de juny de 2009. Per aquest motiu, l\u2019oferta inicial del centre contempla tots els nivells d\u2019educaci\u00f3 infantil [&hellip;]<\/p>\n","protected":false},"author":1,"featured_media":0,"parent":22,"menu_order":20,"comment_status":"closed","ping_status":"closed","template":"page-templates\/side-menu.php","meta":{"_bbp_topic_count":0,"_bbp_reply_count":0,"_bbp_total_topic_count":0,"_bbp_total_reply_count":0,"_bbp_voice_count":0,"_bbp_anonymous_reply_count":0,"_bbp_topic_count_hidden":0,"_bbp_reply_count_hidden":0,"_bbp_forum_subforum_count":0,"site-sidebar-layout":"default","site-content-layout":"","ast-site-content-layout":"","site-content-style":"default","site-sidebar-style":"default","ast-global-header-display":"","ast-banner-title-visibility":"","ast-main-header-display":"","ast-hfb-above-header-display":"","ast-hfb-below-header-display":"","ast-hfb-mobile-header-display":"","site-post-title":"","ast-breadcrumbs-content":"","ast-featured-img":"","footer-sml-layout":"","theme-transparent-header-meta":"","adv-header-id-meta":"","stick-header-meta":"","header-above-stick-meta":"","header-main-stick-meta":"","header-below-stick-meta":"","astra-migrate-meta-layouts":"default","ast-page-background-enabled":"default","ast-page-background-meta":{"desktop":{"background-color":"var(--ast-global-color-4)","background-image":"","background-repeat":"repeat","background-position":"center center","background-size":"auto","background-attachment":"scroll","background-type":"","background-media":"","overlay-type":"","overlay-color":"","overlay-opacity":"","overlay-gradient":""},"tablet":{"background-color":"","background-image":"","background-repeat":"repeat","background-position":"center center","background-size":"auto","background-attachment":"scroll","background-type":"","background-media":"","overlay-type":"","overlay-color":"","overlay-opacity":"","overlay-gradient":""},"mobile":{"background-color":"","background-image":"","background-repeat":"repeat","background-position":"center center","background-size":"auto","background-attachment":"scroll","background-type":"","background-media":"","overlay-type":"","overlay-color":"","overlay-opacity":"","overlay-gradient":""}},"ast-content-background-meta":{"desktop":{"background-color":"var(--ast-global-color-5)","background-image":"","background-repeat":"repeat","background-position":"center center","background-size":"auto","background-attachment":"scroll","background-type":"","background-media":"","overlay-type":"","overlay-color":"","overlay-opacity":"","overlay-gradient":""},"tablet":{"background-color":"var(--ast-global-color-5)","background-image":"","background-repeat":"repeat","background-position":"center center","background-size":"auto","background-attachment":"scroll","background-type":"","background-media":"","overlay-type":"","overlay-color":"","overlay-opacity":"","overlay-gradient":""},"mobile":{"background-color":"var(--ast-global-color-5)","background-image":"","background-repeat":"repeat","background-position":"center center","background-size":"auto","background-attachment":"scroll","background-type":"","background-media":"","overlay-type":"","overlay-color":"","overlay-opacity":"","overlay-gradient":""}},"footnotes":""},"class_list":["post-26","page","type-page","status-publish","hentry"],"post_mailing_queue_ids":[],"_links":{"self":[{"href":"https:\/\/agora.xtec.cat\/escola-puigdelescadiretes\/wp-json\/wp\/v2\/pages\/26","targetHints":{"allow":["GET"]}}],"collection":[{"href":"https:\/\/agora.xtec.cat\/escola-puigdelescadiretes\/wp-json\/wp\/v2\/pages"}],"about":[{"href":"https:\/\/agora.xtec.cat\/escola-puigdelescadiretes\/wp-json\/wp\/v2\/types\/page"}],"author":[{"embeddable":true,"href":"https:\/\/agora.xtec.cat\/escola-puigdelescadiretes\/wp-json\/wp\/v2\/users\/1"}],"replies":[{"embeddable":true,"href":"https:\/\/agora.xtec.cat\/escola-puigdelescadiretes\/wp-json\/wp\/v2\/comments?post=26"}],"version-history":[{"count":3,"href":"https:\/\/agora.xtec.cat\/escola-puigdelescadiretes\/wp-json\/wp\/v2\/pages\/26\/revisions"}],"predecessor-version":[{"id":387,"href":"https:\/\/agora.xtec.cat\/escola-puigdelescadiretes\/wp-json\/wp\/v2\/pages\/26\/revisions\/387"}],"up":[{"embeddable":true,"href":"https:\/\/agora.xtec.cat\/escola-puigdelescadiretes\/wp-json\/wp\/v2\/pages\/22"}],"wp:attachment":[{"href":"https:\/\/agora.xtec.cat\/escola-puigdelescadiretes\/wp-json\/wp\/v2\/media?parent=26"}],"curies":[{"name":"wp","href":"https:\/\/api.w.org\/{rel}","templated":true}]}}