{"id":1267,"date":"2018-01-16T09:41:48","date_gmt":"2018-01-16T08:41:48","guid":{"rendered":"http:\/\/agora.xtec.cat\/escola-puigdelescadiretes\/?page_id=1267"},"modified":"2022-10-19T10:45:08","modified_gmt":"2022-10-19T08:45:08","slug":"activitatseducatives","status":"publish","type":"page","link":"https:\/\/agora.xtec.cat\/escola-puigdelescadiretes\/lescola\/activitatseducatives\/","title":{"rendered":"Activitats Educatives"},"content":{"rendered":"<p>Els mestres hem elaborat un recull d&#8217;activitats i recursos educatius per tal de poder dur a terme amb els vostres fills i filles. Aquestes activitats es poden trobar en diferents plataformes: espais web i aplicacions educatives (algunes de pagament). Anirem actualitzant i incloent noves activitats.<\/p>\n<h3 style=\"text-align: center;\"><strong>ACTIVITATS EDUCACI\u00d3 INFANTIL<\/strong><\/h3>\n<p>&nbsp;<\/p>\n<div data-type=\"AwesomeTableView\" data-viewid=\"-M2XxmPQhE_zZ-XKZgVi\"><\/div>\n<p><iframe loading=\"lazy\" src=\"https:\/\/view-awesome-table.com\/-M2Y28JZy9nwCw0rXp62\/view\" width=\"100%\" height=\"600px\"><\/iframe><\/p>\n<p>&nbsp;<\/p>\n<p>&nbsp;<\/p>\n<p>&nbsp;<\/p>\n<h3 style=\"text-align: center;\"><strong>ACTIVITATS EDUCACI\u00d3 PRIM\u00c0RIA<\/strong><\/h3>\n<h5><iframe loading=\"lazy\" src=\"https:\/\/view-awesome-table.com\/-MMUqAF6XKZ_y3woI7b5\/view\" width=\"100%\" height=\"600px\"><\/iframe><\/h5>\n<h5><\/h5>\n<h5>Escola Puig de les Cadiretes<a href=\"http:\/\/creativecommons.org\/licenses\/by-nc\/4.0\/\" rel=\"license\"><img decoding=\"async\" class=\"alignright\" style=\"border-width: 0;\" src=\"https:\/\/i.creativecommons.org\/l\/by-nc\/4.0\/88x31.png\" alt=\"Licencia Creative Commons\" \/><\/a><\/h5>\n<h5>Octubre 2022<\/h5>\n","protected":false},"excerpt":{"rendered":"<p>Els mestres hem elaborat un recull d&#8217;activitats i recursos educatius per tal de poder dur a terme amb els vostres fills i filles. Aquestes activitats es poden trobar en diferents plataformes: espais web i aplicacions educatives (algunes de pagament). Anirem actualitzant i incloent noves activitats. ACTIVITATS EDUCACI\u00d3 INFANTIL &nbsp; &nbsp; &nbsp; &nbsp; ACTIVITATS EDUCACI\u00d3 PRIM\u00c0RIA [&hellip;]<\/p>\n","protected":false},"author":1,"featured_media":0,"parent":22,"menu_order":90,"comment_status":"closed","ping_status":"closed","template":"","meta":{"_bbp_topic_count":0,"_bbp_reply_count":0,"_bbp_total_topic_count":0,"_bbp_total_reply_count":0,"_bbp_voice_count":0,"_bbp_anonymous_reply_count":0,"_bbp_topic_count_hidden":0,"_bbp_reply_count_hidden":0,"_bbp_forum_subforum_count":0,"site-sidebar-layout":"default","site-content-layout":"","ast-site-content-layout":"","site-content-style":"default","site-sidebar-style":"default","ast-global-header-display":"","ast-banner-title-visibility":"","ast-main-header-display":"","ast-hfb-above-header-display":"","ast-hfb-below-header-display":"","ast-hfb-mobile-header-display":"","site-post-title":"","ast-breadcrumbs-content":"","ast-featured-img":"","footer-sml-layout":"","theme-transparent-header-meta":"","adv-header-id-meta":"","stick-header-meta":"","header-above-stick-meta":"","header-main-stick-meta":"","header-below-stick-meta":"","astra-migrate-meta-layouts":"default","ast-page-background-enabled":"default","ast-page-background-meta":{"desktop":{"background-color":"var(--ast-global-color-4)","background-image":"","background-repeat":"repeat","background-position":"center center","background-size":"auto","background-attachment":"scroll","background-type":"","background-media":"","overlay-type":"","overlay-color":"","overlay-opacity":"","overlay-gradient":""},"tablet":{"background-color":"","background-image":"","background-repeat":"repeat","background-position":"center center","background-size":"auto","background-attachment":"scroll","background-type":"","background-media":"","overlay-type":"","overlay-color":"","overlay-opacity":"","overlay-gradient":""},"mobile":{"background-color":"","background-image":"","background-repeat":"repeat","background-position":"center center","background-size":"auto","background-attachment":"scroll","background-type":"","background-media":"","overlay-type":"","overlay-color":"","overlay-opacity":"","overlay-gradient":""}},"ast-content-background-meta":{"desktop":{"background-color":"var(--ast-global-color-5)","background-image":"","background-repeat":"repeat","background-position":"center center","background-size":"auto","background-attachment":"scroll","background-type":"","background-media":"","overlay-type":"","overlay-color":"","overlay-opacity":"","overlay-gradient":""},"tablet":{"background-color":"var(--ast-global-color-5)","background-image":"","background-repeat":"repeat","background-position":"center center","background-size":"auto","background-attachment":"scroll","background-type":"","background-media":"","overlay-type":"","overlay-color":"","overlay-opacity":"","overlay-gradient":""},"mobile":{"background-color":"var(--ast-global-color-5)","background-image":"","background-repeat":"repeat","background-position":"center center","background-size":"auto","background-attachment":"scroll","background-type":"","background-media":"","overlay-type":"","overlay-color":"","overlay-opacity":"","overlay-gradient":""}},"footnotes":""},"class_list":["post-1267","page","type-page","status-publish","hentry"],"post_mailing_queue_ids":[],"_links":{"self":[{"href":"https:\/\/agora.xtec.cat\/escola-puigdelescadiretes\/wp-json\/wp\/v2\/pages\/1267","targetHints":{"allow":["GET"]}}],"collection":[{"href":"https:\/\/agora.xtec.cat\/escola-puigdelescadiretes\/wp-json\/wp\/v2\/pages"}],"about":[{"href":"https:\/\/agora.xtec.cat\/escola-puigdelescadiretes\/wp-json\/wp\/v2\/types\/page"}],"author":[{"embeddable":true,"href":"https:\/\/agora.xtec.cat\/escola-puigdelescadiretes\/wp-json\/wp\/v2\/users\/1"}],"replies":[{"embeddable":true,"href":"https:\/\/agora.xtec.cat\/escola-puigdelescadiretes\/wp-json\/wp\/v2\/comments?post=1267"}],"version-history":[{"count":4,"href":"https:\/\/agora.xtec.cat\/escola-puigdelescadiretes\/wp-json\/wp\/v2\/pages\/1267\/revisions"}],"predecessor-version":[{"id":5676,"href":"https:\/\/agora.xtec.cat\/escola-puigdelescadiretes\/wp-json\/wp\/v2\/pages\/1267\/revisions\/5676"}],"up":[{"embeddable":true,"href":"https:\/\/agora.xtec.cat\/escola-puigdelescadiretes\/wp-json\/wp\/v2\/pages\/22"}],"wp:attachment":[{"href":"https:\/\/agora.xtec.cat\/escola-puigdelescadiretes\/wp-json\/wp\/v2\/media?parent=1267"}],"curies":[{"name":"wp","href":"https:\/\/api.w.org\/{rel}","templated":true}]}}