{"id":8687,"date":"2020-05-07T20:52:20","date_gmt":"2020-05-07T18:52:20","guid":{"rendered":"http:\/\/agora.xtec.cat\/escola-piaget\/?page_id=8687"},"modified":"2026-01-08T12:49:12","modified_gmt":"2026-01-08T11:49:12","slug":"o-preinscripcio-20-21","status":"publish","type":"page","link":"https:\/\/agora.xtec.cat\/escola-piaget\/o-preinscripcio-20-21\/","title":{"rendered":"\u00ba PREINSCRIPCI\u00d3 26-27"},"content":{"rendered":"<p class=\"font_7 wixui-rich-text__text\"><span class=\"wixui-rich-text__text\">Estimades fam\u00edlies<\/span><\/p>\n<p class=\"font_7 wixui-rich-text__text\"><span class=\"wixui-rich-text__text\"><span class=\"wixGuard wixui-rich-text__text\">\u200b<\/span><\/span><span class=\"wixui-rich-text__text\">En primer lloc,donar-vos les gr\u00e0cies per haver triat l\u2019Escola Piaget com a la VOSTRA ESCOLA. Gr\u00e0cies per voler formar part del nostre projecte educatiu i confiar en nosaltres per formar part de l\u2019educaci\u00f3 dels vostres fills i filles.<\/span><\/p>\n<p class=\"font_7 wixui-rich-text__text\"><span class=\"wixui-rich-text__text\">El proc\u00e9s de preinscripci\u00f3 s\u2019activa i des del Departament d\u2019Educaci\u00f3 s\u2019estableixen els calendaris seg\u00fcents:<\/span><\/p>\n<ul class=\"font_7 wixui-rich-text__text\">\n<li class=\"wixui-rich-text__text\">\n<p class=\"font_7 wixui-rich-text__text\"><span class=\"wixui-rich-text__text\">Educaci\u00f3 Infantil (3-6 anys), Educaci\u00f3 Prim\u00e0ria i Educaci\u00f3 Secund\u00e0ria Obligat\u00f2ria.<\/span><\/p>\n<p class=\"font_7 wixui-rich-text__text\"><span class=\"wixui-rich-text__text\"><strong>Presentaci\u00f3 de sol\u00b7licituds<\/strong>:<\/span><\/p>\n<ul class=\"font_7 wixui-rich-text__text\">\n<li class=\"wixui-rich-text__text\">\n<p class=\"font_7 wixui-rich-text__text\"><span class=\"wixui-rich-text__text\">Educaci\u00f3<strong> infantil<\/strong> (3-6 anys) i educaci\u00f3 prim\u00e0ria:\u00a0<em><strong>del 4 al 18 de mar\u00e7<\/strong><\/em>\u00a0<\/span><\/p>\n<\/li>\n<li class=\"wixui-rich-text__text\">\n<p class=\"font_7 wixui-rich-text__text\"><span class=\"wixui-rich-text__text\">Educaci\u00f3 <strong>Secund\u00e0ria<\/strong> Obligat\u00f2ria:\u00a0<em><strong>del 14 al 26 de mar\u00e7\u00a0<\/strong><\/em><\/span><\/p>\n<\/li>\n<\/ul>\n<\/li>\n<\/ul>\n<p class=\"font_7 wixui-rich-text__text\"><span class=\"wixui-rich-text__text\">\u00a0 \u00a0 \u00a0 \u00a0Matr\u00edcula:<\/span><\/p>\n<p class=\"font_7 wixui-rich-text__text\"><span class=\"wixui-rich-text__text\">\u00a0 \u00a0 \u00a0 \u00a0 \u00a0 \u00a0\u00b7 Educaci\u00f3 infantil, educaci\u00f3 prim\u00e0ria i educaci\u00f3 secund\u00e0ria obligat\u00f2ria:\u00a0del 20 al 28 de juny (*PER CONFIRMAR)<\/span><\/p>\n<p>&nbsp;<\/p>\n<ul class=\"font_7 wixui-rich-text__text\">\n<li class=\"wixui-rich-text__text\">\n<p class=\"font_7 wixui-rich-text__text\"><span class=\"wixui-rich-text__text\">Des del Departament d\u2019Educaci\u00f3 es promou a fer la sol\u00b7licitud de preinscripci\u00f3 de manera telem\u00e0tica. Detallem els passos a seguir:<\/span><\/p>\n<\/li>\n<\/ul>\n<ol class=\"font_7 wixui-rich-text__text\">\n<li class=\"wixui-rich-text__text\">\n<p class=\"font_7 wixui-rich-text__text\"><span class=\"wixui-rich-text__text\">Omplir la sol\u00b7licitud de preinscripci\u00f3. \u00a0La trobareu al seg\u00fcent enlla\u00e7:\u00a0<a class=\"wixui-rich-text__text\" href=\"http:\/\/queestudiar.gencat.cat\/ca\/preinscripcio\/\" target=\"_blank\" rel=\"noopener\" data-auto-recognition=\"true\">http:\/\/queestudiar.gencat.cat\/ca\/preinscripcio\/<\/a><\/span>. (<span class=\"wixui-rich-text__text\">Codi: 08011096<\/span>) o a\u00a0<a class=\"wixui-rich-text__text\" href=\"https:\/\/preinscripcio.gencat.cat\/ca\/inici\" target=\"_blank\" rel=\"noreferrer noopener\"><span class=\"wixui-rich-text__text\">preinscripcio.gencat.cat<\/span><\/a><\/p>\n<\/li>\n<li class=\"wixui-rich-text__text\">\n<p class=\"font_7 wixui-rich-text__text\"><span class=\"wixui-rich-text__text\">Guardar el resguard de la sol\u00b7licitud de preinscripci\u00f3<\/span><\/p>\n<\/li>\n<li class=\"wixui-rich-text__text\">\n<p class=\"font_7 wixui-rich-text__text\"><span class=\"wixui-rich-text__text\">Enviar a l\u2019escola per correu electr\u00f2nic la seg\u00fcent documentaci\u00f3:<\/span><\/p>\n<ol class=\"font_7 wixui-rich-text__text\">\n<li class=\"wixui-rich-text__text\">\n<p class=\"font_7 wixui-rich-text__text\"><span class=\"wixui-rich-text__text\">Resguard de la sol\u00b7licitud de preinscripci\u00f3<\/span><\/p>\n<\/li>\n<li class=\"wixui-rich-text__text\">\n<p class=\"font_7 wixui-rich-text__text\"><span class=\"wixui-rich-text__text\">Documentaci\u00f3 escanejada o fotografiada (en cas d\u2019adjuntar fotografies dels documents assegureu-vos que tinguin bona qualitat)<\/span><\/p>\n<\/li>\n<\/ol>\n<\/li>\n<li class=\"wixui-rich-text__text\">\n<p class=\"font_7 wixui-rich-text__text\"><span class=\"wixui-rich-text__text\">Llibre de fam\u00edlia o altres documents relatius a la filiaci\u00f3.<\/span><\/p>\n<\/li>\n<li class=\"wixui-rich-text__text\">\n<p class=\"font_7 wixui-rich-text__text\"><span class=\"wixui-rich-text__text\">DNI de la persona sol\u00b7licitant (pare, mare o tutor\/a o guardador\/a de fet), o de la targeta de resid\u00e8ncia on consta el NIE o del passaport si es tracta de persones estrangeres. Si es tracta de persones estrangeres comunit\u00e0ries el document d\u2019identitat del seu pa\u00eds d\u2019origen.Quan el domicili habitual que s\u2019al\u00b7lega no coincideix amb el del DNI o NIE, s\u2019acredita amb el certificat o volant municipal de conviv\u00e8ncia.<\/span><\/p>\n<\/li>\n<\/ol>\n<p class=\"font_7 wixui-rich-text__text\"><span class=\"wixui-rich-text__text\"><span class=\"wixGuard wixui-rich-text__text\">\u200b<\/span><\/span><\/p>\n<ul class=\"font_7 wixui-rich-text__text\">\n<li class=\"wixui-rich-text__text\">\n<p class=\"font_7 wixui-rich-text__text\"><span class=\"wixui-rich-text__text\">DNI de l\u2019alumne\/a en cas que sigui major de 14 anys o tingui DNI tot i \u00e9sser menor de 14 anys.<\/span><\/p>\n<\/li>\n<\/ul>\n<ol class=\"font_7 wixui-rich-text__text\">\n<li class=\"wixui-rich-text__text\">\n<p class=\"font_7 wixui-rich-text__text\"><span class=\"wixui-rich-text__text\">Si s\u2019escau, la documentaci\u00f3 acreditativa dels criteris de prioritat (espec\u00edfics, generals i complementaris) que corresponguin per a cada ensenyament.<\/span><\/p>\n<\/li>\n<\/ol>\n<p class=\"font_7 wixui-rich-text__text\"><span class=\"wixui-rich-text__text\">El correu de l\u2019escola \u00e9s:\u00a0<a class=\"wixui-rich-text__text\" href=\"mailto:escola-piaget@xtec.cat\" data-auto-recognition=\"true\">escola-piaget@xtec.cat<\/a>. L\u2019assumpte del correu ha de posar PREINS (de preinscripci\u00f3), el nom i cognom del nen\/a i el curs en el qual es matricula. <\/span><\/p>\n<p class=\"font_7 wixui-rich-text__text\"><span class=\"wixui-rich-text__text\">Per exemple: PREINSMariaGonzalezP3.<\/span><\/p>\n<p class=\"font_7 wixui-rich-text__text\"><span class=\"wixui-rich-text__text\"><span class=\"wixGuard wixui-rich-text__text\">\u200b<\/span><\/span><span class=\"wixui-rich-text__text\">En cas que alguna fam\u00edlia no pugui realitzar el tr\u00e0mit de manera telem\u00e0tica, agrairem us poseu en contacte amb nosaltres, aquesta setmana, a trav\u00e9s del tel\u00e8fon 671 13 27 05 per tal de gestionar una trobada presencial a l\u2019escola amb cita pr\u00e8via. Els passos a seguir seran els seg\u00fcents:<\/span><\/p>\n<ol class=\"font_7 wixui-rich-text__text\">\n<li class=\"wixui-rich-text__text\">\n<p class=\"font_7 wixui-rich-text__text\"><span class=\"wixui-rich-text__text\">Posar-vos en contacte amb la persona responsable de l\u2019escola per concertar una cita<\/span><\/p>\n<\/li>\n<li class=\"wixui-rich-text__text\">\n<p class=\"font_7 wixui-rich-text__text\"><span class=\"wixui-rich-text__text\">Imprimir i omplir la sol\u00b7licitud de preinscripci\u00f3 amb lletra clara i maj\u00fascula<\/span><\/p>\n<\/li>\n<li class=\"wixui-rich-text__text\">\n<p class=\"font_7 wixui-rich-text__text\"><span class=\"wixui-rich-text__text\">Preparar la documentaci\u00f3 necess\u00e0ria (enumerada anteriorment)<\/span><\/p>\n<\/li>\n<li class=\"wixui-rich-text__text\">\n<p class=\"font_7 wixui-rich-text__text\"><span class=\"wixui-rich-text__text\">Presentar tots els documents a l\u2019escola de manera presencial el dia i hora acordats.<\/span><\/p>\n<\/li>\n<\/ol>\n<p class=\"font_7 wixui-rich-text__text\"><span class=\"wixui-rich-text__text\">En aquest cas i seguint les recomanacions del Departament d\u2019Educaci\u00f3 i el de Salut nom\u00e9s podr\u00e0 venir una persona a fer la gesti\u00f3, que haur\u00e0 de portar mascareta,\u00a0 haur\u00e0 de portar els papers omplerts des de casa. Evidentment no podran acudir al centre persones de grups d\u2019especial vulnerabilitat, en per\u00edode de confinament o que presentin s\u00edmptomes. En aquest cas podran autoritzar per escrit a una altra persona a portar la sol\u00b7licitud i la documentaci\u00f3 de manera presencial.<\/span><\/p>\n<p class=\"font_7 wixui-rich-text__text\"><strong><span class=\"wixui-rich-text__text\">RECOMANACIONS IMPORTANTS:<\/span><\/strong><\/p>\n<p class=\"font_7 wixui-rich-text__text\"><span class=\"wixui-rich-text__text\">* Recomanem no deixeu el tr\u00e0mit per l\u2019\u00faltim dia per tal de poder solucionar, si s\u2019escau, possibles problemes.<\/span><\/p>\n<p class=\"font_7 wixui-rich-text__text\"><strong><span class=\"wixui-rich-text__text\">RECORDEU:<\/span><\/strong><\/p>\n<p class=\"font_7 wixui-rich-text__text\"><span class=\"wixui-rich-text__text\">* Nom\u00e9s s\u2019ha d\u2019enviar per correu electr\u00f2nic o lliurar en persona a l\u2019escola que poseu en primera opci\u00f3.<\/span><\/p>\n<p class=\"font_7 wixui-rich-text__text\"><span class=\"wixui-rich-text__text\">* En cas dels alumnes que ja han estat escolaritzats cal omplir el camp de n\u00famero identificador de l\u2019alumne. Els altres no.<\/span><\/p>\n<p class=\"font_7 wixui-rich-text__text\"><span class=\"wixui-rich-text__text\">Per qualsevol dubte o aclariment no dubteu en posar-vos en contacte amb nosaltres a trav\u00e9s del tel\u00e8fon 671 13 27 05 (tel\u00e8fon o WhatsApp)<\/span><\/p>\n<p class=\"font_7 wixui-rich-text__text\"><span class=\"wixui-rich-text__text\">Escola Piaget<\/span><\/p>\n","protected":false},"excerpt":{"rendered":"<p>Estimades fam\u00edlies<br \/>\n\u200bEn primer lloc,donar-vos les gr\u00e0cies per haver triat l\u2019Escola Piaget com a la VOSTRA ESCOLA. Gr\u00e0cies per voler formar part del nostre projecte educatiu i confiar en nosaltres per formar part de l\u2019educaci\u00f3 dels vostres fills i filles.<br \/>\nEl proc\u00e9s de preinscripci\u00f3 s\u2019activa i des&hellip;  <a href=\"https:\/\/agora.xtec.cat\/escola-piaget\/o-preinscripcio-20-21\/\" title=\"Read \u00ba PREINSCRIPCI\u00d3 26-27\">Llegeix m\u00e9s\u00bb<\/a><\/p>\n","protected":false},"author":1,"featured_media":0,"parent":0,"menu_order":0,"comment_status":"closed","ping_status":"closed","template":"","meta":{"_bbp_topic_count":0,"_bbp_reply_count":0,"_bbp_total_topic_count":0,"_bbp_total_reply_count":0,"_bbp_voice_count":0,"_bbp_anonymous_reply_count":0,"_bbp_topic_count_hidden":0,"_bbp_reply_count_hidden":0,"_bbp_forum_subforum_count":0,"footnotes":""},"class_list":["post-8687","page","type-page","status-publish","hentry"],"post_mailing_queue_ids":[],"_links":{"self":[{"href":"https:\/\/agora.xtec.cat\/escola-piaget\/wp-json\/wp\/v2\/pages\/8687","targetHints":{"allow":["GET"]}}],"collection":[{"href":"https:\/\/agora.xtec.cat\/escola-piaget\/wp-json\/wp\/v2\/pages"}],"about":[{"href":"https:\/\/agora.xtec.cat\/escola-piaget\/wp-json\/wp\/v2\/types\/page"}],"author":[{"embeddable":true,"href":"https:\/\/agora.xtec.cat\/escola-piaget\/wp-json\/wp\/v2\/users\/1"}],"replies":[{"embeddable":true,"href":"https:\/\/agora.xtec.cat\/escola-piaget\/wp-json\/wp\/v2\/comments?post=8687"}],"version-history":[{"count":7,"href":"https:\/\/agora.xtec.cat\/escola-piaget\/wp-json\/wp\/v2\/pages\/8687\/revisions"}],"predecessor-version":[{"id":9001,"href":"https:\/\/agora.xtec.cat\/escola-piaget\/wp-json\/wp\/v2\/pages\/8687\/revisions\/9001"}],"wp:attachment":[{"href":"https:\/\/agora.xtec.cat\/escola-piaget\/wp-json\/wp\/v2\/media?parent=8687"}],"curies":[{"name":"wp","href":"https:\/\/api.w.org\/{rel}","templated":true}]}}