{"id":642,"date":"2016-01-27T00:14:07","date_gmt":"2016-01-26T23:14:07","guid":{"rendered":"http:\/\/agora.xtec.cat\/escola-piaget\/?page_id=642"},"modified":"2016-01-31T23:55:05","modified_gmt":"2016-01-31T22:55:05","slug":"comunicacio-i-llenguatges","status":"publish","type":"page","link":"https:\/\/agora.xtec.cat\/escola-piaget\/comunicacio-i-llenguatges\/","title":{"rendered":"Comunicaci\u00f3 i llenguatges"},"content":{"rendered":"<p><strong><u>LLENGUA ANGLESA:<\/u><\/strong><\/p>\n<p>A l\u2019etapa d\u2019educaci\u00f3 infantil realitzem dues sessions setmanals d\u2019angl\u00e8s. En quant a la metodologia que s\u2019aplica a l\u2019aula, s\u2019utilitzen moltes can\u00e7ons, jocs, contes, role-playing, etc.<\/p>\n<p>El nostre objectiu principal \u00e9s que es familiaritzin amb la llengua estrangera, tant per entendre a la mestra com per comen\u00e7ar a expressar-se tot adquirint vocabulari b\u00e0sic,\u00a0 per\u00f2 sobretot el que volem \u00e9s que s\u2019ho passin b\u00e9 i gaudeixin de l\u2019aprenentatge de la nova llengua.<\/p>\n<p><a href=\"http:\/\/agora.xtec.cat\/escola-piaget\/wp-content\/uploads\/usu684\/2016\/01\/infantil25.png\"><img loading=\"lazy\" decoding=\"async\" class=\"aligncenter wp-image-643 size-medium\" src=\"http:\/\/agora.xtec.cat\/escola-piaget\/wp-content\/uploads\/usu684\/2016\/01\/infantil25-300x169.png\" alt=\"infantil25\" width=\"300\" height=\"169\" \/><\/a><\/p>\n<p>Tamb\u00e9 fem la pl\u00e0stica en angl\u00e8s!<\/p>\n<p style=\"text-align: justify;\"><strong><u>LLENGUATGE MUSICAL I PL\u00c0STIC:<\/u><\/strong><\/p>\n<p style=\"text-align: justify;\">Ens encanten la m\u00fasica i la pl\u00e0stica!<\/p>\n<p style=\"text-align: justify;\">A m\u00fasica treballem diverses audicions i vida de m\u00fasics i compositors, can\u00e7ons, danses, jocs r\u00edtmics, les fam\u00edlies d\u2019instruments, les propietats del so&#8230;<\/p>\n<p style=\"text-align: justify;\"><a href=\"http:\/\/agora.xtec.cat\/escola-piaget\/wp-content\/uploads\/usu684\/2016\/01\/infantil26.png\"><img loading=\"lazy\" decoding=\"async\" class=\" size-full wp-image-644 aligncenter\" src=\"http:\/\/agora.xtec.cat\/escola-piaget\/wp-content\/uploads\/usu684\/2016\/01\/infantil26.png\" alt=\"infantil26\" width=\"400\" height=\"400\" \/><\/a> <a href=\"http:\/\/agora.xtec.cat\/escola-piaget\/wp-content\/uploads\/usu684\/2016\/01\/infantil27.png\"><img loading=\"lazy\" decoding=\"async\" class=\"aligncenter wp-image-645 size-medium\" src=\"http:\/\/agora.xtec.cat\/escola-piaget\/wp-content\/uploads\/usu684\/2016\/01\/infantil27-300x225.png\" alt=\"infantil27\" width=\"300\" height=\"225\" \/><\/a><\/p>\n<p>A pl\u00e0stica treballem diferents obres i la vida d\u2019artistes, i realitzem les nostres composicions fent servir diferents t\u00e8cniques pl\u00e0stiques, diferents materials i diferents suports.<\/p>\n<p><a href=\"http:\/\/agora.xtec.cat\/escola-piaget\/wp-content\/uploads\/usu684\/2016\/01\/infantil28.png\"><img loading=\"lazy\" decoding=\"async\" class=\"aligncenter wp-image-646 size-medium\" src=\"http:\/\/agora.xtec.cat\/escola-piaget\/wp-content\/uploads\/usu684\/2016\/01\/infantil28-300x169.png\" alt=\"infantil28\" width=\"300\" height=\"169\" \/><\/a> <a href=\"http:\/\/agora.xtec.cat\/escola-piaget\/wp-content\/uploads\/usu684\/2016\/01\/infantil29.png\"><img loading=\"lazy\" decoding=\"async\" class=\"aligncenter wp-image-647 size-medium\" src=\"http:\/\/agora.xtec.cat\/escola-piaget\/wp-content\/uploads\/usu684\/2016\/01\/infantil29-300x225.png\" alt=\"infantil29\" width=\"300\" height=\"225\" \/><\/a><a href=\"http:\/\/agora.xtec.cat\/escola-piaget\/wp-content\/uploads\/usu684\/2016\/01\/infantil301.png\"><img loading=\"lazy\" decoding=\"async\" class=\"aligncenter wp-image-664 size-medium\" src=\"http:\/\/agora.xtec.cat\/escola-piaget\/wp-content\/uploads\/usu684\/2016\/01\/infantil301-300x169.png\" alt=\"infantil30\" width=\"300\" height=\"169\" \/><\/a><\/p>\n<p style=\"text-align: justify;\"><strong><u>APRENENTATGE DE LA LECTO-ESCRIPTURA:<\/u><\/strong><\/p>\n<p style=\"text-align: justify;\">Entenem que l\u2019aprenentatge de la lectura i l\u2019escriptura comen\u00e7a a l\u2019etapa d\u2019educaci\u00f3 infantil i es consolida al primer cicle d&#8217;educaci\u00f3 prim\u00e0ria.<\/p>\n<p style=\"text-align: justify;\">A infantil, tot respectant el ritme d\u2019aprenentatge de cadasc\u00fa, treballem el tra\u00e7, el reconeixement de les lletres i la correspond\u00e8ncia entre so i grafia per tal d\u2019afavorir la correcta iniciaci\u00f3 al proc\u00e9s de lecto-escriptura\u00a0 a trav\u00e9s de propostes ben diverses.<\/p>\n<p style=\"text-align: justify;\"><a href=\"http:\/\/agora.xtec.cat\/escola-piaget\/wp-content\/uploads\/usu684\/2016\/01\/IMG-20160129-WA0012.jpg\"><img loading=\"lazy\" decoding=\"async\" class=\"aligncenter wp-image-690 size-medium\" src=\"http:\/\/agora.xtec.cat\/escola-piaget\/wp-content\/uploads\/usu684\/2016\/01\/IMG-20160129-WA0012-300x169.jpg\" alt=\"IMG-20160129-WA0012\" width=\"300\" height=\"169\" \/><\/a><a href=\"http:\/\/agora.xtec.cat\/escola-piaget\/wp-content\/uploads\/usu684\/2016\/01\/infantil31.png\"><img loading=\"lazy\" decoding=\"async\" class=\"aligncenter wp-image-649 size-medium\" src=\"http:\/\/agora.xtec.cat\/escola-piaget\/wp-content\/uploads\/usu684\/2016\/01\/infantil31-225x300.png\" alt=\"infantil31\" width=\"225\" height=\"300\" \/><\/a> <a href=\"http:\/\/agora.xtec.cat\/escola-piaget\/wp-content\/uploads\/usu684\/2016\/01\/infantil32.png\"><img loading=\"lazy\" decoding=\"async\" class=\"aligncenter wp-image-650 size-medium\" src=\"http:\/\/agora.xtec.cat\/escola-piaget\/wp-content\/uploads\/usu684\/2016\/01\/infantil32-300x225.png\" alt=\"infantil32\" width=\"300\" height=\"225\" \/><\/a> <a href=\"http:\/\/agora.xtec.cat\/escola-piaget\/wp-content\/uploads\/usu684\/2016\/01\/infantil33.png\"><img loading=\"lazy\" decoding=\"async\" class=\"aligncenter wp-image-651 size-medium\" src=\"http:\/\/agora.xtec.cat\/escola-piaget\/wp-content\/uploads\/usu684\/2016\/01\/infantil33-300x225.png\" alt=\"infantil33\" width=\"300\" height=\"225\" \/><\/a> <a href=\"http:\/\/agora.xtec.cat\/escola-piaget\/wp-content\/uploads\/usu684\/2016\/01\/infantil34.png\"><img loading=\"lazy\" decoding=\"async\" class=\"aligncenter wp-image-652 size-medium\" src=\"http:\/\/agora.xtec.cat\/escola-piaget\/wp-content\/uploads\/usu684\/2016\/01\/infantil34-300x300.png\" alt=\"infantil34\" width=\"300\" height=\"300\" \/><\/a> <a href=\"http:\/\/agora.xtec.cat\/escola-piaget\/wp-content\/uploads\/usu684\/2016\/01\/infantil35.png\"><img loading=\"lazy\" decoding=\"async\" class=\"aligncenter wp-image-653 size-medium\" src=\"http:\/\/agora.xtec.cat\/escola-piaget\/wp-content\/uploads\/usu684\/2016\/01\/infantil35-225x300.png\" alt=\"infantil35\" width=\"225\" height=\"300\" \/><\/a> <a href=\"http:\/\/agora.xtec.cat\/escola-piaget\/wp-content\/uploads\/usu684\/2016\/01\/infantil36.png\"><img loading=\"lazy\" decoding=\"async\" class=\"aligncenter wp-image-654 size-medium\" src=\"http:\/\/agora.xtec.cat\/escola-piaget\/wp-content\/uploads\/usu684\/2016\/01\/infantil36-225x300.png\" alt=\"infantil36\" width=\"225\" height=\"300\" \/><\/a><\/p>\n<p>&nbsp;<\/p>\n<p style=\"text-align: justify;\">Per tal d\u2019incentivar el gust per la lectura i el que ser\u00e0 l\u2019h\u00e0bit lector dels nostres alumnes tenim <strong>L\u2019HORA DEL CONTE<\/strong>!<\/p>\n<p style=\"text-align: justify;\">Es tracta d&#8217;una sessi\u00f3 setmanal dedicada a explicar contes, a fer titelles, a interactuar amb contes sensorials i a inventar hist\u00f2ries per\u00f2, sobretot, es tracta d&#8217;una sessi\u00f3 dedicada a fer volar la imaginaci\u00f3.<\/p>\n","protected":false},"excerpt":{"rendered":"<p>LLENGUA ANGLESA:<br \/>\nA l\u2019etapa d\u2019educaci\u00f3 infantil realitzem dues sessions setmanals d\u2019angl\u00e8s. En quant a la metodologia que s\u2019aplica a l\u2019aula, s\u2019utilitzen moltes can\u00e7ons, jocs, contes, role-playing, etc.<br \/>\nEl nostre objectiu principal \u00e9s que es familiaritzin amb la llengua estrangera, tant per entendre a la mestra com per&hellip;  <a href=\"https:\/\/agora.xtec.cat\/escola-piaget\/comunicacio-i-llenguatges\/\" title=\"Read Comunicaci\u00f3 i llenguatges\">Llegeix m\u00e9s\u00bb<\/a><\/p>\n","protected":false},"author":1,"featured_media":0,"parent":0,"menu_order":45,"comment_status":"closed","ping_status":"closed","template":"page-templates\/side-menu.php","meta":{"_bbp_topic_count":0,"_bbp_reply_count":0,"_bbp_total_topic_count":0,"_bbp_total_reply_count":0,"_bbp_voice_count":0,"_bbp_anonymous_reply_count":0,"_bbp_topic_count_hidden":0,"_bbp_reply_count_hidden":0,"_bbp_forum_subforum_count":0,"footnotes":""},"class_list":["post-642","page","type-page","status-publish","hentry"],"post_mailing_queue_ids":[],"_links":{"self":[{"href":"https:\/\/agora.xtec.cat\/escola-piaget\/wp-json\/wp\/v2\/pages\/642","targetHints":{"allow":["GET"]}}],"collection":[{"href":"https:\/\/agora.xtec.cat\/escola-piaget\/wp-json\/wp\/v2\/pages"}],"about":[{"href":"https:\/\/agora.xtec.cat\/escola-piaget\/wp-json\/wp\/v2\/types\/page"}],"author":[{"embeddable":true,"href":"https:\/\/agora.xtec.cat\/escola-piaget\/wp-json\/wp\/v2\/users\/1"}],"replies":[{"embeddable":true,"href":"https:\/\/agora.xtec.cat\/escola-piaget\/wp-json\/wp\/v2\/comments?post=642"}],"version-history":[{"count":3,"href":"https:\/\/agora.xtec.cat\/escola-piaget\/wp-json\/wp\/v2\/pages\/642\/revisions"}],"predecessor-version":[{"id":706,"href":"https:\/\/agora.xtec.cat\/escola-piaget\/wp-json\/wp\/v2\/pages\/642\/revisions\/706"}],"wp:attachment":[{"href":"https:\/\/agora.xtec.cat\/escola-piaget\/wp-json\/wp\/v2\/media?parent=642"}],"curies":[{"name":"wp","href":"https:\/\/api.w.org\/{rel}","templated":true}]}}