{"id":346,"date":"2015-11-21T23:55:28","date_gmt":"2015-11-21T22:55:28","guid":{"rendered":"http:\/\/agora.xtec.cat\/escola-piaget\/?page_id=346"},"modified":"2024-01-26T10:36:29","modified_gmt":"2024-01-26T09:36:29","slug":"per-que-venir-a-lescola-piaget","status":"publish","type":"page","link":"https:\/\/agora.xtec.cat\/escola-piaget\/per-que-venir-a-lescola-piaget\/","title":{"rendered":"L&#8217;ESPERIT PIAGET"},"content":{"rendered":"<p><iframe loading=\"lazy\" title=\"ESPERIT PIAGET\" width=\"500\" height=\"281\" src=\"https:\/\/www.youtube.com\/embed\/px28_X9ZXAc?feature=oembed\" frameborder=\"0\" allow=\"accelerometer; autoplay; clipboard-write; encrypted-media; gyroscope; picture-in-picture; web-share\" referrerpolicy=\"strict-origin-when-cross-origin\" allowfullscreen><\/iframe><\/p>\n<p>&nbsp;<\/p>\n<hr \/>\n<p>&nbsp;<\/p>\n<p><a href=\"https:\/\/agora.xtec.cat\/escola-piaget\/wp-content\/uploads\/usu684\/2024\/01\/Projecte_Educatiu.png\"><img loading=\"lazy\" decoding=\"async\" class=\"aligncenter size-full wp-image-8992\" src=\"https:\/\/agora.xtec.cat\/escola-piaget\/wp-content\/uploads\/usu684\/2024\/01\/Projecte_Educatiu.png\" alt=\"\" width=\"1414\" height=\"2000\" srcset=\"https:\/\/agora.xtec.cat\/escola-piaget\/wp-content\/uploads\/usu684\/2024\/01\/Projecte_Educatiu.png 1414w, https:\/\/agora.xtec.cat\/escola-piaget\/wp-content\/uploads\/usu684\/2024\/01\/Projecte_Educatiu-212x300.png 212w, https:\/\/agora.xtec.cat\/escola-piaget\/wp-content\/uploads\/usu684\/2024\/01\/Projecte_Educatiu-724x1024.png 724w, https:\/\/agora.xtec.cat\/escola-piaget\/wp-content\/uploads\/usu684\/2024\/01\/Projecte_Educatiu-768x1086.png 768w, https:\/\/agora.xtec.cat\/escola-piaget\/wp-content\/uploads\/usu684\/2024\/01\/Projecte_Educatiu-1086x1536.png 1086w\" sizes=\"auto, (max-width: 1414px) 100vw, 1414px\" \/><\/a><\/p>\n<hr \/>\n<p>&nbsp;<\/p>\n<p><a href=\"https:\/\/agora.xtec.cat\/escola-piaget\/wp-content\/uploads\/usu684\/2024\/01\/Ed.Infantil.png\"><img loading=\"lazy\" decoding=\"async\" class=\"aligncenter size-full wp-image-8993\" src=\"https:\/\/agora.xtec.cat\/escola-piaget\/wp-content\/uploads\/usu684\/2024\/01\/Ed.Infantil.png\" alt=\"\" width=\"1414\" height=\"2000\" srcset=\"https:\/\/agora.xtec.cat\/escola-piaget\/wp-content\/uploads\/usu684\/2024\/01\/Ed.Infantil.png 1414w, https:\/\/agora.xtec.cat\/escola-piaget\/wp-content\/uploads\/usu684\/2024\/01\/Ed.Infantil-212x300.png 212w, https:\/\/agora.xtec.cat\/escola-piaget\/wp-content\/uploads\/usu684\/2024\/01\/Ed.Infantil-724x1024.png 724w, https:\/\/agora.xtec.cat\/escola-piaget\/wp-content\/uploads\/usu684\/2024\/01\/Ed.Infantil-768x1086.png 768w, https:\/\/agora.xtec.cat\/escola-piaget\/wp-content\/uploads\/usu684\/2024\/01\/Ed.Infantil-1086x1536.png 1086w\" sizes=\"auto, (max-width: 1414px) 100vw, 1414px\" \/><\/a><\/p>\n<p>&#8212;&#8212;&#8212;&#8212;&#8212;&#8212;&#8212;&#8212;&#8212;&#8212;&#8212;&#8212;&#8212;&#8212;&#8212;&#8212;&#8212;&#8212;&#8212;&#8212;&#8212;&#8212;&#8212;&#8212;&#8212;&#8212;&#8212;&#8212;&#8212;&#8212;&#8212;&#8212;&#8212;&#8212;&#8212;&#8212;&#8212;&#8212;&#8212;&#8212;&#8212;&#8212;&#8212;&#8212;&#8212;&#8212;&#8212;&#8212;&#8212;&#8212;&#8212;&#8212;&#8212;&#8212;&#8212;&#8212;&#8212;&#8212;&#8212;&#8212;&#8212;&#8212;&#8212;&#8212;&#8212;&#8212;&#8212;&#8212;&#8212;&#8212;&#8212;&#8212;&#8212;<\/p>\n<p><a href=\"https:\/\/agora.xtec.cat\/escola-piaget\/wp-content\/uploads\/usu684\/2024\/01\/Ed.Prim_.png\"><img loading=\"lazy\" decoding=\"async\" class=\"aligncenter size-full wp-image-8994\" src=\"https:\/\/agora.xtec.cat\/escola-piaget\/wp-content\/uploads\/usu684\/2024\/01\/Ed.Prim_.png\" alt=\"\" width=\"1414\" height=\"2000\" srcset=\"https:\/\/agora.xtec.cat\/escola-piaget\/wp-content\/uploads\/usu684\/2024\/01\/Ed.Prim_.png 1414w, https:\/\/agora.xtec.cat\/escola-piaget\/wp-content\/uploads\/usu684\/2024\/01\/Ed.Prim_-212x300.png 212w, https:\/\/agora.xtec.cat\/escola-piaget\/wp-content\/uploads\/usu684\/2024\/01\/Ed.Prim_-724x1024.png 724w, https:\/\/agora.xtec.cat\/escola-piaget\/wp-content\/uploads\/usu684\/2024\/01\/Ed.Prim_-768x1086.png 768w, https:\/\/agora.xtec.cat\/escola-piaget\/wp-content\/uploads\/usu684\/2024\/01\/Ed.Prim_-1086x1536.png 1086w\" sizes=\"auto, (max-width: 1414px) 100vw, 1414px\" \/><\/a><\/p>\n<hr \/>\n<p>&nbsp;<\/p>\n<p><a href=\"https:\/\/agora.xtec.cat\/escola-piaget\/wp-content\/uploads\/usu684\/2024\/01\/ESO.png\"><img loading=\"lazy\" decoding=\"async\" class=\"aligncenter size-full wp-image-8995\" src=\"https:\/\/agora.xtec.cat\/escola-piaget\/wp-content\/uploads\/usu684\/2024\/01\/ESO.png\" alt=\"\" width=\"1414\" height=\"2000\" srcset=\"https:\/\/agora.xtec.cat\/escola-piaget\/wp-content\/uploads\/usu684\/2024\/01\/ESO.png 1414w, https:\/\/agora.xtec.cat\/escola-piaget\/wp-content\/uploads\/usu684\/2024\/01\/ESO-212x300.png 212w, https:\/\/agora.xtec.cat\/escola-piaget\/wp-content\/uploads\/usu684\/2024\/01\/ESO-724x1024.png 724w, https:\/\/agora.xtec.cat\/escola-piaget\/wp-content\/uploads\/usu684\/2024\/01\/ESO-768x1086.png 768w, https:\/\/agora.xtec.cat\/escola-piaget\/wp-content\/uploads\/usu684\/2024\/01\/ESO-1086x1536.png 1086w\" sizes=\"auto, (max-width: 1414px) 100vw, 1414px\" \/><\/a><\/p>\n<p>&#8212;&#8212;&#8212;&#8212;&#8212;&#8212;&#8212;&#8212;&#8212;&#8212;&#8212;&#8212;&#8212;&#8212;&#8212;&#8212;&#8212;&#8212;&#8212;&#8212;&#8212;&#8212;&#8212;&#8212;&#8212;&#8212;&#8212;&#8212;&#8212;&#8212;&#8212;&#8212;&#8212;&#8212;&#8212;&#8212;&#8212;&#8212;&#8212;&#8212;&#8212;&#8212;&#8212;&#8212;&#8212;&#8212;&#8212;&#8212;&#8212;&#8212;&#8212;&#8212;&#8212;&#8212;&#8212;&#8212;&#8212;&#8212;&#8212;&#8212;&#8212;&#8212;&#8212;&#8212;&#8212;&#8212;&#8212;&#8212;&#8212;&#8212;&#8212;&#8212;&#8212;<\/p>\n<ul style=\"list-style-type: circle;\">\n<li>Pel nostre <strong>ambient familiar<\/strong> i <strong>proper<\/strong>. Perqu\u00e8 la nostra proximitat ens permet un contacte permanent amb les fam\u00edlies.<\/li>\n<li style=\"text-align: justify;\">Per la<strong> vocaci\u00f3<\/strong> del nostre professorat. Per les ganes que posem en la nostra feina, pel treball diari i la qualitat del que fem.<\/li>\n<li style=\"text-align: justify;\">Perqu\u00e8 tenim el millor equip amb un <strong>projecte<\/strong> molt engrescador.<\/li>\n<li style=\"text-align: justify;\">Perqu\u00e8 fomentem l&#8217;expressi\u00f3 i la <strong>creativitat<\/strong> amb els nostres tallers de <strong>r\u00e0dio, cinema i teatre<\/strong>.<\/li>\n<li style=\"text-align: justify;\">Perqu\u00e8 apostem per la <strong>conviv\u00e8ncia<\/strong> i la <strong>cohesi\u00f3<\/strong> dels grups, compartint sortides i\u00a0activitats com les col\u00f2nies o el viatge de fi de curs a secund\u00e0ria.<\/li>\n<li style=\"text-align: justify;\">Pel nostre <strong>ensenyament personalitzat<\/strong>. Perqu\u00e8 acompanyem l&#8217;alumne en el seu creixement personal i acad\u00e8mic.<\/li>\n<li style=\"text-align: justify;\">Perqu\u00e8 eduquem en <strong>valors<\/strong>: fomentem l&#8217;esfor\u00e7 i la superaci\u00f3, l&#8217;autoconfian\u00e7a, l&#8217;autocr\u00edtica, el respecte, la toler\u00e0ncia, la solidaritat&#8230;<\/li>\n<li style=\"text-align: justify;\">Perqu\u00e8 som una <strong>escola din\u00e0mica i activa<\/strong>. Evolucionem i estem en contacte amb la realitat del nostre entorn.<\/li>\n<li style=\"text-align: justify;\">Perqu\u00e8 el nostre objectiu \u00e9s formar <strong>ciutadans<\/strong> <strong>responsables<\/strong> i futurs professionals competents.<\/li>\n<li style=\"text-align: justify;\">Per la import\u00e0ncia que donem a les <strong>lleng\u00fces estrangeres<\/strong> per a comunicar-nos en un m\u00f3n global.<\/li>\n<li style=\"text-align: justify;\">I, sobretot, perqu\u00e8 <strong>estimem<\/strong> els nostres alumnes i els donem tot el nostre afecte!<\/li>\n<\/ul>\n<p style=\"text-align: justify;\">A l&#8217;escola Piaget tenim molt clar que formem persones. L&#8217;educaci\u00f3 en valors ha estat sempre un tret distintiu de la nostra escola, de la m\u00e0 d&#8217;un ensenyament de qualitat. Portem m\u00e9s de 40 anys formant i educant els fills i les filles de les fam\u00edlies del barri i m\u00e9s de 15 anys incorporant l&#8217;ensenyament de l&#8217;alemany en la nostra oferta.<br \/>\nEls bons resultats obtinguts pels nostres alumnes ens avalen.<\/p>\n<p style=\"text-align: justify;\"><strong>Aix\u00f2 som i aix\u00f2 us oferim. Volem ser la vostra\u00a0escola. Us hi esperem!<\/strong><\/p>\n","protected":false},"excerpt":{"rendered":"<p>&nbsp;<\/p>\n<p>&nbsp;<br \/>\n<a href=\"https:\/\/agora.xtec.cat\/escola-piaget\/wp-content\/uploads\/usu684\/2024\/01\/Projecte_Educatiu.png\"><\/a><\/p>\n<p>&nbsp;<br \/>\n<a href=\"https:\/\/agora.xtec.cat\/escola-piaget\/wp-content\/uploads\/usu684\/2024\/01\/Ed.Infantil.png\"><\/a><br \/>\n&#8212;&#8212;&#8212;&#8212;&#8212;&#8212;&#8212;&#8212;&#8212;&#8212;&#8212;&#8212;&#8212;&#8212;&#8212;&#8212;&#8212;&#8212;&#8212;&#8212;&#8212;&#8212;&#8212;&#8212;&#8212;&#8212;&#8212;&#8212;&#8212;&#8212;&#8212;&#8212;&#8212;&#8212;&#8212;&#8212;&#8212;&#8212;&#8212;&#8212;&#8212;&#8212;&#8212;&#8212;&#8212;&#8212;&#8212;&#8212;&#8212;&#8212;&#8212;&#8212;&#8212;&#8212;&#8212;&#8212;&#8212;&#8212;&#8212;&#8212;&#8212;&#8212;&#8212;&#8212;&#8212;&#8212;&#8212;&#8212;&#8212;&#8212;&#8212;&#8212;&#8212;<br \/>\n<a href=\"https:\/\/agora.xtec.cat\/escola-piaget\/wp-content\/uploads\/usu684\/2024\/01\/Ed.Prim_.png\"><\/a><\/p>\n<p>&nbsp;<br \/>\n<a href=\"https:\/\/agora.xtec.cat\/escola-piaget\/wp-content\/uploads\/usu684\/2024\/01\/ESO.png\"><\/a><br \/>\n&#8212;&#8212;&#8212;&#8212;&#8212;&#8212;&#8212;&#8212;&#8212;&#8212;&#8212;&#8212;&#8212;&#8212;&#8212;&#8212;&#8212;&#8212;&#8212;&#8212;&#8212;&#8212;&#8212;&#8212;&#8212;&#8212;&#8212;&#8212;&#8212;&#8212;&#8212;&#8212;&#8212;&#8212;&#8212;&#8212;&#8212;&#8212;&#8212;&#8212;&#8212;&#8212;&#8212;&#8212;&#8212;&#8212;&#8212;&#8212;&#8212;&#8212;&#8212;&#8212;&#8212;&#8212;&#8212;&#8212;&#8212;&#8212;&#8212;&#8212;&#8212;&#8212;&#8212;&#8212;&#8212;&#8212;&#8212;&#8212;&#8212;&#8212;&#8212;&#8212;&#8212;<\/p>\n<ul style=\"list-style-type: circle;\">\n<li>Pel nostre ambient familiar i proper. Perqu\u00e8 la nostra proximitat ens permet un contacte permanent amb les fam\u00edlies.<\/li>\n<li style=\"text-align: justify;\">Per la vocaci\u00f3 del nostre professorat. Per les ganes que posem en la nostra feina, pel treball diari i la&hellip;  <a href=\"https:\/\/agora.xtec.cat\/escola-piaget\/per-que-venir-a-lescola-piaget\/\" title=\"Read L&#8217;ESPERIT PIAGET\">Llegeix m\u00e9s\u00bb<\/a><br \/>\n","protected":false},"author":1,"featured_media":0,"parent":0,"menu_order":30,"comment_status":"closed","ping_status":"closed","template":"","meta":{"_bbp_topic_count":0,"_bbp_reply_count":0,"_bbp_total_topic_count":0,"_bbp_total_reply_count":0,"_bbp_voice_count":0,"_bbp_anonymous_reply_count":0,"_bbp_topic_count_hidden":0,"_bbp_reply_count_hidden":0,"_bbp_forum_subforum_count":0,"footnotes":""},"class_list":["post-346","page","type-page","status-publish","hentry"],"post_mailing_queue_ids":[],"_links":{"self":[{"href":"https:\/\/agora.xtec.cat\/escola-piaget\/wp-json\/wp\/v2\/pages\/346","targetHints":{"allow":["GET"]}}],"collection":[{"href":"https:\/\/agora.xtec.cat\/escola-piaget\/wp-json\/wp\/v2\/pages"}],"about":[{"href":"https:\/\/agora.xtec.cat\/escola-piaget\/wp-json\/wp\/v2\/types\/page"}],"author":[{"embeddable":true,"href":"https:\/\/agora.xtec.cat\/escola-piaget\/wp-json\/wp\/v2\/users\/1"}],"replies":[{"embeddable":true,"href":"https:\/\/agora.xtec.cat\/escola-piaget\/wp-json\/wp\/v2\/comments?post=346"}],"version-history":[{"count":5,"href":"https:\/\/agora.xtec.cat\/escola-piaget\/wp-json\/wp\/v2\/pages\/346\/revisions"}],"predecessor-version":[{"id":8996,"href":"https:\/\/agora.xtec.cat\/escola-piaget\/wp-json\/wp\/v2\/pages\/346\/revisions\/8996"}],"wp:attachment":[{"href":"https:\/\/agora.xtec.cat\/escola-piaget\/wp-json\/wp\/v2\/media?parent=346"}],"curies":[{"name":"wp","href":"https:\/\/api.w.org\/{rel}","templated":true}]}}