{"id":27,"date":"2014-09-17T16:24:03","date_gmt":"2014-09-17T15:24:03","guid":{"rendered":"http:\/\/agora.xtec.cat\/escola-piaget\/?page_id=27"},"modified":"2016-02-01T00:13:11","modified_gmt":"2016-01-31T23:13:11","slug":"historia","status":"publish","type":"page","link":"https:\/\/agora.xtec.cat\/escola-piaget\/historia\/","title":{"rendered":"Hist\u00f2ria"},"content":{"rendered":"<div class=\"style_SkipStroke_5 shape-with-text flowDefining\"><\/div>\n<div class=\"tinyText\">\n<table style=\"background-color: #06a156; border-color: #24d627;\" cellspacing=\"10\" cellpadding=\"10\">\n<tbody>\n<tr>\n<td><a href=\"http:\/\/agora.xtec.cat\/escola-piaget\/wp-content\/uploads\/usu684\/2014\/09\/images-2.jpe\"><img loading=\"lazy\" decoding=\"async\" class=\"alignnone size-full wp-image-711\" src=\"http:\/\/agora.xtec.cat\/escola-piaget\/wp-content\/uploads\/usu684\/2014\/09\/images-2.jpe\" alt=\"images (2)\" width=\"224\" height=\"224\" \/><\/a><\/td>\n<td><a href=\"http:\/\/agora.xtec.cat\/escola-piaget\/wp-content\/uploads\/usu684\/2016\/02\/images-1.jpe\"><img loading=\"lazy\" decoding=\"async\" class=\"alignnone wp-image-708 size-full\" src=\"http:\/\/agora.xtec.cat\/escola-piaget\/wp-content\/uploads\/usu684\/2016\/02\/images-1.jpe\" alt=\"images (1)\" width=\"224\" height=\"198\" \/><\/a><\/td>\n<td><a href=\"http:\/\/agora.xtec.cat\/escola-piaget\/wp-content\/uploads\/usu684\/2016\/02\/images.jpe\"><img loading=\"lazy\" decoding=\"async\" class=\"alignnone wp-image-709 size-full\" src=\"http:\/\/agora.xtec.cat\/escola-piaget\/wp-content\/uploads\/usu684\/2016\/02\/images.jpe\" alt=\"images\" width=\"224\" height=\"224\" \/><\/a><\/td>\n<td><img loading=\"lazy\" decoding=\"async\" class=\"alignnone wp-image-423 size-full\" src=\"http:\/\/agora.xtec.cat\/escola-piaget\/wp-content\/uploads\/usu684\/2014\/09\/escut1.png\" alt=\"escut1\" width=\"288\" height=\"288\" srcset=\"https:\/\/agora.xtec.cat\/escola-piaget\/wp-content\/uploads\/usu684\/2014\/09\/escut1.png 288w, https:\/\/agora.xtec.cat\/escola-piaget\/wp-content\/uploads\/usu684\/2014\/09\/escut1-150x150.png 150w\" sizes=\"auto, (max-width: 288px) 100vw, 288px\" \/><\/td>\n<td><a href=\"http:\/\/agora.xtec.cat\/escola-piaget\/wp-content\/uploads\/usu684\/2016\/01\/escut-nou.jpg\"><img loading=\"lazy\" decoding=\"async\" class=\"alignnone wp-image-589 size-medium\" src=\"http:\/\/agora.xtec.cat\/escola-piaget\/wp-content\/uploads\/usu684\/2016\/01\/escut-nou-300x259.jpg\" alt=\"escut nou\" width=\"300\" height=\"259\" srcset=\"https:\/\/agora.xtec.cat\/escola-piaget\/wp-content\/uploads\/usu684\/2016\/01\/escut-nou-300x259.jpg 300w, https:\/\/agora.xtec.cat\/escola-piaget\/wp-content\/uploads\/usu684\/2016\/01\/escut-nou.jpg 539w\" sizes=\"auto, (max-width: 300px) 100vw, 300px\" \/><\/a><\/td>\n<\/tr>\n<\/tbody>\n<\/table>\n<\/div>\n<div class=\"tinyText\"><\/div>\n<div class=\"tinyText\"><\/div>\n<div class=\"tinyText\">\n<p class=\"paragraph_style_4\" style=\"text-align: justify;\">L&#8217;any 1975 es va crear l&#8217;<strong>Acad\u00e8mia Mistral<\/strong> al carrer Sant Dalmir, entre els barris del Carmel i la Teixonera de Barcelona. All\u00e0 hi van comen\u00e7ar a fer classe els primers grups d&#8217;alumnes que formen part de la nostra hist\u00f2ria.<\/p>\n<p class=\"paragraph_style_4\" style=\"text-align: justify;\">Paral\u00b7lelament, des de l&#8217;any 1975 fins al 1988, les nostres altres instal\u00b7lacions del carrer Santa Rosalia\/Bes\u00f3s es van destinar a crear una <strong>escola d&#8217;adults (Escola Popular)<\/strong>. S&#8217;hi feien classes des de les 18h fins a les 22h, de manera gratu\u00efta i amb la finalitat de que\u00a0moltes fam\u00edlies poguessin obtenir\u00a0el graduat d&#8217;adults. Posteriorment, aquest local va destinar-se a allotjar els grups de 6\u00e8, 7\u00e8 i 8\u00e8 d&#8217;EGB mentre al del carrer Sant Dalmir van quedar-se els grups de 1r a 5\u00e8 d&#8217;EGB.<\/p>\n<p class=\"paragraph_style_4\" style=\"text-align: justify;\">L&#8217;Acad\u00e8mia Mistral va funcionar amb aquesta denominaci\u00f3 fins l&#8217;any 1992, quan es va fusionar amb el Parvulari <strong>Flor de Neu<\/strong>\u00a0que aleshores estava situat entre els carrers Mare de D\u00e9u del Coll i Santa Albina, molt a prop del local de Sant Dalmir. Despr\u00e9s d&#8217;aquesta uni\u00f3, el nom del nostre centre va canviar a\u00a0<strong>Escola Mistral-Flor de Neu<\/strong>. D&#8217;aquesta manera es va aconseguir oferir una educaci\u00f3 global seguint un mateix projecte educatiu, que cobria l&#8217;escolaritzaci\u00f3 des dels 2\/3 anys fins els 14 anys (final de l&#8217;obligatorietat en l&#8217;escolaritzaci\u00f3 en aquella \u00e8poca).<\/p>\n<p class=\"paragraph_style_4\" style=\"text-align: justify;\">M\u00e9s tard, l&#8217;any 1998, es va formar una Cooperativa de professors i es van llogar els locals actuals situats al carrer Llobreg\u00f3s. Des d&#8217;aquell moment, l&#8217;escola va comen\u00e7ar a funcionar amb la denominaci\u00f3 actual d&#8217;<strong>Escola Piaget<\/strong>. En els nous locals es van poder centralitzar totes les etapes i, des de l&#8217;entrada en vigor de la LOGSE, s&#8217;hi fan classes d&#8217;<strong>EDUCACI\u00d3 INFANTIL, EDUCACI\u00d3 PRIM\u00c0RIA I EDUCACI\u00d3 SECUND\u00c0RIA OBLIGAT\u00d2RIA (ESO)<\/strong>. Pel que fa a les instal\u00b7lacions del carrer Santa Rosalia\/Bes\u00f3s hi podem trobar <strong>Flor de Neu<\/strong>, que actualment funciona com a llar d&#8217;infants.<\/p>\n<p class=\"paragraph_style_4\" style=\"text-align: justify;\">La nostra Escola \u00e9s una escola d&#8217;implantaci\u00f3 al barri <strong>des de fa 40 anys<\/strong>. \u00c9s una escola catalana, mixta, popular, democr\u00e0tica\u00a0i\u00a0no confessional.<\/p>\n<p class=\"paragraph_style_4\" style=\"text-align: justify;\">Tenim\u00a0un projecte educatiu molt concret: Lluitar pels <strong>drets humans<\/strong> i l&#8217;<strong>Educaci\u00f3 en Valors<\/strong> en el Barri del Carmel. La tasca que desenvolupem est\u00e0 orientada a fomentar el respecte, a millorar la conviv\u00e8ncia i la integraci\u00f3 social. Tenim un projecte d&#8217;acollida per a tothom. <strong>Volem educar a m\u00e9s d&#8217;ensenyar<\/strong>.<\/p>\n<p class=\"paragraph_style_4\" style=\"text-align: justify;\">Esperem continuar durant molts anys desenvolupant una\u00a0tasca tan engrescadora com \u00e9s <strong>contribuir en la construcci\u00f3\u00a0d&#8217;una societat millor<\/strong>. <strong>Creiem que la funci\u00f3 educativa a nivell social \u00e9s indispensable i, per aix\u00f2, tota la comunitat educativa est\u00e0 molt implicada en el projecte educatiu de centre<\/strong>.<\/p>\n<\/div>\n","protected":false},"excerpt":{"rendered":"<p><a href=\"http:\/\/agora.xtec.cat\/escola-piaget\/wp-content\/uploads\/usu684\/2014\/09\/images-2.jpe\"><\/a><br \/>\n<a href=\"http:\/\/agora.xtec.cat\/escola-piaget\/wp-content\/uploads\/usu684\/2016\/02\/images-1.jpe\"><\/a><br \/>\n<a href=\"http:\/\/agora.xtec.cat\/escola-piaget\/wp-content\/uploads\/usu684\/2016\/02\/images.jpe\"><\/a><\/p>\n<p><a href=\"http:\/\/agora.xtec.cat\/escola-piaget\/wp-content\/uploads\/usu684\/2016\/01\/escut-nou.jpg\"><\/a><\/p>\n<p>L&#8217;any 1975 es va crear l&#8217;Acad\u00e8mia Mistral al carrer Sant Dalmir, entre els barris del Carmel i la Teixonera de Barcelona. All\u00e0 hi van comen\u00e7ar a fer classe els primers grups d&#8217;alumnes que formen part de la nostra hist\u00f2ria.<br \/>\nParal\u00b7lelament, des de&hellip;  <a href=\"https:\/\/agora.xtec.cat\/escola-piaget\/historia\/\" title=\"Read Hist\u00f2ria\">Llegeix m\u00e9s\u00bb<\/a><\/p>\n","protected":false},"author":1,"featured_media":0,"parent":0,"menu_order":1,"comment_status":"closed","ping_status":"closed","template":"page-templates\/side-menu.php","meta":{"_bbp_topic_count":0,"_bbp_reply_count":0,"_bbp_total_topic_count":0,"_bbp_total_reply_count":0,"_bbp_voice_count":0,"_bbp_anonymous_reply_count":0,"_bbp_topic_count_hidden":0,"_bbp_reply_count_hidden":0,"_bbp_forum_subforum_count":0,"footnotes":""},"class_list":["post-27","page","type-page","status-publish","hentry"],"post_mailing_queue_ids":[],"_links":{"self":[{"href":"https:\/\/agora.xtec.cat\/escola-piaget\/wp-json\/wp\/v2\/pages\/27","targetHints":{"allow":["GET"]}}],"collection":[{"href":"https:\/\/agora.xtec.cat\/escola-piaget\/wp-json\/wp\/v2\/pages"}],"about":[{"href":"https:\/\/agora.xtec.cat\/escola-piaget\/wp-json\/wp\/v2\/types\/page"}],"author":[{"embeddable":true,"href":"https:\/\/agora.xtec.cat\/escola-piaget\/wp-json\/wp\/v2\/users\/1"}],"replies":[{"embeddable":true,"href":"https:\/\/agora.xtec.cat\/escola-piaget\/wp-json\/wp\/v2\/comments?post=27"}],"version-history":[{"count":3,"href":"https:\/\/agora.xtec.cat\/escola-piaget\/wp-json\/wp\/v2\/pages\/27\/revisions"}],"predecessor-version":[{"id":712,"href":"https:\/\/agora.xtec.cat\/escola-piaget\/wp-json\/wp\/v2\/pages\/27\/revisions\/712"}],"wp:attachment":[{"href":"https:\/\/agora.xtec.cat\/escola-piaget\/wp-json\/wp\/v2\/media?parent=27"}],"curies":[{"name":"wp","href":"https:\/\/api.w.org\/{rel}","templated":true}]}}