{"id":3013,"date":"2026-01-21T10:05:41","date_gmt":"2026-01-21T09:05:41","guid":{"rendered":"https:\/\/agora.xtec.cat\/escola-olivera-santcugat\/?page_id=3013"},"modified":"2026-01-21T10:44:27","modified_gmt":"2026-01-21T09:44:27","slug":"cocobe","status":"publish","type":"page","link":"https:\/\/agora.xtec.cat\/escola-olivera-santcugat\/cocobe\/","title":{"rendered":"COCOBE"},"content":{"rendered":"<blockquote><p><strong>COEDUCACI\u00d3, CONVIV\u00c8NCIA I BENESTAR<\/strong><\/p><\/blockquote>\n<p>La figura de la <strong>coordinadora de coeducaci\u00f3, conviv\u00e8ncia i benestar<\/strong> emocional, \u00e9s la persona designada que t\u00e9 com a objectiu <strong>vetllar per la conviv\u00e8ncia, la coeducaci\u00f3 i el benestar emocional de tot l\u2019alumnat i ser la persona referent en aquestes mat\u00e8ries per a l\u2019alumnat i el professorat del centre.<\/strong><\/p>\n<p>Entre les seves\u00a0<strong>principals funcions<\/strong>, destaquen:<\/p>\n<ol>\n<li><strong>Vetllar perqu\u00e8 el projecte educatiu del centre incorpori els vectors de benestar emocional, coeducaci\u00f3, ciutadania democr\u00e0tica i consci\u00e8ncia global.<\/strong><\/li>\n<li><strong>Garantir el respecte de tot l\u2019alumnat.<\/strong><\/li>\n<li><strong>Fomentar entre la comunitat educativa l\u2019\u00fas de m\u00e8todes de resoluci\u00f3 pac\u00edfica dels conflictes.<\/strong><\/li>\n<li><strong>Promoure estrat\u00e8gies per identificar possibles situacions de risc i impulsar les mesures d\u2019intervenci\u00f3.<\/strong><\/li>\n<li><strong>Donar a con\u00e8ixer i proposar activitats formatives adre\u00e7ades a la comunitat educativa sobre aquest \u00e0mbit.<\/strong><\/li>\n<\/ol>\n<p>&nbsp;<\/p>\n<blockquote><p><strong>Guies i protocols d&#8217;Educaci\u00f3 en mat\u00e8ria de coeducaci\u00f3, conviv\u00e8ncia i benestar:<\/strong><\/p><\/blockquote>\n<ul>\n<li>Guia per a l\u2019abordatge de la conducta su\u00efcida i de les autolesions no su\u00efcides en el centre educatiu.<br \/>\n<iframe loading=\"lazy\" src=\"https:\/\/drive.google.com\/file\/d\/1-fJjErnKsuih6B0Ht-lvqpNTAEdZAyvi\/preview\" width=\"640\" height=\"480\"><\/iframe><\/li>\n<li>Prevenci\u00f3, detecci\u00f3 i intervenci\u00f3 de processos de radicalitzaci\u00f3 violenta als centres educatius.<iframe loading=\"lazy\" src=\"https:\/\/drive.google.com\/file\/d\/1brCbVm_txx-PYq-KlTtEVYcDAa77jxE4\/preview\" width=\"640\" height=\"480\"><\/iframe><\/li>\n<li>Procediment d\u2019intervenci\u00f3 en cas de faltes greument perjudicials per a la conviv\u00e8ncia.<iframe loading=\"lazy\" src=\"https:\/\/drive.google.com\/file\/d\/1mVwvBbzKWzwllRklQEwvrVXfw-fvyx21\/preview\" width=\"640\" height=\"480\"><\/iframe><\/li>\n<li>Protocol d\u2019actuacions per prevenir la mutilaci\u00f3 genital femenina.<iframe loading=\"lazy\" src=\"https:\/\/drive.google.com\/file\/d\/1zK_prRx3wjR6NhFM7MLiLIXaRockDfgT\/preview\" width=\"640\" height=\"480\"><\/iframe><\/li>\n<li>Protocol d&#8217;\u00e0mbit comunitari de prevenci\u00f3, detecci\u00f3 i intervenci\u00f3 davant situacions d&#8217;absentisme.<iframe loading=\"lazy\" src=\"https:\/\/drive.google.com\/file\/d\/1PuXr-smk9z96rAwFm8zSBF3pDMgjF8ml\/preview\" width=\"640\" height=\"480\"><\/iframe><\/li>\n<li>Protocol d\u2019actuaci\u00f3 davant de qualsevol tipus de viol\u00e8ncia en l\u2019\u00e0mbit educatiu.<iframe loading=\"lazy\" src=\"https:\/\/drive.google.com\/file\/d\/1iC15rBnDoumCAOY6w525WEMlTGfWFWFA\/preview\" width=\"640\" height=\"480\"><\/iframe><\/li>\n<li>Protocol d&#8217;actuaci\u00f3 entre els Departaments de treball, afers socials i fam\u00edlies i d&#8217;educaci\u00f3 de prevenci\u00f3, detecci\u00f3, notificaci\u00f3, derivaci\u00f3 i coordinaci\u00f3 de les situacions de maltractament infantil i adolescent en l&#8217;\u00e0mbit educatiu.<iframe loading=\"lazy\" src=\"https:\/\/drive.google.com\/file\/d\/1K4hZg7x3e3wZ_vMnlCHEcPRY1lfvzo4C\/preview\" width=\"640\" height=\"480\"><\/iframe><\/li>\n<li>Protocol per a l&#8217;atenci\u00f3 i acompanyament de l&#8217;alumnat transg\u00e8nere en els centres educatius.<iframe loading=\"lazy\" src=\"https:\/\/drive.google.com\/file\/d\/1zII1UJqj97AA1BZyeisZmb6dgmHV1ko_\/preview\" width=\"640\" height=\"480\"><\/iframe><\/li>\n<li>Protocol d&#8217;actuaci\u00f3 amb menors de catorze anys en situacions de conflicte o comissi\u00f3 d&#8217;una infracci\u00f3 penal.<iframe loading=\"lazy\" src=\"https:\/\/drive.google.com\/file\/d\/1vMwYUtGFy3psmc6jaHU_DW3bql81gvxJ\/preview\" width=\"640\" height=\"480\"><\/iframe><\/li>\n<\/ul>\n","protected":false},"excerpt":{"rendered":"<p>COEDUCACI\u00d3, CONVIV\u00c8NCIA I BENESTAR<br \/>\nLa figura de la coordinadora de coeducaci\u00f3, conviv\u00e8ncia i benestar emocional, \u00e9s la persona designada que t\u00e9 com a objectiu vetllar per la conviv\u00e8ncia, la coeducaci\u00f3 i el benestar emocional de tot l\u2019alumnat i ser la persona referent en aquestes mat\u00e8ries per&hellip;  <a href=\"https:\/\/agora.xtec.cat\/escola-olivera-santcugat\/cocobe\/\" title=\"Read COCOBE\">Llegeix m\u00e9s\u00bb<\/a><\/p>\n","protected":false},"author":1,"featured_media":0,"parent":0,"menu_order":0,"comment_status":"closed","ping_status":"closed","template":"","meta":{"_bbp_topic_count":0,"_bbp_reply_count":0,"_bbp_total_topic_count":0,"_bbp_total_reply_count":0,"_bbp_voice_count":0,"_bbp_anonymous_reply_count":0,"_bbp_topic_count_hidden":0,"_bbp_reply_count_hidden":0,"_bbp_forum_subforum_count":0,"footnotes":""},"class_list":["post-3013","page","type-page","status-publish","hentry"],"post_mailing_queue_ids":[],"_links":{"self":[{"href":"https:\/\/agora.xtec.cat\/escola-olivera-santcugat\/wp-json\/wp\/v2\/pages\/3013","targetHints":{"allow":["GET"]}}],"collection":[{"href":"https:\/\/agora.xtec.cat\/escola-olivera-santcugat\/wp-json\/wp\/v2\/pages"}],"about":[{"href":"https:\/\/agora.xtec.cat\/escola-olivera-santcugat\/wp-json\/wp\/v2\/types\/page"}],"author":[{"embeddable":true,"href":"https:\/\/agora.xtec.cat\/escola-olivera-santcugat\/wp-json\/wp\/v2\/users\/1"}],"replies":[{"embeddable":true,"href":"https:\/\/agora.xtec.cat\/escola-olivera-santcugat\/wp-json\/wp\/v2\/comments?post=3013"}],"version-history":[{"count":3,"href":"https:\/\/agora.xtec.cat\/escola-olivera-santcugat\/wp-json\/wp\/v2\/pages\/3013\/revisions"}],"predecessor-version":[{"id":3017,"href":"https:\/\/agora.xtec.cat\/escola-olivera-santcugat\/wp-json\/wp\/v2\/pages\/3013\/revisions\/3017"}],"wp:attachment":[{"href":"https:\/\/agora.xtec.cat\/escola-olivera-santcugat\/wp-json\/wp\/v2\/media?parent=3013"}],"curies":[{"name":"wp","href":"https:\/\/api.w.org\/{rel}","templated":true}]}}