{"id":2062,"date":"2023-01-20T12:40:53","date_gmt":"2023-01-20T11:40:53","guid":{"rendered":"https:\/\/agora.xtec.cat\/escola-olivera-santcugat\/?page_id=2062"},"modified":"2026-01-21T10:49:26","modified_gmt":"2026-01-21T09:49:26","slug":"preinscripcio-i-matricula","status":"publish","type":"page","link":"https:\/\/agora.xtec.cat\/escola-olivera-santcugat\/preinscripcio-i-matricula\/","title":{"rendered":"PREINSCRIPCI\u00d3 I MATR\u00cdCULA"},"content":{"rendered":"<h1 class=\"NG-menu__title\">Calendari de presentaci\u00f3 de sol\u00b7licituds per a la preinscripci\u00f3 del curs 2026-2027<\/h1>\n<blockquote><p>Educaci\u00f3 infantil de segon cicle i educaci\u00f3 prim\u00e0ria<\/p>\n<p>del 4 al 18 de mar\u00e7 de 2026<\/p><\/blockquote>\n<p><center><\/center>&nbsp;<\/p>\n<p>&nbsp;<\/p>\n<p style=\"text-align: center;\">Amb el canvi de zonificaci\u00f3 a la nostra poblaci\u00f3, l&#8217;escola pertany a la<strong> Zona 3.<\/strong> Podeu veure el seg\u00fcent mapa.<\/p>\n<p><center><strong>MAPA ZONES<\/strong><\/center>&nbsp;<\/p>\n<p><center><iframe loading=\"lazy\" src=\"https:\/\/drive.google.com\/file\/d\/1Hy9K7rrdsOSup8kh4r5YZN47F-EIVP1b\/preview\" width=\"600\" height=\"500\"><span data-mce-type=\"bookmark\" style=\"display: inline-block; width: 0px; overflow: hidden; line-height: 0;\" class=\"mce_SELRES_start\">\ufeff<\/span><\/iframe><\/center><center><strong>GU\u00cdA DE CENTRES<\/strong><\/center>&nbsp;<\/p>\n<p><center><iframe loading=\"lazy\" src=\"https:\/\/drive.google.com\/file\/d\/1S_dQKkyFayOs22sFIbHv4HJHGr4WsJKV\/preview\" width=\"600\" height=\"500\"><span data-mce-type=\"bookmark\" style=\"display: inline-block; width: 0px; overflow: hidden; line-height: 0;\" class=\"mce_SELRES_start\">\ufeff<\/span><\/iframe><\/center><center><strong>TR\u00cdPTIC INFORMATIU AJUNTAMENT DE SANT CUGAT<\/strong><\/center>&nbsp;<\/p>\n<p><center><iframe loading=\"lazy\" src=\"https:\/\/drive.google.com\/file\/d\/1QKNzKs3xhC2LhyVTAZ3xh2KpmkXMbz7L\/preview\" width=\"640\" height=\"480\"><\/iframe><\/center><\/p>\n","protected":false},"excerpt":{"rendered":"<p>Calendari de presentaci\u00f3 de sol\u00b7licituds per a la preinscripci\u00f3 del curs 2026-2027<br \/>\nEducaci\u00f3 infantil de segon cicle i educaci\u00f3 prim\u00e0ria<br \/>\ndel 4 al 18 de mar\u00e7 de 2026<br \/>\n&nbsp;<br \/>\n&nbsp;<br \/>\nAmb el canvi de zonificaci\u00f3 a la nostra poblaci\u00f3, l&#8217;escola pertany a la Zona 3. Podeu veure el seg\u00fcent mapa.<br \/>\nMAPA&hellip;  <a href=\"https:\/\/agora.xtec.cat\/escola-olivera-santcugat\/preinscripcio-i-matricula\/\" title=\"Read PREINSCRIPCI\u00d3 I MATR\u00cdCULA\">Llegeix m\u00e9s\u00bb<\/a><\/p>\n","protected":false},"author":1,"featured_media":0,"parent":0,"menu_order":0,"comment_status":"closed","ping_status":"closed","template":"","meta":{"_bbp_topic_count":0,"_bbp_reply_count":0,"_bbp_total_topic_count":0,"_bbp_total_reply_count":0,"_bbp_voice_count":0,"_bbp_anonymous_reply_count":0,"_bbp_topic_count_hidden":0,"_bbp_reply_count_hidden":0,"_bbp_forum_subforum_count":0,"footnotes":""},"class_list":["post-2062","page","type-page","status-publish","hentry"],"post_mailing_queue_ids":[],"_links":{"self":[{"href":"https:\/\/agora.xtec.cat\/escola-olivera-santcugat\/wp-json\/wp\/v2\/pages\/2062","targetHints":{"allow":["GET"]}}],"collection":[{"href":"https:\/\/agora.xtec.cat\/escola-olivera-santcugat\/wp-json\/wp\/v2\/pages"}],"about":[{"href":"https:\/\/agora.xtec.cat\/escola-olivera-santcugat\/wp-json\/wp\/v2\/types\/page"}],"author":[{"embeddable":true,"href":"https:\/\/agora.xtec.cat\/escola-olivera-santcugat\/wp-json\/wp\/v2\/users\/1"}],"replies":[{"embeddable":true,"href":"https:\/\/agora.xtec.cat\/escola-olivera-santcugat\/wp-json\/wp\/v2\/comments?post=2062"}],"version-history":[{"count":6,"href":"https:\/\/agora.xtec.cat\/escola-olivera-santcugat\/wp-json\/wp\/v2\/pages\/2062\/revisions"}],"predecessor-version":[{"id":3018,"href":"https:\/\/agora.xtec.cat\/escola-olivera-santcugat\/wp-json\/wp\/v2\/pages\/2062\/revisions\/3018"}],"wp:attachment":[{"href":"https:\/\/agora.xtec.cat\/escola-olivera-santcugat\/wp-json\/wp\/v2\/media?parent=2062"}],"curies":[{"name":"wp","href":"https:\/\/api.w.org\/{rel}","templated":true}]}}