{"id":2061,"date":"2023-01-20T12:40:53","date_gmt":"2023-01-20T11:40:53","guid":{"rendered":"https:\/\/agora.xtec.cat\/escola-olivera-santcugat\/?page_id=2061"},"modified":"2024-12-12T12:17:18","modified_gmt":"2024-12-12T11:17:18","slug":"afa-2","status":"publish","type":"page","link":"https:\/\/agora.xtec.cat\/escola-olivera-santcugat\/afa-2\/","title":{"rendered":"AFA"},"content":{"rendered":"<p>L&#8217;Escola i l&#8217;Afa treballem de la m\u00e0. Entre totes i tots fem escola!<\/p>\n<p>A la seg\u00fcent presentaci\u00f3 podeu trobar informaci\u00f3 de com participar i com contactar amb l&#8217;Afa.<\/p>\n<p><iframe loading=\"lazy\" src=\"https:\/\/drive.google.com\/file\/d\/1Vl4EV9IULHYn3xtfSMtt3ZXpBmSaFw98\/preview\" width=\"640\" height=\"480\"><span data-mce-type=\"bookmark\" style=\"display: inline-block; width: 0px; overflow: hidden; line-height: 0;\" class=\"mce_SELRES_start\">\ufeff<\/span><span data-mce-type=\"bookmark\" style=\"display: inline-block; width: 0px; overflow: hidden; line-height: 0;\" class=\"mce_SELRES_start\">\ufeff<\/span><\/iframe><\/p>\n<p>Cal tota la tribu per educar un infant!<\/p>\n","protected":false},"excerpt":{"rendered":"<p>L&#8217;Escola i l&#8217;Afa treballem de la m\u00e0. Entre totes i tots fem escola!<br \/>\nA la seg\u00fcent presentaci\u00f3 podeu trobar informaci\u00f3 de com participar i com contactar amb l&#8217;Afa.<br \/>\n\ufeff\ufeff<br \/>\nCal tota la tribu per educar un infant!<\/p>\n","protected":false},"author":1,"featured_media":0,"parent":0,"menu_order":0,"comment_status":"closed","ping_status":"closed","template":"","meta":{"_bbp_topic_count":0,"_bbp_reply_count":0,"_bbp_total_topic_count":0,"_bbp_total_reply_count":0,"_bbp_voice_count":0,"_bbp_anonymous_reply_count":0,"_bbp_topic_count_hidden":0,"_bbp_reply_count_hidden":0,"_bbp_forum_subforum_count":0,"footnotes":""},"class_list":["post-2061","page","type-page","status-publish","hentry"],"post_mailing_queue_ids":[],"_links":{"self":[{"href":"https:\/\/agora.xtec.cat\/escola-olivera-santcugat\/wp-json\/wp\/v2\/pages\/2061","targetHints":{"allow":["GET"]}}],"collection":[{"href":"https:\/\/agora.xtec.cat\/escola-olivera-santcugat\/wp-json\/wp\/v2\/pages"}],"about":[{"href":"https:\/\/agora.xtec.cat\/escola-olivera-santcugat\/wp-json\/wp\/v2\/types\/page"}],"author":[{"embeddable":true,"href":"https:\/\/agora.xtec.cat\/escola-olivera-santcugat\/wp-json\/wp\/v2\/users\/1"}],"replies":[{"embeddable":true,"href":"https:\/\/agora.xtec.cat\/escola-olivera-santcugat\/wp-json\/wp\/v2\/comments?post=2061"}],"version-history":[{"count":3,"href":"https:\/\/agora.xtec.cat\/escola-olivera-santcugat\/wp-json\/wp\/v2\/pages\/2061\/revisions"}],"predecessor-version":[{"id":2949,"href":"https:\/\/agora.xtec.cat\/escola-olivera-santcugat\/wp-json\/wp\/v2\/pages\/2061\/revisions\/2949"}],"wp:attachment":[{"href":"https:\/\/agora.xtec.cat\/escola-olivera-santcugat\/wp-json\/wp\/v2\/media?parent=2061"}],"curies":[{"name":"wp","href":"https:\/\/api.w.org\/{rel}","templated":true}]}}