{"id":3379,"date":"2026-02-01T20:35:56","date_gmt":"2026-02-01T19:35:56","guid":{"rendered":"https:\/\/agora.xtec.cat\/escola-norai-montgat\/?page_id=3379"},"modified":"2026-02-09T11:35:31","modified_gmt":"2026-02-09T10:35:31","slug":"espai-per-lalumnat","status":"publish","type":"page","link":"https:\/\/agora.xtec.cat\/escola-norai-montgat\/pagines-dinici\/espai-per-lalumnat\/","title":{"rendered":"Espai per l&#8217;alumnat"},"content":{"rendered":"<p>En la tria de recursos que us oferim, hem prioritzat la <b data-path-to-node=\"4\" data-index-in-node=\"56\">qualitat pedag\u00f2gica<\/b>, la riquesa visual i el valor educatiu dels continguts. No es tracta nom\u00e9s d&#8217;entreteniment, sin\u00f3 d&#8217;eines que estimulen el pensament cr\u00edtic, la creativitat i el rigor en l&#8217;aprenentatge.<\/p>\n<p>&nbsp;<\/p>\n<table style=\"border-collapse: collapse; width: 100%;\">\n<tbody>\n<tr>\n<td style=\"width: 33.3333%;\"><a href=\"https:\/\/www.edu365.cat\/\"><img loading=\"lazy\" decoding=\"async\" class=\"size-full wp-image-3380 aligncenter\" src=\"https:\/\/agora.xtec.cat\/escola-norai-montgat\/wp-content\/uploads\/usu1780\/2026\/02\/scc.png\" alt=\"\" width=\"306\" height=\"124\" srcset=\"https:\/\/agora.xtec.cat\/escola-norai-montgat\/wp-content\/uploads\/usu1780\/2026\/02\/scc.png 306w, https:\/\/agora.xtec.cat\/escola-norai-montgat\/wp-content\/uploads\/usu1780\/2026\/02\/scc-300x122.png 300w\" sizes=\"auto, (max-width: 306px) 100vw, 306px\" \/><\/a><\/td>\n<td style=\"width: 33.3333%;\"><a href=\"https:\/\/www.3cat.cat\/tv3\/sx3\/supercampus\/\"><img loading=\"lazy\" decoding=\"async\" class=\"size-full wp-image-3381 aligncenter\" src=\"https:\/\/agora.xtec.cat\/escola-norai-montgat\/wp-content\/uploads\/usu1780\/2026\/02\/sc.png\" alt=\"\" width=\"733\" height=\"166\" srcset=\"https:\/\/agora.xtec.cat\/escola-norai-montgat\/wp-content\/uploads\/usu1780\/2026\/02\/sc.png 733w, https:\/\/agora.xtec.cat\/escola-norai-montgat\/wp-content\/uploads\/usu1780\/2026\/02\/sc-300x68.png 300w\" sizes=\"auto, (max-width: 733px) 100vw, 733px\" \/><\/a><\/td>\n<td style=\"width: 33.3333%;\"><a href=\"https:\/\/www.3cat.cat\/tv3\/sx3\/infok\/\"><img loading=\"lazy\" decoding=\"async\" class=\"wp-image-3382 aligncenter\" src=\"https:\/\/agora.xtec.cat\/escola-norai-montgat\/wp-content\/uploads\/usu1780\/2026\/02\/ssccc.jpg\" alt=\"\" width=\"130\" height=\"73\" srcset=\"https:\/\/agora.xtec.cat\/escola-norai-montgat\/wp-content\/uploads\/usu1780\/2026\/02\/ssccc.jpg 326w, https:\/\/agora.xtec.cat\/escola-norai-montgat\/wp-content\/uploads\/usu1780\/2026\/02\/ssccc-300x169.jpg 300w\" sizes=\"auto, (max-width: 130px) 100vw, 130px\" \/><\/a><\/td>\n<\/tr>\n<tr>\n<td style=\"width: 33.3333%;\"><a href=\"https:\/\/www.3cat.cat\/3cat\/una-ma-de-contes\/\"><img loading=\"lazy\" decoding=\"async\" class=\"size-large wp-image-3387 aligncenter\" src=\"https:\/\/agora.xtec.cat\/escola-norai-montgat\/wp-content\/uploads\/usu1780\/2026\/02\/1490715611754-1024x310.jpg\" alt=\"\" width=\"1024\" height=\"310\" srcset=\"https:\/\/agora.xtec.cat\/escola-norai-montgat\/wp-content\/uploads\/usu1780\/2026\/02\/1490715611754-1024x310.jpg 1024w, https:\/\/agora.xtec.cat\/escola-norai-montgat\/wp-content\/uploads\/usu1780\/2026\/02\/1490715611754-300x91.jpg 300w, https:\/\/agora.xtec.cat\/escola-norai-montgat\/wp-content\/uploads\/usu1780\/2026\/02\/1490715611754-768x233.jpg 768w, https:\/\/agora.xtec.cat\/escola-norai-montgat\/wp-content\/uploads\/usu1780\/2026\/02\/1490715611754-1536x466.jpg 1536w, https:\/\/agora.xtec.cat\/escola-norai-montgat\/wp-content\/uploads\/usu1780\/2026\/02\/1490715611754.jpg 1600w\" sizes=\"auto, (max-width: 1024px) 100vw, 1024px\" \/><\/a><\/td>\n<td style=\"width: 33.3333%;\"><a href=\"https:\/\/www.petitsapiens.cat\/podcasts.html\"><img loading=\"lazy\" decoding=\"async\" class=\"size-full wp-image-3383 aligncenter\" src=\"https:\/\/agora.xtec.cat\/escola-norai-montgat\/wp-content\/uploads\/usu1780\/2026\/02\/S1.png\" alt=\"\" width=\"994\" height=\"481\" srcset=\"https:\/\/agora.xtec.cat\/escola-norai-montgat\/wp-content\/uploads\/usu1780\/2026\/02\/S1.png 994w, https:\/\/agora.xtec.cat\/escola-norai-montgat\/wp-content\/uploads\/usu1780\/2026\/02\/S1-300x145.png 300w, https:\/\/agora.xtec.cat\/escola-norai-montgat\/wp-content\/uploads\/usu1780\/2026\/02\/S1-768x372.png 768w\" sizes=\"auto, (max-width: 994px) 100vw, 994px\" \/><\/a><\/td>\n<td style=\"width: 33.3333%;\"><a href=\"https:\/\/scratch.mit.edu\/\"><img loading=\"lazy\" decoding=\"async\" class=\"wp-image-3386 aligncenter\" src=\"https:\/\/agora.xtec.cat\/escola-norai-montgat\/wp-content\/uploads\/usu1780\/2026\/02\/a.jpg\" alt=\"\" width=\"184\" height=\"120\" srcset=\"https:\/\/agora.xtec.cat\/escola-norai-montgat\/wp-content\/uploads\/usu1780\/2026\/02\/a.jpg 630w, https:\/\/agora.xtec.cat\/escola-norai-montgat\/wp-content\/uploads\/usu1780\/2026\/02\/a-300x195.jpg 300w\" sizes=\"auto, (max-width: 184px) 100vw, 184px\" \/><\/a><\/td>\n<\/tr>\n<tr>\n<td style=\"width: 33.3333%;\"><a href=\"https:\/\/biblioteca.ebiblio.cat\/?locale=ca\"><img loading=\"lazy\" decoding=\"async\" class=\"size-full wp-image-3384 aligncenter\" src=\"https:\/\/agora.xtec.cat\/escola-norai-montgat\/wp-content\/uploads\/usu1780\/2026\/02\/bd.png\" alt=\"\" width=\"226\" height=\"157\" \/><\/a><\/td>\n<td style=\"width: 33.3333%;\"><\/td>\n<td style=\"width: 33.3333%;\"><\/td>\n<\/tr>\n<tr>\n<td style=\"width: 33.3333%;\"><\/td>\n<td style=\"width: 33.3333%;\"><\/td>\n<td style=\"width: 33.3333%;\"><\/td>\n<\/tr>\n<\/tbody>\n<\/table>\n","protected":false},"excerpt":{"rendered":"<p>En la tria de recursos que us oferim, hem prioritzat la qualitat pedag\u00f2gica, la riquesa visual i el valor educatiu dels continguts. No es tracta nom\u00e9s d&#8217;entreteniment, sin\u00f3 d&#8217;eines que estimulen el pensament cr\u00edtic, la creativitat i el rigor en l&#8217;aprenentatge.<br \/>\n&nbsp;<\/p>\n<p><a href=\"https:\/\/www.edu365.cat\/\"><\/a><br \/>\n<a href=\"https:\/\/www.3cat.cat\/tv3\/sx3\/supercampus\/\"><\/a><br \/>\n<a href=\"https:\/\/www.3cat.cat\/tv3\/sx3\/infok\/\"><\/a><\/p>\n<p><a href=\"https:\/\/www.3cat.cat\/3cat\/una-ma-de-contes\/\"><\/a><br \/>\n<a&hellip;  <a href=\"https:\/\/agora.xtec.cat\/escola-norai-montgat\/pagines-dinici\/espai-per-lalumnat\/\" title=\"Read Espai per l&#8217;alumnat\">Llegeix m\u00e9s\u00bb<\/a><\/p>\n","protected":false},"author":1,"featured_media":0,"parent":7,"menu_order":55,"comment_status":"closed","ping_status":"closed","template":"page-templates\/side-menu.php","meta":{"_bbp_topic_count":0,"_bbp_reply_count":0,"_bbp_total_topic_count":0,"_bbp_total_reply_count":0,"_bbp_voice_count":0,"_bbp_anonymous_reply_count":0,"_bbp_topic_count_hidden":0,"_bbp_reply_count_hidden":0,"_bbp_forum_subforum_count":0,"footnotes":""},"class_list":["post-3379","page","type-page","status-publish","hentry"],"post_mailing_queue_ids":[],"_links":{"self":[{"href":"https:\/\/agora.xtec.cat\/escola-norai-montgat\/wp-json\/wp\/v2\/pages\/3379","targetHints":{"allow":["GET"]}}],"collection":[{"href":"https:\/\/agora.xtec.cat\/escola-norai-montgat\/wp-json\/wp\/v2\/pages"}],"about":[{"href":"https:\/\/agora.xtec.cat\/escola-norai-montgat\/wp-json\/wp\/v2\/types\/page"}],"author":[{"embeddable":true,"href":"https:\/\/agora.xtec.cat\/escola-norai-montgat\/wp-json\/wp\/v2\/users\/1"}],"replies":[{"embeddable":true,"href":"https:\/\/agora.xtec.cat\/escola-norai-montgat\/wp-json\/wp\/v2\/comments?post=3379"}],"version-history":[{"count":3,"href":"https:\/\/agora.xtec.cat\/escola-norai-montgat\/wp-json\/wp\/v2\/pages\/3379\/revisions"}],"predecessor-version":[{"id":3442,"href":"https:\/\/agora.xtec.cat\/escola-norai-montgat\/wp-json\/wp\/v2\/pages\/3379\/revisions\/3442"}],"up":[{"embeddable":true,"href":"https:\/\/agora.xtec.cat\/escola-norai-montgat\/wp-json\/wp\/v2\/pages\/7"}],"wp:attachment":[{"href":"https:\/\/agora.xtec.cat\/escola-norai-montgat\/wp-json\/wp\/v2\/media?parent=3379"}],"curies":[{"name":"wp","href":"https:\/\/api.w.org\/{rel}","templated":true}]}}