{"id":3367,"date":"2026-02-01T13:18:20","date_gmt":"2026-02-01T12:18:20","guid":{"rendered":"https:\/\/agora.xtec.cat\/escola-norai-montgat\/?page_id=3367"},"modified":"2026-02-01T13:39:35","modified_gmt":"2026-02-01T12:39:35","slug":"vincles-que-neixen-a-taula","status":"publish","type":"page","link":"https:\/\/agora.xtec.cat\/escola-norai-montgat\/pagines-dinici\/ecosistema-que-apren\/vincles-que-neixen-a-taula\/","title":{"rendered":"Vincles que neixen a taula"},"content":{"rendered":"<h2>El dinar amb persones adultes a taula \u00e9s un moment de benestar i intercanvi positiu<\/h2>\n<h6><img loading=\"lazy\" decoding=\"async\" class=\"alignleft wp-image-2542\" src=\"https:\/\/agora.xtec.cat\/escola-norai-montgat\/wp-content\/uploads\/usu1780\/2022\/12\/IMG_20221130_092834-150x150.jpg\" alt=\"\" width=\"221\" height=\"221\" \/><\/h6>\n<p>&nbsp;<\/p>\n<p>&#8220;A la taula d&#8217;una escola es cuinen molt m\u00e9s que men\u00fas: es cuinen <b data-path-to-node=\"11,0\" data-index-in-node=\"65\">vincles<\/b>. Els nostres monitors i monitores seuen amb els infants per compartir el mateix plat i la mateixa conversa. Mitjan\u00e7ant aquest modelatge, creem un espai de seguretat on cada infant pot expressar les seves emocions i cr\u00e9ixer en la paraula, reproduint la calidesa d&#8217;un \u00e0pat en fam\u00edlia.&#8221;<\/p>\n<p>&nbsp;<\/p>\n<p data-path-to-node=\"3\">Els\u00a0 monitors i monitores dinen colze a colze amb l\u2019alumnat, compartint el mateix men\u00fa i la mateixa taula. Aquest <b data-path-to-node=\"3\" data-index-in-node=\"289\">modelatge directe<\/b> ens permet transformar l&#8217;\u00e0pat en un espai on:<\/p>\n<ul data-path-to-node=\"4\">\n<li>\n<p data-path-to-node=\"4,0,0\"><b data-path-to-node=\"4,0,0\" data-index-in-node=\"0\">Es cultiva el vincle:<\/b> La proximitat genera un clima de confian\u00e7a que facilita la conversa espont\u00e0nia i l&#8217;expressi\u00f3 emocional.<\/p>\n<\/li>\n<li>\n<p data-path-to-node=\"4,1,0\"><b data-path-to-node=\"4,1,0\" data-index-in-node=\"0\">Es fomenta la comunicaci\u00f3:<\/b> \u00c9s el moment ideal per a aquells infants que se senten m\u00e9s c\u00f2modes en petit comit\u00e8, permetent-los expressar-se sense la pressi\u00f3 del grup gran.<\/p>\n<\/li>\n<li>\n<p data-path-to-node=\"4,2,0\"><b data-path-to-node=\"4,2,0\" data-index-in-node=\"0\">Es connecta amb la llar:<\/b> Dinant junts, recreem els h\u00e0bits familiars i aprenem l&#8217;art de la conversa entre generacions, enriquint l&#8217;intercanvi de viv\u00e8ncies.<\/p>\n<\/li>\n<\/ul>\n","protected":false},"excerpt":{"rendered":"<p>El dinar amb persones adultes a taula \u00e9s un moment de benestar i intercanvi positiu<\/p>\n<p>&nbsp;<br \/>\n&#8220;A la taula d&#8217;una escola es cuinen molt m\u00e9s que men\u00fas: es cuinen vincles. Els nostres monitors i monitores seuen amb els infants per compartir el mateix plat i la mateixa&hellip;  <a href=\"https:\/\/agora.xtec.cat\/escola-norai-montgat\/pagines-dinici\/ecosistema-que-apren\/vincles-que-neixen-a-taula\/\" title=\"Read Vincles que neixen a taula\">Llegeix m\u00e9s\u00bb<\/a><\/p>\n","protected":false},"author":1,"featured_media":0,"parent":2678,"menu_order":55,"comment_status":"closed","ping_status":"closed","template":"page-templates\/side-menu.php","meta":{"_bbp_topic_count":0,"_bbp_reply_count":0,"_bbp_total_topic_count":0,"_bbp_total_reply_count":0,"_bbp_voice_count":0,"_bbp_anonymous_reply_count":0,"_bbp_topic_count_hidden":0,"_bbp_reply_count_hidden":0,"_bbp_forum_subforum_count":0,"footnotes":""},"class_list":["post-3367","page","type-page","status-publish","hentry"],"post_mailing_queue_ids":[],"_links":{"self":[{"href":"https:\/\/agora.xtec.cat\/escola-norai-montgat\/wp-json\/wp\/v2\/pages\/3367","targetHints":{"allow":["GET"]}}],"collection":[{"href":"https:\/\/agora.xtec.cat\/escola-norai-montgat\/wp-json\/wp\/v2\/pages"}],"about":[{"href":"https:\/\/agora.xtec.cat\/escola-norai-montgat\/wp-json\/wp\/v2\/types\/page"}],"author":[{"embeddable":true,"href":"https:\/\/agora.xtec.cat\/escola-norai-montgat\/wp-json\/wp\/v2\/users\/1"}],"replies":[{"embeddable":true,"href":"https:\/\/agora.xtec.cat\/escola-norai-montgat\/wp-json\/wp\/v2\/comments?post=3367"}],"version-history":[{"count":1,"href":"https:\/\/agora.xtec.cat\/escola-norai-montgat\/wp-json\/wp\/v2\/pages\/3367\/revisions"}],"predecessor-version":[{"id":3368,"href":"https:\/\/agora.xtec.cat\/escola-norai-montgat\/wp-json\/wp\/v2\/pages\/3367\/revisions\/3368"}],"up":[{"embeddable":true,"href":"https:\/\/agora.xtec.cat\/escola-norai-montgat\/wp-json\/wp\/v2\/pages\/2678"}],"wp:attachment":[{"href":"https:\/\/agora.xtec.cat\/escola-norai-montgat\/wp-json\/wp\/v2\/media?parent=3367"}],"curies":[{"name":"wp","href":"https:\/\/api.w.org\/{rel}","templated":true}]}}