{"id":3358,"date":"2026-02-01T12:53:52","date_gmt":"2026-02-01T11:53:52","guid":{"rendered":"https:\/\/agora.xtec.cat\/escola-norai-montgat\/?page_id=3358"},"modified":"2026-02-01T21:14:42","modified_gmt":"2026-02-01T20:14:42","slug":"la-docencia-compartida","status":"publish","type":"page","link":"https:\/\/agora.xtec.cat\/escola-norai-montgat\/pagines-dinici\/ecosistema-que-apren\/la-docencia-compartida\/","title":{"rendered":"La doc\u00e8ncia compartida"},"content":{"rendered":"<h2>El nostre comprom\u00eds pedag\u00f2gic<\/h2>\n<p>. <b data-path-to-node=\"3,0,0\" data-index-in-node=\"0\">Doc\u00e8ncia compartida i corresponsabilitat:<\/b> Entenem l&#8217;educaci\u00f3 com un repte col\u00b7lectiu. Compartim la planificaci\u00f3 i l&#8217;avaluaci\u00f3 per cr\u00e9ixer plegades i garantir la millor atenci\u00f3 a l&#8217;infant.<\/p>\n<p>. <b data-path-to-node=\"3,1,0\" data-index-in-node=\"0\">Disseny col\u00b7laboratiu:<\/b> Tot el que creem es posa en com\u00fa. L\u2019equip valora i enriqueix cada proposta per transformar-la en una experi\u00e8ncia d&#8217;aprenentatge de qualitat.<\/p>\n<p>. <b data-path-to-node=\"3,2,0\" data-index-in-node=\"0\">Avaluaci\u00f3:<\/b> Qualsevol mestra que acompanya l&#8217;infant recull evid\u00e8ncies d&#8217;aprenentatge. Compartir aquestes mirades ens permet con\u00e8ixer cada alumn<span style=\"font-family: inherit; font-size: 1em;\">e des de totes les seves dimensions.<\/span><\/p>\n<p><strong>. Comprom\u00eds<\/strong><b data-path-to-node=\"3,3,0\" data-index-in-node=\"0\"> \u00e8tic i actualitzat:<\/b> Mirem el m\u00f3n amb els ulls de l&#8217;infant per oferir respostes innovadores a les necessitats de l&#8217;avui.<\/p>\n<p>. <b data-path-to-node=\"3,4,0\" data-index-in-node=\"0\">Generositat professional:<\/b> El nostre motor \u00e9s la implicaci\u00f3. Treballem amb una actitud oberta i generosa, posant el talent de cada docent al servei de tot el centre.<\/p>\n<h2><\/h2>\n<h2>La formaci\u00f3 interna de centre ens ofereix un espai de reflexi\u00f3 i creaci\u00f3 pedag\u00f2gica<\/h2>\n<p>. Un dia a la setmana tot l&#8217;equip educatiu fa una formaci\u00f3 conjunta fora d&#8217;horari lectiu on s&#8217;analitza documentaci\u00f3, s&#8217;elabora material, es posa en com\u00fa el coneixement i es construeix col\u00b7lectivament el projecte pedag\u00f2gic.<\/p>\n<p>. Facilita l&#8217;aprofundiment, la cooperaci\u00f3 i la cultura autoavaluativa.<\/p>\n<p>. Promou l&#8217;intercanvi d&#8217;experi\u00e8ncies i l&#8217;aprenentatge entre iguals, afavorint que s&#8217;aprofitin els talents individuals per a la millora col\u00b7lectiva.<\/p>\n<p><b>. <\/b><span style=\"font-weight: 400;\">Basem la nostra pr\u00e0ctica en la neuroeducaci\u00f3, la did\u00e0ctica, i la psicologia de l\u2019aprenentatge, transformant la teoria en experi\u00e8ncies de vida a l&#8217;aula.<\/span><\/p>\n<h6><img loading=\"lazy\" decoding=\"async\" class=\"wp-image-2529 aligncenter\" src=\"https:\/\/agora.xtec.cat\/escola-norai-montgat\/wp-content\/uploads\/usu1780\/2022\/11\/WhatsApp-Image-2022-11-27-at-19.28.39.jpeg\" alt=\"\" width=\"700\" height=\"319\" srcset=\"https:\/\/agora.xtec.cat\/escola-norai-montgat\/wp-content\/uploads\/usu1780\/2022\/11\/WhatsApp-Image-2022-11-27-at-19.28.39.jpeg 872w, https:\/\/agora.xtec.cat\/escola-norai-montgat\/wp-content\/uploads\/usu1780\/2022\/11\/WhatsApp-Image-2022-11-27-at-19.28.39-300x137.jpeg 300w, https:\/\/agora.xtec.cat\/escola-norai-montgat\/wp-content\/uploads\/usu1780\/2022\/11\/WhatsApp-Image-2022-11-27-at-19.28.39-768x351.jpeg 768w\" sizes=\"auto, (max-width: 700px) 100vw, 700px\" \/><\/h6>\n<h2><\/h2>\n<p>&nbsp;<\/p>\n<p>&nbsp;<\/p>\n","protected":false},"excerpt":{"rendered":"<p>El nostre comprom\u00eds pedag\u00f2gic<br \/>\n. Doc\u00e8ncia compartida i corresponsabilitat: Entenem l&#8217;educaci\u00f3 com un repte col\u00b7lectiu. Compartim la planificaci\u00f3 i l&#8217;avaluaci\u00f3 per cr\u00e9ixer plegades i garantir la millor atenci\u00f3 a l&#8217;infant.<br \/>\n. Disseny col\u00b7laboratiu: Tot el que creem es posa en com\u00fa. L\u2019equip valora i enriqueix cada proposta&hellip;  <a href=\"https:\/\/agora.xtec.cat\/escola-norai-montgat\/pagines-dinici\/ecosistema-que-apren\/la-docencia-compartida\/\" title=\"Read La doc\u00e8ncia compartida\">Llegeix m\u00e9s\u00bb<\/a><\/p>\n","protected":false},"author":1,"featured_media":0,"parent":2678,"menu_order":54,"comment_status":"closed","ping_status":"closed","template":"page-templates\/side-menu.php","meta":{"_bbp_topic_count":0,"_bbp_reply_count":0,"_bbp_total_topic_count":0,"_bbp_total_reply_count":0,"_bbp_voice_count":0,"_bbp_anonymous_reply_count":0,"_bbp_topic_count_hidden":0,"_bbp_reply_count_hidden":0,"_bbp_forum_subforum_count":0,"footnotes":""},"class_list":["post-3358","page","type-page","status-publish","hentry"],"post_mailing_queue_ids":[],"_links":{"self":[{"href":"https:\/\/agora.xtec.cat\/escola-norai-montgat\/wp-json\/wp\/v2\/pages\/3358","targetHints":{"allow":["GET"]}}],"collection":[{"href":"https:\/\/agora.xtec.cat\/escola-norai-montgat\/wp-json\/wp\/v2\/pages"}],"about":[{"href":"https:\/\/agora.xtec.cat\/escola-norai-montgat\/wp-json\/wp\/v2\/types\/page"}],"author":[{"embeddable":true,"href":"https:\/\/agora.xtec.cat\/escola-norai-montgat\/wp-json\/wp\/v2\/users\/1"}],"replies":[{"embeddable":true,"href":"https:\/\/agora.xtec.cat\/escola-norai-montgat\/wp-json\/wp\/v2\/comments?post=3358"}],"version-history":[{"count":3,"href":"https:\/\/agora.xtec.cat\/escola-norai-montgat\/wp-json\/wp\/v2\/pages\/3358\/revisions"}],"predecessor-version":[{"id":3438,"href":"https:\/\/agora.xtec.cat\/escola-norai-montgat\/wp-json\/wp\/v2\/pages\/3358\/revisions\/3438"}],"up":[{"embeddable":true,"href":"https:\/\/agora.xtec.cat\/escola-norai-montgat\/wp-json\/wp\/v2\/pages\/2678"}],"wp:attachment":[{"href":"https:\/\/agora.xtec.cat\/escola-norai-montgat\/wp-json\/wp\/v2\/media?parent=3358"}],"curies":[{"name":"wp","href":"https:\/\/api.w.org\/{rel}","templated":true}]}}