{"id":3350,"date":"2026-02-01T12:46:37","date_gmt":"2026-02-01T11:46:37","guid":{"rendered":"https:\/\/agora.xtec.cat\/escola-norai-montgat\/?page_id=3350"},"modified":"2026-02-01T13:38:04","modified_gmt":"2026-02-01T12:38:04","slug":"companys-es-de-cordada","status":"publish","type":"page","link":"https:\/\/agora.xtec.cat\/escola-norai-montgat\/pagines-dinici\/ecosistema-que-apren\/companys-es-de-cordada\/","title":{"rendered":"Companys\/es de Cordada"},"content":{"rendered":"<h2>Amb les companyes i companys de cordada s&#8217;estableixen vincles s\u00f2lids i es promou el sentit de pertinen\u00e7a al grup<\/h2>\n<p><img loading=\"lazy\" decoding=\"async\" class=\"alignright wp-image-2544\" src=\"https:\/\/agora.xtec.cat\/escola-norai-montgat\/wp-content\/uploads\/usu1780\/2022\/12\/57-1-150x150.jpg\" alt=\"\" width=\"276\" height=\"276\" srcset=\"https:\/\/agora.xtec.cat\/escola-norai-montgat\/wp-content\/uploads\/usu1780\/2022\/12\/57-1-150x150.jpg 150w, https:\/\/agora.xtec.cat\/escola-norai-montgat\/wp-content\/uploads\/usu1780\/2022\/12\/57-1-300x300.jpg 300w, https:\/\/agora.xtec.cat\/escola-norai-montgat\/wp-content\/uploads\/usu1780\/2022\/12\/57-1-1024x1024.jpg 1024w, https:\/\/agora.xtec.cat\/escola-norai-montgat\/wp-content\/uploads\/usu1780\/2022\/12\/57-1-768x767.jpg 768w, https:\/\/agora.xtec.cat\/escola-norai-montgat\/wp-content\/uploads\/usu1780\/2022\/12\/57-1-1536x1534.jpg 1536w, https:\/\/agora.xtec.cat\/escola-norai-montgat\/wp-content\/uploads\/usu1780\/2022\/12\/57-1.jpg 2000w\" sizes=\"auto, (max-width: 276px) 100vw, 276px\" \/><\/p>\n<p>Quan un nou alumne arriba al centre, s&#8217;aparella amb un company o companya de set anys. Aquesta uni\u00f3 no \u00e9s puntual, sin\u00f3 que es mant\u00e9 <b data-path-to-node=\"6\" data-index-in-node=\"133\">per a tota l&#8217;escolaritat<\/b>. Esdevenen referents l&#8217;un de l&#8217;altre, creant una relaci\u00f3 de confian\u00e7a que creix a mesura que ells tamb\u00e9 ho fan.<\/p>\n<h3 data-path-to-node=\"7\">Com es viu aquest vincle?<\/h3>\n<p data-path-to-node=\"8\">La cordada es manifesta en el dia a dia a trav\u00e9s de gestos petits per\u00f2 plens de significat:<\/p>\n<ul data-path-to-node=\"9\">\n<li>\n<p data-path-to-node=\"9,0,0\"><b data-path-to-node=\"9,0,0\" data-index-in-node=\"0\">Acompanyament i cura:<\/b> Els grans ajuden els petits en les rutines di\u00e0ries.<\/p>\n<\/li>\n<li>\n<p data-path-to-node=\"9,1,0\"><b data-path-to-node=\"9,1,0\" data-index-in-node=\"0\">Aprenentatge compartit:<\/b> S\u2019ensenyen m\u00fatuament les exposicions orals dels seus treballs en xarxa, fomentant l&#8217;admiraci\u00f3 i l&#8217;escolta activa.<\/p>\n<\/li>\n<li>\n<p data-path-to-node=\"9,2,0\"><b data-path-to-node=\"9,2,0\" data-index-in-node=\"0\">Lectura en parella:<\/b> A partir de segon nivell, les parelles es troben per llegir junts. \u00c9s un moment m\u00e0gic on el plaer de la lectura es barreja amb el vincle afectiu.<\/p>\n<\/li>\n<li>\n<p data-path-to-node=\"12,0,0\"><b data-path-to-node=\"12,0,0\" data-index-in-node=\"0\">Responsabilitat:<\/b> L&#8217;infant gran assumeix un rol de cura i atenci\u00f3 cap a l&#8217;altre.<\/p>\n<\/li>\n<li>\n<p data-path-to-node=\"12,1,0\"><b data-path-to-node=\"12,1,0\" data-index-in-node=\"0\">Seguretat:<\/b> L&#8217;infant petit sap que t\u00e9 alg\u00fa de confian\u00e7a a qui demanar ajut.<\/p>\n<\/li>\n<li>\n<p data-path-to-node=\"12,2,0\"><b data-path-to-node=\"12,2,0\" data-index-in-node=\"0\">Inclusi\u00f3:<\/b> El sistema de cordades facilita l&#8217;acollida de nous infants i elimina situacions d&#8217;a\u00efllament o menyspreu gr\u00e0cies al modelatge positiu.<\/p>\n<\/li>\n<\/ul>\n<h6 style=\"text-align: center;\" data-path-to-node=\"12,2,0\"><em><strong>La cordada \u00e9s la for\u00e7a de l&#8217;un i el suport de l&#8217;altre. <\/strong><\/em><\/h6>\n<h6 style=\"text-align: center;\" data-path-to-node=\"12,2,0\"><em><strong>Junts aprenem a cr\u00e9ixer i a viure en comunitat.<\/strong><\/em><\/h6>\n<h6><\/h6>\n","protected":false},"excerpt":{"rendered":"<p>Amb les companyes i companys de cordada s&#8217;estableixen vincles s\u00f2lids i es promou el sentit de pertinen\u00e7a al grup<\/p>\n<p>Quan un nou alumne arriba al centre, s&#8217;aparella amb un company o companya de set anys. Aquesta uni\u00f3 no \u00e9s puntual, sin\u00f3 que es mant\u00e9 per a&hellip;  <a href=\"https:\/\/agora.xtec.cat\/escola-norai-montgat\/pagines-dinici\/ecosistema-que-apren\/companys-es-de-cordada\/\" title=\"Read Companys\/es de Cordada\">Llegeix m\u00e9s\u00bb<\/a><\/p>\n","protected":false},"author":1,"featured_media":0,"parent":2678,"menu_order":53,"comment_status":"closed","ping_status":"closed","template":"page-templates\/side-menu.php","meta":{"_bbp_topic_count":0,"_bbp_reply_count":0,"_bbp_total_topic_count":0,"_bbp_total_reply_count":0,"_bbp_voice_count":0,"_bbp_anonymous_reply_count":0,"_bbp_topic_count_hidden":0,"_bbp_reply_count_hidden":0,"_bbp_forum_subforum_count":0,"footnotes":""},"class_list":["post-3350","page","type-page","status-publish","hentry"],"post_mailing_queue_ids":[],"_links":{"self":[{"href":"https:\/\/agora.xtec.cat\/escola-norai-montgat\/wp-json\/wp\/v2\/pages\/3350","targetHints":{"allow":["GET"]}}],"collection":[{"href":"https:\/\/agora.xtec.cat\/escola-norai-montgat\/wp-json\/wp\/v2\/pages"}],"about":[{"href":"https:\/\/agora.xtec.cat\/escola-norai-montgat\/wp-json\/wp\/v2\/types\/page"}],"author":[{"embeddable":true,"href":"https:\/\/agora.xtec.cat\/escola-norai-montgat\/wp-json\/wp\/v2\/users\/1"}],"replies":[{"embeddable":true,"href":"https:\/\/agora.xtec.cat\/escola-norai-montgat\/wp-json\/wp\/v2\/comments?post=3350"}],"version-history":[{"count":3,"href":"https:\/\/agora.xtec.cat\/escola-norai-montgat\/wp-json\/wp\/v2\/pages\/3350\/revisions"}],"predecessor-version":[{"id":3362,"href":"https:\/\/agora.xtec.cat\/escola-norai-montgat\/wp-json\/wp\/v2\/pages\/3350\/revisions\/3362"}],"up":[{"embeddable":true,"href":"https:\/\/agora.xtec.cat\/escola-norai-montgat\/wp-json\/wp\/v2\/pages\/2678"}],"wp:attachment":[{"href":"https:\/\/agora.xtec.cat\/escola-norai-montgat\/wp-json\/wp\/v2\/media?parent=3350"}],"curies":[{"name":"wp","href":"https:\/\/api.w.org\/{rel}","templated":true}]}}