{"id":3346,"date":"2026-02-01T12:35:54","date_gmt":"2026-02-01T11:35:54","guid":{"rendered":"https:\/\/agora.xtec.cat\/escola-norai-montgat\/?page_id=3346"},"modified":"2026-02-01T13:37:28","modified_gmt":"2026-02-01T12:37:28","slug":"agrupaments-heterogenis","status":"publish","type":"page","link":"https:\/\/agora.xtec.cat\/escola-norai-montgat\/pagines-dinici\/ecosistema-que-apren\/agrupaments-heterogenis\/","title":{"rendered":"Agrupaments Heterogenis"},"content":{"rendered":"<h2>L&#8217;agrupament d&#8217;infants de diferents edats respecta el ritme individual i el moment evolutiu<\/h2>\n<p><img loading=\"lazy\" decoding=\"async\" class=\"wp-image-2532 alignleft\" src=\"https:\/\/agora.xtec.cat\/escola-norai-montgat\/wp-content\/uploads\/usu1780\/2022\/11\/WhatsApp-Image-2022-11-27-at-19.49.36-150x150.jpeg\" alt=\"\" width=\"271\" height=\"271\" \/><\/p>\n<p>&nbsp;<\/p>\n<p>Entenem l\u2019escola com un ecosistema viu on la diversitat \u00e9s la nostra major riquesa. En lloc de seguir una estructura r\u00edgida per anys de naixement, apostem per una organitzaci\u00f3 que s\u2019emmiralla en la vida real, on persones de diferents edats conviuen, col\u00b7laboren i creixen juntes. Aquest model ens permet posar el focus en el proc\u00e9s de cada infant, garantint que l\u2019escola s\u2019adapti a ells i no a l\u2019inrev\u00e9s.<\/p>\n<p>&nbsp;<\/p>\n<p>&nbsp;<\/p>\n<ul>\n<li>\n<p data-path-to-node=\"5,0,0\"><b data-path-to-node=\"5,0,0\" data-index-in-node=\"0\">Organitzaci\u00f3 per nivells:<\/b> A cada espai s&#8217;agrupen infants de dues edats (3-4 anys, 5-6 anys, 7-8 anys, 9-10 anys i els grans d&#8217;11 anys), trencant amb l&#8217;estructura habitual per crear experi\u00e8ncies m\u00e9s riques.<\/p>\n<\/li>\n<li>\n<p data-path-to-node=\"5,1,0\"><b data-path-to-node=\"5,1,0\" data-index-in-node=\"0\">Continu\u00eftat i diversitat de rols:<\/b> Cada infant roman dos cursos en un mateix nivell, fet que li permet integrar diferents rols (petit i gran) i desenvolupar habilitats socials i de lideratge respecte als seus companys.<\/p>\n<\/li>\n<li>\n<p data-path-to-node=\"5,2,0\"><b data-path-to-node=\"5,2,0\" data-index-in-node=\"0\">Respecte pels processos interns:<\/b> Adaptem els ritmes escolars als ritmes personals, oferint una mesura universal que augmenta el temps per assolir els aprenentatges i proporciona seguretat a l&#8217;infant.<\/p>\n<\/li>\n<li>\n<p data-path-to-node=\"5,4,0\"><b data-path-to-node=\"5,4,0\" data-index-in-node=\"0\">Aprenentatge entre iguals i zones de desenvolupament proper:<\/b> Els infants aprenen els uns dels altres, fent d&#8217;experts per ajudar els companys a integrar processos i desenvolupant compet\u00e8ncies com demanar ajuda i compartir el coneixement.<\/p>\n<\/li>\n<li>\n<p data-path-to-node=\"5,5,0\"><b data-path-to-node=\"5,5,0\" data-index-in-node=\"0\">Autonomia i autoregulaci\u00f3:<\/b> Fomentem que l&#8217;infant sigui el protagonista del seu aprenentatge; en no haver-hi una sola manera de fer les coses, es potencia la descoberta pr\u00f2pia i l&#8217;autocontrol.<\/p>\n<\/li>\n<li>\n<p data-path-to-node=\"5,6,0\"><b data-path-to-node=\"5,6,0\" data-index-in-node=\"0\">Acollida c\u00e0lida i acompanyada:<\/b> Els infants que ja estan adaptats faciliten l&#8217;entrada dels m\u00e9s nous, permetent que les mestres ofereixin una atenci\u00f3 m\u00e9s serena i de qualitat.<\/p>\n<\/li>\n<li>\n<p data-path-to-node=\"5,7,0\"><b data-path-to-node=\"5,7,0\" data-index-in-node=\"0\">Vincles basats en l&#8217;afinitat:<\/b> Enriquim la diversitat d&#8217;experi\u00e8ncies permetent que les relacions neixin per interessos i nivell maduratiu, aprenent a conviure, a cuidar, a acomiadar i a retrobar-se.<\/p>\n<\/li>\n<li>\n<p data-path-to-node=\"5,8,0\"><b data-path-to-node=\"5,8,0\" data-index-in-node=\"0\">Clima de respecte i calma:<\/b> Creem un entorn on donar i rebre amb generositat \u00e9s la base de la conviv\u00e8ncia, garantint un ambient de benestar per a tota la comunitat.<\/p>\n<\/li>\n<\/ul>\n","protected":false},"excerpt":{"rendered":"<p>L&#8217;agrupament d&#8217;infants de diferents edats respecta el ritme individual i el moment evolutiu<\/p>\n<p>&nbsp;<br \/>\nEntenem l\u2019escola com un ecosistema viu on la diversitat \u00e9s la nostra major riquesa. En lloc de seguir una estructura r\u00edgida per anys de naixement, apostem per una organitzaci\u00f3 que s\u2019emmiralla en la&hellip;  <a href=\"https:\/\/agora.xtec.cat\/escola-norai-montgat\/pagines-dinici\/ecosistema-que-apren\/agrupaments-heterogenis\/\" title=\"Read Agrupaments Heterogenis\">Llegeix m\u00e9s\u00bb<\/a><\/p>\n","protected":false},"author":1,"featured_media":0,"parent":2678,"menu_order":52,"comment_status":"closed","ping_status":"closed","template":"page-templates\/side-menu.php","meta":{"_bbp_topic_count":0,"_bbp_reply_count":0,"_bbp_total_topic_count":0,"_bbp_total_reply_count":0,"_bbp_voice_count":0,"_bbp_anonymous_reply_count":0,"_bbp_topic_count_hidden":0,"_bbp_reply_count_hidden":0,"_bbp_forum_subforum_count":0,"footnotes":""},"class_list":["post-3346","page","type-page","status-publish","hentry"],"post_mailing_queue_ids":[],"_links":{"self":[{"href":"https:\/\/agora.xtec.cat\/escola-norai-montgat\/wp-json\/wp\/v2\/pages\/3346","targetHints":{"allow":["GET"]}}],"collection":[{"href":"https:\/\/agora.xtec.cat\/escola-norai-montgat\/wp-json\/wp\/v2\/pages"}],"about":[{"href":"https:\/\/agora.xtec.cat\/escola-norai-montgat\/wp-json\/wp\/v2\/types\/page"}],"author":[{"embeddable":true,"href":"https:\/\/agora.xtec.cat\/escola-norai-montgat\/wp-json\/wp\/v2\/users\/1"}],"replies":[{"embeddable":true,"href":"https:\/\/agora.xtec.cat\/escola-norai-montgat\/wp-json\/wp\/v2\/comments?post=3346"}],"version-history":[{"count":4,"href":"https:\/\/agora.xtec.cat\/escola-norai-montgat\/wp-json\/wp\/v2\/pages\/3346\/revisions"}],"predecessor-version":[{"id":3355,"href":"https:\/\/agora.xtec.cat\/escola-norai-montgat\/wp-json\/wp\/v2\/pages\/3346\/revisions\/3355"}],"up":[{"embeddable":true,"href":"https:\/\/agora.xtec.cat\/escola-norai-montgat\/wp-json\/wp\/v2\/pages\/2678"}],"wp:attachment":[{"href":"https:\/\/agora.xtec.cat\/escola-norai-montgat\/wp-json\/wp\/v2\/media?parent=3346"}],"curies":[{"name":"wp","href":"https:\/\/api.w.org\/{rel}","templated":true}]}}