{"id":3319,"date":"2026-02-01T10:52:08","date_gmt":"2026-02-01T09:52:08","guid":{"rendered":"https:\/\/agora.xtec.cat\/escola-norai-montgat\/?page_id=3319"},"modified":"2026-02-02T11:53:12","modified_gmt":"2026-02-02T10:53:12","slug":"com-acompanyem-lespai-millora","status":"publish","type":"page","link":"https:\/\/agora.xtec.cat\/escola-norai-montgat\/pagines-dinici\/oferta-educativa\/com-acompanyem-lespai-millora\/","title":{"rendered":"Com acompanyem l&#8217;espai millora?"},"content":{"rendered":"<h3>La Metacognici\u00f3<\/h3>\n<p style=\"text-align: center;\"><img loading=\"lazy\" decoding=\"async\" class=\"wp-image-3335 aligncenter\" src=\"https:\/\/agora.xtec.cat\/escola-norai-montgat\/wp-content\/uploads\/usu1780\/2026\/02\/0000.png\" alt=\"\" width=\"636\" height=\"231\" srcset=\"https:\/\/agora.xtec.cat\/escola-norai-montgat\/wp-content\/uploads\/usu1780\/2026\/02\/0000.png 795w, https:\/\/agora.xtec.cat\/escola-norai-montgat\/wp-content\/uploads\/usu1780\/2026\/02\/0000-300x109.png 300w, https:\/\/agora.xtec.cat\/escola-norai-montgat\/wp-content\/uploads\/usu1780\/2026\/02\/0000-768x279.png 768w\" sizes=\"auto, (max-width: 636px) 100vw, 636px\" \/><\/p>\n<h5><span style=\"color: #000000;\"><span style=\"font-weight: 400;\">Aprendre no \u00e9s nom\u00e9s fer; aprendre tamb\u00e9 vol dir aturar-se a pensar sobre el que s&#8217;ha fet. L&#8217;<\/span><span style=\"font-weight: 400;\">espai millora \u00e9s el lloc on la consci\u00e8ncia i l&#8217;aprenentatge es troben. \u00c9s el moment en qu\u00e8 l&#8217;infant pren les regnes del seu proc\u00e9s i es converteix en el protagonista del seu propi progr\u00e9s.<\/span><\/span><\/h5>\n<h6 style=\"text-align: center;\"><img loading=\"lazy\" decoding=\"async\" class=\"wp-image-3325 aligncenter\" src=\"https:\/\/agora.xtec.cat\/escola-norai-montgat\/wp-content\/uploads\/usu1780\/2026\/02\/111111111-1.png\" alt=\"\" width=\"606\" height=\"117\" srcset=\"https:\/\/agora.xtec.cat\/escola-norai-montgat\/wp-content\/uploads\/usu1780\/2026\/02\/111111111-1.png 777w, https:\/\/agora.xtec.cat\/escola-norai-montgat\/wp-content\/uploads\/usu1780\/2026\/02\/111111111-1-300x58.png 300w, https:\/\/agora.xtec.cat\/escola-norai-montgat\/wp-content\/uploads\/usu1780\/2026\/02\/111111111-1-768x148.png 768w\" sizes=\"auto, (max-width: 606px) 100vw, 606px\" \/><\/h6>\n<h5><\/h5>\n<p><img loading=\"lazy\" decoding=\"async\" class=\"wp-image-3339 aligncenter\" src=\"https:\/\/agora.xtec.cat\/escola-norai-montgat\/wp-content\/uploads\/usu1780\/2026\/02\/WhatsApp-Image-2026-02-01-at-11.32.34-copia-1024x987.jpeg\" alt=\"\" width=\"488\" height=\"471\" srcset=\"https:\/\/agora.xtec.cat\/escola-norai-montgat\/wp-content\/uploads\/usu1780\/2026\/02\/WhatsApp-Image-2026-02-01-at-11.32.34-copia-1024x987.jpeg 1024w, https:\/\/agora.xtec.cat\/escola-norai-montgat\/wp-content\/uploads\/usu1780\/2026\/02\/WhatsApp-Image-2026-02-01-at-11.32.34-copia-300x289.jpeg 300w, https:\/\/agora.xtec.cat\/escola-norai-montgat\/wp-content\/uploads\/usu1780\/2026\/02\/WhatsApp-Image-2026-02-01-at-11.32.34-copia-768x740.jpeg 768w, https:\/\/agora.xtec.cat\/escola-norai-montgat\/wp-content\/uploads\/usu1780\/2026\/02\/WhatsApp-Image-2026-02-01-at-11.32.34-copia.jpeg 1220w\" sizes=\"auto, (max-width: 488px) 100vw, 488px\" \/><\/p>\n<h5><span style=\"color: #000000;\"><span style=\"font-weight: 400;\">A trav\u00e9s de la <\/span><b>metacognici\u00f3<\/b><span style=\"font-weight: 400;\">, l&#8217;alumne apr\u00e8n a mirar-se a si mateix i es pregunta:<\/span><\/span><\/h5>\n<ul>\n<li style=\"font-weight: 400;\" aria-level=\"1\">\n<h5><span style=\"color: #000000;\"><i><span style=\"font-weight: 400;\">Qu\u00e8 se&#8217;m d\u00f3na b\u00e9 i em fa sentir segur?<\/span><\/i><\/span><\/h5>\n<\/li>\n<li style=\"font-weight: 400;\" aria-level=\"1\">\n<h5><span style=\"color: #000000;\"><i><span style=\"font-weight: 400;\">En quin punt m&#8217;he encallat i per qu\u00e8?<\/span><\/i><\/span><\/h5>\n<\/li>\n<li style=\"font-weight: 400;\" aria-level=\"1\">\n<h5><span style=\"color: #000000;\"><i><span style=\"font-weight: 400;\">Qu\u00e8 necessito refor\u00e7ar per seguir avan\u00e7ant?<\/span><\/i><\/span><\/h5>\n<\/li>\n<\/ul>\n<h5><span style=\"color: #000000;\"><span style=\"font-weight: 400;\">En aquest espai, l&#8217;error perd la seva connotaci\u00f3 negativa per convertir-se en una pista valuosa. L&#8217;infant, amb maduresa, assumeix la responsabilitat de millorar<\/span>,<span style=\"font-weight: 400;\"> transformant una dificultat puntual en un repte personal i assolible. Acompanyem aquest proc\u00e9s amb eines que ajuden a visibilitzar el pensament, permetent que cada infant\u00a0 sigui conscient del seu propi cam\u00ed.<\/span><\/span><\/h5>\n<p style=\"text-align: center;\"><img loading=\"lazy\" decoding=\"async\" class=\" wp-image-3473 aligncenter\" src=\"https:\/\/agora.xtec.cat\/escola-norai-montgat\/wp-content\/uploads\/usu1780\/2026\/02\/da.png\" alt=\"\" width=\"177\" height=\"253\" srcset=\"https:\/\/agora.xtec.cat\/escola-norai-montgat\/wp-content\/uploads\/usu1780\/2026\/02\/da.png 328w, https:\/\/agora.xtec.cat\/escola-norai-montgat\/wp-content\/uploads\/usu1780\/2026\/02\/da-210x300.png 210w\" sizes=\"auto, (max-width: 177px) 100vw, 177px\" \/><\/p>\n<p><img loading=\"lazy\" decoding=\"async\" class=\"wp-image-3329 aligncenter\" src=\"https:\/\/agora.xtec.cat\/escola-norai-montgat\/wp-content\/uploads\/usu1780\/2026\/02\/22222222-1.png\" alt=\"\" width=\"647\" height=\"131\" srcset=\"https:\/\/agora.xtec.cat\/escola-norai-montgat\/wp-content\/uploads\/usu1780\/2026\/02\/22222222-1.png 970w, https:\/\/agora.xtec.cat\/escola-norai-montgat\/wp-content\/uploads\/usu1780\/2026\/02\/22222222-1-300x61.png 300w, https:\/\/agora.xtec.cat\/escola-norai-montgat\/wp-content\/uploads\/usu1780\/2026\/02\/22222222-1-768x155.png 768w\" sizes=\"auto, (max-width: 647px) 100vw, 647px\" \/><\/p>\n","protected":false},"excerpt":{"rendered":"<p>La Metacognici\u00f3<\/p>\n<p>Aprendre no \u00e9s nom\u00e9s fer; aprendre tamb\u00e9 vol dir aturar-se a pensar sobre el que s&#8217;ha fet. L&#8217;espai millora \u00e9s el lloc on la consci\u00e8ncia i l&#8217;aprenentatge es troben. \u00c9s el moment en qu\u00e8 l&#8217;infant pren les regnes del seu proc\u00e9s i es converteix&hellip;  <a href=\"https:\/\/agora.xtec.cat\/escola-norai-montgat\/pagines-dinici\/oferta-educativa\/com-acompanyem-lespai-millora\/\" title=\"Read Com acompanyem l&#8217;espai millora?\">Llegeix m\u00e9s\u00bb<\/a><\/p>\n","protected":false},"author":1,"featured_media":0,"parent":34,"menu_order":50,"comment_status":"closed","ping_status":"closed","template":"page-templates\/side-menu.php","meta":{"_bbp_topic_count":0,"_bbp_reply_count":0,"_bbp_total_topic_count":0,"_bbp_total_reply_count":0,"_bbp_voice_count":0,"_bbp_anonymous_reply_count":0,"_bbp_topic_count_hidden":0,"_bbp_reply_count_hidden":0,"_bbp_forum_subforum_count":0,"footnotes":""},"class_list":["post-3319","page","type-page","status-publish","hentry"],"post_mailing_queue_ids":[],"_links":{"self":[{"href":"https:\/\/agora.xtec.cat\/escola-norai-montgat\/wp-json\/wp\/v2\/pages\/3319","targetHints":{"allow":["GET"]}}],"collection":[{"href":"https:\/\/agora.xtec.cat\/escola-norai-montgat\/wp-json\/wp\/v2\/pages"}],"about":[{"href":"https:\/\/agora.xtec.cat\/escola-norai-montgat\/wp-json\/wp\/v2\/types\/page"}],"author":[{"embeddable":true,"href":"https:\/\/agora.xtec.cat\/escola-norai-montgat\/wp-json\/wp\/v2\/users\/1"}],"replies":[{"embeddable":true,"href":"https:\/\/agora.xtec.cat\/escola-norai-montgat\/wp-json\/wp\/v2\/comments?post=3319"}],"version-history":[{"count":6,"href":"https:\/\/agora.xtec.cat\/escola-norai-montgat\/wp-json\/wp\/v2\/pages\/3319\/revisions"}],"predecessor-version":[{"id":3474,"href":"https:\/\/agora.xtec.cat\/escola-norai-montgat\/wp-json\/wp\/v2\/pages\/3319\/revisions\/3474"}],"up":[{"embeddable":true,"href":"https:\/\/agora.xtec.cat\/escola-norai-montgat\/wp-json\/wp\/v2\/pages\/34"}],"wp:attachment":[{"href":"https:\/\/agora.xtec.cat\/escola-norai-montgat\/wp-json\/wp\/v2\/media?parent=3319"}],"curies":[{"name":"wp","href":"https:\/\/api.w.org\/{rel}","templated":true}]}}