{"id":3181,"date":"2026-01-25T15:27:30","date_gmt":"2026-01-25T14:27:30","guid":{"rendered":"https:\/\/agora.xtec.cat\/escola-norai-montgat\/?page_id=3181"},"modified":"2026-01-29T14:52:58","modified_gmt":"2026-01-29T13:52:58","slug":"com-acompanyem-la-literatura","status":"publish","type":"page","link":"https:\/\/agora.xtec.cat\/escola-norai-montgat\/pagines-dinici\/oferta-educativa\/com-acompanyem-la-literatura\/","title":{"rendered":"Com acompanyem la literatura?"},"content":{"rendered":"<h5 style=\"text-align: center;\"><img loading=\"lazy\" decoding=\"async\" class=\"wp-image-3283 aligncenter\" src=\"https:\/\/agora.xtec.cat\/escola-norai-montgat\/wp-content\/uploads\/usu1780\/2026\/01\/11111.png\" alt=\"\" width=\"701\" height=\"262\" srcset=\"https:\/\/agora.xtec.cat\/escola-norai-montgat\/wp-content\/uploads\/usu1780\/2026\/01\/11111.png 934w, https:\/\/agora.xtec.cat\/escola-norai-montgat\/wp-content\/uploads\/usu1780\/2026\/01\/11111-300x112.png 300w, https:\/\/agora.xtec.cat\/escola-norai-montgat\/wp-content\/uploads\/usu1780\/2026\/01\/11111-768x287.png 768w\" sizes=\"auto, (max-width: 701px) 100vw, 701px\" \/><\/h5>\n<h5><\/h5>\n<h6><span style=\"font-weight: 400; color: #000000;\">A l&#8217;escola, la literatura \u00e9s un pilar fonamental. El nostre objectiu va molt m\u00e9s enll\u00e0 d&#8217;ensenyar a descodificar lletres: volem cultivar amants dels llibres. Creem moments ling\u00fc\u00edstics i literaris on la lectura es viu com un plaer, una descoberta i un acte compartit.<\/span><\/h6>\n<h6><span style=\"font-weight: 400; color: #000000;\">Entenem l&#8217;acompanyament lector a trav\u00e9s d&#8217;aquestes pr\u00e0ctiques:<\/span><\/h6>\n<ul>\n<li style=\"font-weight: 400;\" aria-level=\"1\">\n<h6><span style=\"color: #000000;\"><span style=\"color: #993300;\"><b>Lectura aut\u00f2noma:<\/b><\/span><span style=\"font-weight: 400;\"> Un espai de plaer lector diari on cada infant tria el seu cam\u00ed dins dels llibres, fomentant l&#8217;h\u00e0bit i la connexi\u00f3 personal amb la lectura.<\/span><\/span><\/h6>\n<\/li>\n<li style=\"font-weight: 400;\" aria-level=\"1\">\n<h6><span style=\"color: #000000;\"><span style=\"color: #993300;\"><b>Lectura en veu alta:<\/b><\/span><span style=\"font-weight: 400;\"> La mestra esdev\u00e9 el model que transmet la m\u00e0gia del relat. Escoltar una hist\u00f2ria \u00e9s la porta d&#8217;entrada a l&#8217;imaginari i al gust per les paraules.<\/span><\/span><\/h6>\n<\/li>\n<li style=\"font-weight: 400;\" aria-level=\"1\">\n<h6><span style=\"color: #000000;\"><span style=\"color: #993300;\"><b>Conversa liter\u00e0ria:<\/b><\/span><span style=\"font-weight: 400;\"> Espais de reflexi\u00f3 on parlem dels llibres de manera profunda. Aqu\u00ed no nom\u00e9s llegim, sin\u00f3 que constru\u00efm significat junts, compartint impressions i interpretacions.<\/span><\/span><\/h6>\n<\/li>\n<li style=\"font-weight: 400;\" aria-level=\"1\">\n<h6><span style=\"color: #000000;\"><span style=\"color: #993300;\"><b>Lectura en parella:<\/b><\/span><span style=\"font-weight: 400;\"> A trav\u00e9s dels companys de cordada, els infants s&#8217;ajuden m\u00fatuament, creant un vincle de confian\u00e7a on l&#8217;aprenentatge \u00e9s compartit i horitzontal.<\/span><\/span><\/h6>\n<\/li>\n<li style=\"font-weight: 400;\" aria-level=\"1\">\n<h6><span style=\"color: #000000;\"><span style=\"color: #993300;\"><b>Lectura individual:<\/b><\/span><span style=\"font-weight: 400;\"> Un moment de proximitat on l&#8217;infant llegeix en veu alta amb una mestra, permetent un acompanyament personalitzat, respectu\u00f3s i ple d&#8217;atenci\u00f3.<\/span><\/span><\/h6>\n<\/li>\n<li style=\"font-weight: 400;\" aria-level=\"1\">\n<h6><span style=\"color: #000000;\"><span style=\"color: #993300;\"><b style=\"font-family: inherit; font-size: 1em;\">Visites a les biblioteques:<\/b><\/span><span style=\"font-weight: 400;\"> Ja sigui a la biblioteca d&#8217;aula, la de l&#8217;escola o la del poble, entenem aquests espais com a temples de curiositat que cal explorar i habitar.<\/span><\/span><\/h6>\n<\/li>\n<\/ul>\n<p><img loading=\"lazy\" decoding=\"async\" class=\" wp-image-3249 aligncenter\" src=\"https:\/\/agora.xtec.cat\/escola-norai-montgat\/wp-content\/uploads\/usu1780\/2026\/01\/Captura-de-pantalla-2026-01-28-211346-1024x404.png\" alt=\"\" width=\"660\" height=\"260\" srcset=\"https:\/\/agora.xtec.cat\/escola-norai-montgat\/wp-content\/uploads\/usu1780\/2026\/01\/Captura-de-pantalla-2026-01-28-211346-1024x404.png 1024w, https:\/\/agora.xtec.cat\/escola-norai-montgat\/wp-content\/uploads\/usu1780\/2026\/01\/Captura-de-pantalla-2026-01-28-211346-300x118.png 300w, https:\/\/agora.xtec.cat\/escola-norai-montgat\/wp-content\/uploads\/usu1780\/2026\/01\/Captura-de-pantalla-2026-01-28-211346-768x303.png 768w, https:\/\/agora.xtec.cat\/escola-norai-montgat\/wp-content\/uploads\/usu1780\/2026\/01\/Captura-de-pantalla-2026-01-28-211346.png 1074w\" sizes=\"auto, (max-width: 660px) 100vw, 660px\" \/><\/p>\n","protected":false},"excerpt":{"rendered":"<p>A l&#8217;escola, la literatura \u00e9s un pilar fonamental. El nostre objectiu va molt m\u00e9s enll\u00e0 d&#8217;ensenyar a descodificar lletres: volem cultivar amants dels llibres. Creem moments ling\u00fc\u00edstics i literaris on la lectura es viu com un plaer, una descoberta i un acte compartit.<br \/>\nEntenem l&#8217;acompanyament lector&hellip;  <a href=\"https:\/\/agora.xtec.cat\/escola-norai-montgat\/pagines-dinici\/oferta-educativa\/com-acompanyem-la-literatura\/\" title=\"Read Com acompanyem la literatura?\">Llegeix m\u00e9s\u00bb<\/a><\/p>\n","protected":false},"author":1,"featured_media":0,"parent":34,"menu_order":48,"comment_status":"closed","ping_status":"closed","template":"page-templates\/side-menu.php","meta":{"_bbp_topic_count":0,"_bbp_reply_count":0,"_bbp_total_topic_count":0,"_bbp_total_reply_count":0,"_bbp_voice_count":0,"_bbp_anonymous_reply_count":0,"_bbp_topic_count_hidden":0,"_bbp_reply_count_hidden":0,"_bbp_forum_subforum_count":0,"footnotes":""},"class_list":["post-3181","page","type-page","status-publish","hentry"],"post_mailing_queue_ids":[],"_links":{"self":[{"href":"https:\/\/agora.xtec.cat\/escola-norai-montgat\/wp-json\/wp\/v2\/pages\/3181","targetHints":{"allow":["GET"]}}],"collection":[{"href":"https:\/\/agora.xtec.cat\/escola-norai-montgat\/wp-json\/wp\/v2\/pages"}],"about":[{"href":"https:\/\/agora.xtec.cat\/escola-norai-montgat\/wp-json\/wp\/v2\/types\/page"}],"author":[{"embeddable":true,"href":"https:\/\/agora.xtec.cat\/escola-norai-montgat\/wp-json\/wp\/v2\/users\/1"}],"replies":[{"embeddable":true,"href":"https:\/\/agora.xtec.cat\/escola-norai-montgat\/wp-json\/wp\/v2\/comments?post=3181"}],"version-history":[{"count":6,"href":"https:\/\/agora.xtec.cat\/escola-norai-montgat\/wp-json\/wp\/v2\/pages\/3181\/revisions"}],"predecessor-version":[{"id":3311,"href":"https:\/\/agora.xtec.cat\/escola-norai-montgat\/wp-json\/wp\/v2\/pages\/3181\/revisions\/3311"}],"up":[{"embeddable":true,"href":"https:\/\/agora.xtec.cat\/escola-norai-montgat\/wp-json\/wp\/v2\/pages\/34"}],"wp:attachment":[{"href":"https:\/\/agora.xtec.cat\/escola-norai-montgat\/wp-json\/wp\/v2\/media?parent=3181"}],"curies":[{"name":"wp","href":"https:\/\/api.w.org\/{rel}","templated":true}]}}