{"id":3121,"date":"2026-01-21T18:21:13","date_gmt":"2026-01-21T17:21:13","guid":{"rendered":"https:\/\/agora.xtec.cat\/escola-norai-montgat\/?page_id=3121"},"modified":"2026-01-28T22:13:35","modified_gmt":"2026-01-28T21:13:35","slug":"com-aprenem-a-lescola-norai","status":"publish","type":"page","link":"https:\/\/agora.xtec.cat\/escola-norai-montgat\/pagines-dinici\/oferta-educativa\/com-aprenem-a-lescola-norai\/","title":{"rendered":"Com aprenem a l&#8217;escola Norai?"},"content":{"rendered":"<h5><span style=\"font-weight: 400; color: #000000;\">A l&#8217;Escola eduquem en l&#8217;autogesti\u00f3. Els alumnes aprenen a organitzar-se la seva pr\u00f2pia setmana.<\/span><\/h5>\n<h5><span style=\"color: #000000;\"><span style=\"font-weight: 400;\">Cada dia, l&#8217;infant t\u00e9 la llibertat de decidir on vol dedicar la seva energia, segons la motivaci\u00f3 d&#8217;aquell moment. Per\u00f2 aquesta llibertat va<\/span><span style=\"font-weight: 400;\"> lligada a un comprom\u00eds: al llarg de la setmana ens assegurem que han d&#8217;haver passat per tots els \u00e0mbits d&#8217;aprenentatge.\u00a0 <\/span><span style=\"font-weight: 400;\">D&#8217;aquesta manera, tots els infants fan el mateix recorregut curricular, per\u00f2 cadasc\u00fa el transita al seu ritme i en l&#8217;ordre que necessita.<\/span><\/span><\/h5>\n<h5><\/h5>\n<h5><span style=\"font-weight: 400; color: #333333;\">Aquesta manera d&#8217;entendre l&#8217;aprenentatge se sost\u00e9 sobre tres pilars fonamentals:<\/span><\/h5>\n<ul>\n<li style=\"font-weight: 400;\" aria-level=\"1\">\n<h5><span style=\"color: #333333;\"><strong><span style=\"color: #993300;\"><span style=\"text-decoration: underline;\"><a style=\"color: #993300; text-decoration: underline;\" href=\"https:\/\/projectes.xtec.cat\/nou-curriculum\/\">El Curr\u00edculum Oficial:<\/a><\/span><\/span><\/strong><span style=\"font-weight: 400;\"> Vetllem perqu\u00e8 tots els alumnes assoleixin les compet\u00e8ncies b\u00e0siques oficials, aplicant processos metodol\u00f2gics que<\/span><\/span><span style=\"color: #333333; font-size: 1em; font-weight: 400; font-family: inherit;\">\u00a0respecten el desenvolupament de l&#8217;aprenentatge i l&#8217;evoluci\u00f3 \u00fanica de cada persona.<\/span><\/h5>\n<\/li>\n<\/ul>\n<ul>\n<li style=\"font-weight: 400;\" aria-level=\"1\">\n<h5><span style=\"color: #333333;\"><span style=\"color: #993300;\"><b>Els Valors i la Conviv\u00e8ncia<\/b><\/span><span style=\"font-weight: 400;\">: Entenem que la llibertat requereix responsabilitat. Per aix\u00f2, posem molta cura i consci\u00e8ncia en el respecte <\/span><\/span><span style=\"font-weight: 400; color: #333333; font-size: 1em;\">cap als companys, del material i els espais que compartim, i en el valor de l&#8217;esfor\u00e7 per superar-se un mateix.<\/span><\/h5>\n<\/li>\n<\/ul>\n<ul>\n<li style=\"font-weight: 400;\" aria-level=\"1\">\n<h5><span style=\"color: #333333;\"><span style=\"color: #993300;\"><b>Seguiment Evolutiu:<\/b><\/span><span style=\"font-weight: 400;\"> Els mestres realitzem observacions di\u00e0ries dels processos de cada infant. <\/span><\/span><span style=\"color: #333333;\"><span style=\"font-weight: 400;\">Aquesta tasca es refor\u00e7a amb l&#8217;Espai <\/span><\/span><span style=\"color: #333333;\"><span style=\"font-weight: 400;\">Millora <\/span><\/span><span style=\"font-weight: 400; color: #333333; font-size: 1em;\">i a les\u00a0 tutories individuals\u00a0 on es crea un entorn clau per a l&#8217;orientaci\u00f3 personalitzada. <\/span><span style=\"font-weight: 400; color: #333333; font-size: 1em;\">\u00c9s aqu\u00ed on resolem dubtes, revisem el cam\u00ed fet i els infants\u00a0 \u00a0es marquen,<\/span><span style=\"font-weight: 400; color: #333333; font-size: 1em;\">\u00a0els nous objectius a assolir.<\/span><\/h5>\n<\/li>\n<\/ul>\n<p><img loading=\"lazy\" decoding=\"async\" class=\" wp-image-3254 aligncenter\" src=\"https:\/\/agora.xtec.cat\/escola-norai-montgat\/wp-content\/uploads\/usu1780\/2026\/01\/2-1.png\" alt=\"\" width=\"717\" height=\"209\" srcset=\"https:\/\/agora.xtec.cat\/escola-norai-montgat\/wp-content\/uploads\/usu1780\/2026\/01\/2-1.png 853w, https:\/\/agora.xtec.cat\/escola-norai-montgat\/wp-content\/uploads\/usu1780\/2026\/01\/2-1-300x88.png 300w, https:\/\/agora.xtec.cat\/escola-norai-montgat\/wp-content\/uploads\/usu1780\/2026\/01\/2-1-768x224.png 768w\" sizes=\"auto, (max-width: 717px) 100vw, 717px\" \/><\/p>\n<h5><span style=\"font-weight: 400; color: #333333;\">El nostre horari i les propostes no s\u00f3n fruit de l&#8217;atzar, sin\u00f3 que busquen l&#8217;equilibri entre dues maneres de treballar que es necessiten m\u00fatuament:<\/span><\/h5>\n<h5><span style=\"color: #333333;\"><b><span style=\"color: #993300;\">1. Metodologies Globalitzadores <span style=\"color: #333333;\">(Conversa, Espais, Capses, l\u2019Art i el Treball en Xarxa):<\/span><\/span><\/b> <\/span><\/h5>\n<h5><span style=\"color: #333333;\"><span style=\"font-weight: 400;\">\u00a0 S\u00f3n moments oberts on l&#8217;infant posa en joc tot el que sap per resoldre reptes reals, investigar, crear i comunicar.<\/span><\/span><\/h5>\n<h5><span style=\"color: #993300;\"><b>2. Treball Sistem\u00e0tic<span style=\"color: #333333;\"> (Espai Millora, Propostes de llengua i Matem\u00e0tiques, Tallers i Lectura):<\/span><\/b><\/span><\/h5>\n<h5><span style=\"color: #333333;\"><b><\/b><span style=\"font-weight: 400;\">\u00a0 S\u00f3n mo<\/span><span style=\"font-weight: 400;\">ments m\u00e9s acotats dedicats a l&#8217;adquisici\u00f3 d&#8217;habilitats concretes, t\u00e8cniques i destreses espec\u00edfiques.<\/span><\/span><\/h5>\n<p>&nbsp;<\/p>\n<h5><span style=\"color: #333333;\"><b>Com es complementen?<\/b><span style=\"font-weight: 400;\">\u00a0<\/span><\/span><\/h5>\n<h5><span style=\"font-weight: 400; color: #333333;\">La sistematitzaci\u00f3 permet a l&#8217;infant adquirir eines i sabers s\u00f2lids que despr\u00e9s, de manera natural, aplica en els moments m\u00e9s oberts. \u00c9s en aquests contextos reals on l&#8217;aprenentatge pren sentit i on els mestres podem comprovar i observar com els infants estan transferint realment totes les compet\u00e8ncies.<\/span><\/h5>\n<h5><span style=\"color: #333333;\"><span style=\"font-weight: 400;\">Com ens recorda <\/span><strong><span style=\"text-decoration: underline;\"><a style=\"color: #333333; text-decoration: underline;\" href=\"https:\/\/www.youtube.com\/watch?v=rRftFZgHmIw\">H\u00e9ctor Ruiz<\/a><\/span><\/strong><span style=\"font-weight: 400;\"><strong><span style=\"text-decoration: underline;\">,<\/span><\/strong> aprendre \u00e9s molt m\u00e9s que memoritzar; \u00e9s ser capa\u00e7 de fer servir el coneixement. A l&#8217;Escola Norai tanquem aquest cercle: oferim moments per entrenar habilitats concretes (sistematitzaci\u00f3) i escenaris rics per aplicar-les (globalitzaci\u00f3). D&#8217;aquesta manera, l&#8217;aprenentatge no es perd, sin\u00f3 que es consolida a trav\u00e9s de la pr\u00e0ctica real.<\/span><\/span><\/h5>\n<p><img loading=\"lazy\" decoding=\"async\" class=\"size-full wp-image-3255 aligncenter\" src=\"https:\/\/agora.xtec.cat\/escola-norai-montgat\/wp-content\/uploads\/usu1780\/2026\/01\/3-2.png\" alt=\"\" width=\"762\" height=\"388\" srcset=\"https:\/\/agora.xtec.cat\/escola-norai-montgat\/wp-content\/uploads\/usu1780\/2026\/01\/3-2.png 762w, https:\/\/agora.xtec.cat\/escola-norai-montgat\/wp-content\/uploads\/usu1780\/2026\/01\/3-2-300x153.png 300w\" sizes=\"auto, (max-width: 762px) 100vw, 762px\" \/><\/p>\n<p style=\"text-align: center;\"><span style=\"color: #333333;\"><b><i>&#8220;L&#8217;aprenentatge requereix un esfor\u00e7 cognitiu, per\u00f2 aquest esfor\u00e7 nom\u00e9s se sost\u00e9 quan l&#8217;alumne se sent capa\u00e7, est\u00e0 motivat i ent\u00e9n la utilitat de la seva fita.&#8221;\u00a0 H\u00e9ctor Ruiz Mart\u00edn<\/i><\/b><\/span><\/p>\n<p style=\"text-align: left;\">\n","protected":false},"excerpt":{"rendered":"<p>A l&#8217;Escola eduquem en l&#8217;autogesti\u00f3. Els alumnes aprenen a organitzar-se la seva pr\u00f2pia setmana.<br \/>\nCada dia, l&#8217;infant t\u00e9 la llibertat de decidir on vol dedicar la seva energia, segons la motivaci\u00f3 d&#8217;aquell moment. Per\u00f2 aquesta llibertat va lligada a un comprom\u00eds: al llarg de la setmana&hellip;  <a href=\"https:\/\/agora.xtec.cat\/escola-norai-montgat\/pagines-dinici\/oferta-educativa\/com-aprenem-a-lescola-norai\/\" title=\"Read Com aprenem a l&#8217;escola Norai?\">Llegeix m\u00e9s\u00bb<\/a><\/p>\n","protected":false},"author":1,"featured_media":0,"parent":34,"menu_order":46,"comment_status":"closed","ping_status":"closed","template":"page-templates\/side-menu.php","meta":{"_bbp_topic_count":0,"_bbp_reply_count":0,"_bbp_total_topic_count":0,"_bbp_total_reply_count":0,"_bbp_voice_count":0,"_bbp_anonymous_reply_count":0,"_bbp_topic_count_hidden":0,"_bbp_reply_count_hidden":0,"_bbp_forum_subforum_count":0,"footnotes":""},"class_list":["post-3121","page","type-page","status-publish","hentry"],"post_mailing_queue_ids":[],"_links":{"self":[{"href":"https:\/\/agora.xtec.cat\/escola-norai-montgat\/wp-json\/wp\/v2\/pages\/3121","targetHints":{"allow":["GET"]}}],"collection":[{"href":"https:\/\/agora.xtec.cat\/escola-norai-montgat\/wp-json\/wp\/v2\/pages"}],"about":[{"href":"https:\/\/agora.xtec.cat\/escola-norai-montgat\/wp-json\/wp\/v2\/types\/page"}],"author":[{"embeddable":true,"href":"https:\/\/agora.xtec.cat\/escola-norai-montgat\/wp-json\/wp\/v2\/users\/1"}],"replies":[{"embeddable":true,"href":"https:\/\/agora.xtec.cat\/escola-norai-montgat\/wp-json\/wp\/v2\/comments?post=3121"}],"version-history":[{"count":6,"href":"https:\/\/agora.xtec.cat\/escola-norai-montgat\/wp-json\/wp\/v2\/pages\/3121\/revisions"}],"predecessor-version":[{"id":3282,"href":"https:\/\/agora.xtec.cat\/escola-norai-montgat\/wp-json\/wp\/v2\/pages\/3121\/revisions\/3282"}],"up":[{"embeddable":true,"href":"https:\/\/agora.xtec.cat\/escola-norai-montgat\/wp-json\/wp\/v2\/pages\/34"}],"wp:attachment":[{"href":"https:\/\/agora.xtec.cat\/escola-norai-montgat\/wp-json\/wp\/v2\/media?parent=3121"}],"curies":[{"name":"wp","href":"https:\/\/api.w.org\/{rel}","templated":true}]}}