{"id":2678,"date":"2023-07-11T19:32:33","date_gmt":"2023-07-11T17:32:33","guid":{"rendered":"https:\/\/agora.xtec.cat\/escola-norai-montgat\/?page_id=2678"},"modified":"2026-02-01T21:30:13","modified_gmt":"2026-02-01T20:30:13","slug":"ecosistema-que-apren","status":"publish","type":"page","link":"https:\/\/agora.xtec.cat\/escola-norai-montgat\/pagines-dinici\/ecosistema-que-apren\/","title":{"rendered":"Ecosistema que apr\u00e8n"},"content":{"rendered":"<h3>Una escola, un ecosistema<\/h3>\n<p><img loading=\"lazy\" decoding=\"async\" class=\"wp-image-3365 aligncenter\" src=\"https:\/\/agora.xtec.cat\/escola-norai-montgat\/wp-content\/uploads\/usu1780\/2026\/02\/9.png\" alt=\"\" width=\"620\" height=\"214\" srcset=\"https:\/\/agora.xtec.cat\/escola-norai-montgat\/wp-content\/uploads\/usu1780\/2026\/02\/9.png 739w, https:\/\/agora.xtec.cat\/escola-norai-montgat\/wp-content\/uploads\/usu1780\/2026\/02\/9-300x104.png 300w\" sizes=\"auto, (max-width: 620px) 100vw, 620px\" \/><\/p>\n<p data-path-to-node=\"5\">Ens agrada imaginar la nostra escola com un <b data-path-to-node=\"5\" data-index-in-node=\"44\">ecosistema viu<\/b>. No som peces a\u00efllades, sin\u00f3 una comunitat on cada persona (alumnes, fam\u00edlies i mestres) conviu i interactua per cr\u00e9ixer conjuntament.<\/p>\n<p data-path-to-node=\"7\">Hem dissenyat una estructura sistematitzada pensada per i per a l&#8217;alumne, amb un objectiu clar: <b data-path-to-node=\"7\" data-index-in-node=\"96\">la millora constant de l&#8217;aprenentatge.<\/b> Aix\u00f2 ho aconseguim gr\u00e0cies a:<\/p>\n<ul data-path-to-node=\"8\">\n<li>\n<p data-path-to-node=\"8,0,0\"><b data-path-to-node=\"8,0,0\" data-index-in-node=\"0\">Principis compartits<\/b><\/p>\n<\/li>\n<li>\n<p data-path-to-node=\"8,1,0\"><b data-path-to-node=\"8,1,0\" data-index-in-node=\"0\">Participaci\u00f3 activa<\/b><\/p>\n<\/li>\n<li>\n<p data-path-to-node=\"8,2,0\"><b data-path-to-node=\"8,2,0\" data-index-in-node=\"0\">Relacions de valor<\/b><\/p>\n<\/li>\n<\/ul>\n<blockquote data-path-to-node=\"9\">\n<p style=\"text-align: center;\" data-path-to-node=\"9,0\"><em>&#8220;A l&#8217;Escola Norai, l&#8217;estructura est\u00e0 al servei de les persones, creant l&#8217;entorn perqu\u00e8 cada infant pugui donar el millor de si mateix.&#8221;<\/em><\/p>\n<\/blockquote>\n","protected":false},"excerpt":{"rendered":"<p>Una escola, un ecosistema<\/p>\n<p>Ens agrada imaginar la nostra escola com un ecosistema viu. No som peces a\u00efllades, sin\u00f3 una comunitat on cada persona (alumnes, fam\u00edlies i mestres) conviu i interactua per cr\u00e9ixer conjuntament.<br \/>\nHem dissenyat una estructura sistematitzada pensada per i per a l&#8217;alumne, amb un&hellip;  <a href=\"https:\/\/agora.xtec.cat\/escola-norai-montgat\/pagines-dinici\/ecosistema-que-apren\/\" title=\"Read Ecosistema que apr\u00e8n\">Llegeix m\u00e9s\u00bb<\/a><\/p>\n","protected":false},"author":1,"featured_media":0,"parent":7,"menu_order":51,"comment_status":"closed","ping_status":"closed","template":"page-templates\/side-menu.php","meta":{"_bbp_topic_count":0,"_bbp_reply_count":0,"_bbp_total_topic_count":0,"_bbp_total_reply_count":0,"_bbp_voice_count":0,"_bbp_anonymous_reply_count":0,"_bbp_topic_count_hidden":0,"_bbp_reply_count_hidden":0,"_bbp_forum_subforum_count":0,"footnotes":""},"class_list":["post-2678","page","type-page","status-publish","hentry"],"post_mailing_queue_ids":[],"_links":{"self":[{"href":"https:\/\/agora.xtec.cat\/escola-norai-montgat\/wp-json\/wp\/v2\/pages\/2678","targetHints":{"allow":["GET"]}}],"collection":[{"href":"https:\/\/agora.xtec.cat\/escola-norai-montgat\/wp-json\/wp\/v2\/pages"}],"about":[{"href":"https:\/\/agora.xtec.cat\/escola-norai-montgat\/wp-json\/wp\/v2\/types\/page"}],"author":[{"embeddable":true,"href":"https:\/\/agora.xtec.cat\/escola-norai-montgat\/wp-json\/wp\/v2\/users\/1"}],"replies":[{"embeddable":true,"href":"https:\/\/agora.xtec.cat\/escola-norai-montgat\/wp-json\/wp\/v2\/comments?post=2678"}],"version-history":[{"count":6,"href":"https:\/\/agora.xtec.cat\/escola-norai-montgat\/wp-json\/wp\/v2\/pages\/2678\/revisions"}],"predecessor-version":[{"id":3441,"href":"https:\/\/agora.xtec.cat\/escola-norai-montgat\/wp-json\/wp\/v2\/pages\/2678\/revisions\/3441"}],"up":[{"embeddable":true,"href":"https:\/\/agora.xtec.cat\/escola-norai-montgat\/wp-json\/wp\/v2\/pages\/7"}],"wp:attachment":[{"href":"https:\/\/agora.xtec.cat\/escola-norai-montgat\/wp-json\/wp\/v2\/media?parent=2678"}],"curies":[{"name":"wp","href":"https:\/\/api.w.org\/{rel}","templated":true}]}}