{"id":2270,"date":"2021-07-09T13:14:57","date_gmt":"2021-07-09T11:14:57","guid":{"rendered":"http:\/\/agora.xtec.cat\/escola-norai-montgat\/?page_id=2270"},"modified":"2026-02-01T21:35:01","modified_gmt":"2026-02-01T20:35:01","slug":"associacio-de-families-dalumnes","status":"publish","type":"page","link":"https:\/\/agora.xtec.cat\/escola-norai-montgat\/pagines-dinici\/associacio-de-families-dalumnes\/","title":{"rendered":"Associaci\u00f3 de fam\u00edlies d&#8217;alumnes"},"content":{"rendered":"<h2><span style=\"text-decoration: underline;\"><a href=\"https:\/\/afanorai.com\/\">Espai web de l&#8217;AFA<\/a><\/span><\/h2>\n<p><span style=\"font-weight: 400;\">el decret 202\/1987, de 19 de maig, pel qual es regulen les associacions de pares i mares d&#8217;alumnes, estableix que han d&#8217;assumir els seg\u00fcents objectius:<\/span><\/p>\n<p>1 <strong>donar suport i assist\u00e8ncia<\/strong> als membres de l&#8217;associaci\u00f3 i, en general, als pares, mares i als tutors, tutores, al professorat i a l&#8217;alumnat del centre i als seus \u00f2rgans de govern i de participaci\u00f3, en tot el que es refereix a l&#8217;educaci\u00f3 dels seus fills i filles<br \/>\n2 <strong>promoure la participaci\u00f3<\/strong> dels pares i mares d&#8217;alumnes en la gesti\u00f3 del centre<br \/>\n3 assistir les fam\u00edlies en l&#8217;exercici del seu dret a <strong>intervenir en el control i la gesti\u00f3 del centre<\/strong><br \/>\n4 promoure la representaci\u00f3 i la <strong>participaci\u00f3 de les fam\u00edlies en el consell escolar<\/strong><br \/>\n5 facilitar la <strong>col\u00b7laboraci\u00f3 del centre<\/strong> en l&#8217;\u00e0mbit social, cultural, econ\u00f2mic i laboral de<strong> l&#8217;entorn<\/strong><br \/>\n6 col\u00b7laborar en les activitats educatives del centre i cooperar amb el consell escolar en l&#8217;<strong>elaboraci\u00f3 de directrius<\/strong> per a la programaci\u00f3 d&#8217;activitats complement\u00e0ries, extraescolars o de serveis<br \/>\n7 promoure les activitats de<strong> formaci\u00f3 de fam\u00edlies,<\/strong> tant des del vessant cultural com de l&#8217;espec\u00edfic de responsabilitzaci\u00f3 en l&#8217;educaci\u00f3 familiar<\/p>\n<p>preu quota anual: 40\u20ac<\/p>\n","protected":false},"excerpt":{"rendered":"<p><a href=\"https:\/\/afanorai.com\/\">Espai web de l&#8217;AFA<\/a><br \/>\nel decret 202\/1987, de 19 de maig, pel qual es regulen les associacions de pares i mares d&#8217;alumnes, estableix que han d&#8217;assumir els seg\u00fcents objectius:<br \/>\n1 donar suport i assist\u00e8ncia als membres de l&#8217;associaci\u00f3 i, en general, als pares, mares i als&hellip;  <a href=\"https:\/\/agora.xtec.cat\/escola-norai-montgat\/pagines-dinici\/associacio-de-families-dalumnes\/\" title=\"Read Associaci\u00f3 de fam\u00edlies d&#8217;alumnes\">Llegeix m\u00e9s\u00bb<\/a><\/p>\n","protected":false},"author":1,"featured_media":0,"parent":7,"menu_order":56,"comment_status":"closed","ping_status":"closed","template":"","meta":{"_bbp_topic_count":0,"_bbp_reply_count":0,"_bbp_total_topic_count":0,"_bbp_total_reply_count":0,"_bbp_voice_count":0,"_bbp_anonymous_reply_count":0,"_bbp_topic_count_hidden":0,"_bbp_reply_count_hidden":0,"_bbp_forum_subforum_count":0,"footnotes":""},"class_list":["post-2270","page","type-page","status-publish","hentry"],"post_mailing_queue_ids":[],"_links":{"self":[{"href":"https:\/\/agora.xtec.cat\/escola-norai-montgat\/wp-json\/wp\/v2\/pages\/2270","targetHints":{"allow":["GET"]}}],"collection":[{"href":"https:\/\/agora.xtec.cat\/escola-norai-montgat\/wp-json\/wp\/v2\/pages"}],"about":[{"href":"https:\/\/agora.xtec.cat\/escola-norai-montgat\/wp-json\/wp\/v2\/types\/page"}],"author":[{"embeddable":true,"href":"https:\/\/agora.xtec.cat\/escola-norai-montgat\/wp-json\/wp\/v2\/users\/1"}],"replies":[{"embeddable":true,"href":"https:\/\/agora.xtec.cat\/escola-norai-montgat\/wp-json\/wp\/v2\/comments?post=2270"}],"version-history":[{"count":5,"href":"https:\/\/agora.xtec.cat\/escola-norai-montgat\/wp-json\/wp\/v2\/pages\/2270\/revisions"}],"predecessor-version":[{"id":3069,"href":"https:\/\/agora.xtec.cat\/escola-norai-montgat\/wp-json\/wp\/v2\/pages\/2270\/revisions\/3069"}],"up":[{"embeddable":true,"href":"https:\/\/agora.xtec.cat\/escola-norai-montgat\/wp-json\/wp\/v2\/pages\/7"}],"wp:attachment":[{"href":"https:\/\/agora.xtec.cat\/escola-norai-montgat\/wp-json\/wp\/v2\/media?parent=2270"}],"curies":[{"name":"wp","href":"https:\/\/api.w.org\/{rel}","templated":true}]}}