{"id":73,"date":"2014-09-18T14:01:51","date_gmt":"2014-09-18T13:01:51","guid":{"rendered":"http:\/\/agora.xtec.cat\/escola-municipal-pau-vila\/?page_id=73"},"modified":"2025-10-14T15:44:59","modified_gmt":"2025-10-14T13:44:59","slug":"menjador-escolar","status":"publish","type":"page","link":"https:\/\/agora.xtec.cat\/escola-municipal-pau-vila\/serveis\/menjador-escolar\/","title":{"rendered":"Menjador escolar"},"content":{"rendered":"<p>Benvolgudes fam\u00edlies, ens complau informar-vos que <strong>TENO<\/strong> gestiona el servei de menjador.<\/p>\n<p>Per a qualsevol dubte us atendr\u00e0 el\/la coordinador\/a del menjador que hi ser\u00e0 a primera hora del mat\u00ed a l\u2019escola.<\/p>\n<table style=\"height: 124px; width: 243px;\" width=\"612\">\n<tbody>\n<tr>\n<td style=\"width: 237px; text-align: center;\" colspan=\"2\"><span style=\"font-size: 12pt;\">Preu del servei de menjador<\/span><\/td>\n<\/tr>\n<tr>\n<td style=\"width: 114px; text-align: center;\"><span style=\"font-size: 14pt;\">Fix<\/span><\/td>\n<td style=\"width: 121px; text-align: center;\"><span style=\"font-size: 14pt;\">7,53 \u20ac<\/span><\/td>\n<\/tr>\n<tr>\n<td style=\"width: 114px; text-align: center;\"><span style=\"font-size: 14pt;\">Espor\u00e0dic<\/span><\/td>\n<td style=\"width: 121px; text-align: center;\"><span style=\"font-size: 14pt;\">8,28 \u20ac<\/span><\/td>\n<\/tr>\n<\/tbody>\n<\/table>\n<p>Tel\u00e8fon: <strong>622 741 134<\/strong><\/p>\n<p>Email: <em><strong>pauvilaparetsmenjador@gmail.com<\/strong><\/em><\/p>\n<p>Subscriu-te al canal informatiu de <a href=\"https:\/\/t.me\/s\/menjadorpauvilaparets\" target=\"_blank\" rel=\"noopener\">Telegram Menjador Pau Vila<\/a> <a href=\"https:\/\/t.me\/s\/menjadorpauvilaparets\" target=\"_blank\" rel=\"noopener\"><img loading=\"lazy\" decoding=\"async\" class=\"alignnone wp-image-6461\" src=\"https:\/\/agora.xtec.cat\/escola-municipal-pau-vila\/wp-content\/uploads\/usu870\/2024\/01\/t_logo.png\" alt=\"\" width=\"27\" height=\"27\" srcset=\"https:\/\/agora.xtec.cat\/escola-municipal-pau-vila\/wp-content\/uploads\/usu870\/2024\/01\/t_logo.png 236w, https:\/\/agora.xtec.cat\/escola-municipal-pau-vila\/wp-content\/uploads\/usu870\/2024\/01\/t_logo-150x150.png 150w\" sizes=\"auto, (max-width: 27px) 100vw, 27px\" \/><\/a><\/p>\n<p>Podeu trobar m\u00e9s informaci\u00f3 a <a href=\"https:\/\/www.teno.cat\/ca\/\" target=\"_blank\" rel=\"noopener\">https:\/\/www.teno.cat\/ca\/<\/a><\/p>\n<p><span style=\"font-family: inherit; font-size: 1em;\">Podeu consultar els <\/span><strong style=\"font-family: inherit; font-size: 1em;\">men\u00fas<\/strong><span style=\"font-family: inherit; font-size: 1em;\"> mensuals a l&#8217;aplicaci\u00f3 <\/span><em style=\"font-family: inherit; font-size: 1em;\"><strong>TENO MENJADORS<\/strong><\/em><\/p>\n<p>A continuaci\u00f3 us detallem informaci\u00f3 que pot ser del vostre inter\u00e8s:<\/p>\n<div class=\"genially-embed\" style=\"margin: 0px auto; position: relative; height: auto; width: 100%;\"><a style=\"font-family: inherit; font-size: 1em;\" href=\"https:\/\/agora.xtec.cat\/escola-municipal-pau-vila\/wp-content\/uploads\/usu870\/2025\/09\/TENO.pdf\" target=\"_blank\" rel=\"noopener\">TENO Normativa i preus<\/a><\/div>\n<div><\/div>\n<div><\/div>\n<p>&nbsp;<\/p>\n<div style=\"width: 100%;\">\n<div style=\"position: relative; padding-bottom: 75%; padding-top: 0; height: 0;\"><iframe loading=\"lazy\" style=\"position: absolute; top: 0; left: 0; width: 100%; height: 100%;\" title=\"Reuni\u00f3 informativa Espai migdia-Pau Vila\" src=\"https:\/\/view.genially.com\/68dc05e6d0e10e790093bf9a\" width=\"960\" height=\"720\" frameborder=\"0\" scrolling=\"yes\" allowfullscreen=\"allowfullscreen\"><\/iframe><\/div>\n<\/div>\n<div><\/div>\n<p>&nbsp;<\/p>\n<p><a href=\"https:\/\/agora.xtec.cat\/escola-municipal-pau-vila\/wp-content\/uploads\/usu870\/2025\/10\/G_A_EspaiMigdia_TENO_1T-25-26.pdf\" target=\"_blank\" rel=\"noopener\">Espai migdia Teno 1r Trimestre Pau Vila<\/a><\/p>\n","protected":false},"excerpt":{"rendered":"<p>Benvolgudes fam\u00edlies, ens complau informar-vos que TENO gestiona el servei de menjador.<br \/>\nPer a qualsevol dubte us atendr\u00e0 el\/la coordinador\/a del menjador que hi ser\u00e0 a primera hora del mat\u00ed a l\u2019escola.<\/p>\n<p>Preu del servei de menjador<\/p>\n<p>Fix<br \/>\n7,53 \u20ac<\/p>\n<p>Espor\u00e0dic<br \/>\n8,28 \u20ac<\/p>\n<p>Tel\u00e8fon: 622 741 134<br \/>\nEmail: pauvilaparetsmenjador@gmail.com<br \/>\nSubscriu-te al canal informatiu de&hellip;  <a href=\"https:\/\/agora.xtec.cat\/escola-municipal-pau-vila\/serveis\/menjador-escolar\/\" title=\"Read Menjador escolar\">Llegeix m\u00e9s\u00bb<\/a><\/p>\n","protected":false},"author":1,"featured_media":0,"parent":66,"menu_order":20,"comment_status":"closed","ping_status":"closed","template":"page-templates\/side-menu.php","meta":{"_bbp_topic_count":0,"_bbp_reply_count":0,"_bbp_total_topic_count":0,"_bbp_total_reply_count":0,"_bbp_voice_count":0,"_bbp_anonymous_reply_count":0,"_bbp_topic_count_hidden":0,"_bbp_reply_count_hidden":0,"_bbp_forum_subforum_count":0,"footnotes":""},"class_list":["post-73","page","type-page","status-publish","hentry"],"post_mailing_queue_ids":[],"_links":{"self":[{"href":"https:\/\/agora.xtec.cat\/escola-municipal-pau-vila\/wp-json\/wp\/v2\/pages\/73","targetHints":{"allow":["GET"]}}],"collection":[{"href":"https:\/\/agora.xtec.cat\/escola-municipal-pau-vila\/wp-json\/wp\/v2\/pages"}],"about":[{"href":"https:\/\/agora.xtec.cat\/escola-municipal-pau-vila\/wp-json\/wp\/v2\/types\/page"}],"author":[{"embeddable":true,"href":"https:\/\/agora.xtec.cat\/escola-municipal-pau-vila\/wp-json\/wp\/v2\/users\/1"}],"replies":[{"embeddable":true,"href":"https:\/\/agora.xtec.cat\/escola-municipal-pau-vila\/wp-json\/wp\/v2\/comments?post=73"}],"version-history":[{"count":7,"href":"https:\/\/agora.xtec.cat\/escola-municipal-pau-vila\/wp-json\/wp\/v2\/pages\/73\/revisions"}],"predecessor-version":[{"id":7278,"href":"https:\/\/agora.xtec.cat\/escola-municipal-pau-vila\/wp-json\/wp\/v2\/pages\/73\/revisions\/7278"}],"up":[{"embeddable":true,"href":"https:\/\/agora.xtec.cat\/escola-municipal-pau-vila\/wp-json\/wp\/v2\/pages\/66"}],"wp:attachment":[{"href":"https:\/\/agora.xtec.cat\/escola-municipal-pau-vila\/wp-json\/wp\/v2\/media?parent=73"}],"curies":[{"name":"wp","href":"https:\/\/api.w.org\/{rel}","templated":true}]}}