{"id":3770,"date":"2019-12-17T16:11:49","date_gmt":"2019-12-17T15:11:49","guid":{"rendered":"http:\/\/agora.xtec.cat\/escola-municipal-pau-vila\/?page_id=3770"},"modified":"2025-10-14T15:53:58","modified_gmt":"2025-10-14T13:53:58","slug":"direccio-i-equip-educatiu","status":"publish","type":"page","link":"https:\/\/agora.xtec.cat\/escola-municipal-pau-vila\/lescola\/direccio-i-equip-educatiu\/","title":{"rendered":"Direcci\u00f3 i equip educatiu"},"content":{"rendered":"<p><a href=\"https:\/\/agora.xtec.cat\/escola-municipal-pau-vila\/wp-content\/uploads\/usu870\/2024\/02\/DEFINITIU3.jpg\"><img loading=\"lazy\" decoding=\"async\" class=\"alignnone size-large wp-image-6546\" src=\"https:\/\/agora.xtec.cat\/escola-municipal-pau-vila\/wp-content\/uploads\/usu870\/2024\/02\/DEFINITIU3-958x1024.jpg\" alt=\"\" width=\"958\" height=\"1024\" srcset=\"https:\/\/agora.xtec.cat\/escola-municipal-pau-vila\/wp-content\/uploads\/usu870\/2024\/02\/DEFINITIU3-958x1024.jpg 958w, https:\/\/agora.xtec.cat\/escola-municipal-pau-vila\/wp-content\/uploads\/usu870\/2024\/02\/DEFINITIU3-281x300.jpg 281w, https:\/\/agora.xtec.cat\/escola-municipal-pau-vila\/wp-content\/uploads\/usu870\/2024\/02\/DEFINITIU3-768x821.jpg 768w, https:\/\/agora.xtec.cat\/escola-municipal-pau-vila\/wp-content\/uploads\/usu870\/2024\/02\/DEFINITIU3-1438x1536.jpg 1438w, https:\/\/agora.xtec.cat\/escola-municipal-pau-vila\/wp-content\/uploads\/usu870\/2024\/02\/DEFINITIU3.jpg 1536w\" sizes=\"auto, (max-width: 958px) 100vw, 958px\" \/><\/a><\/p>\n<p><strong>Equip educatiu i tutories<\/strong><\/p>\n<table style=\"width: 45.6032%; height: 891px;\">\n<tbody>\n<tr style=\"height: 57px;\">\n<td style=\"height: 57px; width: 13.9241%;\" width=\"46\"><strong>ETAPA<\/strong><\/td>\n<td style=\"height: 57px; width: 20.5712%;\" colspan=\"2\" width=\"94\"><strong>NIVELL<\/strong><\/td>\n<td style=\"height: 57px; width: 34.3415%;\" width=\"138\"><strong>GRUP A<\/strong><\/td>\n<td style=\"height: 57px; width: 59.2644%;\" width=\"145\"><strong>GRUP B<\/strong><\/td>\n<\/tr>\n<tr style=\"height: 22px;\">\n<td style=\"height: 148px; width: 13.9241%;\" rowspan=\"5\" width=\"46\"><strong>I<\/strong><\/p>\n<p><strong>N<\/strong><\/p>\n<p><strong>F<\/strong><\/p>\n<p><strong>A<\/strong><\/p>\n<p><strong>N<\/strong><\/p>\n<p><strong>T<\/strong><\/p>\n<p><strong>I<\/strong><\/p>\n<p><strong>L<\/strong><\/td>\n<td style=\"height: 22px; width: 20.5712%;\" colspan=\"2\" width=\"94\">I3<\/td>\n<td style=\"height: 22px; width: 34.3415%;\" width=\"138\"><strong>Gl\u00f2ria Gonz\u00e1lez<\/strong><\/td>\n<td style=\"height: 22px; width: 59.2644%;\" width=\"145\"><strong>Montse Morote<\/strong><\/td>\n<\/tr>\n<tr style=\"height: 32px;\">\n<td style=\"height: 32px; width: 20.5712%;\" colspan=\"2\" width=\"94\">I4<\/td>\n<td style=\"height: 32px; width: 34.3415%;\" width=\"138\"><strong>Elisenda Comas<\/strong><\/td>\n<td style=\"height: 32px; width: 59.2644%;\" width=\"145\"><strong>\u00a0<\/strong><\/td>\n<\/tr>\n<tr style=\"height: 30px;\">\n<td style=\"height: 30px; width: 20.5712%;\" colspan=\"2\" width=\"94\">I5<\/td>\n<td style=\"height: 30px; width: 34.3415%;\" width=\"138\"><strong>Montse Ru\u00edz<\/strong><\/td>\n<td style=\"height: 30px; width: 59.2644%;\" width=\"145\"><strong>Mireia Jim\u00e9nez<\/strong><\/td>\n<\/tr>\n<tr style=\"height: 75px;\">\n<td style=\"height: 20px; width: 20.5712%;\" colspan=\"2\" width=\"94\">Altres mestres del cicle<\/td>\n<td style=\"height: 20px; width: 93.6059%;\" colspan=\"2\" width=\"283\"><strong>Cl\u00e0udia Puigagut i Susanna Mora<\/strong><\/td>\n<\/tr>\n<tr style=\"height: 102px;\">\n<td style=\"height: 44px; width: 20.5712%;\" colspan=\"2\" width=\"94\">T\u00e8cnica d\u2019Educaci\u00f3 Infantil<\/td>\n<td style=\"height: 44px; width: 93.6059%;\" colspan=\"2\" width=\"283\"><strong>Eva Jim\u00e9nez i M\u00f2nica Exp\u00f3sito<\/strong><\/td>\n<\/tr>\n<tr style=\"height: 33px;\">\n<td style=\"height: 33px; width: 128.101%;\" colspan=\"5\" width=\"423\"><\/td>\n<\/tr>\n<tr style=\"height: 57px;\">\n<td style=\"height: 365px; width: 13.9241%;\" rowspan=\"6\" width=\"46\"><strong>\u00a0<\/strong><\/p>\n<p><strong>P<\/strong><\/p>\n<p><strong>R<\/strong><\/p>\n<p><strong>I<\/strong><\/p>\n<p><strong>M<\/strong><\/p>\n<p><strong>\u00c0<\/strong><\/p>\n<p><strong>R<\/strong><\/p>\n<p><strong>I<\/strong><\/p>\n<p><strong>A<\/strong><\/td>\n<td style=\"height: 57px; width: 20.5712%;\" colspan=\"2\" width=\"94\">1r<\/td>\n<td style=\"height: 57px; width: 34.3415%;\" width=\"138\"><strong>Vanessa Mart\u00ednez<\/strong><\/td>\n<td style=\"height: 57px; width: 59.2644%;\" width=\"145\"><strong>\u00cdngrid Brutau<\/strong><\/td>\n<\/tr>\n<tr style=\"height: 80px;\">\n<td style=\"height: 80px; width: 20.5712%;\" colspan=\"2\" width=\"94\">2n<\/td>\n<td style=\"height: 80px; width: 34.3415%;\" width=\"138\"><strong>Maria del Mar L\u00f3pez<\/strong><\/td>\n<td style=\"height: 80px; width: 59.2644%;\" width=\"145\"><strong>J\u00falia Bertol\u00edn\/Ana G\u00f3mez<\/strong><\/td>\n<\/tr>\n<tr style=\"height: 57px;\">\n<td style=\"height: 57px; width: 20.5712%;\" colspan=\"2\" width=\"94\">3r<\/td>\n<td style=\"height: 57px; width: 34.3415%;\" width=\"138\"><strong>N\u00faria Dur\u00f3<\/strong><\/td>\n<td style=\"height: 57px; width: 59.2644%;\" width=\"145\"><strong>Isabel Repullo<\/strong><\/td>\n<\/tr>\n<tr style=\"height: 57px;\">\n<td style=\"height: 57px; width: 20.5712%;\" colspan=\"2\" width=\"94\">4t<\/td>\n<td style=\"height: 57px; width: 34.3415%;\" width=\"138\"><strong>Judit Samon<\/strong><\/td>\n<td style=\"height: 57px; width: 59.2644%;\" width=\"145\"><strong>Maria del Mar Valle<\/strong><\/td>\n<\/tr>\n<tr style=\"height: 57px;\">\n<td style=\"height: 57px; width: 20.5712%;\" colspan=\"2\" width=\"94\">5\u00e8<\/td>\n<td style=\"height: 57px; width: 34.3415%;\" width=\"138\"><strong>Isabel Hern\u00e1ndez <\/strong><\/td>\n<td style=\"height: 57px; width: 59.2644%;\" width=\"145\"><strong>Mayka Ju\u00e1rez<\/strong><\/td>\n<\/tr>\n<tr style=\"height: 57px;\">\n<td style=\"height: 57px; width: 20.5712%;\" colspan=\"2\" width=\"94\">6\u00e8<\/td>\n<td style=\"height: 57px; width: 34.3415%;\" width=\"138\"><strong>Mireia S\u00e1nchez<\/strong><\/td>\n<td style=\"height: 57px; width: 59.2644%;\" width=\"145\"><strong>Laia Rafel<\/strong><\/td>\n<\/tr>\n<tr style=\"height: 57px;\">\n<td style=\"height: 57px; width: 128.101%;\" colspan=\"5\" width=\"423\"><\/td>\n<\/tr>\n<tr style=\"height: 41px;\">\n<td style=\"height: 231px; width: 13.9241%;\" rowspan=\"6\" width=\"46\"><strong>A<\/strong><\/p>\n<p><strong>L<\/strong><\/p>\n<p><strong>T<\/strong><\/p>\n<p><strong>R<\/strong><\/p>\n<p><strong>E<\/strong><\/p>\n<p><strong>S<\/strong><\/td>\n<td style=\"height: 41px; width: 20.2532%;\" width=\"82\">Educaci\u00f3 Especial<\/td>\n<td style=\"height: 41px; width: 93.9239%;\" colspan=\"3\" width=\"295\"><strong>Mireia Bach i Meritxell L\u00f3pez<\/strong><\/td>\n<\/tr>\n<tr style=\"height: 33px;\">\n<td style=\"height: 33px; width: 20.2532%;\" width=\"82\">Angl\u00e8s<\/td>\n<td style=\"height: 33px; width: 93.9239%;\" colspan=\"3\" width=\"295\"><strong>Susanna Garcia, S\u00edlvia Vidal i Alba Rodr\u00edguez<\/strong><\/td>\n<\/tr>\n<tr style=\"height: 57px;\">\n<td style=\"height: 57px; width: 20.2532%;\" width=\"82\">M\u00fasica<\/td>\n<td style=\"height: 57px; width: 93.9239%;\" colspan=\"3\" width=\"295\"><strong>F\u00e8lix de Blas<\/strong><\/td>\n<\/tr>\n<tr style=\"height: 80px;\">\n<td style=\"height: 80px; width: 20.2532%;\" width=\"82\">Educaci\u00f3 f\u00edsica<\/td>\n<td style=\"height: 80px; width: 93.9239%;\" colspan=\"3\" width=\"295\"><strong>Albert Vicente i Miquel Pascual<\/strong><\/td>\n<\/tr>\n<tr style=\"height: 102px;\">\n<td style=\"height: 10px; width: 20.2532%;\" width=\"82\">Altres mestres de prim\u00e0ria<\/td>\n<td style=\"height: 10px; width: 93.9239%;\" colspan=\"3\" width=\"295\"><strong>Mercedes Salgado, Clara Dom\u00e8nech, <\/strong><\/p>\n<p><strong>Sara Lobato i Silvia Nogu\u00e9<\/strong><\/td>\n<\/tr>\n<tr style=\"height: 26px;\">\n<td style=\"height: 10px; width: 20.2532%;\" width=\"82\">Auxiliar d\u2019educaci\u00f3 especial<\/td>\n<td style=\"height: 10px; width: 93.9239%;\" colspan=\"3\" width=\"295\"><strong>Isabel Alcaraz i Mari Carmen Ben\u00edtez<\/strong><\/td>\n<\/tr>\n<\/tbody>\n<\/table>\n","protected":false},"excerpt":{"rendered":"<p><a href=\"https:\/\/agora.xtec.cat\/escola-municipal-pau-vila\/wp-content\/uploads\/usu870\/2024\/02\/DEFINITIU3.jpg\"><\/a><br \/>\nEquip educatiu i tutories<\/p>\n<p>ETAPA<br \/>\nNIVELL<br \/>\nGRUP A<br \/>\nGRUP B<\/p>\n<p>I<br \/>\nN<br \/>\nF<br \/>\nA<br \/>\nN<br \/>\nT<br \/>\nI<br \/>\nL<br \/>\nI3<br \/>\nGl\u00f2ria Gonz\u00e1lez<br \/>\nMontse Morote<\/p>\n<p>I4<br \/>\nElisenda Comas<br \/>\n\u00a0<\/p>\n<p>I5<br \/>\nMontse Ru\u00edz<br \/>\nMireia Jim\u00e9nez<\/p>\n<p>Altres mestres del cicle<br \/>\nCl\u00e0udia Puigagut i Susanna Mora<\/p>\n<p>T\u00e8cnica d\u2019Educaci\u00f3 Infantil<br \/>\nEva Jim\u00e9nez i M\u00f2nica Exp\u00f3sito<\/p>\n<p>\u00a0<br \/>\nP<br \/>\nR<br \/>\nI<br \/>\nM<br \/>\n\u00c0<br \/>\nR<br \/>\nI<br \/>\nA<br \/>\n1r<br \/>\nVanessa Mart\u00ednez<br \/>\n\u00cdngrid Brutau<\/p>\n<p>2n<br \/>\nMaria del Mar L\u00f3pez<br \/>\nJ\u00falia Bertol\u00edn\/Ana G\u00f3mez<\/p>\n<p>3r<br \/>\nN\u00faria Dur\u00f3<br \/>\nIsabel Repullo<\/p>\n<p>4t<br \/>\nJudit Samon<br \/>\nMaria del Mar Valle<\/p>\n<p>5\u00e8<br \/>\nIsabel Hern\u00e1ndez<br \/>\nMayka Ju\u00e1rez<\/p>\n<p>6\u00e8<br \/>\nMireia S\u00e1nchez<br \/>\nLaia Rafel<\/p>\n<p>A<br \/>\nL<br \/>\nT<br \/>\nR<br \/>\nE<br \/>\nS<br \/>\nEducaci\u00f3 Especial<br \/>\nMireia Bach&hellip;  <a href=\"https:\/\/agora.xtec.cat\/escola-municipal-pau-vila\/lescola\/direccio-i-equip-educatiu\/\" title=\"Read Direcci\u00f3 i equip educatiu\">Llegeix m\u00e9s\u00bb<\/a><\/p>\n","protected":false},"author":1,"featured_media":0,"parent":22,"menu_order":6,"comment_status":"closed","ping_status":"closed","template":"page-templates\/side-menu.php","meta":{"_bbp_topic_count":0,"_bbp_reply_count":0,"_bbp_total_topic_count":0,"_bbp_total_reply_count":0,"_bbp_voice_count":0,"_bbp_anonymous_reply_count":0,"_bbp_topic_count_hidden":0,"_bbp_reply_count_hidden":0,"_bbp_forum_subforum_count":0,"footnotes":""},"class_list":["post-3770","page","type-page","status-publish","hentry"],"post_mailing_queue_ids":[],"_links":{"self":[{"href":"https:\/\/agora.xtec.cat\/escola-municipal-pau-vila\/wp-json\/wp\/v2\/pages\/3770","targetHints":{"allow":["GET"]}}],"collection":[{"href":"https:\/\/agora.xtec.cat\/escola-municipal-pau-vila\/wp-json\/wp\/v2\/pages"}],"about":[{"href":"https:\/\/agora.xtec.cat\/escola-municipal-pau-vila\/wp-json\/wp\/v2\/types\/page"}],"author":[{"embeddable":true,"href":"https:\/\/agora.xtec.cat\/escola-municipal-pau-vila\/wp-json\/wp\/v2\/users\/1"}],"replies":[{"embeddable":true,"href":"https:\/\/agora.xtec.cat\/escola-municipal-pau-vila\/wp-json\/wp\/v2\/comments?post=3770"}],"version-history":[{"count":6,"href":"https:\/\/agora.xtec.cat\/escola-municipal-pau-vila\/wp-json\/wp\/v2\/pages\/3770\/revisions"}],"predecessor-version":[{"id":7279,"href":"https:\/\/agora.xtec.cat\/escola-municipal-pau-vila\/wp-json\/wp\/v2\/pages\/3770\/revisions\/7279"}],"up":[{"embeddable":true,"href":"https:\/\/agora.xtec.cat\/escola-municipal-pau-vila\/wp-json\/wp\/v2\/pages\/22"}],"wp:attachment":[{"href":"https:\/\/agora.xtec.cat\/escola-municipal-pau-vila\/wp-json\/wp\/v2\/media?parent=3770"}],"curies":[{"name":"wp","href":"https:\/\/api.w.org\/{rel}","templated":true}]}}