{"id":28,"date":"2014-09-18T12:29:35","date_gmt":"2014-09-18T11:29:35","guid":{"rendered":"http:\/\/agora.xtec.cat\/escola-municipal-pau-vila\/?page_id=28"},"modified":"2025-12-17T09:55:17","modified_gmt":"2025-12-17T08:55:17","slug":"consell-escolar","status":"publish","type":"page","link":"https:\/\/agora.xtec.cat\/escola-municipal-pau-vila\/lescola\/consell-escolar\/","title":{"rendered":"Consell escolar"},"content":{"rendered":"<p style=\"color: #444444;\">El consell escolar \u00e9s l&#8217;\u00f2rgan de participaci\u00f3 dels diferents sectors de la comunitat educativa en el govern dels centres.<\/p>\n<p style=\"color: #444444;\">La funci\u00f3 principal \u00a0\u00e9s participar en la presa de decisions en relaci\u00f3 amb aquells temes importants per al funcionament i l&#8217;organitzaci\u00f3 del centre: el projecte educatiu, la programaci\u00f3 general, la gesti\u00f3 econ\u00f2mica, etc.<\/p>\n<p>El sector pares del Consell Escolar ha creat un correu electr\u00f2nic per tal de gestionar qualsevol tema que us interessi. Si teniu algun suggeriment, proposta per ajudar a millorar o qualsevol altra inquietud feu arribar els vostres dubtes a <a href=\"mailto:consellescolarpauvila@gmail.com\">consellescolarpauvila<span class=\"\">@gmail.com<\/span><\/a><\/p>\n<p style=\"color: #444444;\">A continuaci\u00f3 us adjuntem el document dels <a href=\"https:\/\/agora.xtec.cat\/escola-municipal-pau-vila\/wp-content\/uploads\/usu870\/2025\/12\/REPRESENTANTS-CONSELL-ESCOLAR-CURS-2025-2026-1.pdf\" target=\"_blank\" rel=\"noopener\">REPRESENTANTS CONSELL ESCOLAR CURS 2025-2026<\/a><\/p>\n<p><strong>ACORDS DEL CONSELL ESCOLAR CURS 2025-26<\/strong><\/p>\n<p><strong><a href=\"https:\/\/agora.xtec.cat\/escola-municipal-pau-vila\/wp-content\/uploads\/usu870\/2025\/12\/Acords-29.09.2025.pdf\" target=\"_blank\" rel=\"noopener\">Acords del Consell Escolar 29.09.2025<\/a><\/strong><\/p>\n<p><strong><a href=\"https:\/\/agora.xtec.cat\/escola-municipal-pau-vila\/wp-content\/uploads\/usu870\/2025\/12\/Acords-11.12.2025.pdf\" target=\"_blank\" rel=\"noopener\">Acords del Consell Escolar 11.12.2025<\/a> <\/strong><\/p>\n<p><strong>ACORDS DEL CONSELL ESCOLAR CURS 2024-25<\/strong><\/p>\n<p><strong><a href=\"https:\/\/agora.xtec.cat\/escola-municipal-pau-vila\/wp-content\/uploads\/usu870\/2025\/07\/Acords-30.09.2024.pdf\" target=\"_blank\" rel=\"noopener\">Acords del Consell Escolar 30.09.2024<\/a> <\/strong><\/p>\n<p><strong><a href=\"https:\/\/agora.xtec.cat\/escola-municipal-pau-vila\/wp-content\/uploads\/usu870\/2025\/07\/ACTA-2-07.04.2025.pdf\" target=\"_blank\" rel=\"noopener\">Acords del Consell Escolar 07.04.2025<\/a> <\/strong><\/p>\n<p><strong><a href=\"https:\/\/agora.xtec.cat\/escola-municipal-pau-vila\/wp-content\/uploads\/usu870\/2025\/07\/ACTA-3-11.06.2025.pdf\" target=\"_blank\" rel=\"noopener\">Acords del Consell Escolar 11.06.2025<\/a><\/strong><\/p>\n<p><strong>ACORDS DEL CONSELL ESCOLAR CURS 2023-24<\/strong><\/p>\n<p><strong><a href=\"https:\/\/agora.xtec.cat\/escola-municipal-pau-vila\/wp-content\/uploads\/usu870\/2024\/02\/Acords-25.09.2023.pdf\" target=\"_blank\" rel=\"noopener\">Acords del Consell Escolar 25.09.2023<\/a><\/strong><\/p>\n<p><strong><a href=\"https:\/\/agora.xtec.cat\/escola-municipal-pau-vila\/wp-content\/uploads\/usu870\/2024\/02\/Acords-11.12.2023.pdf\" target=\"_blank\" rel=\"noopener\">Acords del Consell Escolar 11.12.2023<\/a>\u00a0<\/strong><\/p>\n<p><strong><a href=\"https:\/\/agora.xtec.cat\/escola-municipal-pau-vila\/wp-content\/uploads\/usu870\/2024\/04\/Acords-21.04.2024.pdf\" target=\"_blank\" rel=\"noopener\">Acords del Consell Escolar 21.03.2024<\/a><\/strong><\/p>\n<p><strong><a href=\"https:\/\/agora.xtec.cat\/escola-municipal-pau-vila\/wp-content\/uploads\/usu870\/2024\/07\/ACTA-4-18.06.2024.pdf\" target=\"_blank\" rel=\"noopener\">Acords del Consell Escolar 18.06.2024<\/a><\/strong><\/p>\n<p>&nbsp;<\/p>\n<p>&nbsp;<\/p>\n","protected":false},"excerpt":{"rendered":"<p>El consell escolar \u00e9s l&#8217;\u00f2rgan de participaci\u00f3 dels diferents sectors de la comunitat educativa en el govern dels centres.<br \/>\nLa funci\u00f3 principal \u00a0\u00e9s participar en la presa de decisions en relaci\u00f3 amb aquells temes importants per al funcionament i l&#8217;organitzaci\u00f3 del centre: el projecte educatiu, la&hellip;  <a href=\"https:\/\/agora.xtec.cat\/escola-municipal-pau-vila\/lescola\/consell-escolar\/\" title=\"Read Consell escolar\">Llegeix m\u00e9s\u00bb<\/a><\/p>\n","protected":false},"author":1,"featured_media":0,"parent":22,"menu_order":30,"comment_status":"closed","ping_status":"closed","template":"page-templates\/side-menu.php","meta":{"_bbp_topic_count":0,"_bbp_reply_count":0,"_bbp_total_topic_count":0,"_bbp_total_reply_count":0,"_bbp_voice_count":0,"_bbp_anonymous_reply_count":0,"_bbp_topic_count_hidden":0,"_bbp_reply_count_hidden":0,"_bbp_forum_subforum_count":0,"footnotes":""},"class_list":["post-28","page","type-page","status-publish","hentry"],"post_mailing_queue_ids":[],"_links":{"self":[{"href":"https:\/\/agora.xtec.cat\/escola-municipal-pau-vila\/wp-json\/wp\/v2\/pages\/28","targetHints":{"allow":["GET"]}}],"collection":[{"href":"https:\/\/agora.xtec.cat\/escola-municipal-pau-vila\/wp-json\/wp\/v2\/pages"}],"about":[{"href":"https:\/\/agora.xtec.cat\/escola-municipal-pau-vila\/wp-json\/wp\/v2\/types\/page"}],"author":[{"embeddable":true,"href":"https:\/\/agora.xtec.cat\/escola-municipal-pau-vila\/wp-json\/wp\/v2\/users\/1"}],"replies":[{"embeddable":true,"href":"https:\/\/agora.xtec.cat\/escola-municipal-pau-vila\/wp-json\/wp\/v2\/comments?post=28"}],"version-history":[{"count":6,"href":"https:\/\/agora.xtec.cat\/escola-municipal-pau-vila\/wp-json\/wp\/v2\/pages\/28\/revisions"}],"predecessor-version":[{"id":7300,"href":"https:\/\/agora.xtec.cat\/escola-municipal-pau-vila\/wp-json\/wp\/v2\/pages\/28\/revisions\/7300"}],"up":[{"embeddable":true,"href":"https:\/\/agora.xtec.cat\/escola-municipal-pau-vila\/wp-json\/wp\/v2\/pages\/22"}],"wp:attachment":[{"href":"https:\/\/agora.xtec.cat\/escola-municipal-pau-vila\/wp-json\/wp\/v2\/media?parent=28"}],"curies":[{"name":"wp","href":"https:\/\/api.w.org\/{rel}","templated":true}]}}