{"id":26,"date":"2014-09-18T12:24:32","date_gmt":"2014-09-18T11:24:32","guid":{"rendered":"http:\/\/agora.xtec.cat\/escola-municipal-pau-vila\/?page_id=26"},"modified":"2016-10-13T10:44:37","modified_gmt":"2016-10-13T08:44:37","slug":"historia","status":"publish","type":"page","link":"https:\/\/agora.xtec.cat\/escola-municipal-pau-vila\/lescola\/historia\/","title":{"rendered":"Hist\u00f2ria"},"content":{"rendered":"<ul>\n<li><strong>Tipus d\u2019escola<\/strong><\/li>\n<\/ul>\n<p>L\u2019escola municipal Pau Vila \u00e9s un centre p\u00fablic depenent de l\u2019administraci\u00f3 local que acull alumnat d\u2019educaci\u00f3 infantil i prim\u00e0ria. T\u00e9 doble l\u00ednia i hi ha al centre divuit grups d\u2019alumnes, de 3 a 12 anys.<\/p>\n<ul>\n<li><strong>Context<\/strong><\/li>\n<\/ul>\n<p>Durant les darreres d\u00e8cades hi ha hagut un important desenvolupament industrial i urban\u00edstic del municipi de Parets, la qual cosa ha fet que la poblaci\u00f3 augment\u00e9s considerablement.<\/p>\n<p>L\u2019entorn de l\u2019escola ha estat una de les zones on s\u2019han constru\u00eft m\u00e9s habitatges durant aquests anys. Majorit\u00e0riament hi ha blocs de pisos i cases unifamiliars i adossades, amb una abundant poblaci\u00f3 de fam\u00edlies amb fills en edat escolar.<\/p>\n<p>L\u2019activitat econ\u00f2mica de les fam\u00edlies de l\u2019escola es desenvolupa en el sector secundari i\/o terciari.<\/p>\n<p>Predominen les fam\u00edlies que tenen el castell\u00e0 com a llengua familiar, tot i que tamb\u00e9 n\u2019hi ha que empren el catal\u00e0 a casa. Hi ha un cert nombre de fam\u00edlies nouvingudes, la majoria v\u00e9nen d\u2019Am\u00e8rica llatina, altres de Marroc, de l\u2019\u00c0frica subsahariana i algunes de pa\u00efsos de l\u2019est d\u2019Europa.<\/p>\n<ul>\n<li><strong>Hist\u00f2ria del centre com a instituci\u00f3<\/strong><\/li>\n<\/ul>\n<p>L\u2019escola es va fundar l\u2019any 1961 per tal de dotar al poble d\u2019una instituci\u00f3 d\u2019ensenyament mitj\u00e0 i que els nens\/es no haguessin de despla\u00e7ar-se a altres poblacions. L\u2019any 1970 es va traslladar a l\u2019edifici actual.<\/p>\n<p>L\u2019any 1984 es va constituir una Fundaci\u00f3 de Serveis d\u2019Ensenyament i a partir d\u2019aquest any, el centre funciona com a Escola Municipal i rep el nom de Pau Vila. El curs 87-88 es va establir un conveni entre la Generalitat i l\u2019Ajuntament.<\/p>\n<p>Durant tots aquests anys l\u2019escola ha anat rebent millores substancials a partir de l\u2019estructura primera fins arribar el curs 2007-2008, despr\u00e9s d\u2019una reforma significativa, a la seva estructura actual.<\/p>\n<p>&nbsp;<\/p>\n","protected":false},"excerpt":{"rendered":"<ul>\n<li>Tipus d\u2019escola<\/li>\n<\/ul>\n<p>L\u2019escola municipal Pau Vila \u00e9s un centre p\u00fablic depenent de l\u2019administraci\u00f3 local que acull alumnat d\u2019educaci\u00f3 infantil i prim\u00e0ria. T\u00e9 doble l\u00ednia i hi ha al centre divuit grups d\u2019alumnes, de 3 a 12 anys.<\/p>\n<ul>\n<li>Context<\/li>\n<\/ul>\n<p>Durant les darreres d\u00e8cades hi ha hagut un important desenvolupament&hellip;  <a href=\"https:\/\/agora.xtec.cat\/escola-municipal-pau-vila\/lescola\/historia\/\" title=\"Read Hist\u00f2ria\">Llegeix m\u00e9s\u00bb<\/a><\/p>\n","protected":false},"author":1,"featured_media":0,"parent":22,"menu_order":20,"comment_status":"closed","ping_status":"closed","template":"page-templates\/side-menu.php","meta":{"_bbp_topic_count":0,"_bbp_reply_count":0,"_bbp_total_topic_count":0,"_bbp_total_reply_count":0,"_bbp_voice_count":0,"_bbp_anonymous_reply_count":0,"_bbp_topic_count_hidden":0,"_bbp_reply_count_hidden":0,"_bbp_forum_subforum_count":0,"footnotes":""},"class_list":["post-26","page","type-page","status-publish","hentry"],"post_mailing_queue_ids":[],"_links":{"self":[{"href":"https:\/\/agora.xtec.cat\/escola-municipal-pau-vila\/wp-json\/wp\/v2\/pages\/26","targetHints":{"allow":["GET"]}}],"collection":[{"href":"https:\/\/agora.xtec.cat\/escola-municipal-pau-vila\/wp-json\/wp\/v2\/pages"}],"about":[{"href":"https:\/\/agora.xtec.cat\/escola-municipal-pau-vila\/wp-json\/wp\/v2\/types\/page"}],"author":[{"embeddable":true,"href":"https:\/\/agora.xtec.cat\/escola-municipal-pau-vila\/wp-json\/wp\/v2\/users\/1"}],"replies":[{"embeddable":true,"href":"https:\/\/agora.xtec.cat\/escola-municipal-pau-vila\/wp-json\/wp\/v2\/comments?post=26"}],"version-history":[{"count":3,"href":"https:\/\/agora.xtec.cat\/escola-municipal-pau-vila\/wp-json\/wp\/v2\/pages\/26\/revisions"}],"predecessor-version":[{"id":896,"href":"https:\/\/agora.xtec.cat\/escola-municipal-pau-vila\/wp-json\/wp\/v2\/pages\/26\/revisions\/896"}],"up":[{"embeddable":true,"href":"https:\/\/agora.xtec.cat\/escola-municipal-pau-vila\/wp-json\/wp\/v2\/pages\/22"}],"wp:attachment":[{"href":"https:\/\/agora.xtec.cat\/escola-municipal-pau-vila\/wp-json\/wp\/v2\/media?parent=26"}],"curies":[{"name":"wp","href":"https:\/\/api.w.org\/{rel}","templated":true}]}}