{"id":580,"date":"2016-01-25T23:11:45","date_gmt":"2016-01-25T22:11:45","guid":{"rendered":"http:\/\/agora.xtec.cat\/escola-montsagre\/?page_id=580"},"modified":"2021-07-14T11:53:03","modified_gmt":"2021-07-14T09:53:03","slug":"programacio-dactivitats","status":"publish","type":"page","link":"https:\/\/agora.xtec.cat\/escola-montsagre\/lescola\/programacio-dactivitats\/","title":{"rendered":"Programaci\u00f3 d&#8217;activitats"},"content":{"rendered":"<h2>Celebracions escolars:<\/h2>\n<ul>\n<li>LA CASTANYADA: de portes obertes<\/li>\n<li>FESTIVAL DE NADAL: de portes obertes<\/li>\n<li>DIA ESCOLAR DE LA NO-VIOL\u00c8NCIA I LA PAU: 29 de gener<\/li>\n<li>DIA DE LA DONA I XIQUETA EN CI\u00c8NCIA<\/li>\n<li>SANT JORDI: paradeta de llibres, roses i plantes<\/li>\n<li>COMIAT DELS ALUMNES DE 6\u00e8<\/li>\n<li>SETMANA CULTURAL: <em>Sobre la 1a setmana de juny i el tema queda per concretar.<\/em><\/li>\n<\/ul>\n<p>I dins de l\u2019\u00e0rea d\u2019angl\u00e8s:<\/p>\n<ul>\n<li>PANCAKE DAY: entre febrer i mar\u00e7 (a concretar).<\/li>\n<\/ul>\n<h2>Activitats organitzades pels Serveis Educatius:<\/h2>\n<ul>\n<li>Teatre en llengua anglesa<\/li>\n<li>Mostra de Teatre Escolar<\/li>\n<li>Programa \u201d Coneix la Terra Alta\u201d<\/li>\n<\/ul>\n","protected":false},"excerpt":{"rendered":"<p>Celebracions escolars: LA CASTANYADA: de portes obertes FESTIVAL DE NADAL: de portes obertes DIA ESCOLAR DE LA NO-VIOL\u00c8NCIA I LA PAU: 29 de gener DIA DE LA DONA I XIQUETA EN CI\u00c8NCIA SANT JORDI: paradeta de llibres, roses i plantes COMIAT DELS ALUMNES DE 6\u00e8 SETMANA CULTURAL: Sobre la 1a setmana de juny i el [&hellip;]<\/p>\n","protected":false},"author":1,"featured_media":0,"parent":22,"menu_order":0,"comment_status":"closed","ping_status":"closed","template":"","meta":{"_bbp_topic_count":0,"_bbp_reply_count":0,"_bbp_total_topic_count":0,"_bbp_total_reply_count":0,"_bbp_voice_count":0,"_bbp_anonymous_reply_count":0,"_bbp_topic_count_hidden":0,"_bbp_reply_count_hidden":0,"_bbp_forum_subforum_count":0,"site-sidebar-layout":"default","site-content-layout":"","ast-site-content-layout":"","site-content-style":"default","site-sidebar-style":"default","ast-global-header-display":"","ast-banner-title-visibility":"","ast-main-header-display":"","ast-hfb-above-header-display":"","ast-hfb-below-header-display":"","ast-hfb-mobile-header-display":"","site-post-title":"","ast-breadcrumbs-content":"","ast-featured-img":"","footer-sml-layout":"","theme-transparent-header-meta":"","adv-header-id-meta":"","stick-header-meta":"","header-above-stick-meta":"","header-main-stick-meta":"","header-below-stick-meta":"","astra-migrate-meta-layouts":"default","ast-page-background-enabled":"default","ast-page-background-meta":{"desktop":{"background-color":"var(--ast-global-color-4)","background-image":"","background-repeat":"repeat","background-position":"center center","background-size":"auto","background-attachment":"scroll","background-type":"","background-media":"","overlay-type":"","overlay-color":"","overlay-opacity":"","overlay-gradient":""},"tablet":{"background-color":"","background-image":"","background-repeat":"repeat","background-position":"center center","background-size":"auto","background-attachment":"scroll","background-type":"","background-media":"","overlay-type":"","overlay-color":"","overlay-opacity":"","overlay-gradient":""},"mobile":{"background-color":"","background-image":"","background-repeat":"repeat","background-position":"center center","background-size":"auto","background-attachment":"scroll","background-type":"","background-media":"","overlay-type":"","overlay-color":"","overlay-opacity":"","overlay-gradient":""}},"ast-content-background-meta":{"desktop":{"background-color":"var(--ast-global-color-5)","background-image":"","background-repeat":"repeat","background-position":"center center","background-size":"auto","background-attachment":"scroll","background-type":"","background-media":"","overlay-type":"","overlay-color":"","overlay-opacity":"","overlay-gradient":""},"tablet":{"background-color":"var(--ast-global-color-5)","background-image":"","background-repeat":"repeat","background-position":"center center","background-size":"auto","background-attachment":"scroll","background-type":"","background-media":"","overlay-type":"","overlay-color":"","overlay-opacity":"","overlay-gradient":""},"mobile":{"background-color":"var(--ast-global-color-5)","background-image":"","background-repeat":"repeat","background-position":"center center","background-size":"auto","background-attachment":"scroll","background-type":"","background-media":"","overlay-type":"","overlay-color":"","overlay-opacity":"","overlay-gradient":""}},"footnotes":""},"class_list":["post-580","page","type-page","status-publish","hentry"],"post_mailing_queue_ids":[],"_links":{"self":[{"href":"https:\/\/agora.xtec.cat\/escola-montsagre\/wp-json\/wp\/v2\/pages\/580","targetHints":{"allow":["GET"]}}],"collection":[{"href":"https:\/\/agora.xtec.cat\/escola-montsagre\/wp-json\/wp\/v2\/pages"}],"about":[{"href":"https:\/\/agora.xtec.cat\/escola-montsagre\/wp-json\/wp\/v2\/types\/page"}],"author":[{"embeddable":true,"href":"https:\/\/agora.xtec.cat\/escola-montsagre\/wp-json\/wp\/v2\/users\/1"}],"replies":[{"embeddable":true,"href":"https:\/\/agora.xtec.cat\/escola-montsagre\/wp-json\/wp\/v2\/comments?post=580"}],"version-history":[{"count":3,"href":"https:\/\/agora.xtec.cat\/escola-montsagre\/wp-json\/wp\/v2\/pages\/580\/revisions"}],"predecessor-version":[{"id":6530,"href":"https:\/\/agora.xtec.cat\/escola-montsagre\/wp-json\/wp\/v2\/pages\/580\/revisions\/6530"}],"up":[{"embeddable":true,"href":"https:\/\/agora.xtec.cat\/escola-montsagre\/wp-json\/wp\/v2\/pages\/22"}],"wp:attachment":[{"href":"https:\/\/agora.xtec.cat\/escola-montsagre\/wp-json\/wp\/v2\/media?parent=580"}],"curies":[{"name":"wp","href":"https:\/\/api.w.org\/{rel}","templated":true}]}}