{"id":28,"date":"2014-09-18T12:29:35","date_gmt":"2014-09-18T11:29:35","guid":{"rendered":"http:\/\/agora.xtec.cat\/escola-montsagre\/?page_id=28"},"modified":"2025-11-13T13:45:26","modified_gmt":"2025-11-13T12:45:26","slug":"comunitat-educativa","status":"publish","type":"page","link":"https:\/\/agora.xtec.cat\/escola-montsagre\/lescola\/comunitat-educativa\/","title":{"rendered":"Comunitat Educativa"},"content":{"rendered":"<header class=\"entry-header\">\n<h5 class=\"entry-title\"><span style=\"font-size: 14pt;\"><strong>EQUIP DIRECTIU:<\/strong><\/span><\/h5>\n<\/header>\n<div style=\"padding-left: 40px;\"><strong>DIRECTORA: <\/strong>M\u00edriam Miralles<\/div>\n<div style=\"padding-left: 40px;\"><strong>SECRETARI:\u00a0<\/strong><span style=\"font-size: 16px; font-style: normal; font-weight: 400; text-align: center;\">Sergio Oliver<\/span><\/div>\n<div style=\"padding-left: 40px;\"><strong>COORDINADORA PEDAG\u00d2GICA: <\/strong><span style=\"font-size: 16px; font-style: normal; font-weight: 400; text-align: center;\">Marta Prat<\/span><\/div>\n<div class=\"entry-content\">\n<p><span style=\"font-size: 14pt;\"><b style=\"font-style: inherit;\">CLAUSTRE DE PROFESSORS\/ES:<\/b><\/span><\/p>\n<p style=\"padding-left: 40px; text-align: justify;\"><b>Tutora Llar d&#8217;infants:\u00a0<\/b>Maria Pilar<\/p>\n<p style=\"padding-left: 40px; text-align: justify;\"><b>TEEI:\u00a0<\/b>Maria Rosa<\/p>\n<p style=\"padding-left: 40px; text-align: justify;\"><b style=\"background-color: #ffffff;\">Tutora d&#8217;Ed. Infantil:\u00a0<\/b><span style=\"background-color: #ffffff;\">Marta Prat i Maite Gas<\/span><\/p>\n<p style=\"padding-left: 40px; text-align: justify;\"><b>Tutoria Cicle Inicial: <\/b>Irene Sancho<\/p>\n<p style=\"padding-left: 40px; text-align: justify;\"><strong>Tutoria Cicle Mitj\u00e0<\/strong><b>: <\/b>Aaron<\/p>\n<p style=\"padding-left: 40px; text-align: justify;\"><strong>Tutoria Cicle Superior:<\/strong> Cristina Carb\u00f3<\/p>\n<p><b>Especialistes:<\/b><\/p>\n<p style=\"padding-left: 40px;\"><b>Angl\u00e8s: <\/b>Irene Sancho i Carla Arasa<\/p>\n<p style=\"padding-left: 40px;\"><b>Ed. Musical: <\/b>M\u00edriam Miralles<\/p>\n<p style=\"padding-left: 40px;\"><b>Ed. F\u00edsica: <\/b>Sergio Oliver<\/p>\n<p style=\"padding-left: 40px;\"><b style=\"background-color: #ffffff;\">Religi\u00f3:\u00a0<\/b><span style=\"background-color: #ffffff;\">Pablo Puig<\/span><\/p>\n<p><span style=\"font-size: 14pt;\"><b>PROFESSIONALS DE SUPORT AL CENTRE<\/b><\/span><\/p>\n<p style=\"padding-left: 40px;\"><b>Psicopedagog de l\u2019EAP:\u00a0<\/b><span style=\"font-size: 16px; font-style: normal; font-weight: 400; text-align: center;\">Pol<\/span><\/p>\n<p style=\"padding-left: 40px;\"><b style=\"text-align: center;\">Treballadora social de l\u2019EAP: <\/b><span style=\"font-size: 16px; font-style: normal; font-weight: 400; text-align: center;\">Montse Pedret<\/span><\/p>\n<p style=\"padding-left: 40px;\"><b style=\"text-align: center;\">Logopeda de l&#8217;EAP:\u00a0<\/b><span style=\"font-size: 16px; font-style: normal; font-weight: 400; text-align: center;\">Pol<\/span><\/p>\n<div style=\"text-align: left;\" align=\"center\"><span style=\"font-size: 14pt;\"><strong>CONSELL ESCOLAR<\/strong><\/span><\/div>\n<div style=\"text-align: left; padding-left: 40px;\" align=\"center\"><b>Presidenta:\u00a0<\/b><span style=\"font-size: 16px; font-style: normal; font-weight: 400;\">M\u00edriam Miralles<\/span><\/div>\n<div style=\"text-align: left; padding-left: 40px;\" align=\"center\"><b style=\"background-color: #ffffff;\">Secretari: <\/b><span style=\"font-size: 16px; font-style: normal; font-weight: 400;\">Sergio Oliver<\/span><\/div>\n<div style=\"text-align: justify; padding-left: 40px;\" align=\"center\"><b style=\"background-color: #f9f9f9;\"><b style=\"background-color: #f9f9f9;\">Representants \u00a0mestres:<\/b><\/b> Cristina Carb\u00f3, <span style=\"font-size: 16px; font-style: normal; font-weight: 400;\">Marta Prat, Irene Sancho<\/span><\/div>\n<div style=\"text-align: justify; padding-left: 40px;\" align=\"center\"><b>Representants de pares i mares: <\/b>Laia Segarra<\/div>\n<div style=\"text-align: justify; padding-left: 40px;\" align=\"center\"><b style=\"text-align: justify;\">Representant PAE:\u00a0<\/b><span style=\"font-size: 16px; font-style: normal; font-weight: 400;\">Maria Rosa Pi\u00f1ol<\/span><\/div>\n<div style=\"text-align: justify; padding-left: 40px;\" align=\"center\"><b>Representant de l\u2019AMPA:<\/b><span style=\"font-size: 16px; font-style: normal; font-weight: 400;\">Cristina Dragan<\/span><\/div>\n<div style=\"text-align: justify; padding-left: 40px;\" align=\"center\"><b>Representant de l\u2019Ajuntament:\u00a0<\/b><span style=\"font-size: 16px; font-style: normal; font-weight: 400;\">Javi Fortu\u00f1o<\/span><\/div>\n<\/div>\n","protected":false},"excerpt":{"rendered":"<p>EQUIP DIRECTIU: DIRECTORA: M\u00edriam Miralles SECRETARI:\u00a0Sergio Oliver COORDINADORA PEDAG\u00d2GICA: Marta Prat CLAUSTRE DE PROFESSORS\/ES: Tutora Llar d&#8217;infants:\u00a0Maria Pilar TEEI:\u00a0Maria Rosa Tutora d&#8217;Ed. Infantil:\u00a0Marta Prat i Maite Gas Tutoria Cicle Inicial: Irene Sancho Tutoria Cicle Mitj\u00e0: Aaron Tutoria Cicle Superior: Cristina Carb\u00f3 Especialistes: Angl\u00e8s: Irene Sancho i Carla Arasa Ed. Musical: M\u00edriam Miralles Ed. F\u00edsica: Sergio [&hellip;]<\/p>\n","protected":false},"author":1,"featured_media":0,"parent":22,"menu_order":30,"comment_status":"closed","ping_status":"closed","template":"","meta":{"_bbp_topic_count":0,"_bbp_reply_count":0,"_bbp_total_topic_count":0,"_bbp_total_reply_count":0,"_bbp_voice_count":0,"_bbp_anonymous_reply_count":0,"_bbp_topic_count_hidden":0,"_bbp_reply_count_hidden":0,"_bbp_forum_subforum_count":0,"site-sidebar-layout":"default","site-content-layout":"","ast-site-content-layout":"default","site-content-style":"default","site-sidebar-style":"default","ast-global-header-display":"","ast-banner-title-visibility":"","ast-main-header-display":"","ast-hfb-above-header-display":"","ast-hfb-below-header-display":"","ast-hfb-mobile-header-display":"","site-post-title":"","ast-breadcrumbs-content":"","ast-featured-img":"","footer-sml-layout":"","theme-transparent-header-meta":"default","adv-header-id-meta":"","stick-header-meta":"","header-above-stick-meta":"","header-main-stick-meta":"","header-below-stick-meta":"","astra-migrate-meta-layouts":"set","ast-page-background-enabled":"default","ast-page-background-meta":{"desktop":{"background-color":"var(--ast-global-color-4)","background-image":"","background-repeat":"repeat","background-position":"center center","background-size":"auto","background-attachment":"scroll","background-type":"","background-media":"","overlay-type":"","overlay-color":"","overlay-opacity":"","overlay-gradient":""},"tablet":{"background-color":"","background-image":"","background-repeat":"repeat","background-position":"center center","background-size":"auto","background-attachment":"scroll","background-type":"","background-media":"","overlay-type":"","overlay-color":"","overlay-opacity":"","overlay-gradient":""},"mobile":{"background-color":"","background-image":"","background-repeat":"repeat","background-position":"center center","background-size":"auto","background-attachment":"scroll","background-type":"","background-media":"","overlay-type":"","overlay-color":"","overlay-opacity":"","overlay-gradient":""}},"ast-content-background-meta":{"desktop":{"background-color":"var(--ast-global-color-5)","background-image":"","background-repeat":"repeat","background-position":"center center","background-size":"auto","background-attachment":"scroll","background-type":"","background-media":"","overlay-type":"","overlay-color":"","overlay-opacity":"","overlay-gradient":""},"tablet":{"background-color":"var(--ast-global-color-5)","background-image":"","background-repeat":"repeat","background-position":"center center","background-size":"auto","background-attachment":"scroll","background-type":"","background-media":"","overlay-type":"","overlay-color":"","overlay-opacity":"","overlay-gradient":""},"mobile":{"background-color":"var(--ast-global-color-5)","background-image":"","background-repeat":"repeat","background-position":"center center","background-size":"auto","background-attachment":"scroll","background-type":"","background-media":"","overlay-type":"","overlay-color":"","overlay-opacity":"","overlay-gradient":""}},"footnotes":""},"class_list":["post-28","page","type-page","status-publish","hentry"],"post_mailing_queue_ids":[],"_links":{"self":[{"href":"https:\/\/agora.xtec.cat\/escola-montsagre\/wp-json\/wp\/v2\/pages\/28","targetHints":{"allow":["GET"]}}],"collection":[{"href":"https:\/\/agora.xtec.cat\/escola-montsagre\/wp-json\/wp\/v2\/pages"}],"about":[{"href":"https:\/\/agora.xtec.cat\/escola-montsagre\/wp-json\/wp\/v2\/types\/page"}],"author":[{"embeddable":true,"href":"https:\/\/agora.xtec.cat\/escola-montsagre\/wp-json\/wp\/v2\/users\/1"}],"replies":[{"embeddable":true,"href":"https:\/\/agora.xtec.cat\/escola-montsagre\/wp-json\/wp\/v2\/comments?post=28"}],"version-history":[{"count":6,"href":"https:\/\/agora.xtec.cat\/escola-montsagre\/wp-json\/wp\/v2\/pages\/28\/revisions"}],"predecessor-version":[{"id":7101,"href":"https:\/\/agora.xtec.cat\/escola-montsagre\/wp-json\/wp\/v2\/pages\/28\/revisions\/7101"}],"up":[{"embeddable":true,"href":"https:\/\/agora.xtec.cat\/escola-montsagre\/wp-json\/wp\/v2\/pages\/22"}],"wp:attachment":[{"href":"https:\/\/agora.xtec.cat\/escola-montsagre\/wp-json\/wp\/v2\/media?parent=28"}],"curies":[{"name":"wp","href":"https:\/\/api.w.org\/{rel}","templated":true}]}}