{"id":26,"date":"2014-09-18T12:24:32","date_gmt":"2014-09-18T11:24:32","guid":{"rendered":"http:\/\/agora.xtec.cat\/escola-montsagre\/?page_id=26"},"modified":"2016-01-25T23:06:38","modified_gmt":"2016-01-25T22:06:38","slug":"historia","status":"publish","type":"page","link":"https:\/\/agora.xtec.cat\/escola-montsagre\/lescola\/historia\/","title":{"rendered":"Hist\u00f2ria"},"content":{"rendered":"<p><a href=\"http:\/\/blocs.xtec.cat\/escortamontsagre\/files\/2015\/02\/ensenyament_h3.gif\"><img loading=\"lazy\" decoding=\"async\" class=\"alignnone  wp-image-124\" src=\"http:\/\/blocs.xtec.cat\/escortamontsagre\/files\/2015\/02\/ensenyament_h3-300x100.gif\" alt=\"ensenyament_h3\" width=\"255\" height=\"85\" \/><\/a><\/p>\n<p>&nbsp;<\/p>\n<p><a href=\"http:\/\/blocs.xtec.cat\/escortamontsagre\/files\/2013\/11\/Nueva-imagen.jpg\"><img loading=\"lazy\" decoding=\"async\" class=\"alignnone size-large wp-image-46\" src=\"http:\/\/blocs.xtec.cat\/escortamontsagre\/files\/2013\/11\/Nueva-imagen-1024x381.jpg\" alt=\"Nueva imagen\" width=\"625\" height=\"232\" \/><\/a><\/p>\n<p style=\"text-align: justify;\">L\u2019escola actual \u00e9s el resultat de diverses ampliacions que s\u2019han anat fent al llarg dels anys.<br \/>\nAmb anterioritat les escoles del poble estaven situades, la dels nois al carrer Doctor Messeguer i la de les noies al carrer Medi Natural.<br \/>\nAproximadament des de l\u2019any 1968 es va passar a ocupar el nou centre.<br \/>\nEn aquest any, es van construir les escoles i constaven de sis aules i quatre vivendes per al mestres. A la primera ampliaci\u00f3 del recinte escolar es van construir dues aules, una cuina i un menjador ja que seguint la pol\u00edtica educativa d\u2019aquells moments es van realitzar les concentracions escolars i els alumnes d\u2019Arnes, a partir de tercer fins a vuit\u00e8, eren alumnes de l\u2019escola d\u2019Horta.<br \/>\nAnys m\u00e9s tard es va realitzar una nova ampliaci\u00f3, es van fer dutxes, un magatzem a planta baixa i quatre depend\u00e8ncies al primer pis ja que durant molts anys es van realitzar les col\u00f2nies organitzades pel Departament d\u2019Ensenyament.<br \/>\nFou a l\u2019any 1997 quan es van tornar a realitzar obres a l\u2019edifici escolar donant-li l\u2019estructura actual que va ser inaugurat per l&#8217;expresident de la Generalitat de Catalunya, Jordi Pujol i Soley, el dia 5 d\u2019abril de 1997.<\/p>\n","protected":false},"excerpt":{"rendered":"<p>&nbsp; L\u2019escola actual \u00e9s el resultat de diverses ampliacions que s\u2019han anat fent al llarg dels anys. Amb anterioritat les escoles del poble estaven situades, la dels nois al carrer Doctor Messeguer i la de les noies al carrer Medi Natural. Aproximadament des de l\u2019any 1968 es va passar a ocupar el nou centre. En [&hellip;]<\/p>\n","protected":false},"author":1,"featured_media":0,"parent":22,"menu_order":20,"comment_status":"closed","ping_status":"closed","template":"page-templates\/side-menu.php","meta":{"_bbp_topic_count":0,"_bbp_reply_count":0,"_bbp_total_topic_count":0,"_bbp_total_reply_count":0,"_bbp_voice_count":0,"_bbp_anonymous_reply_count":0,"_bbp_topic_count_hidden":0,"_bbp_reply_count_hidden":0,"_bbp_forum_subforum_count":0,"site-sidebar-layout":"default","site-content-layout":"","ast-site-content-layout":"","site-content-style":"default","site-sidebar-style":"default","ast-global-header-display":"","ast-banner-title-visibility":"","ast-main-header-display":"","ast-hfb-above-header-display":"","ast-hfb-below-header-display":"","ast-hfb-mobile-header-display":"","site-post-title":"","ast-breadcrumbs-content":"","ast-featured-img":"","footer-sml-layout":"","theme-transparent-header-meta":"","adv-header-id-meta":"","stick-header-meta":"","header-above-stick-meta":"","header-main-stick-meta":"","header-below-stick-meta":"","astra-migrate-meta-layouts":"default","ast-page-background-enabled":"default","ast-page-background-meta":{"desktop":{"background-color":"var(--ast-global-color-4)","background-image":"","background-repeat":"repeat","background-position":"center center","background-size":"auto","background-attachment":"scroll","background-type":"","background-media":"","overlay-type":"","overlay-color":"","overlay-opacity":"","overlay-gradient":""},"tablet":{"background-color":"","background-image":"","background-repeat":"repeat","background-position":"center center","background-size":"auto","background-attachment":"scroll","background-type":"","background-media":"","overlay-type":"","overlay-color":"","overlay-opacity":"","overlay-gradient":""},"mobile":{"background-color":"","background-image":"","background-repeat":"repeat","background-position":"center center","background-size":"auto","background-attachment":"scroll","background-type":"","background-media":"","overlay-type":"","overlay-color":"","overlay-opacity":"","overlay-gradient":""}},"ast-content-background-meta":{"desktop":{"background-color":"var(--ast-global-color-5)","background-image":"","background-repeat":"repeat","background-position":"center center","background-size":"auto","background-attachment":"scroll","background-type":"","background-media":"","overlay-type":"","overlay-color":"","overlay-opacity":"","overlay-gradient":""},"tablet":{"background-color":"var(--ast-global-color-5)","background-image":"","background-repeat":"repeat","background-position":"center center","background-size":"auto","background-attachment":"scroll","background-type":"","background-media":"","overlay-type":"","overlay-color":"","overlay-opacity":"","overlay-gradient":""},"mobile":{"background-color":"var(--ast-global-color-5)","background-image":"","background-repeat":"repeat","background-position":"center center","background-size":"auto","background-attachment":"scroll","background-type":"","background-media":"","overlay-type":"","overlay-color":"","overlay-opacity":"","overlay-gradient":""}},"footnotes":""},"class_list":["post-26","page","type-page","status-publish","hentry"],"post_mailing_queue_ids":[],"_links":{"self":[{"href":"https:\/\/agora.xtec.cat\/escola-montsagre\/wp-json\/wp\/v2\/pages\/26","targetHints":{"allow":["GET"]}}],"collection":[{"href":"https:\/\/agora.xtec.cat\/escola-montsagre\/wp-json\/wp\/v2\/pages"}],"about":[{"href":"https:\/\/agora.xtec.cat\/escola-montsagre\/wp-json\/wp\/v2\/types\/page"}],"author":[{"embeddable":true,"href":"https:\/\/agora.xtec.cat\/escola-montsagre\/wp-json\/wp\/v2\/users\/1"}],"replies":[{"embeddable":true,"href":"https:\/\/agora.xtec.cat\/escola-montsagre\/wp-json\/wp\/v2\/comments?post=26"}],"version-history":[{"count":2,"href":"https:\/\/agora.xtec.cat\/escola-montsagre\/wp-json\/wp\/v2\/pages\/26\/revisions"}],"predecessor-version":[{"id":577,"href":"https:\/\/agora.xtec.cat\/escola-montsagre\/wp-json\/wp\/v2\/pages\/26\/revisions\/577"}],"up":[{"embeddable":true,"href":"https:\/\/agora.xtec.cat\/escola-montsagre\/wp-json\/wp\/v2\/pages\/22"}],"wp:attachment":[{"href":"https:\/\/agora.xtec.cat\/escola-montsagre\/wp-json\/wp\/v2\/media?parent=26"}],"curies":[{"name":"wp","href":"https:\/\/api.w.org\/{rel}","templated":true}]}}