{"id":726,"date":"2019-10-29T11:44:05","date_gmt":"2019-10-29T10:44:05","guid":{"rendered":"http:\/\/agora.xtec.cat\/escola-montroig-balaguer\/?page_id=726"},"modified":"2024-09-16T10:25:16","modified_gmt":"2024-09-16T08:25:16","slug":"serveis","status":"publish","type":"page","link":"https:\/\/agora.xtec.cat\/escola-montroig-balaguer\/serveis\/","title":{"rendered":"SERVEIS"},"content":{"rendered":"<p>Hola\u00a0fam\u00edlies de l&#8217;escola!\u00a0\ud83d\ude04<\/p>\n<p>\ud83d\ude80\u00a0Pels qui no sabeu qui som,\u00a0<strong><em>Qu\u00e0lia\u00a0<\/em><\/strong><em>som una cooperativa de treballadores sense \u00e0nim de lucre educativa i inclusiva arrelada al territori,\u00a0<\/em><strong>podeu consultar la\u00a0<a href=\"https:\/\/drive.google.com\/file\/d\/1fPsTlZ6PLQ0HdTXHwAtwAWPh803mUzPb\/view?usp=sharing\" data-saferedirecturl=\"https:\/\/www.google.com\/url?q=https:\/\/drive.google.com\/file\/d\/1fPsTlZ6PLQ0HdTXHwAtwAWPh803mUzPb\/view?usp%3Dsharing&amp;source=gmail&amp;ust=1695380068714000&amp;usg=AOvVaw0c8ProVwqsR29gm5lR6JTC\">nostra mem\u00f2ria d&#8217;activitats i accions<\/a>\u00a0per saber m\u00e9s sobre qui som! Esperem que us agradi!<\/strong><\/p>\n<p>\ud83d\udd38\ud83d\udd38\ud83d\udd38\ud83d\udd38\ud83d\udd38\ud83d\udd38\ud83d\udd38\ud83d\udd38\ud83d\udd38\ud83d\udd38\ud83d\udd38\ud83d\udd38\ud83d\udd38\ud83d\udd38\ud83d\udd38\ud83d\udd38\ud83d\udd38\ud83d\udd38\ud83d\udd38\ud83d\udd38\ud83d\udd38\ud83d\udd38\ud83d\udd38\ud83d\udd38\ud83d\udd38\ud83d\udd38\ud83d\udd38\ud83d\udd38\ud83d\udd38<\/p>\n<p><strong><em><u>\ud83c\udf7d<\/u>\u00a0<u>Menjador<\/u>\u00a0<\/em><\/strong><strong>Aquest curs, seguirem treballant conjuntament amb l&#8217;AFA i l&#8217;escola per oferir-vos un servei de\u00a0menjador\u00a0pr\u00f2xim, sostenible i de qualitat.\u00a0<\/strong><\/p>\n<p><img loading=\"lazy\" decoding=\"async\" class=\"aligncenter wp-image-4224 size-large\" src=\"https:\/\/agora.xtec.cat\/escola-montroig-balaguer\/wp-content\/uploads\/usu1754\/2024\/09\/Copia-de-Reunions-2024-1-1024x726.png\" alt=\"\" width=\"1024\" height=\"726\" srcset=\"https:\/\/agora.xtec.cat\/escola-montroig-balaguer\/wp-content\/uploads\/usu1754\/2024\/09\/Copia-de-Reunions-2024-1-1024x726.png 1024w, https:\/\/agora.xtec.cat\/escola-montroig-balaguer\/wp-content\/uploads\/usu1754\/2024\/09\/Copia-de-Reunions-2024-1-300x213.png 300w, https:\/\/agora.xtec.cat\/escola-montroig-balaguer\/wp-content\/uploads\/usu1754\/2024\/09\/Copia-de-Reunions-2024-1-768x545.png 768w, https:\/\/agora.xtec.cat\/escola-montroig-balaguer\/wp-content\/uploads\/usu1754\/2024\/09\/Copia-de-Reunions-2024-1-1536x1090.png 1536w, https:\/\/agora.xtec.cat\/escola-montroig-balaguer\/wp-content\/uploads\/usu1754\/2024\/09\/Copia-de-Reunions-2024-1.png 1748w\" sizes=\"auto, (max-width: 1024px) 100vw, 1024px\" \/><\/p>\n<p>&nbsp;<\/p>\n<p>\u2733\u00a0<strong>Vols saber com son els\u00a0menjadors\u00a0de Qu\u00e0lia?\u00a0<\/strong><em>Dieta mediterr\u00e0nia, aliments ecol\u00f2gics i de proximitat, comprom\u00eds mediambiental, monitoratge qualificat&#8230;mira quin v\u00eddeo!\u00a0<\/em><a href=\"https:\/\/youtu.be\/t0CTNu5t4D4\" data-saferedirecturl=\"https:\/\/www.google.com\/url?q=https:\/\/youtu.be\/t0CTNu5t4D4&amp;source=gmail&amp;ust=1695380068714000&amp;usg=AOvVaw0ePvqUJspq_FtwbOImGtxw\">https:\/\/youtu.be\/t0CTNu5t4D4<\/a><\/p>\n<p>\ud83d\udda5\ufe0f\u00a0<strong>On trobarem el men\u00fa i m\u00e9s i informaci\u00f3?\u00a0\u00a0<\/strong><em>El men\u00fa, les nostres productores, la nostra filosofia de cuina i molt m\u00e9s&#8230;<\/em><\/p>\n<p><a href=\"https:\/\/lleurequalia.cat\/ca\/c\/menjadors-elmenjador-duplicate-120\" data-saferedirecturl=\"https:\/\/www.google.com\/url?q=https:\/\/lleurequalia.cat\/ca\/c\/menjadors-elmenjador-duplicate-120&amp;source=gmail&amp;ust=1695380068714000&amp;usg=AOvVaw03lhYMlgAmhK5urUOYvH4q\">https:\/\/lleurequalia.cat\/ca\/c\/menjadors-elmenjador-duplicate-120<\/a><\/p>\n<p>\ud83d\udd38\ud83d\udd38\ud83d\udd38\ud83d\udd38\ud83d\udd38\ud83d\udd38\ud83d\udd38\ud83d\udd38\ud83d\udd38\ud83d\udd38\ud83d\udd38\ud83d\udd38\ud83d\udd38\ud83d\udd38\ud83d\udd38\ud83d\udd38\ud83d\udd38\ud83d\udd38\ud83d\udd38\ud83d\udd38\ud83d\udd38\ud83d\udd38\ud83d\udd38\ud83d\udd38\ud83d\udd38\ud83d\udd38\ud83d\udd38\ud83d\udd38\ud83d\udd38<\/p>\n<p>\ud83d\udcdd\u00a0<strong>Com ens hi podem inscriure?<\/strong>\u00a0Funcionem amb el nostre\u00a0<strong>we<\/strong><strong>b-aplicatiu\u00a0<\/strong><\/p>\n<p><a href=\"http:\/\/app.lleurequalia.cat\/\" data-saferedirecturl=\"https:\/\/www.google.com\/url?q=http:\/\/app.lleurequalia.cat\/&amp;source=gmail&amp;ust=1695380068714000&amp;usg=AOvVaw1S9vSxIc6toE4vc5wsjNob\">app.lleurequalia.cat<\/a>\u00a0&#8211;\u00a0<em>Inscripci\u00f3, missatges, canvis del dia a dia, fotos del\u00a0menjador&#8230; Cliqueu\u00a0<a href=\"https:\/\/drive.google.com\/file\/d\/1LjEG3PxjTlH9YNhJUJpinWEJDDeksWr-\/view?usp=sharing\" data-saferedirecturl=\"https:\/\/www.google.com\/url?q=https:\/\/drive.google.com\/file\/d\/1LjEG3PxjTlH9YNhJUJpinWEJDDeksWr-\/view?usp%3Dsharing&amp;source=gmail&amp;ust=1695380068714000&amp;usg=AOvVaw0ljAiDoKe3gzF-1jIQYE-P\">aqu\u00ed<\/a>\u00a0per saber com funciona o mireu aquest\u00a0<a href=\"https:\/\/youtu.be\/Gc6jx2pUJSs\" data-saferedirecturl=\"https:\/\/www.google.com\/url?q=https:\/\/youtu.be\/Gc6jx2pUJSs&amp;source=gmail&amp;ust=1695380068714000&amp;usg=AOvVaw1Jusa6wIGOTvEs1cZOAkHa\">tutorial<\/a>!<\/em><\/p>\n<p>\ud83d\udd38\ud83d\udd38\ud83d\udd38\ud83d\udd38\ud83d\udd38\ud83d\udd38\ud83d\udd38\ud83d\udd38\ud83d\udd38\ud83d\udd38\ud83d\udd38\ud83d\udd38\ud83d\udd38\ud83d\udd38\ud83d\udd38\ud83d\udd38\ud83d\udd38\ud83d\udd38\ud83d\udd38\ud83d\udd38\ud83d\udd38\ud83d\udd38\ud83d\udd38\ud83d\udd38\ud83d\udd38\ud83d\udd38\ud83d\udd38\ud83d\udd38\ud83d\udd38<\/p>\n<p><strong>Que passeu un bon estiu! Nosaltres ja tenim ganes de comen\u00e7ar el proper curs amb vosaltres<\/strong>!\u00a0\ud83e\udd17<\/p>\n<p><a href=\"https:\/\/drive.google.com\/file\/d\/1sRPR7eFY0EquiXh-xL5wLJLbOkUOMr52\/view?usp=sharing\"><strong>INFORMACI\u00d3 SOBRE LA GESTI\u00d3 DELS MENJADORS<\/strong><\/a><\/p>\n<div><\/div>\n<p style=\"text-align: justify;\"><strong><em>Servei d\u2019acollida matinal i migdia.<\/em><\/strong><\/p>\n<p style=\"text-align: justify;\">L\u2019escola ofereix el servei d\u2019acollida matinal en horari de 08:00 a 09:00 hores, i al migdia de 12.30 a 13.30h. L\u2019organitzaci\u00f3 del servei correspon a l\u2019AMPA i aquesta\u00a0 ha contractat l\u2019Associaci\u00f3 Alba de T\u00e0rrega, \u00e0rea de Qu\u00e0lia projectes educatius\u00a0 que en fa la gesti\u00f3.<\/p>\n<div><\/div>\n<div>Seguint aquest enlla\u00e7 podreu<u>\u00a0registrar-vos al nostre Aplicatiu<\/u>\u00a0i realitzar la\u00a0<b>inscripci\u00f3\u00a0<\/b>del menjador i de l&#8217;acollida.<\/div>\n<div><img decoding=\"async\" class=\"CToWUd\" src=\"https:\/\/mail.google.com\/mail\/e\/1f449\" alt=\"\ud83d\udc49\" data-goomoji=\"1f449\" data-image-whitelisted=\"\" \/>\u00a0<a href=\"https:\/\/lleurequalia.cat\/ca\/c\/menjador-montroig-147\" target=\"_blank\" rel=\"noopener noreferrer\" data-saferedirecturl=\"https:\/\/www.google.com\/url?q=https:\/\/lleurequalia.cat\/ca\/c\/menjador-montroig-147&amp;source=gmail&amp;ust=1604681782156000&amp;usg=AFQjCNEC5-dYMH4x_L0I6R2naNxLet_2og\">https:\/\/lleurequalia.cat\/ca\/<wbr \/>c\/menjador-montroig-147<\/a><\/div>\n<div><\/div>\n<div><\/div>\n<div><\/div>\n<p>&nbsp;<\/p>\n<p>&nbsp;<\/p>\n<p style=\"text-align: justify;\"><strong><em>Casal d\u2019Estiu\r\n\t<div class=\"slideshow_container slideshow_container_style-light\" style=\"height: 300px; \" data-slideshow-id=\"756\" data-style-name=\"style-light\" data-style-version=\"2.3.1\" >\r\n\r\n\t\t\t\t\t<div class=\"slideshow_loading_icon\"><\/div>\r\n\t\t\r\n\t\t<div class=\"slideshow_content\" style=\"display: none;\">\r\n\r\n\t\t\t<div class=\"slideshow_view\">\r\n\t\t\t\t<div class=\"slideshow_slide slideshow_slide_image\">\r\n\t\t\t\t\t\t\t\t\t\t\t<img src=\"https:\/\/agora.xtec.cat\/escola-montroig-balaguer\/wp-content\/uploads\/usu1754\/2019\/10\/CASAL-ESTIU-1.jpeg\" alt=\"CASAL ESTIU 1\" width=\"1024\" height=\"768\" \/>\r\n\t\t\t\t\t\t\t\t\t\t<div class=\"slideshow_description_box slideshow_transparent\">\r\n\t\t\t\t\t\t<div class=\"slideshow_title\">CASAL ESTIU 1<\/div>\t\t\t\t\t\t\t\t\t\t\t<\/div>\r\n\t\t\t\t<\/div>\r\n\r\n\t\t\t\t\t\t<div style=\"clear: both;\"><\/div><\/div><div class=\"slideshow_view\">\r\n\t\t\t\t<div class=\"slideshow_slide slideshow_slide_image\">\r\n\t\t\t\t\t\t\t\t\t\t\t<img src=\"https:\/\/agora.xtec.cat\/escola-montroig-balaguer\/wp-content\/uploads\/usu1754\/2019\/10\/CASAL-ESTIU-2.jpeg\" alt=\"CASAL ESTIU 2\" width=\"1024\" height=\"768\" \/>\r\n\t\t\t\t\t\t\t\t\t\t<div class=\"slideshow_description_box slideshow_transparent\">\r\n\t\t\t\t\t\t<div class=\"slideshow_title\">CASAL ESTIU 2<\/div>\t\t\t\t\t\t\t\t\t\t\t<\/div>\r\n\t\t\t\t<\/div>\r\n\r\n\t\t\t\t\t\t<div style=\"clear: both;\"><\/div><\/div><div class=\"slideshow_view\">\r\n\t\t\t\t<div class=\"slideshow_slide slideshow_slide_image\">\r\n\t\t\t\t\t\t\t\t\t\t\t<img src=\"https:\/\/agora.xtec.cat\/escola-montroig-balaguer\/wp-content\/uploads\/usu1754\/2019\/10\/CASAL-ESTIU-3.jpeg\" alt=\"CASAL ESTIU 3\" width=\"1600\" height=\"1202\" \/>\r\n\t\t\t\t\t\t\t\t\t\t<div class=\"slideshow_description_box slideshow_transparent\">\r\n\t\t\t\t\t\t<div class=\"slideshow_title\">CASAL ESTIU 3<\/div>\t\t\t\t\t\t\t\t\t\t\t<\/div>\r\n\t\t\t\t<\/div>\r\n\r\n\t\t\t\t\t\t<div style=\"clear: both;\"><\/div><\/div><div class=\"slideshow_view\">\r\n\t\t\t\t<div class=\"slideshow_slide slideshow_slide_image\">\r\n\t\t\t\t\t\t\t\t\t\t\t<img src=\"https:\/\/agora.xtec.cat\/escola-montroig-balaguer\/wp-content\/uploads\/usu1754\/2019\/10\/CASAL-ESTIU-4.jpeg\" alt=\"CASAL ESTIU 4\" width=\"1600\" height=\"1200\" \/>\r\n\t\t\t\t\t\t\t\t\t\t<div class=\"slideshow_description_box slideshow_transparent\">\r\n\t\t\t\t\t\t<div class=\"slideshow_title\">CASAL ESTIU 4<\/div>\t\t\t\t\t\t\t\t\t\t\t<\/div>\r\n\t\t\t\t<\/div>\r\n\r\n\t\t\t\t\t\t<div style=\"clear: both;\"><\/div><\/div>\r\n\t\t<\/div>\r\n\r\n\t\t<div class=\"slideshow_controlPanel slideshow_transparent\" style=\"display: none;\"><ul><li class=\"slideshow_togglePlay\" data-play-text=\"Visualitza\" data-pause-text=\"Pausa\"><\/li><\/ul><\/div>\r\n\r\n\t\t<div class=\"slideshow_button slideshow_previous slideshow_transparent\" role=\"button\" data-previous-text=\"Anterior\" style=\"display: none;\"><\/div>\r\n\t\t<div class=\"slideshow_button slideshow_next slideshow_transparent\" role=\"button\" data-next-text=\"Seg\u00fcent\" style=\"display: none;\"><\/div>\r\n\r\n\t\t<div class=\"slideshow_pagination\" style=\"display: none;\" data-go-to-text=\"V\u00e9s a la diapositiva\"><div class=\"slideshow_pagination_center\"><\/div><\/div>\r\n\r\n\t\t<!-- WordPress Slideshow Version 2.3.1 -->\r\n\r\n\t\t\t<\/div>\r\n\r\n<\/em><\/strong><\/p>\n<p style=\"text-align: justify;\">Amb la finalitat que els infants tinguin l\u2019opci\u00f3 de participar en activitats l\u00fadiques i educatives, l\u2019AMPA organitza un casal d\u2019estiu. Pots fer\u00a0 la inscripci\u00f3 per setmanes.<\/p>\n<p style=\"text-align: justify;\">\n","protected":false},"excerpt":{"rendered":"<p>Hola\u00a0fam\u00edlies de l&#8217;escola!\u00a0\ud83d\ude04<br \/>\n\ud83d\ude80\u00a0Pels qui no sabeu qui som,\u00a0Qu\u00e0lia\u00a0som una cooperativa de treballadores sense \u00e0nim de lucre educativa i inclusiva arrelada al territori,\u00a0podeu consultar la\u00a0<a href=\"https:\/\/drive.google.com\/file\/d\/1fPsTlZ6PLQ0HdTXHwAtwAWPh803mUzPb\/view?usp=sharing\" data-saferedirecturl=\"https:\/\/www.google.com\/url?q=https:\/\/drive.google.com\/file\/d\/1fPsTlZ6PLQ0HdTXHwAtwAWPh803mUzPb\/view?usp%3Dsharing&amp;source=gmail&amp;ust=1695380068714000&amp;usg=AOvVaw0c8ProVwqsR29gm5lR6JTC\">nostra mem\u00f2ria d&#8217;activitats i accions<\/a>\u00a0per saber m\u00e9s sobre qui som! Esperem que us agradi!<br \/>\n\ud83d\udd38\ud83d\udd38\ud83d\udd38\ud83d\udd38\ud83d\udd38\ud83d\udd38\ud83d\udd38\ud83d\udd38\ud83d\udd38\ud83d\udd38\ud83d\udd38\ud83d\udd38\ud83d\udd38\ud83d\udd38\ud83d\udd38\ud83d\udd38\ud83d\udd38\ud83d\udd38\ud83d\udd38\ud83d\udd38\ud83d\udd38\ud83d\udd38\ud83d\udd38\ud83d\udd38\ud83d\udd38\ud83d\udd38\ud83d\udd38\ud83d\udd38\ud83d\udd38<br \/>\n\ud83c\udf7d\u00a0Menjador\u00a0Aquest curs, seguirem treballant conjuntament amb l&#8217;AFA&hellip;  <a href=\"https:\/\/agora.xtec.cat\/escola-montroig-balaguer\/serveis\/\" title=\"Read SERVEIS\">Llegeix m\u00e9s\u00bb<\/a><\/p>\n","protected":false},"author":3,"featured_media":0,"parent":0,"menu_order":0,"comment_status":"closed","ping_status":"closed","template":"","meta":{"_bbp_topic_count":0,"_bbp_reply_count":0,"_bbp_total_topic_count":0,"_bbp_total_reply_count":0,"_bbp_voice_count":0,"_bbp_anonymous_reply_count":0,"_bbp_topic_count_hidden":0,"_bbp_reply_count_hidden":0,"_bbp_forum_subforum_count":0,"footnotes":""},"class_list":["post-726","page","type-page","status-publish","hentry"],"post_mailing_queue_ids":[],"_links":{"self":[{"href":"https:\/\/agora.xtec.cat\/escola-montroig-balaguer\/wp-json\/wp\/v2\/pages\/726","targetHints":{"allow":["GET"]}}],"collection":[{"href":"https:\/\/agora.xtec.cat\/escola-montroig-balaguer\/wp-json\/wp\/v2\/pages"}],"about":[{"href":"https:\/\/agora.xtec.cat\/escola-montroig-balaguer\/wp-json\/wp\/v2\/types\/page"}],"author":[{"embeddable":true,"href":"https:\/\/agora.xtec.cat\/escola-montroig-balaguer\/wp-json\/wp\/v2\/users\/3"}],"replies":[{"embeddable":true,"href":"https:\/\/agora.xtec.cat\/escola-montroig-balaguer\/wp-json\/wp\/v2\/comments?post=726"}],"version-history":[{"count":6,"href":"https:\/\/agora.xtec.cat\/escola-montroig-balaguer\/wp-json\/wp\/v2\/pages\/726\/revisions"}],"predecessor-version":[{"id":4226,"href":"https:\/\/agora.xtec.cat\/escola-montroig-balaguer\/wp-json\/wp\/v2\/pages\/726\/revisions\/4226"}],"wp:attachment":[{"href":"https:\/\/agora.xtec.cat\/escola-montroig-balaguer\/wp-json\/wp\/v2\/media?parent=726"}],"curies":[{"name":"wp","href":"https:\/\/api.w.org\/{rel}","templated":true}]}}