{"id":688,"date":"2019-10-22T12:11:42","date_gmt":"2019-10-22T10:11:42","guid":{"rendered":"http:\/\/agora.xtec.cat\/escola-montroig-balaguer\/?page_id=688"},"modified":"2026-02-22T22:03:26","modified_gmt":"2026-02-22T21:03:26","slug":"informacions-dinteres","status":"publish","type":"page","link":"https:\/\/agora.xtec.cat\/escola-montroig-balaguer\/informacions-dinteres\/","title":{"rendered":"INFORMACIONS D&#8217;INTER\u00c8S"},"content":{"rendered":"<p><strong>Horari escola<\/strong><\/p>\n<ul>\n<li>Al mat\u00ed, de 9:00 a 12:30<\/li>\n<li>A la tarda, de 15.00 a 16.30<\/li>\n<\/ul>\n<p><strong>Servei d\u2019Acollida<\/strong><\/p>\n<ul>\n<li>Al mat\u00ed, de les 7.50 a les 9.00<\/li>\n<li>A migdia (sota demanda).<\/li>\n<li>17&#8217;5\u20ac mensuals.<\/li>\n<li>2&#8217;10\u20ac espor\u00e0dics (s\u00f2cies).<\/li>\n<\/ul>\n<p><strong>Servei de menjador<\/strong><\/p>\n<ul>\n<li>Organitzat per l\u2019AFA mitjan\u00e7ant Qu\u00e0lia<\/li>\n<li>C\u00e0tering de l\u00ednia calenta<\/li>\n<li>Fixe: 6&#8217;82\u20ac\/ dia (Pagament mensual)<\/li>\n<li>Espor\u00e0dic: 7\u201918\u20ac\/dia<\/li>\n<\/ul>\n<p><strong>Quota de l\u2019AFA<\/strong><\/p>\n<ul>\n<li>20\u20ac per fam\u00edlia i curs.<\/li>\n<\/ul>\n<p><strong>Aportaci\u00f3 per material escolar<\/strong><\/p>\n<ul>\n<li>130\u20ac per curs (inclou tot el material que s\u2019utilitza, tant fungible com quaderns de treball)<\/li>\n<\/ul>\n<p><strong>Sortides i col\u00f2nies<\/strong><\/p>\n<ul>\n<li>Dues sortides anuals d\u2019entre 15\u20ac i 25\u20ac cadascuna.<\/li>\n<li>Unes col\u00f2nies de dos dies de durada a Educaci\u00f3 Infantil i Cicle inicial i unes estades en Camp d\u2019Aprenentatge a Cicle Mitj\u00e0 i Cicle Superior de tres dies. Preu aproximat: 115\u20ac.<\/li>\n<\/ul>\n<p><strong>Extraescolars<\/strong><\/p>\n<ul>\n<li>Activitats esportives, angl\u00e8s i rob\u00f2tica. Cal ser fam\u00edlia s\u00f2cia de l&#8217;AFA.<\/li>\n<li>Activitats mitjan\u00e7ant el Pla catal\u00e0 d&#8217;esport a l&#8217;Escola.<\/li>\n<li>A partir de Cicle Mitj\u00e0, Cant Coral.<\/li>\n<\/ul>\n<p>&nbsp;<\/p>\n","protected":false},"excerpt":{"rendered":"<p>Horari escola<\/p>\n<ul>\n<li>Al mat\u00ed, de 9:00 a 12:30<\/li>\n<li>A la tarda, de 15.00 a 16.30<\/li>\n<\/ul>\n<p>Servei d\u2019Acollida<\/p>\n<ul>\n<li>Al mat\u00ed, de les 7.50 a les 9.00<\/li>\n<li>A migdia (sota demanda).<\/li>\n<li>17&#8217;5\u20ac mensuals.<\/li>\n<li>2&#8217;10\u20ac espor\u00e0dics (s\u00f2cies).<\/li>\n<\/ul>\n<p>Servei de menjador<\/p>\n<ul>\n<li>Organitzat per l\u2019AFA mitjan\u00e7ant Qu\u00e0lia<\/li>\n<li>C\u00e0tering de l\u00ednia calenta<\/li>\n<li>Fixe: 6&#8217;82\u20ac\/ dia (Pagament mensual)<\/li>\n<li>Espor\u00e0dic: 7\u201918\u20ac\/dia<\/li>\n<\/ul>\n<p>Quota de l\u2019AFA<\/p>\n<ul>\n<li>20\u20ac per fam\u00edlia&hellip;  <a href=\"https:\/\/agora.xtec.cat\/escola-montroig-balaguer\/informacions-dinteres\/\" title=\"Read INFORMACIONS D&#8217;INTER\u00c8S\">Llegeix m\u00e9s\u00bb<\/a><br \/>\n","protected":false},"author":3,"featured_media":0,"parent":0,"menu_order":50,"comment_status":"closed","ping_status":"closed","template":"","meta":{"_bbp_topic_count":0,"_bbp_reply_count":0,"_bbp_total_topic_count":0,"_bbp_total_reply_count":0,"_bbp_voice_count":0,"_bbp_anonymous_reply_count":0,"_bbp_topic_count_hidden":0,"_bbp_reply_count_hidden":0,"_bbp_forum_subforum_count":0,"footnotes":""},"class_list":["post-688","page","type-page","status-publish","hentry"],"post_mailing_queue_ids":[],"_links":{"self":[{"href":"https:\/\/agora.xtec.cat\/escola-montroig-balaguer\/wp-json\/wp\/v2\/pages\/688","targetHints":{"allow":["GET"]}}],"collection":[{"href":"https:\/\/agora.xtec.cat\/escola-montroig-balaguer\/wp-json\/wp\/v2\/pages"}],"about":[{"href":"https:\/\/agora.xtec.cat\/escola-montroig-balaguer\/wp-json\/wp\/v2\/types\/page"}],"author":[{"embeddable":true,"href":"https:\/\/agora.xtec.cat\/escola-montroig-balaguer\/wp-json\/wp\/v2\/users\/3"}],"replies":[{"embeddable":true,"href":"https:\/\/agora.xtec.cat\/escola-montroig-balaguer\/wp-json\/wp\/v2\/comments?post=688"}],"version-history":[{"count":7,"href":"https:\/\/agora.xtec.cat\/escola-montroig-balaguer\/wp-json\/wp\/v2\/pages\/688\/revisions"}],"predecessor-version":[{"id":4688,"href":"https:\/\/agora.xtec.cat\/escola-montroig-balaguer\/wp-json\/wp\/v2\/pages\/688\/revisions\/4688"}],"wp:attachment":[{"href":"https:\/\/agora.xtec.cat\/escola-montroig-balaguer\/wp-json\/wp\/v2\/media?parent=688"}],"curies":[{"name":"wp","href":"https:\/\/api.w.org\/{rel}","templated":true}]}}