{"id":686,"date":"2019-10-22T12:10:57","date_gmt":"2019-10-22T10:10:57","guid":{"rendered":"http:\/\/agora.xtec.cat\/escola-montroig-balaguer\/?page_id=686"},"modified":"2023-10-04T22:17:18","modified_gmt":"2023-10-04T20:17:18","slug":"organitzacio","status":"publish","type":"page","link":"https:\/\/agora.xtec.cat\/escola-montroig-balaguer\/lescola\/organitzacio\/","title":{"rendered":"ORGANITZACI\u00d3"},"content":{"rendered":"<p style=\"text-align: justify;\"><strong>\u00d2RGANS DE DIRECCI\u00d3<\/strong><\/p>\n<p style=\"text-align: justify;\"><strong>EQUIP DIRECTIU<\/strong><\/p>\n<p style=\"text-align: justify;\">L\u2019equip directiu de l\u2019escola \u00e9s l\u2019\u00f2rgan de govern que treballa de manera coordinada en el desenvolupament i l\u2019aplicaci\u00f3 del projecte de gesti\u00f3 que concreta el Projecte Educatiu de centre.<\/p>\n<p style=\"text-align: justify;\">Directora: Cristina Carbonell Figuerola.<\/p>\n<p style=\"text-align: justify;\">Cap d\u2019Estudis: Eva Llena Muix\u00ed.<\/p>\n<p style=\"text-align: justify;\">Secret\u00e0ria: Susagna Balasch Guasch<\/p>\n<p style=\"text-align: justify;\"><strong>EQUIP DE GESTI\u00d3:<\/strong><\/p>\n<p style=\"text-align: justify;\">La funci\u00f3 principal de l\u2019equip de gesti\u00f3 \u00e9s col\u00b7laborar en el desplegament del PEC, concretat en el projecte de direcci\u00f3 i el Pla Anual i assegurar la coordinaci\u00f3 en el desenvolupament de la tasca pedag\u00f2gica. Formen l\u2019equip de gesti\u00f3 l\u2019equip directiu i les coordinacions de cicle.<\/p>\n<p style=\"text-align: justify;\"><strong>\u00d2RGANS DE PARTICIPACI\u00d3 EN LA GESTI\u00d3<\/strong><\/p>\n<p style=\"text-align: justify;\"><strong>CONSELL ESCOLAR<\/strong><\/p>\n<p style=\"text-align: justify;\">El consell escolar del centre \u00e9s l\u2019\u00f2rgan de participaci\u00f3 de la comunitat escolar en el govern de l\u2019escola i l\u2019\u00f2rgan de programaci\u00f3, seguiment i avaluaci\u00f3 general de les activitats.<\/p>\n<p style=\"text-align: justify;\">El Consell Escolar del Centre est\u00e0 format per persones que representen diferents sectors:<\/p>\n<p style=\"text-align: justify;\">Sector fam\u00edlies<\/p>\n<p style=\"text-align: justify;\">Sector professorat<\/p>\n<p style=\"text-align: justify;\">Representant Ajuntament<\/p>\n<p style=\"text-align: justify;\">Representant PAS<\/p>\n<p style=\"text-align: justify;\">Representant PAE<\/p>\n<p style=\"text-align: justify;\">Equip directiu<\/p>\n<p style=\"text-align: justify;\">En el marc del Consell Escolar s\u2019estableixen quatre comissions: la comissi\u00f3 econ\u00f2mica, la comissi\u00f3 permanent, la comissi\u00f3 de conviv\u00e8ncia i la comissi\u00f3 de seguiment d\u2019obres. D\u2019entre les persones membres del Consell Escolar se\u2019n tria una que impulsi mesures educatives de foment de la igualtat real i efectiva entre homes i dones.<\/p>\n<p style=\"text-align: justify;\"><strong>CLAUSTRE<\/strong><\/p>\n<p style=\"text-align: justify;\">El claustre \u00e9s l\u2019\u00f2rgan de participaci\u00f3 del professorat en la gesti\u00f3 i la planificaci\u00f3 educativa del centre. Est\u00e0 integrat per la totalitat del professorat i el personal d\u2019atenci\u00f3 educativa que hi presten serveis. \u00c9s presidit per la directora del centre.<\/p>\n<p style=\"text-align: justify;\">El Claustre de l\u2019escola Mont-roig \u00e9s el veritable motor de la innovaci\u00f3 pedag\u00f2gica que es realitza al centre.<\/p>\n<p style=\"text-align: justify;\"><strong><u>\u00d2RGANS DE COORDINACI\u00d3<\/u><\/strong><\/p>\n<p style=\"text-align: justify;\">Existeixen diferents \u00f2rgans de coordinaci\u00f3 tant entre el professorat com entre el professorat , les fam\u00edlies, l\u2019AMPA o diferents Serveis externs.<\/p>\n<p style=\"text-align: justify;\">Podeu obtenir m\u00e9s informaci\u00f3 al t\u00edtol 3, cap\u00edtols 5 i 6 de les NOFC (Apartat Documentaci\u00f3)<\/p>\n","protected":false},"excerpt":{"rendered":"<p>\u00d2RGANS DE DIRECCI\u00d3<br \/>\nEQUIP DIRECTIU<br \/>\nL\u2019equip directiu de l\u2019escola \u00e9s l\u2019\u00f2rgan de govern que treballa de manera coordinada en el desenvolupament i l\u2019aplicaci\u00f3 del projecte de gesti\u00f3 que concreta el Projecte Educatiu de centre.<br \/>\nDirectora: Cristina Carbonell Figuerola.<br \/>\nCap d\u2019Estudis: Eva Llena Muix\u00ed.<br \/>\nSecret\u00e0ria: Susagna Balasch Guasch<br \/>\nEQUIP DE GESTI\u00d3:<br \/>\nLa funci\u00f3&hellip;  <a href=\"https:\/\/agora.xtec.cat\/escola-montroig-balaguer\/lescola\/organitzacio\/\" title=\"Read ORGANITZACI\u00d3\">Llegeix m\u00e9s\u00bb<\/a><\/p>\n","protected":false},"author":3,"featured_media":0,"parent":22,"menu_order":40,"comment_status":"closed","ping_status":"closed","template":"page-templates\/side-menu.php","meta":{"_bbp_topic_count":0,"_bbp_reply_count":0,"_bbp_total_topic_count":0,"_bbp_total_reply_count":0,"_bbp_voice_count":0,"_bbp_anonymous_reply_count":0,"_bbp_topic_count_hidden":0,"_bbp_reply_count_hidden":0,"_bbp_forum_subforum_count":0,"footnotes":""},"class_list":["post-686","page","type-page","status-publish","hentry"],"post_mailing_queue_ids":[],"_links":{"self":[{"href":"https:\/\/agora.xtec.cat\/escola-montroig-balaguer\/wp-json\/wp\/v2\/pages\/686","targetHints":{"allow":["GET"]}}],"collection":[{"href":"https:\/\/agora.xtec.cat\/escola-montroig-balaguer\/wp-json\/wp\/v2\/pages"}],"about":[{"href":"https:\/\/agora.xtec.cat\/escola-montroig-balaguer\/wp-json\/wp\/v2\/types\/page"}],"author":[{"embeddable":true,"href":"https:\/\/agora.xtec.cat\/escola-montroig-balaguer\/wp-json\/wp\/v2\/users\/3"}],"replies":[{"embeddable":true,"href":"https:\/\/agora.xtec.cat\/escola-montroig-balaguer\/wp-json\/wp\/v2\/comments?post=686"}],"version-history":[{"count":5,"href":"https:\/\/agora.xtec.cat\/escola-montroig-balaguer\/wp-json\/wp\/v2\/pages\/686\/revisions"}],"predecessor-version":[{"id":3892,"href":"https:\/\/agora.xtec.cat\/escola-montroig-balaguer\/wp-json\/wp\/v2\/pages\/686\/revisions\/3892"}],"up":[{"embeddable":true,"href":"https:\/\/agora.xtec.cat\/escola-montroig-balaguer\/wp-json\/wp\/v2\/pages\/22"}],"wp:attachment":[{"href":"https:\/\/agora.xtec.cat\/escola-montroig-balaguer\/wp-json\/wp\/v2\/media?parent=686"}],"curies":[{"name":"wp","href":"https:\/\/api.w.org\/{rel}","templated":true}]}}