{"id":684,"date":"2019-10-22T12:09:42","date_gmt":"2019-10-22T10:09:42","guid":{"rendered":"http:\/\/agora.xtec.cat\/escola-montroig-balaguer\/?page_id=684"},"modified":"2020-02-04T11:02:47","modified_gmt":"2020-02-04T10:02:47","slug":"historia","status":"publish","type":"page","link":"https:\/\/agora.xtec.cat\/escola-montroig-balaguer\/lescola\/historia\/","title":{"rendered":"HIST\u00d2RIA"},"content":{"rendered":"<p style=\"text-align: justify;\">L\u2019escola Mont-roig \u00e9s un centre jove que va comen\u00e7ar la seva activitat el curs escolar 2007-08. El creixement demogr\u00e0fic que va experimentar la ciutat va suposar un augment en la demanda de llocs escolars. Per a donar-hi resposta, des del Departament d\u2019Educaci\u00f3 de la Generalitat de Catalunya es va apostar per un augment de l\u2019oferta p\u00fablica, amb la creaci\u00f3 d\u2019un nou centre, que en principi havia de ser de dues l\u00ednies, per\u00f2 que en l\u2019actualitat s\u2019est\u00e0 reconvertint en centre d\u2019una l\u00ednia.<\/p>\n<p style=\"text-align: justify;\">Vam triar el nom de Mont-roig perqu\u00e8 des del pati de l\u2019escola podem veure aquesta serra que forma part del Montsec. Ens agrada portar el nom d\u2019aquest espai natural perqu\u00e8 el relacionem amb la idea de fer cam\u00ed i \u00e9s que volem que l\u2019etapa educativa que el nostre alumnat viu al centre sigui un trajecte apassionant!<\/p>\n","protected":false},"excerpt":{"rendered":"<p>L\u2019escola Mont-roig \u00e9s un centre jove que va comen\u00e7ar la seva activitat el curs escolar 2007-08. El creixement demogr\u00e0fic que va experimentar la ciutat va suposar un augment en la demanda de llocs escolars. Per a donar-hi resposta, des del Departament d\u2019Educaci\u00f3 de la Generalitat&hellip;  <a href=\"https:\/\/agora.xtec.cat\/escola-montroig-balaguer\/lescola\/historia\/\" title=\"Read HIST\u00d2RIA\">Llegeix m\u00e9s\u00bb<\/a><\/p>\n","protected":false},"author":3,"featured_media":0,"parent":22,"menu_order":20,"comment_status":"closed","ping_status":"closed","template":"page-templates\/side-menu.php","meta":{"_bbp_topic_count":0,"_bbp_reply_count":0,"_bbp_total_topic_count":0,"_bbp_total_reply_count":0,"_bbp_voice_count":0,"_bbp_anonymous_reply_count":0,"_bbp_topic_count_hidden":0,"_bbp_reply_count_hidden":0,"_bbp_forum_subforum_count":0,"footnotes":""},"class_list":["post-684","page","type-page","status-publish","hentry"],"post_mailing_queue_ids":[],"_links":{"self":[{"href":"https:\/\/agora.xtec.cat\/escola-montroig-balaguer\/wp-json\/wp\/v2\/pages\/684","targetHints":{"allow":["GET"]}}],"collection":[{"href":"https:\/\/agora.xtec.cat\/escola-montroig-balaguer\/wp-json\/wp\/v2\/pages"}],"about":[{"href":"https:\/\/agora.xtec.cat\/escola-montroig-balaguer\/wp-json\/wp\/v2\/types\/page"}],"author":[{"embeddable":true,"href":"https:\/\/agora.xtec.cat\/escola-montroig-balaguer\/wp-json\/wp\/v2\/users\/3"}],"replies":[{"embeddable":true,"href":"https:\/\/agora.xtec.cat\/escola-montroig-balaguer\/wp-json\/wp\/v2\/comments?post=684"}],"version-history":[{"count":2,"href":"https:\/\/agora.xtec.cat\/escola-montroig-balaguer\/wp-json\/wp\/v2\/pages\/684\/revisions"}],"predecessor-version":[{"id":710,"href":"https:\/\/agora.xtec.cat\/escola-montroig-balaguer\/wp-json\/wp\/v2\/pages\/684\/revisions\/710"}],"up":[{"embeddable":true,"href":"https:\/\/agora.xtec.cat\/escola-montroig-balaguer\/wp-json\/wp\/v2\/pages\/22"}],"wp:attachment":[{"href":"https:\/\/agora.xtec.cat\/escola-montroig-balaguer\/wp-json\/wp\/v2\/media?parent=684"}],"curies":[{"name":"wp","href":"https:\/\/api.w.org\/{rel}","templated":true}]}}