{"id":1928,"date":"2021-01-19T15:33:23","date_gmt":"2021-01-19T14:33:23","guid":{"rendered":"http:\/\/agora.xtec.cat\/escola-montroig-balaguer\/?page_id=1928"},"modified":"2025-10-21T11:01:13","modified_gmt":"2025-10-21T09:01:13","slug":"instal%c2%b7lacions","status":"publish","type":"page","link":"https:\/\/agora.xtec.cat\/escola-montroig-balaguer\/lescola\/instal%c2%b7lacions\/","title":{"rendered":"INSTAL\u00b7LACIONS"},"content":{"rendered":"<p style=\"text-align: left;\">La nostra escola est\u00e0 ubicada a la carretera de Camarasa. Ens hi vam traslladar el gener de l&#8217;any 2009, despr\u00e9s d&#8217;haver passat un curs i un trimestre en uns m\u00f2duls prefabricats. Vam estrenar la primera fase de l&#8217;edifici que contenia les sis aules d&#8217;infantil (en aquell moment \u00e9rem centre de doble l\u00ednia), una aula de psicomotricitat i diversos espais de reuni\u00f3 i administraci\u00f3. La segona fase s&#8217;havia de construir de manera immediata per\u00f2 es va anar posposant al llarg de molts anys mentre veiem com el pati s&#8217;omplia de m\u00f2duls prefabricats. Aquest fet per\u00f2 no ens va impedir bolcar-nos en la creaci\u00f3 d&#8217;un espai exterior amable, diversificat, coeducatiu &#8230;<\/p>\n<p style=\"text-align: left;\">Juntament amb les fam\u00edlies vam organitzar diverses jornades fins a deixar-lo a punt. Van ser moments de grans viv\u00e8ncies.<\/p>\n<p style=\"text-align: center;\">A continuaci\u00f3 teniu reculls de les Jornades de Pati que hem anat realitzant.<\/p>\n<p><iframe loading=\"lazy\" title=\"Ideem el nostre pati  Escola Mont Roig Balaguer  Recull fotogr\u00e0fic\" width=\"500\" height=\"281\" src=\"https:\/\/www.youtube.com\/embed\/IwE9BYLJ-MU?feature=oembed\" frameborder=\"0\" allow=\"accelerometer; autoplay; clipboard-write; encrypted-media; gyroscope; picture-in-picture; web-share\" referrerpolicy=\"strict-origin-when-cross-origin\" allowfullscreen><\/iframe><\/p>\n<p>&nbsp;<\/p>\n<p style=\"text-align: left;\">Tant temps esperant la construcci\u00f3 de l&#8217;escola ens va permetre\u00a0 pensar molt b\u00e9 com ens agradaria que fos el nou edifici i va permetre a tota la comunitat educativa aportar les seves idees que van quedar recollides en un document elaborat mitjan\u00e7ant un proc\u00e9s participatiu que va tenir lloc el curs 2020-21.<\/p>\n<p style=\"text-align: center;\"><a href=\"https:\/\/drive.google.com\/file\/d\/1Lxi113ppG6266nJQ2kq1yMK-gB2xoyDj\/view?usp=sharing\"><strong>RESUM ACTUACIONS PROC\u00c9S PARTICIPATIU<\/strong><\/a><\/p>\n<p style=\"text-align: center;\"><a href=\"https:\/\/drive.google.com\/file\/d\/1JFNGPMX0H5MK-LDEcWthDqYB28YUD38Y\/view?usp=sharing\"><strong>DOCUMENT DE PARTICIPACI\u00d3<\/strong><\/a><\/p>\n<p style=\"text-align: left;\">En aquest moment el Projecte est\u00e0 pr\u00e0cticament enllestit i esperem amb il\u00b7lusi\u00f3 la licitaci\u00f3 de la construcci\u00f3. No ha estat ni \u00e9s un cam\u00ed f\u00e0cil, per\u00f2 mai hem deixat de preocupar-nos perqu\u00e8 l&#8217;escola sigui una realitat.<\/p>\n<p><img loading=\"lazy\" decoding=\"async\" class=\"size-medium wp-image-3217 aligncenter\" src=\"https:\/\/agora.xtec.cat\/escola-montroig-balaguer\/wp-content\/uploads\/usu1754\/2022\/09\/20211005_Proposta_REVISADA_page-0001-300x212.jpg\" alt=\"\" width=\"300\" height=\"212\" srcset=\"https:\/\/agora.xtec.cat\/escola-montroig-balaguer\/wp-content\/uploads\/usu1754\/2022\/09\/20211005_Proposta_REVISADA_page-0001-300x212.jpg 300w, https:\/\/agora.xtec.cat\/escola-montroig-balaguer\/wp-content\/uploads\/usu1754\/2022\/09\/20211005_Proposta_REVISADA_page-0001-1024x724.jpg 1024w, https:\/\/agora.xtec.cat\/escola-montroig-balaguer\/wp-content\/uploads\/usu1754\/2022\/09\/20211005_Proposta_REVISADA_page-0001-768x543.jpg 768w, https:\/\/agora.xtec.cat\/escola-montroig-balaguer\/wp-content\/uploads\/usu1754\/2022\/09\/20211005_Proposta_REVISADA_page-0001-1536x1085.jpg 1536w, https:\/\/agora.xtec.cat\/escola-montroig-balaguer\/wp-content\/uploads\/usu1754\/2022\/09\/20211005_Proposta_REVISADA_page-0001.jpg 1755w\" sizes=\"auto, (max-width: 300px) 100vw, 300px\" \/><\/p>\n<p style=\"text-align: center;\"><a href=\"https:\/\/drive.google.com\/file\/d\/1r07OceBwFSrmmhORX9kG5cW8RNpwE0Sa\/view?usp=sharing\"><strong>HIST\u00d2RIC DE LES ACTUACIONS FETES PER DEMANAR LA CONSTRUCCI\u00d3 DE L&#8217;ESCOLA<\/strong><\/a><\/p>\n<p style=\"text-align: center;\"><strong><a href=\"https:\/\/drive.google.com\/file\/d\/1wTfM1BBU8cQrvAjBmguiJTbi-GYQ0cXC\/view?usp=sharing\">DARRERES ACTUACIONS<\/a><\/strong><\/p>\n","protected":false},"excerpt":{"rendered":"<p>La nostra escola est\u00e0 ubicada a la carretera de Camarasa. Ens hi vam traslladar el gener de l&#8217;any 2009, despr\u00e9s d&#8217;haver passat un curs i un trimestre en uns m\u00f2duls prefabricats. Vam estrenar la primera fase de l&#8217;edifici que contenia les sis aules d&#8217;infantil (en&hellip;  <a href=\"https:\/\/agora.xtec.cat\/escola-montroig-balaguer\/lescola\/instal%c2%b7lacions\/\" title=\"Read INSTAL\u00b7LACIONS\">Llegeix m\u00e9s\u00bb<\/a><\/p>\n","protected":false},"author":3,"featured_media":0,"parent":22,"menu_order":20,"comment_status":"closed","ping_status":"closed","template":"","meta":{"_bbp_topic_count":0,"_bbp_reply_count":0,"_bbp_total_topic_count":0,"_bbp_total_reply_count":0,"_bbp_voice_count":0,"_bbp_anonymous_reply_count":0,"_bbp_topic_count_hidden":0,"_bbp_reply_count_hidden":0,"_bbp_forum_subforum_count":0,"footnotes":""},"class_list":["post-1928","page","type-page","status-publish","hentry"],"post_mailing_queue_ids":[],"_links":{"self":[{"href":"https:\/\/agora.xtec.cat\/escola-montroig-balaguer\/wp-json\/wp\/v2\/pages\/1928","targetHints":{"allow":["GET"]}}],"collection":[{"href":"https:\/\/agora.xtec.cat\/escola-montroig-balaguer\/wp-json\/wp\/v2\/pages"}],"about":[{"href":"https:\/\/agora.xtec.cat\/escola-montroig-balaguer\/wp-json\/wp\/v2\/types\/page"}],"author":[{"embeddable":true,"href":"https:\/\/agora.xtec.cat\/escola-montroig-balaguer\/wp-json\/wp\/v2\/users\/3"}],"replies":[{"embeddable":true,"href":"https:\/\/agora.xtec.cat\/escola-montroig-balaguer\/wp-json\/wp\/v2\/comments?post=1928"}],"version-history":[{"count":6,"href":"https:\/\/agora.xtec.cat\/escola-montroig-balaguer\/wp-json\/wp\/v2\/pages\/1928\/revisions"}],"predecessor-version":[{"id":4573,"href":"https:\/\/agora.xtec.cat\/escola-montroig-balaguer\/wp-json\/wp\/v2\/pages\/1928\/revisions\/4573"}],"up":[{"embeddable":true,"href":"https:\/\/agora.xtec.cat\/escola-montroig-balaguer\/wp-json\/wp\/v2\/pages\/22"}],"wp:attachment":[{"href":"https:\/\/agora.xtec.cat\/escola-montroig-balaguer\/wp-json\/wp\/v2\/media?parent=1928"}],"curies":[{"name":"wp","href":"https:\/\/api.w.org\/{rel}","templated":true}]}}