{"id":1668,"date":"2020-11-05T17:51:17","date_gmt":"2020-11-05T16:51:17","guid":{"rendered":"http:\/\/agora.xtec.cat\/escola-montroig-balaguer\/?page_id=1668"},"modified":"2024-02-28T17:37:44","modified_gmt":"2024-02-28T16:37:44","slug":"activitats-extra-escolars-curs-2020-21","status":"publish","type":"page","link":"https:\/\/agora.xtec.cat\/escola-montroig-balaguer\/ampa\/activitats-extra-escolars-curs-2020-21\/","title":{"rendered":"ACTIVITATS EXTRA-ESCOLARS"},"content":{"rendered":"<p style=\"text-align: justify;\">Les activitats extraescolars s\u00f3n gestionades per l\u2019AFA mitjancant l\u2019empresa Qu\u00e0lia. Es realitzen en horari de tarda i tenen una durada d\u2019una hor. Igual que en el cas de les activitats complement\u00e0ries el centre valora positivament l\u2019enriquiment que suposa poder gaudir d\u2019activitats extraescolars que complementen l\u2019acci\u00f3 educativa de l\u2019escola. L\u2019oferta \u00e9s \u00e0mplia i desenvolupa habilitats diferents. Les activitats extraescolars que s\u2019ofereixen actualment s\u00f3n 3 i adaptades als diferents nivells:<\/p>\n<ul>\n<li>Angl\u00e8s 1r i 2n<\/li>\n<li>Angl\u00e8s 3r i 4t.<\/li>\n<li>Futbol de\u00a0 1r a 4t.<\/li>\n<li>Ioga en fam\u00edlia .<\/li>\n<li>Petit xef.<\/li>\n<li>\u00c0rab.<\/li>\n<\/ul>\n<p>Podeu consultar m\u00e9s informaci\u00f3 del funcionament a la p\u00e0gina web:<br \/>\n\ud83d\udc49<a href=\"https:\/\/lleurequalia.cat\/ca\/c\/extraescolars-montroig-238\"> https:\/\/lleurequalia.cat\/ca\/c\/extraescolars-montroig-238<\/a><\/p>\n<p>\ud83d\udcf2 Podeu fer la inscripci\u00f3 directament a trav\u00e9s de l&#8217;aplicatiu: <a href=\"http:\/\/app.lleurequalia.cat\">app.lleurequalia.cat<\/a><\/p>\n<p>Us recordem els contactes per atendre i resoldre tots els dubtes relacionats amb les extraescolars:<\/p>\n<p>\ud83d\udcde Tel\u00e8fon: 672435866 (Aina)<br \/>\n\ud83d\udce9 Correu: extraescolars@lleurequalia.cat<\/p>\n<p><a href=\"http:\/\/www.lleurequalia.cat\/\" target=\"_blank\" rel=\"noopener noreferrer\" data-saferedirecturl=\"https:\/\/www.google.com\/url?q=http:\/\/www.lleurequalia.cat\/&amp;source=gmail&amp;ust=1604680277718000&amp;usg=AFQjCNEt2da85JdihR1KrkAjJAUph-DzUw\"><img decoding=\"async\" class=\"CToWUd\" src=\"https:\/\/ci3.googleusercontent.com\/proxy\/GcYEDpm5TC1qhQDmFbjSdQ18lyF_wIq9e1AjIU5rAOsBUgccZvrliA8NiUlTjNxgsKxDSuazxOVcxv_E1IIxt7vd-KiD5w=s0-d-e1-ft#http:\/\/intranet.aalba.cat\/signatures\/logoQualia.png\" alt=\"Associaci\u00f3 Alba\" \/><\/a><\/p>\n<p>&nbsp;<\/p>\n<p>&nbsp;<\/p>\n","protected":false},"excerpt":{"rendered":"<p>Les activitats extraescolars s\u00f3n gestionades per l\u2019AFA mitjancant l\u2019empresa Qu\u00e0lia. Es realitzen en horari de tarda i tenen una durada d\u2019una hor. Igual que en el cas de les activitats complement\u00e0ries el centre valora positivament l\u2019enriquiment que suposa poder gaudir d\u2019activitats extraescolars que complementen l\u2019acci\u00f3&hellip;  <a href=\"https:\/\/agora.xtec.cat\/escola-montroig-balaguer\/ampa\/activitats-extra-escolars-curs-2020-21\/\" title=\"Read ACTIVITATS EXTRA-ESCOLARS\">Llegeix m\u00e9s\u00bb<\/a><\/p>\n","protected":false},"author":26,"featured_media":0,"parent":739,"menu_order":0,"comment_status":"closed","ping_status":"closed","template":"","meta":{"_bbp_topic_count":0,"_bbp_reply_count":0,"_bbp_total_topic_count":0,"_bbp_total_reply_count":0,"_bbp_voice_count":0,"_bbp_anonymous_reply_count":0,"_bbp_topic_count_hidden":0,"_bbp_reply_count_hidden":0,"_bbp_forum_subforum_count":0,"footnotes":""},"class_list":["post-1668","page","type-page","status-publish","hentry"],"post_mailing_queue_ids":[],"_links":{"self":[{"href":"https:\/\/agora.xtec.cat\/escola-montroig-balaguer\/wp-json\/wp\/v2\/pages\/1668","targetHints":{"allow":["GET"]}}],"collection":[{"href":"https:\/\/agora.xtec.cat\/escola-montroig-balaguer\/wp-json\/wp\/v2\/pages"}],"about":[{"href":"https:\/\/agora.xtec.cat\/escola-montroig-balaguer\/wp-json\/wp\/v2\/types\/page"}],"author":[{"embeddable":true,"href":"https:\/\/agora.xtec.cat\/escola-montroig-balaguer\/wp-json\/wp\/v2\/users\/26"}],"replies":[{"embeddable":true,"href":"https:\/\/agora.xtec.cat\/escola-montroig-balaguer\/wp-json\/wp\/v2\/comments?post=1668"}],"version-history":[{"count":3,"href":"https:\/\/agora.xtec.cat\/escola-montroig-balaguer\/wp-json\/wp\/v2\/pages\/1668\/revisions"}],"predecessor-version":[{"id":4080,"href":"https:\/\/agora.xtec.cat\/escola-montroig-balaguer\/wp-json\/wp\/v2\/pages\/1668\/revisions\/4080"}],"up":[{"embeddable":true,"href":"https:\/\/agora.xtec.cat\/escola-montroig-balaguer\/wp-json\/wp\/v2\/pages\/739"}],"wp:attachment":[{"href":"https:\/\/agora.xtec.cat\/escola-montroig-balaguer\/wp-json\/wp\/v2\/media?parent=1668"}],"curies":[{"name":"wp","href":"https:\/\/api.w.org\/{rel}","templated":true}]}}