{"id":886,"date":"2020-04-15T21:34:40","date_gmt":"2020-04-15T19:34:40","guid":{"rendered":"https:\/\/agora.xtec.cat\/escola-monmany\/?page_id=886"},"modified":"2020-05-06T11:41:03","modified_gmt":"2020-05-06T09:41:03","slug":"historia","status":"publish","type":"page","link":"https:\/\/agora.xtec.cat\/escola-monmany\/escola\/historia\/","title":{"rendered":"Hist\u00f2ria"},"content":{"rendered":"<p>L\u2019Escola Josep Monmany Amat \u00e9s un centre de titularitat p\u00fablica situat a Sant Feliu de Llobregat. Arrel de \u00a0l\u2019augment de l\u2019\u00edndex de natalitat i la corresponent necessitat d\u2019escolaritzar els infants, la nostra Escola va comen\u00e7ar a ser constru\u00efda l\u2019any 1973.<\/p>\n<p>Trobem la primera refer\u00e8ncia a la nostra Escola al Butllet\u00ed Municipal del gener del 1973 on es recullen les seg\u00fcents paraules: <em>\u201cLa famil\u00eda Monmany ceder\u00e1 gratuitamente al Ayuntamiento una porci\u00f3n de terreno de superf\u00edcie 4265 m<sup>2<\/sup> 60 dm<sup>2 <\/sup>, para ser destinado a la construcci\u00f3n de un Grupo Escolar de Ense\u00f1anza General B\u00e1sica, el cual deber\u00e1 lleva el nombre del ex Alcalde de esta ciutat ilmo. Sr. D. Josep Monmany\u201d<\/em>. La primera descripci\u00f3 de la nostra Escola, la trobem al Butllet\u00ed Municipal de mar\u00e7 del 1974 que explicava textualment<em>: \u201cCada uno de estos grupos id\u00e9nticos con capacitat para 640 alumnos se alza sobre una superficie de 4000 m., si bien el total de las instalaciones, incluyendo patios, alcanza los 10000 m. Cada edificio est\u00e1 compuesto por una planta baja y dos superiores; cada una de \u00e9stas tiene 8 aulas pero est\u00e1 dispuesta de manera que, en caso de necesidad, estas 16 aulas se puedan convertir en 20. Cada uno de los m\u00f3dulos posee cocina, comedor, biblioteca, laboratorio de f\u00edsica y qu\u00edmica, sala de profesores, direcci\u00f3n y oficinas, sala de visitas, sala de audiovisuales, pista de carreras, pista polideportiva, foso de arena y gimnasio cubierto\u201d<\/em>.\u00a0 I fou inagurada tal com recull la mateixa font l\u201911 d\u2019octubre del 1974: <em>\u201cQuedamos situados en el 11 de octubre, cinco de la tarde y conforme a lo previsto se procedi\u00f3 a inaugurar los Grupos Escolares de Ense\u00f1anza General B\u00e1sica &lt;Josep Monmany&gt; i &lt;Arquitecto Gaud\u00ed&gt;&#8221;<\/em>.<\/p>\n<p>Josep Monmany (Sant Feliu de Llobregat, 1885-1968) va ser un pol\u00edtic catal\u00e0, alcalde de Sant Feliu de Llobregat entre 1947 i 1957. Durant el per\u00edode de la seva alcaldia va desenvolupar molts dels projectes culturals que avui s\u00f3n s\u00edmbols de la nostra ciutat:<\/p>\n<ul>\n<li style=\"list-style-type: none;\">\n<ul>\n<li style=\"list-style-type: none;\">\n<ul>\n<li>L\u2019Ateneu Santfeliuenc: Fundat al 1881 i despr\u00e9s d\u2019un per\u00edode de moltes dificultats pol\u00edtiques i socials, els socis van poder gestionar la recuperaci\u00f3 de l\u2019entitat sent lliurades les claus del local al president l\u20181 de maig del 1947.<\/li>\n<li>El Centre Parroquial: S\u2019obre aquest sal\u00f3 com espai d\u2019exposici\u00f3 de pintura.<\/li>\n<li>L\u2019Exposici\u00f3 de les Roses: La primera exposici\u00f3 es va organitzar l\u2019any 1928, despr\u00e9s d\u2019un par\u00e8ntesi de 14 anys, l\u2019any 1949, es repr\u00e8n\u00a0 l\u2019organitzaci\u00f3 de l\u2019Exposici\u00f3.<\/li>\n<li>Els Jocs Florals: Al 1948, es recupera la seva celebraci\u00f3 la qual havia estat interrompuda des de l\u2019any 1914.<\/li>\n<li>L\u2019emissora de r\u00e0dio: Fou inaugurada al 1948 amb el nom de radio Juventud de Sant Feliu.<\/li>\n<\/ul>\n<\/li>\n<\/ul>\n<\/li>\n<\/ul>\n<p>La nostra Escola en aquests gaireb\u00e9 cinquanta anys d\u2019hist\u00f2ria, ha tingut diverses modificacions per anar reajustant-se a les necessitats socials del moment. Aix\u00ed, doncs, inicialment, era de dues l\u00ednies que estaven distribu\u00efdes en tres plantes per\u00f2 despr\u00e9s progressivament at\u00e8s al descens de natalitat, es va anar transformant en un centre d\u2019una l\u00ednia. Fou aquest fet, el que va permetre que part de la segona planta fos ocupada pels Serveis Educatius: el CREDA, el CRP i l\u2019EAP i que la planta baixa, on en un principi, hi havia un aparcament, fos ocupada per l\u2019Escola d\u2019Adults.<\/p>\n<p>El curs escolar 2006-2007, at\u00e8s el nou increment d\u2019\u00edndex de natalitat, foren concedits a la nostra Escola pel Departament d\u2019Educaci\u00f3 dos grups de P3 amb els quals vam iniciar novament una segona l\u00ednia. Aix\u00ed doncs, afavorit per una banda, per l\u2019augment de grups de nens\/es que anaven consolidant la segona l\u00ednia de centre i la necessitat dels espais corresponents per atendre aquesta necessitat i per altra banda, perqu\u00e8 les instal\u2022lacions tenien m\u00e9s de trenta anys, el curs escolar 2008-2009 es van iniciar unes obres de remodelaci\u00f3 total de les tres plantes de l\u2019edifici.<\/p>\n<p>Aquestes van durar fins al gener del 2010. Posteriorment, durant l\u2019any 2011 es va realitzar la redistribuci\u00f3 de les zones d\u2019esbarjo. D\u2019aquesta manera, al setembre del curs 2011-2012, vam comen\u00e7ar l\u2019Escola en unes instal\u2022lacions tant interiors com a exteriors, totalment adaptades a les noves necessitats. Posteriorment, en dues jornades de bricolatge (cursos 16\/17 i 17\/18), els espais exteriors han estat millorats recollint tant les necessitats com el parer dels infants tot creant diferents situacions d\u2019aprenentatge sempre amb la complicitat i l\u2019ajut dels infants i les fam\u00edlies.<\/p>\n<p style=\"text-align: center;\">Ara ja coneixeu una miqueta m\u00e9s de la nostra hist\u00f2ria, ens voleu venir a con\u00e8ixer i participar del nostre projecte?<\/p>\n<table style=\"height: 373px; width: 230px;\" width=\"237\">\n<tbody>\n<tr>\n<td style=\"width: 223.5px;\"><a href=\"https:\/\/agora.xtec.cat\/escola-monmany\/wp-content\/uploads\/usu2132\/2020\/04\/JOSEP_MONMANY.jpg\"><img loading=\"lazy\" decoding=\"async\" class=\"size-full wp-image-1316 aligncenter\" src=\"https:\/\/agora.xtec.cat\/escola-monmany\/wp-content\/uploads\/usu2132\/2020\/04\/JOSEP_MONMANY.jpg\" alt=\"\" width=\"367\" height=\"512\" srcset=\"https:\/\/agora.xtec.cat\/escola-monmany\/wp-content\/uploads\/usu2132\/2020\/04\/JOSEP_MONMANY.jpg 367w, https:\/\/agora.xtec.cat\/escola-monmany\/wp-content\/uploads\/usu2132\/2020\/04\/JOSEP_MONMANY-215x300.jpg 215w\" sizes=\"auto, (max-width: 367px) 100vw, 367px\" \/><\/a><\/td>\n<\/tr>\n<tr>\n<td style=\"width: 223.5px; text-align: center;\"><a href=\"https:\/\/ca.wikipedia.org\/wiki\/Josep_Monmany_i_Amat\">Josep Monmany Amat<\/a><\/td>\n<\/tr>\n<\/tbody>\n<\/table>\n<p>&nbsp;<\/p>\n","protected":false},"excerpt":{"rendered":"<p>L\u2019Escola Josep Monmany Amat \u00e9s un centre de titularitat p\u00fablica situat a Sant Feliu de Llobregat. Arrel de \u00a0l\u2019augment de l\u2019\u00edndex de natalitat i la corresponent necessitat d\u2019escolaritzar els infants, la nostra Escola va comen\u00e7ar a ser constru\u00efda l\u2019any 1973.<br \/>\nTrobem la primera refer\u00e8ncia a la&hellip;  <a href=\"https:\/\/agora.xtec.cat\/escola-monmany\/escola\/historia\/\" title=\"Read Hist\u00f2ria\">Llegeix m\u00e9s\u00bb<\/a><\/p>\n","protected":false},"author":1,"featured_media":0,"parent":531,"menu_order":3,"comment_status":"closed","ping_status":"closed","template":"page-templates\/side-menu.php","meta":{"_bbp_topic_count":0,"_bbp_reply_count":0,"_bbp_total_topic_count":0,"_bbp_total_reply_count":0,"_bbp_voice_count":0,"_bbp_anonymous_reply_count":0,"_bbp_topic_count_hidden":0,"_bbp_reply_count_hidden":0,"_bbp_forum_subforum_count":0,"footnotes":""},"class_list":["post-886","page","type-page","status-publish","hentry"],"post_mailing_queue_ids":[],"_links":{"self":[{"href":"https:\/\/agora.xtec.cat\/escola-monmany\/wp-json\/wp\/v2\/pages\/886","targetHints":{"allow":["GET"]}}],"collection":[{"href":"https:\/\/agora.xtec.cat\/escola-monmany\/wp-json\/wp\/v2\/pages"}],"about":[{"href":"https:\/\/agora.xtec.cat\/escola-monmany\/wp-json\/wp\/v2\/types\/page"}],"author":[{"embeddable":true,"href":"https:\/\/agora.xtec.cat\/escola-monmany\/wp-json\/wp\/v2\/users\/1"}],"replies":[{"embeddable":true,"href":"https:\/\/agora.xtec.cat\/escola-monmany\/wp-json\/wp\/v2\/comments?post=886"}],"version-history":[{"count":3,"href":"https:\/\/agora.xtec.cat\/escola-monmany\/wp-json\/wp\/v2\/pages\/886\/revisions"}],"predecessor-version":[{"id":2082,"href":"https:\/\/agora.xtec.cat\/escola-monmany\/wp-json\/wp\/v2\/pages\/886\/revisions\/2082"}],"up":[{"embeddable":true,"href":"https:\/\/agora.xtec.cat\/escola-monmany\/wp-json\/wp\/v2\/pages\/531"}],"wp:attachment":[{"href":"https:\/\/agora.xtec.cat\/escola-monmany\/wp-json\/wp\/v2\/media?parent=886"}],"curies":[{"name":"wp","href":"https:\/\/api.w.org\/{rel}","templated":true}]}}