{"id":8518,"date":"2023-08-30T13:52:01","date_gmt":"2023-08-30T11:52:01","guid":{"rendered":"https:\/\/agora.xtec.cat\/escola-monmany\/?page_id=8518"},"modified":"2023-11-02T13:19:57","modified_gmt":"2023-11-02T12:19:57","slug":"pedagogic-2023-24","status":"publish","type":"page","link":"https:\/\/agora.xtec.cat\/escola-monmany\/pedagogic-2023-24\/","title":{"rendered":"Pedag\u00f2gic 2023-24"},"content":{"rendered":"<p>&nbsp;<\/p>\n<p><img loading=\"lazy\" decoding=\"async\" class=\"aligncenter size-large wp-image-8552\" src=\"https:\/\/agora.xtec.cat\/escola-monmany\/wp-content\/uploads\/usu2132\/2023\/09\/fot-grup-1024x768.jpg\" alt=\"\" width=\"1024\" height=\"768\" srcset=\"https:\/\/agora.xtec.cat\/escola-monmany\/wp-content\/uploads\/usu2132\/2023\/09\/fot-grup-1024x768.jpg 1024w, https:\/\/agora.xtec.cat\/escola-monmany\/wp-content\/uploads\/usu2132\/2023\/09\/fot-grup-300x225.jpg 300w, https:\/\/agora.xtec.cat\/escola-monmany\/wp-content\/uploads\/usu2132\/2023\/09\/fot-grup-768x576.jpg 768w, https:\/\/agora.xtec.cat\/escola-monmany\/wp-content\/uploads\/usu2132\/2023\/09\/fot-grup-1536x1152.jpg 1536w, https:\/\/agora.xtec.cat\/escola-monmany\/wp-content\/uploads\/usu2132\/2023\/09\/fot-grup-200x150.jpg 200w, https:\/\/agora.xtec.cat\/escola-monmany\/wp-content\/uploads\/usu2132\/2023\/09\/fot-grup.jpg 2016w\" sizes=\"auto, (max-width: 1024px) 100vw, 1024px\" \/><\/p>\n<p>&nbsp;<\/p>\n<table style=\"height: 84px; width: 39.8115%; border-collapse: collapse; border-color: #e13ef0;\">\n<tbody>\n<tr style=\"height: 22px;\">\n<td style=\"width: 100%; height: 22px;\"><span style=\"color: #0000ff;\"><strong>EQUIP DE MESTRES.\u00a0 ESCOLA JOSEP MONMANY AMAT<\/strong><\/span><\/p>\n<p style=\"text-align: center;\"><span style=\"color: #0000ff;\"><strong>CURS 2023-24<\/strong><\/span><\/p>\n<\/td>\n<\/tr>\n<\/tbody>\n<\/table>\n<table style=\"border-collapse: collapse; width: 39.5939%; height: 20px;\">\n<tbody>\n<tr>\n<td style=\"width: 100%;\"><span style=\"color: #339966;\"><strong>TUTORES COMUNITAT DE PETITS<\/strong><\/span><\/td>\n<\/tr>\n<\/tbody>\n<\/table>\n<table style=\"border-collapse: collapse; width: 39.4488%; height: 121px;\">\n<tbody>\n<tr>\n<td style=\"width: 13.3333%; text-align: center;\"><strong><span style=\"color: #339966;\">I3<\/span><\/strong><\/td>\n<td style=\"width: 86.6667%;\"><strong>Montse De Oses<\/strong><\/td>\n<\/tr>\n<tr>\n<td style=\"width: 13.3333%; text-align: center;\"><strong><span style=\"color: #339966;\">I4<\/span><\/strong><\/td>\n<td style=\"width: 86.6667%;\"><strong>Eva Alcal\u00e0<\/strong><\/td>\n<\/tr>\n<tr>\n<td style=\"width: 13.3333%; text-align: center;\"><strong><span style=\"color: #339966;\">I5<\/span><\/strong><\/td>\n<td style=\"width: 86.6667%;\"><strong>Laura Sanz<\/strong><\/td>\n<\/tr>\n<tr>\n<td style=\"width: 13.3333%; text-align: center;\"><strong><span style=\"color: #339966;\">TEI<\/span><\/strong><\/td>\n<td style=\"width: 86.6667%;\"><span style=\"color: #000000;\"><strong>Mireia Pom\u00e9s<\/strong><\/span><\/td>\n<\/tr>\n<\/tbody>\n<\/table>\n<table style=\"border-collapse: collapse; width: 39.3539%; height: 5px;\">\n<tbody>\n<tr>\n<td style=\"width: 100%;\"><span style=\"color: #f03232;\"><strong>TUTORES COMUNITAT DE MITJANS<\/strong><\/span><\/td>\n<\/tr>\n<\/tbody>\n<\/table>\n<table style=\"border-collapse: collapse; width: 39.5007%; height: 127px;\">\n<tbody>\n<tr>\n<td style=\"width: 13.7546%; text-align: center;\"><strong><span style=\"color: #f03232;\">1R<\/span><\/strong><\/td>\n<td style=\"width: 86.2454%;\"><strong>Ruben Sanabria<\/strong><\/td>\n<\/tr>\n<tr>\n<td style=\"width: 13.7546%; text-align: center;\"><strong><span style=\"color: #f03232;\">2N<\/span><\/strong><\/td>\n<td style=\"width: 86.2454%;\"><strong>Mayjo Viz\u00e1n \/ Alexandra Armengol<\/strong><\/td>\n<\/tr>\n<tr>\n<td style=\"width: 13.7546%; text-align: center;\"><strong><span style=\"color: #f03232;\">3RA<\/span><\/strong><\/td>\n<td style=\"width: 86.2454%;\"><strong>Carme L\u00f3pez<\/strong><\/td>\n<\/tr>\n<tr>\n<td style=\"width: 13.7546%; text-align: center;\"><strong><span style=\"color: #f03232;\">3RB<\/span><\/strong><\/td>\n<td style=\"width: 86.2454%;\"><strong>Marta Macias \/ Raquel Moncho<\/strong><\/td>\n<\/tr>\n<\/tbody>\n<\/table>\n<table style=\"border-collapse: collapse; width: 39.5007%; height: 35px;\">\n<tbody>\n<tr>\n<td style=\"width: 100%;\"><strong><span style=\"color: #3366ff;\">TUTORES COMUNITAT DE GRANS<\/span><\/strong><\/td>\n<\/tr>\n<\/tbody>\n<\/table>\n<table style=\"border-collapse: collapse; width: 39.721%; height: 127px;\">\n<tbody>\n<tr>\n<td style=\"width: 13.7708%; text-align: center;\"><strong><span style=\"color: #3366ff;\">4T<\/span><\/strong><\/td>\n<td style=\"width: 86.2292%;\"><strong>Neus (substituta Judith Rodr\u00edguez)<\/strong><\/td>\n<\/tr>\n<tr>\n<td style=\"width: 13.7708%; text-align: center;\"><strong><span style=\"color: #3366ff;\">5\u00c8<\/span><\/strong><\/td>\n<td style=\"width: 86.2292%;\"><strong>Eva Maria Bagur<\/strong><\/td>\n<\/tr>\n<tr>\n<td style=\"width: 13.7708%; text-align: center;\"><strong><span style=\"color: #3366ff;\">6\u00c8A<\/span><\/strong><\/td>\n<td style=\"width: 86.2292%;\"><strong>Angi Rojas<\/strong><\/td>\n<\/tr>\n<tr>\n<td style=\"width: 13.7708%; text-align: center;\"><strong><span style=\"color: #3366ff;\">6\u00c8B<\/span><\/strong><\/td>\n<td style=\"width: 86.2292%;\"><strong>Abigail Ortega<\/strong><\/td>\n<\/tr>\n<\/tbody>\n<\/table>\n<table style=\"border-collapse: collapse; width: 39.6476%; height: 33px;\">\n<tbody>\n<tr>\n<td style=\"width: 100%;\"><strong><span style=\"color: #ff00ff;\">ESPECIALISTES<\/span><\/strong><\/td>\n<\/tr>\n<\/tbody>\n<\/table>\n<table style=\"border-collapse: collapse; width: 41.2629%; height: 590px;\">\n<tbody>\n<tr>\n<td style=\"width: 54.6297%; text-align: center;\"><strong><span style=\"color: #ff00ff;\">ANGL\u00c8S COMUNITAT DE PETITS<\/span><\/strong><\/td>\n<td style=\"width: 45.3703%;\"><strong>Catalina Eckart<\/strong><\/td>\n<\/tr>\n<tr>\n<td style=\"width: 54.6297%; text-align: center;\"><strong><span style=\"color: #ff00ff;\">ANGL\u00c8S 1R I 2N<\/span><\/strong><\/td>\n<td style=\"width: 45.3703%;\"><strong>Tatiana Garc\u00eda<\/strong><\/td>\n<\/tr>\n<tr>\n<td style=\"width: 54.6297%; text-align: center;\"><strong><span style=\"color: #ff00ff;\">ANGL\u00c8S 3R, 4T I 5\u00c8<\/span><\/strong><\/td>\n<td style=\"width: 45.3703%;\"><strong>Catalina Eckart<\/strong><\/td>\n<\/tr>\n<tr>\n<td style=\"width: 54.6297%; text-align: center;\"><strong><span style=\"color: #ff00ff;\">ANGL\u00c8S 6\u00c8<\/span><\/strong><\/td>\n<td style=\"width: 45.3703%;\"><strong>Maribel Castell\u00f3<\/strong><\/td>\n<\/tr>\n<tr>\n<td style=\"width: 54.6297%; text-align: center;\"><strong><span style=\"color: #ff00ff;\">PSICOMOTRICITAT 13, 14 I I5<\/span><\/strong><\/td>\n<td style=\"width: 45.3703%;\"><strong>Laura Belmonte<\/strong><\/td>\n<\/tr>\n<tr>\n<td style=\"width: 54.6297%; text-align: center;\"><strong><span style=\"color: #ff00ff;\">EDUCACI\u00d3 F\u00cdSICA 1R I 2N I 5\u00c8<\/span><\/strong><\/td>\n<td style=\"width: 45.3703%;\"><strong>Laura Belmonte<\/strong><\/td>\n<\/tr>\n<tr>\n<td style=\"width: 54.6297%; text-align: center;\"><strong><span style=\"color: #ff00ff;\">EDUCACI\u00d3 F\u00cdSICA 3R, 4T I 6\u00c8<\/span><\/strong><\/td>\n<td style=\"width: 45.3703%;\"><strong>V\u00edctor Gallardo<\/strong><\/td>\n<\/tr>\n<tr>\n<td style=\"width: 54.6297%; text-align: center;\"><strong><span style=\"color: #ff00ff;\">RELIGI\u00d3<\/span><\/strong><\/td>\n<td style=\"width: 45.3703%;\"><strong>Tatiana Garc\u00eda<\/strong><\/td>\n<\/tr>\n<tr>\n<td style=\"width: 54.6297%; text-align: center;\"><strong><span style=\"color: #ff00ff;\">M\u00daSICA COMUNITAT DE PETITS<\/span><\/strong><\/td>\n<td style=\"width: 45.3703%;\"><strong>Rocio Dom\u00ednguez<\/strong><\/td>\n<\/tr>\n<tr>\n<td style=\"width: 54.6297%; text-align: center;\"><strong><span style=\"color: #ff00ff;\">M\u00daSICA 3R<\/span><\/strong><\/td>\n<td style=\"width: 45.3703%;\"><strong>Catalina Eckart<\/strong><\/td>\n<\/tr>\n<tr>\n<td style=\"width: 54.6297%; text-align: center;\"><strong><span style=\"color: #ff00ff;\">M\u00daSICA 1R, 2N, 4T, 5\u00c8 I 6\u00c8<\/span><\/strong><\/td>\n<td style=\"width: 45.3703%;\"><strong>Abigail Ortega<\/strong><\/td>\n<\/tr>\n<tr>\n<td style=\"width: 54.6297%; text-align: center;\"><strong><span style=\"color: #ff00ff;\">LLENGUA CASTELLANA 6\u00c8<\/span><\/strong><\/td>\n<td style=\"width: 45.3703%;\"><strong>Marta Artal<\/strong><\/td>\n<\/tr>\n<tr>\n<td style=\"width: 54.6297%; text-align: center;\"><strong><span style=\"color: #ff00ff;\">MESTRA PEDAGOGIA TERAP\u00c8UTICA<\/span><\/strong><\/td>\n<td style=\"width: 45.3703%;\"><strong>Ingrid Ruiz<\/strong><\/td>\n<\/tr>\n<tr>\n<td style=\"width: 54.6297%; text-align: center;\"><strong><span style=\"color: #ff00ff;\">REFOR\u00c7 COMUNITAT DE PETITS<\/span><\/strong><\/td>\n<td style=\"width: 45.3703%;\"><strong>Toni P\u00e9rez<\/strong><\/td>\n<\/tr>\n<tr>\n<td style=\"width: 54.6297%; text-align: center;\"><strong><span style=\"color: #ff00ff;\">REFOR\u00c7 COMUNITAT DE MITJANS<\/span><\/strong><\/td>\n<td style=\"width: 45.3703%;\"><strong>Laura Belmonte, Rocio Dom\u00ednguez<\/strong><\/td>\n<\/tr>\n<tr>\n<td style=\"width: 54.6297%; text-align: center;\"><strong><span style=\"color: #ff00ff;\">REFOR\u00c7 COMUNITAT DE GRANS<\/span><\/strong><\/td>\n<td style=\"width: 45.3703%;\"><strong>V\u00edctor Gallardo, Marta Artal<\/strong><\/td>\n<\/tr>\n<tr>\n<td style=\"width: 54.6297%; text-align: center;\"><strong><span style=\"color: #ff00ff;\">AUXILIARS EE<\/span><\/strong><\/td>\n<td style=\"width: 45.3703%;\"><strong>David Soro i Yolanda Luque i Diana<\/strong><\/td>\n<\/tr>\n<\/tbody>\n<\/table>\n<table style=\"border-collapse: collapse; width: 39.5742%; height: 28px;\">\n<tbody>\n<tr>\n<td style=\"width: 100%;\"><strong><span style=\"color: #ff6600;\">COORDINADORS\/ES<\/span><\/strong><\/td>\n<\/tr>\n<\/tbody>\n<\/table>\n<table style=\"border-collapse: collapse; width: 39.721%; height: 256px;\">\n<tbody>\n<tr style=\"height: 32px;\">\n<td style=\"width: 54.4362%; height: 32px;\"><strong><span style=\"color: #ff6600;\">C. COMUNITAT DE PETITS<\/span><\/strong><\/td>\n<td style=\"width: 45.5638%; height: 32px;\"><strong>Eva Alcal\u00e0<\/strong><\/td>\n<\/tr>\n<tr style=\"height: 32px;\">\n<td style=\"width: 54.4362%; height: 32px;\"><strong><span style=\"color: #ff6600;\">C. COMUNITAT DE MITJANS<\/span><\/strong><\/td>\n<td style=\"width: 45.5638%; height: 32px;\"><strong>Carme L\u00f3pez<\/strong><\/td>\n<\/tr>\n<tr style=\"height: 32px;\">\n<td style=\"width: 54.4362%; height: 32px;\"><strong><span style=\"color: #ff6600;\">C. COMUNITAT DE GRANS<\/span><\/strong><\/td>\n<td style=\"width: 45.5638%; height: 32px;\"><strong>Angi Rojas<\/strong><\/td>\n<\/tr>\n<tr style=\"height: 32px;\">\n<td style=\"width: 54.4362%; height: 32px;\"><strong><span style=\"color: #ff6600;\">C. PREVENCI\u00d3 DE RISCOS LABORALS<\/span><\/strong><\/td>\n<td style=\"width: 45.5638%; height: 32px;\"><strong>Eva Maria Bagur<\/strong><\/td>\n<\/tr>\n<tr style=\"height: 32px;\">\n<td style=\"width: 54.4362%; height: 32px;\"><strong><span style=\"color: #ff6600;\">C. LIC i COCOBE<\/span><\/strong><\/td>\n<td style=\"width: 45.5638%; height: 32px;\"><strong>Ingrid Ruiz<\/strong><\/td>\n<\/tr>\n<tr style=\"height: 32px;\">\n<td style=\"width: 54.4362%; height: 32px;\"><strong><span style=\"color: #ff6600;\">C. AGENDA 21 I C. ESPORT<\/span><\/strong><\/td>\n<td style=\"width: 45.5638%; height: 32px;\"><strong>Laura Belmonte<\/strong><\/td>\n<\/tr>\n<tr style=\"height: 32px;\">\n<td style=\"width: 54.4362%; height: 32px;\"><strong><span style=\"color: #ff6600;\">C. BIBLIOTECA<\/span><\/strong><\/td>\n<td style=\"width: 45.5638%; height: 32px;\"><strong>Rocio Dom\u00ednguez<\/strong><\/td>\n<\/tr>\n<tr style=\"height: 32px;\">\n<td style=\"width: 54.4362%; height: 32px;\"><strong><span style=\"color: #ff6600;\">C. ESTRATEGIA DIGITAL<\/span><\/strong><\/td>\n<td style=\"width: 45.5638%; height: 32px;\"><strong>Laura Sanz<\/strong><\/td>\n<\/tr>\n<\/tbody>\n<\/table>\n","protected":false},"excerpt":{"rendered":"<p>&nbsp;<\/p>\n<p>&nbsp;<\/p>\n<p>EQUIP DE MESTRES.\u00a0 ESCOLA JOSEP MONMANY AMAT<br \/>\nCURS 2023-24<\/p>\n<p>TUTORES COMUNITAT DE PETITS<\/p>\n<p>I3<br \/>\nMontse De Oses<\/p>\n<p>I4<br \/>\nEva Alcal\u00e0<\/p>\n<p>I5<br \/>\nLaura Sanz<\/p>\n<p>TEI<br \/>\nMireia Pom\u00e9s<\/p>\n<p>TUTORES COMUNITAT DE MITJANS<\/p>\n<p>1R<br \/>\nRuben Sanabria<\/p>\n<p>2N<br \/>\nMayjo Viz\u00e1n \/ Alexandra Armengol<\/p>\n<p>3RA<br \/>\nCarme L\u00f3pez<\/p>\n<p>3RB<br \/>\nMarta Macias \/ Raquel Moncho<\/p>\n<p>TUTORES COMUNITAT DE GRANS<\/p>\n<p>4T<br \/>\nNeus (substituta Judith Rodr\u00edguez)<\/p>\n<p>5\u00c8<br \/>\nEva Maria Bagur<\/p>\n<p>6\u00c8A<br \/>\nAngi Rojas<\/p>\n<p>6\u00c8B<br \/>\nAbigail Ortega<\/p>\n<p>ESPECIALISTES<\/p>\n<p>ANGL\u00c8S COMUNITAT DE PETITS<br \/>\nCatalina Eckart<\/p>\n<p>ANGL\u00c8S 1R I&hellip;  <a href=\"https:\/\/agora.xtec.cat\/escola-monmany\/pedagogic-2023-24\/\" title=\"Read Pedag\u00f2gic 2023-24\">Llegeix m\u00e9s\u00bb<\/a><\/p>\n","protected":false},"author":1,"featured_media":0,"parent":0,"menu_order":0,"comment_status":"closed","ping_status":"closed","template":"","meta":{"_bbp_topic_count":0,"_bbp_reply_count":0,"_bbp_total_topic_count":0,"_bbp_total_reply_count":0,"_bbp_voice_count":0,"_bbp_anonymous_reply_count":0,"_bbp_topic_count_hidden":0,"_bbp_reply_count_hidden":0,"_bbp_forum_subforum_count":0,"footnotes":""},"class_list":["post-8518","page","type-page","status-publish","hentry"],"post_mailing_queue_ids":[],"_links":{"self":[{"href":"https:\/\/agora.xtec.cat\/escola-monmany\/wp-json\/wp\/v2\/pages\/8518","targetHints":{"allow":["GET"]}}],"collection":[{"href":"https:\/\/agora.xtec.cat\/escola-monmany\/wp-json\/wp\/v2\/pages"}],"about":[{"href":"https:\/\/agora.xtec.cat\/escola-monmany\/wp-json\/wp\/v2\/types\/page"}],"author":[{"embeddable":true,"href":"https:\/\/agora.xtec.cat\/escola-monmany\/wp-json\/wp\/v2\/users\/1"}],"replies":[{"embeddable":true,"href":"https:\/\/agora.xtec.cat\/escola-monmany\/wp-json\/wp\/v2\/comments?post=8518"}],"version-history":[{"count":4,"href":"https:\/\/agora.xtec.cat\/escola-monmany\/wp-json\/wp\/v2\/pages\/8518\/revisions"}],"predecessor-version":[{"id":8716,"href":"https:\/\/agora.xtec.cat\/escola-monmany\/wp-json\/wp\/v2\/pages\/8518\/revisions\/8716"}],"wp:attachment":[{"href":"https:\/\/agora.xtec.cat\/escola-monmany\/wp-json\/wp\/v2\/media?parent=8518"}],"curies":[{"name":"wp","href":"https:\/\/api.w.org\/{rel}","templated":true}]}}