{"id":762,"date":"2020-03-28T19:12:31","date_gmt":"2020-03-28T18:12:31","guid":{"rendered":"https:\/\/agora.xtec.cat\/escola-monmany\/?page_id=762"},"modified":"2020-04-30T23:51:06","modified_gmt":"2020-04-30T21:51:06","slug":"projectes-fets","status":"publish","type":"page","link":"https:\/\/agora.xtec.cat\/escola-monmany\/com-treballem-2\/projectes-fets\/","title":{"rendered":"Projectes fets"},"content":{"rendered":"<p>Els projectes que han anat configurant el nostre tarann\u00e0&#8230;<\/p>\n<table style=\"width: 817px; height: 374px;\">\n<tbody>\n<tr style=\"height: 34px;\">\n<td style=\"width: 810.5px; height: 34px; background-color: #f1bff2; text-align: center;\" colspan=\"4\"><strong>ERASMUS+: In omnibus omnia est<\/strong><\/td>\n<\/tr>\n<tr style=\"height: 34px;\">\n<td style=\"width: 91.2833px; height: 34px; background-color: #f1bff2;\">OBJECTIUS<\/td>\n<td style=\"height: 34px; width: 717.217px;\" colspan=\"3\">\n<ul style=\"list-style-type: square;\">\n<li>Treballar a partir de metodologies transversals (assoliment de compet\u00e8ncies b\u00e0siques, transversals&#8230;)<\/li>\n<li>Treballar i millorar les diferents destreses del segle XXI: participaci\u00f3 i adquisici\u00f3 de pedagogies obertes i innovadores.<\/li>\n<li>Refor\u00e7ar la cooperaci\u00f3 entre els pa\u00efsos participants tot enfortint la dimenci\u00f3 europea.<\/li>\n<\/ul>\n<\/td>\n<\/tr>\n<tr>\n<td style=\"width: 91.2833px; background-color: #f1bff2;\">LINKS<\/td>\n<td style=\"width: 326.017px;\" colspan=\"3\"><a href=\"https:\/\/peda.net\/hankkeet\/erasmus-iooe\">PEDANET<\/a>\u00a0\u00a0\u00a0\u00a0\u00a0\u00a0\u00a0\u00a0\u00a0\u00a0\u00a0\u00a0\u00a0\u00a0\u00a0\u00a0\u00a0\u00a0\u00a0\u00a0\u00a0\u00a0\u00a0\u00a0\u00a0\u00a0\u00a0\u00a0\u00a0\u00a0\u00a0\u00a0\u00a0\u00a0\u00a0\u00a0\u00a0\u00a0\u00a0\u00a0\u00a0\u00a0\u00a0\u00a0\u00a0\u00a0\u00a0\u00a0\u00a0\u00a0\u00a0\u00a0\u00a0\u00a0\u00a0\u00a0\u00a0\u00a0\u00a0\u00a0\u00a0\u00a0\u00a0<a href=\"https:\/\/twinspace.etwinning.net\/49772\/home\"> e-Twinning space\u00a0<\/a><\/td>\n<\/tr>\n<tr style=\"height: 34px;\">\n<td style=\"width: 810.5px; height: 34px;\" colspan=\"4\"><\/td>\n<\/tr>\n<tr style=\"height: 34px;\">\n<td style=\"width: 810.5px; height: 34px; background-color: #f1bff2; text-align: center;\" colspan=\"4\"><strong>ACC\u00c8SIT AL PREMI CEMEX<\/strong><\/td>\n<\/tr>\n<tr style=\"height: 34px;\">\n<td style=\"width: 91.2833px; height: 34px; background-color: #f1bff2;\">OBJECTIUS<\/td>\n<td style=\"width: 717.217px; height: 34px;\" colspan=\"3\">\n<ul style=\"list-style-type: square;\">\n<li>Enriquir i sensibilitzar el nostre alumnat davant les diferents realitats del medi natural on viuen.<\/li>\n<li>Dinamitzar actuacions dirigides a la preservaci\u00f3 i el compostatte de residus org\u00e0nics.<\/li>\n<li>Concienciar els alumnes de la necessitat d&#8217;estalviar recursos (aigua, llum, paper&#8230;) per aconseguir que la nostra Escola sigui sostenible.<a href=\"https:\/\/issuu.com\/escolajosepmonmany\/docs\/memoria_del_proyecto\"> (Mem\u00f2ria)<\/a><\/li>\n<\/ul>\n<\/td>\n<\/tr>\n<tr style=\"height: 34px;\">\n<td style=\"width: 810.5px; height: 34px;\" colspan=\"4\"><\/td>\n<\/tr>\n<tr style=\"height: 34px;\">\n<td style=\"width: 810.5px; height: 34px; background-color: #f1bff2; text-align: center;\" colspan=\"4\"><strong>A L&#8217;ESCOLA MENGEM + FRUTA<\/strong><\/td>\n<\/tr>\n<tr style=\"height: 34px;\">\n<td style=\"width: 91.2833px; height: 34px; background-color: #f1bff2;\">OBJECTIUS<\/td>\n<td style=\"width: 717.217px; height: 34px;\" colspan=\"3\">\n<ul style=\"list-style-type: square;\">\n<li>Fomentar la creaci\u00f3 d&#8217;h\u00e0bits a l&#8217;hora d&#8217;esmorzar i per extensi\u00f3 a la resta de menjades, centrats en la dieta mediterr\u00e0nea.<\/li>\n<li>Proposar el consum de fruites i verdures com a alternativa excel\u00b7lent al consum d&#8217;altres aliments amb menys qualitat nutricional.<\/li>\n<li>Informar sobre els benficis de l&#8217;increment del consum de fruites i verdures.<\/li>\n<\/ul>\n<\/td>\n<\/tr>\n<tr style=\"height: 34px;\">\n<td style=\"width: 810.5px; height: 34px;\" colspan=\"4\"><\/td>\n<\/tr>\n<tr style=\"height: 34px;\">\n<td style=\"width: 810.5px; height: 34px; background-color: #f1bff2; text-align: center;\" colspan=\"4\"><strong>PROJECTE BIANUAL AMB BERGA<\/strong><\/td>\n<\/tr>\n<tr style=\"height: 34px;\">\n<td style=\"width: 91.2833px; height: 34px; background-color: #f1bff2;\">OBJECTIUS<\/td>\n<td style=\"width: 717.217px; height: 34px;\" colspan=\"3\">\n<ul style=\"list-style-type: square;\">\n<li>Treballar les quatre compet\u00e8ncies de la llengua catalana: llegir, escoltar, parlar i escriure dels infants (Escola Santa Eul\u00e0lia de Berga i Escola Josep Montmany de Sant Feliu de Llobregat)<\/li>\n<li>Participar activament en el treball en grup, adoptant una actitud responsable, solid\u00e0rua, cooperativa i dialogant que permeti argumentar les pr\u00f2pies opinions i respectar les dels altres.<\/li>\n<li>Recon\u00e8ixer i sentir la diversitat social, cultural i de g\u00e8nere com a un fet enriquidor de la conviv\u00e8ncia, sabent explicar els propis costums i maneres de viure de cultures diferents.<\/li>\n<\/ul>\n<\/td>\n<\/tr>\n<\/tbody>\n<\/table>\n<div><\/div>\n","protected":false},"excerpt":{"rendered":"<p>Els projectes que han anat configurant el nostre tarann\u00e0&#8230;<\/p>\n<p>ERASMUS+: In omnibus omnia est<\/p>\n<p>OBJECTIUS<\/p>\n<ul style=\"list-style-type: square;\">\n<li>Treballar a partir de metodologies transversals (assoliment de compet\u00e8ncies b\u00e0siques, transversals&#8230;)<\/li>\n<li>Treballar i millorar les diferents destreses del segle XXI: participaci\u00f3 i adquisici\u00f3 de pedagogies obertes i innovadores.<\/li>\n<li>Refor\u00e7ar la cooperaci\u00f3 entre els&hellip;  <a href=\"https:\/\/agora.xtec.cat\/escola-monmany\/com-treballem-2\/projectes-fets\/\" title=\"Read Projectes fets\">Llegeix m\u00e9s\u00bb<\/a><br \/>\n","protected":false},"author":1,"featured_media":0,"parent":1246,"menu_order":3,"comment_status":"closed","ping_status":"closed","template":"page-templates\/side-menu.php","meta":{"_bbp_topic_count":0,"_bbp_reply_count":0,"_bbp_total_topic_count":0,"_bbp_total_reply_count":0,"_bbp_voice_count":0,"_bbp_anonymous_reply_count":0,"_bbp_topic_count_hidden":0,"_bbp_reply_count_hidden":0,"_bbp_forum_subforum_count":0,"footnotes":""},"class_list":["post-762","page","type-page","status-publish","hentry"],"post_mailing_queue_ids":[],"_links":{"self":[{"href":"https:\/\/agora.xtec.cat\/escola-monmany\/wp-json\/wp\/v2\/pages\/762","targetHints":{"allow":["GET"]}}],"collection":[{"href":"https:\/\/agora.xtec.cat\/escola-monmany\/wp-json\/wp\/v2\/pages"}],"about":[{"href":"https:\/\/agora.xtec.cat\/escola-monmany\/wp-json\/wp\/v2\/types\/page"}],"author":[{"embeddable":true,"href":"https:\/\/agora.xtec.cat\/escola-monmany\/wp-json\/wp\/v2\/users\/1"}],"replies":[{"embeddable":true,"href":"https:\/\/agora.xtec.cat\/escola-monmany\/wp-json\/wp\/v2\/comments?post=762"}],"version-history":[{"count":4,"href":"https:\/\/agora.xtec.cat\/escola-monmany\/wp-json\/wp\/v2\/pages\/762\/revisions"}],"predecessor-version":[{"id":2034,"href":"https:\/\/agora.xtec.cat\/escola-monmany\/wp-json\/wp\/v2\/pages\/762\/revisions\/2034"}],"up":[{"embeddable":true,"href":"https:\/\/agora.xtec.cat\/escola-monmany\/wp-json\/wp\/v2\/pages\/1246"}],"wp:attachment":[{"href":"https:\/\/agora.xtec.cat\/escola-monmany\/wp-json\/wp\/v2\/media?parent=762"}],"curies":[{"name":"wp","href":"https:\/\/api.w.org\/{rel}","templated":true}]}}