{"id":760,"date":"2020-03-28T19:12:31","date_gmt":"2020-03-28T18:12:31","guid":{"rendered":"https:\/\/agora.xtec.cat\/escola-monmany\/?page_id=760"},"modified":"2020-04-27T21:21:19","modified_gmt":"2020-04-27T19:21:19","slug":"projectes-actuals-2","status":"publish","type":"page","link":"https:\/\/agora.xtec.cat\/escola-monmany\/com-treballem-2\/projectes-actuals-2\/","title":{"rendered":"Projectes actuals"},"content":{"rendered":"<p>Us prsesentem els projectes que formen part de la nostra cultura d&#8217;Escola.<\/p>\n<table>\n<tbody>\n<tr>\n<td style=\"width: 1154.75px; background-color: #f1bff2; text-align: center;\" colspan=\"4\"><strong>PLA EDUCATIU D&#8217;ENTORN<\/strong><\/td>\n<\/tr>\n<tr>\n<td style=\"width: 89px; background-color: #f1bff2;\">OBJECTIUS<\/td>\n<td style=\"width: 1063.75px;\" colspan=\"3\">\n<ul style=\"list-style-type: square;\">\n<li>Contribuir a la millora de l\u2019\u00e8xit educatiu de tots els nois i noies, mitjan\u00e7ant el desenvolupament d\u2019una identitat personal rica i equilibrada, l\u2019adquisici\u00f3 de les compet\u00e8ncies, les habilitats, els valors i les actituds per respondre de forma satisfact\u00f2ria als reptes de la vida professional, i participar en la societat.<\/li>\n<li>Promoure la cohesi\u00f3 social mitjan\u00e7ant l\u2019educaci\u00f3 intercultural, basada en l\u2019equitat i el dret a la difer\u00e8ncia, i el foment de l\u2019\u00fas de la llengua catalana com un espai com\u00fa de conviv\u00e8ncia.<\/li>\n<li>Afavorir el treball i l\u2019aprenentatge en xarxa entre tots els centres educatius i els diferents agents de l\u2019entorn per aconseguir continu\u00eftat i coher\u00e8ncia educativa.<\/li>\n<\/ul>\n<\/td>\n<\/tr>\n<tr>\n<td style=\"width: 1154.75px;\" colspan=\"4\"><\/td>\n<\/tr>\n<tr>\n<td style=\"width: 1154.75px; background-color: #f1bff2; text-align: center;\" colspan=\"4\"><strong>BIBLIOTECA ESCOLAR<\/strong><\/td>\n<\/tr>\n<tr>\n<td style=\"width: 89px; background-color: #f1bff2;\">OBJECTIUS<\/td>\n<td style=\"width: 1063.75px;\" colspan=\"3\">\n<ul style=\"list-style-type: square;\">\n<li>Dinamitzar l\u2019\u00fas de la biblioteca del centre com a un instrument \u00fatil per al coneixement i l\u2019entreteniment, i restant oberta a tota la comunitat educativa.<\/li>\n<li>\u00a0Potenciar la integraci\u00f3 de l\u2019\u00fas de la biblioteca com espai d\u2019aprenentatge en les diferents \u00e0rees de coneixement mitjan\u00e7ant llibres i altres recursos disponibles.<\/li>\n<li>Utilitzar la biblioteca com recurs per motivar l\u2019aprenentatge de la llengua i la integraci\u00f3 dels alumnes nouvinguts i amb altres dificultats.<\/li>\n<\/ul>\n<\/td>\n<\/tr>\n<tr>\n<td style=\"width: 1154.75px;\" colspan=\"4\"><\/td>\n<\/tr>\n<tr>\n<td style=\"width: 1154.75px; background-color: #f1bff2; text-align: center;\" colspan=\"4\"><strong>PROJECTE TIC<\/strong><\/td>\n<\/tr>\n<tr>\n<td style=\"width: 89px; background-color: #f1bff2;\">OBJECTIUS<\/td>\n<td style=\"width: 1063.75px;\" colspan=\"3\">\n<ul style=\"list-style-type: square;\">\n<li>Utilitzar les TIC amb l&#8217;alumnat per a facilitar la motivaci\u00f3, el treball aut\u00f2nom, l&#8217;aprenentatge, la globalitzaci\u00f3 dels continguts i l&#8217;\u00fas de diferents materials, millornt les seves compet\u00e8ncies b\u00e0siques.<\/li>\n<li>Emprar les TIC com a estrat\u00e8gia d&#8217;aprenentatge competencial, inclusiva, motivadora i flexible per atendre la diversitat.<\/li>\n<li>Aconsesguir una interacci\u00f3 global de les TIC que comenci amb l&#8217;alumnat i el professorat arribant i implicant tamb\u00e9 les fam\u00edlies amb informaci\u00f3, formaci\u00f3 i serveis.<\/li>\n<\/ul>\n<\/td>\n<\/tr>\n<tr>\n<td style=\"width: 1154.75px;\" colspan=\"4\"><\/td>\n<\/tr>\n<tr>\n<td style=\"width: 1154.75px; background-color: #f1bff2; text-align: center;\" colspan=\"4\"><strong>ESCOLA VERDA<\/strong><\/td>\n<\/tr>\n<tr>\n<td style=\"width: 89px; background-color: #f1bff2;\">OBJECTIUS<\/td>\n<td style=\"width: 1063.75px;\" colspan=\"3\">\n<ul style=\"list-style-type: square;\">\n<li>Ambientalitzar el curr\u00edculum per tal d\u2019incloure actuacions que potenci\u00efn l\u2019observaci\u00f3 i l\u2019experimentaci\u00f3 dels alumnes envers el seu medi natural.<\/li>\n<li>\u00a0Dinamitzar actuacions encaminades a la preservaci\u00f3 del medi i que incideixin especialment en la reutilitzaci\u00f3, el reciclatge i el compostatge de residus org\u00e0nics, en un \u00fas adequat dels contenidors i en un consum responsable. Tenir una vida sana significa ser respectu\u00f3s amb el medi.<\/li>\n<li>Conscienciar els alumnes de la necessitat d\u2019estalviar recursos (aigua, llum, paper\u2026) per tal de fer una escola m\u00e9s sostenible.<\/li>\n<\/ul>\n<\/td>\n<\/tr>\n<tr>\n<td style=\"width: 1154.75px;\" colspan=\"4\"><\/td>\n<\/tr>\n<tr>\n<td style=\"width: 1154.75px; background-color: #f1bff2; text-align: center;\" colspan=\"4\"><strong>PLA CATAL\u00c0 D&#8217;ESPORT<\/strong><\/td>\n<\/tr>\n<tr>\n<td style=\"width: 89px; background-color: #f1bff2;\">OBJECTIUS<\/td>\n<td style=\"width: 1063.75px;\" colspan=\"3\">\n<ul style=\"list-style-type: square;\">\n<li>Fomentar la pr\u00e0ctica regular d&#8217;activitats f\u00edsiques i esportives, i l&#8217;adquici\u00f3 d&#8217;h\u00e0bits saludables que contribueixin a un major benestar.<\/li>\n<li>Contribuir mitjan\u00e7ant la pr\u00e0ctica esportiva a la formaci\u00f3 de valors com la toler\u00e0ncia, el respecte als altres i a les rebles, la confian\u00e7a en un mateix, l&#8217;esfor\u00e7 de superaci\u00f3, l&#8217;autocr\u00edtica, l&#8217;autonomia, la capacitat de decisi\u00f3, la cooperaci\u00f3 i el treball en equip, entre d&#8217;altres.<\/li>\n<li>Aprofitar el gran potencial educatiu i formatiu de les activitats f\u00edsiques i esportives, cercant la participaci\u00f3 per damunt de la competitivitat.<\/li>\n<\/ul>\n<\/td>\n<\/tr>\n<tr>\n<td style=\"width: 89px; text-align: center;\" colspan=\"4\"><\/td>\n<\/tr>\n<tr>\n<td style=\"width: 89px; background-color: #f1bff2; text-align: center;\" colspan=\"4\"><strong>APADRINAMENT LECTOR<\/strong><\/td>\n<\/tr>\n<tr>\n<td style=\"width: 89px; background-color: #f1bff2;\">OBJECTIUS<\/td>\n<td colspan=\"3\">\n<ul style=\"list-style-type: square;\">\n<li>Potenciar els aprenentatges per part de tots els\/les participants (padrins i fillols).<\/li>\n<li>Crear contextos significatius d&#8217;aprenentatge (llegeixo perqu\u00e8 alg\u00fa m&#8217;entengui, llegeixo per alg\u00fa que li interessa escoltar-me).<\/li>\n<li>Establir lligams afectius entre padrins i fillols al voltant de la lectura.<\/li>\n<li>Generar una experi\u00e8ncia positiva i plaent de lectura.<\/li>\n<\/ul>\n<\/td>\n<\/tr>\n<tr>\n<td style=\"width: 89px; background-color: #0;\" colspan=\"4\"><\/td>\n<\/tr>\n<tr>\n<td style=\"width: 89px; background-color: #f1bff2; text-align: center;\" colspan=\"4\"><strong>INTEL\u00b7LIG\u00c8NCIA EMOCIONAL<\/strong><\/td>\n<\/tr>\n<tr>\n<td style=\"width: 89px; background-color: #f1bff2;\">OBJECTIUS<\/td>\n<td colspan=\"3\">\n<ul style=\"list-style-type: square;\">\n<li>Adquirir un millor coneixement de les pr\u00f2pies emocions.<\/li>\n<li>Identificar les emocions dels altres.<\/li>\n<li>Desenvolupar una major compet\u00e8ncia emocional.-<\/li>\n<li>Adoptar una actitud positiva davant la vida.<\/li>\n<\/ul>\n<\/td>\n<\/tr>\n<tr>\n<td style=\"width: 89px; background-color: #0;\" colspan=\"4\"><\/td>\n<\/tr>\n<tr>\n<td style=\"width: 89px; background-color: #f1bff2; text-align: center;\" colspan=\"4\"><strong>EXPRESSI\u00d3 ORAL<\/strong><\/td>\n<\/tr>\n<tr>\n<td style=\"width: 89px; background-color: #f1bff2;\">OBJECTIUS<\/td>\n<td colspan=\"3\">\n<ul style=\"list-style-type: square;\">\n<li>Desenvolupar les compet\u00e8ncies ling\u00fc\u00edstiques b\u00e0siques en llengua catalana per poder-se comunicar de manera efica\u00e7 oralment.<\/li>\n<li>Adquiri la compet\u00e8ncia comunicativa b\u00e0sica que permeti expressar i comprendre missatges senzills i comunicar-se amb els altres en situacions quotidianes.<\/li>\n<li>Evocar i relatar fets\u00a0 per expressar experi\u00e8ncies, idees, desigs, coneixements, sentiments&#8230; amb fluidesa.<\/li>\n<\/ul>\n<\/td>\n<\/tr>\n<tr>\n<td style=\"width: 89px; background-color: #0;\" colspan=\"4\"><\/td>\n<\/tr>\n<tr>\n<td style=\"width: 89px; background-color: #f1bff2; text-align: center;\" colspan=\"4\"><strong>CANT\u00c0NIA<\/strong><\/td>\n<\/tr>\n<tr>\n<td style=\"width: 89px; background-color: #f1bff2;\">OBJECTIUS<\/td>\n<td colspan=\"3\">\n<ul style=\"list-style-type: square;\">\n<li>Participar en el proc\u00e9s d\u2019aprenentatge d\u2019una cantata.<\/li>\n<li>Participar de forma conjunta alumnes de centres diferents, en la posada en escena de la cantata treballada, amb m\u00fasics professionals en directe.<\/li>\n<li>Viure una experi\u00e8ncia personal i professional, alumnat i professorat respectivament, a trav\u00e9s de la m\u00fasica.<\/li>\n<\/ul>\n<\/td>\n<\/tr>\n<\/tbody>\n<\/table>\n<p>&nbsp;<\/p>\n","protected":false},"excerpt":{"rendered":"<p>Us prsesentem els projectes que formen part de la nostra cultura d&#8217;Escola.<\/p>\n<p>PLA EDUCATIU D&#8217;ENTORN<\/p>\n<p>OBJECTIUS<\/p>\n<ul style=\"list-style-type: square;\">\n<li>Contribuir a la millora de l\u2019\u00e8xit educatiu de tots els nois i noies, mitjan\u00e7ant el desenvolupament d\u2019una identitat personal rica i equilibrada, l\u2019adquisici\u00f3 de les compet\u00e8ncies, les habilitats, els valors&hellip;  <a href=\"https:\/\/agora.xtec.cat\/escola-monmany\/com-treballem-2\/projectes-actuals-2\/\" title=\"Read Projectes actuals\">Llegeix m\u00e9s\u00bb<\/a><br \/>\n","protected":false},"author":1,"featured_media":0,"parent":1246,"menu_order":2,"comment_status":"closed","ping_status":"closed","template":"page-templates\/side-menu.php","meta":{"_bbp_topic_count":0,"_bbp_reply_count":0,"_bbp_total_topic_count":0,"_bbp_total_reply_count":0,"_bbp_voice_count":0,"_bbp_anonymous_reply_count":0,"_bbp_topic_count_hidden":0,"_bbp_reply_count_hidden":0,"_bbp_forum_subforum_count":0,"footnotes":""},"class_list":["post-760","page","type-page","status-publish","hentry"],"post_mailing_queue_ids":[],"_links":{"self":[{"href":"https:\/\/agora.xtec.cat\/escola-monmany\/wp-json\/wp\/v2\/pages\/760","targetHints":{"allow":["GET"]}}],"collection":[{"href":"https:\/\/agora.xtec.cat\/escola-monmany\/wp-json\/wp\/v2\/pages"}],"about":[{"href":"https:\/\/agora.xtec.cat\/escola-monmany\/wp-json\/wp\/v2\/types\/page"}],"author":[{"embeddable":true,"href":"https:\/\/agora.xtec.cat\/escola-monmany\/wp-json\/wp\/v2\/users\/1"}],"replies":[{"embeddable":true,"href":"https:\/\/agora.xtec.cat\/escola-monmany\/wp-json\/wp\/v2\/comments?post=760"}],"version-history":[{"count":4,"href":"https:\/\/agora.xtec.cat\/escola-monmany\/wp-json\/wp\/v2\/pages\/760\/revisions"}],"predecessor-version":[{"id":1866,"href":"https:\/\/agora.xtec.cat\/escola-monmany\/wp-json\/wp\/v2\/pages\/760\/revisions\/1866"}],"up":[{"embeddable":true,"href":"https:\/\/agora.xtec.cat\/escola-monmany\/wp-json\/wp\/v2\/pages\/1246"}],"wp:attachment":[{"href":"https:\/\/agora.xtec.cat\/escola-monmany\/wp-json\/wp\/v2\/media?parent=760"}],"curies":[{"name":"wp","href":"https:\/\/api.w.org\/{rel}","templated":true}]}}