{"id":724,"date":"2020-03-28T18:55:08","date_gmt":"2020-03-28T17:55:08","guid":{"rendered":"https:\/\/agora.xtec.cat\/escola-monmany\/?page_id=724"},"modified":"2024-06-20T14:19:41","modified_gmt":"2024-06-20T12:19:41","slug":"projecte-educatiu-2","status":"publish","type":"page","link":"https:\/\/agora.xtec.cat\/escola-monmany\/documents-de-centre\/normativa-interna\/projecte-educatiu-2\/","title":{"rendered":"PEC"},"content":{"rendered":"<p style=\"text-align: center;\">\u00c9s la m\u00e0xima expressi\u00f3 de l&#8217;autonomia de la nostra Escola i l&#8217;eix vertebrador de la seva activitat.<\/p>\n<p style=\"text-align: center;\"><a href=\"https:\/\/drive.google.com\/file\/d\/1WC9rBF3GqbsuudyKyj041vofgs3velG9\/view?usp=sharing\"><img loading=\"lazy\" decoding=\"async\" class=\"aligncenter wp-image-9106 size-full\" src=\"https:\/\/agora.xtec.cat\/escola-monmany\/wp-content\/uploads\/usu2132\/2024\/06\/FOT.PEC_.png\" alt=\"\" width=\"447\" height=\"634\" srcset=\"https:\/\/agora.xtec.cat\/escola-monmany\/wp-content\/uploads\/usu2132\/2024\/06\/FOT.PEC_.png 447w, https:\/\/agora.xtec.cat\/escola-monmany\/wp-content\/uploads\/usu2132\/2024\/06\/FOT.PEC_-212x300.png 212w\" sizes=\"auto, (max-width: 447px) 100vw, 447px\" \/><\/a><\/p>\n<p>&nbsp;<\/p>\n<p>&nbsp;<\/p>\n<p>&nbsp;<\/p>\n","protected":false},"excerpt":{"rendered":"<p>\u00c9s la m\u00e0xima expressi\u00f3 de l&#8217;autonomia de la nostra Escola i l&#8217;eix vertebrador de la seva activitat.<br \/>\n<a href=\"https:\/\/drive.google.com\/file\/d\/1WC9rBF3GqbsuudyKyj041vofgs3velG9\/view?usp=sharing\"><\/a><br \/>\n&nbsp;<br \/>\n&nbsp;<br \/>\n&nbsp;<\/p>\n","protected":false},"author":1,"featured_media":0,"parent":721,"menu_order":1,"comment_status":"closed","ping_status":"closed","template":"page-templates\/side-menu.php","meta":{"_bbp_topic_count":0,"_bbp_reply_count":0,"_bbp_total_topic_count":0,"_bbp_total_reply_count":0,"_bbp_voice_count":0,"_bbp_anonymous_reply_count":0,"_bbp_topic_count_hidden":0,"_bbp_reply_count_hidden":0,"_bbp_forum_subforum_count":0,"footnotes":""},"class_list":["post-724","page","type-page","status-publish","hentry"],"post_mailing_queue_ids":[],"_links":{"self":[{"href":"https:\/\/agora.xtec.cat\/escola-monmany\/wp-json\/wp\/v2\/pages\/724","targetHints":{"allow":["GET"]}}],"collection":[{"href":"https:\/\/agora.xtec.cat\/escola-monmany\/wp-json\/wp\/v2\/pages"}],"about":[{"href":"https:\/\/agora.xtec.cat\/escola-monmany\/wp-json\/wp\/v2\/types\/page"}],"author":[{"embeddable":true,"href":"https:\/\/agora.xtec.cat\/escola-monmany\/wp-json\/wp\/v2\/users\/1"}],"replies":[{"embeddable":true,"href":"https:\/\/agora.xtec.cat\/escola-monmany\/wp-json\/wp\/v2\/comments?post=724"}],"version-history":[{"count":5,"href":"https:\/\/agora.xtec.cat\/escola-monmany\/wp-json\/wp\/v2\/pages\/724\/revisions"}],"predecessor-version":[{"id":9107,"href":"https:\/\/agora.xtec.cat\/escola-monmany\/wp-json\/wp\/v2\/pages\/724\/revisions\/9107"}],"up":[{"embeddable":true,"href":"https:\/\/agora.xtec.cat\/escola-monmany\/wp-json\/wp\/v2\/pages\/721"}],"wp:attachment":[{"href":"https:\/\/agora.xtec.cat\/escola-monmany\/wp-json\/wp\/v2\/media?parent=724"}],"curies":[{"name":"wp","href":"https:\/\/api.w.org\/{rel}","templated":true}]}}