{"id":723,"date":"2020-03-28T18:55:08","date_gmt":"2020-03-28T17:55:08","guid":{"rendered":"https:\/\/agora.xtec.cat\/escola-monmany\/?page_id=723"},"modified":"2020-05-14T00:54:22","modified_gmt":"2020-05-13T22:54:22","slug":"projecte-linguistic","status":"publish","type":"page","link":"https:\/\/agora.xtec.cat\/escola-monmany\/documents-de-centre\/normativa-interna\/projecte-linguistic\/","title":{"rendered":"Projecte ling\u00fc\u00edstic"},"content":{"rendered":"<p style=\"text-align: center;\">\u00c9s el document que recull els aspectes relatius a l&#8217;ensenyament i a l&#8217;\u00fas de les lleng\u00fces en el centre educatiu. En aquest document queden definits el tractament de la llengua catalana com a llengua vehicular i d&#8217;aprenentatge, el proc\u00e9s d&#8217;ensenyament i aprenentatge de la llengua castellana, les diferents opcions amb refer\u00e8ncia a les lleng\u00fces estrangeres i els criteris generals per a les adequacions de les lleng\u00fces a la realitat socioling\u00fc\u00edstica del centre.<\/p>\n<p style=\"text-align: center;\"><a href=\"https:\/\/agora.xtec.cat\/escola-monmany\/wp-content\/uploads\/usu2132\/2020\/05\/PLC_WEB-1.pdf\" target=\"_blank\" rel=\"noopener noreferrer\"><img loading=\"lazy\" decoding=\"async\" class=\"alignnone wp-image-2066\" src=\"https:\/\/agora.xtec.cat\/escola-monmany\/wp-content\/uploads\/usu2132\/2020\/05\/PORTADA_WEB_PLC-724x1024.jpg\" alt=\"\" width=\"227\" height=\"321\" srcset=\"https:\/\/agora.xtec.cat\/escola-monmany\/wp-content\/uploads\/usu2132\/2020\/05\/PORTADA_WEB_PLC-724x1024.jpg 724w, https:\/\/agora.xtec.cat\/escola-monmany\/wp-content\/uploads\/usu2132\/2020\/05\/PORTADA_WEB_PLC-212x300.jpg 212w, https:\/\/agora.xtec.cat\/escola-monmany\/wp-content\/uploads\/usu2132\/2020\/05\/PORTADA_WEB_PLC-768x1086.jpg 768w, https:\/\/agora.xtec.cat\/escola-monmany\/wp-content\/uploads\/usu2132\/2020\/05\/PORTADA_WEB_PLC.jpg 1240w\" sizes=\"auto, (max-width: 227px) 100vw, 227px\" \/><\/a><\/p>\n<p style=\"text-align: center;\"><a href=\"https:\/\/app.box.com\/s\/me4wi31uwwiisfu3rtj45qzyojee1hdg\" target=\"_blank\" rel=\"noopener noreferrer\"><span style=\"color: #0000ff;\">Clica aqu\u00ed per a consultar-lo.<\/span> <\/a><\/p>\n","protected":false},"excerpt":{"rendered":"<p>\u00c9s el document que recull els aspectes relatius a l&#8217;ensenyament i a l&#8217;\u00fas de les lleng\u00fces en el centre educatiu. En aquest document queden definits el tractament de la llengua catalana com a llengua vehicular i d&#8217;aprenentatge, el proc\u00e9s d&#8217;ensenyament i aprenentatge de la llengua&hellip;  <a href=\"https:\/\/agora.xtec.cat\/escola-monmany\/documents-de-centre\/normativa-interna\/projecte-linguistic\/\" title=\"Read Projecte ling\u00fc\u00edstic\">Llegeix m\u00e9s\u00bb<\/a><\/p>\n","protected":false},"author":1,"featured_media":0,"parent":721,"menu_order":3,"comment_status":"closed","ping_status":"closed","template":"page-templates\/side-menu.php","meta":{"_bbp_topic_count":0,"_bbp_reply_count":0,"_bbp_total_topic_count":0,"_bbp_total_reply_count":0,"_bbp_voice_count":0,"_bbp_anonymous_reply_count":0,"_bbp_topic_count_hidden":0,"_bbp_reply_count_hidden":0,"_bbp_forum_subforum_count":0,"footnotes":""},"class_list":["post-723","page","type-page","status-publish","hentry"],"post_mailing_queue_ids":[],"_links":{"self":[{"href":"https:\/\/agora.xtec.cat\/escola-monmany\/wp-json\/wp\/v2\/pages\/723","targetHints":{"allow":["GET"]}}],"collection":[{"href":"https:\/\/agora.xtec.cat\/escola-monmany\/wp-json\/wp\/v2\/pages"}],"about":[{"href":"https:\/\/agora.xtec.cat\/escola-monmany\/wp-json\/wp\/v2\/types\/page"}],"author":[{"embeddable":true,"href":"https:\/\/agora.xtec.cat\/escola-monmany\/wp-json\/wp\/v2\/users\/1"}],"replies":[{"embeddable":true,"href":"https:\/\/agora.xtec.cat\/escola-monmany\/wp-json\/wp\/v2\/comments?post=723"}],"version-history":[{"count":3,"href":"https:\/\/agora.xtec.cat\/escola-monmany\/wp-json\/wp\/v2\/pages\/723\/revisions"}],"predecessor-version":[{"id":2358,"href":"https:\/\/agora.xtec.cat\/escola-monmany\/wp-json\/wp\/v2\/pages\/723\/revisions\/2358"}],"up":[{"embeddable":true,"href":"https:\/\/agora.xtec.cat\/escola-monmany\/wp-json\/wp\/v2\/pages\/721"}],"wp:attachment":[{"href":"https:\/\/agora.xtec.cat\/escola-monmany\/wp-json\/wp\/v2\/media?parent=723"}],"curies":[{"name":"wp","href":"https:\/\/api.w.org\/{rel}","templated":true}]}}