{"id":721,"date":"2020-03-28T18:55:08","date_gmt":"2020-03-28T17:55:08","guid":{"rendered":"https:\/\/agora.xtec.cat\/escola-monmany\/?page_id=721"},"modified":"2020-05-06T12:45:21","modified_gmt":"2020-05-06T10:45:21","slug":"normativa-interna","status":"publish","type":"page","link":"https:\/\/agora.xtec.cat\/escola-monmany\/documents-de-centre\/normativa-interna\/","title":{"rendered":"Normativa interna"},"content":{"rendered":"<p style=\"text-align: center;\">Sota la normativa externa que ens ve donada b\u00e0sicament pel Departament d&#8217;Educaci\u00f3 i sota la mirada de l&#8217;autonomia de centres, hem elaborat un seguit de documents que recullen el nostre tarann\u00e0 com a Escola.<\/p>\n","protected":false},"excerpt":{"rendered":"<p>Sota la normativa externa que ens ve donada b\u00e0sicament pel Departament d&#8217;Educaci\u00f3 i sota la mirada de l&#8217;autonomia de centres, hem elaborat un seguit de documents que recullen el nostre tarann\u00e0 com a Escola.<\/p>\n","protected":false},"author":1,"featured_media":0,"parent":533,"menu_order":2,"comment_status":"closed","ping_status":"closed","template":"page-templates\/side-menu.php","meta":{"_bbp_topic_count":0,"_bbp_reply_count":0,"_bbp_total_topic_count":0,"_bbp_total_reply_count":0,"_bbp_voice_count":0,"_bbp_anonymous_reply_count":0,"_bbp_topic_count_hidden":0,"_bbp_reply_count_hidden":0,"_bbp_forum_subforum_count":0,"footnotes":""},"class_list":["post-721","page","type-page","status-publish","hentry"],"post_mailing_queue_ids":[],"_links":{"self":[{"href":"https:\/\/agora.xtec.cat\/escola-monmany\/wp-json\/wp\/v2\/pages\/721","targetHints":{"allow":["GET"]}}],"collection":[{"href":"https:\/\/agora.xtec.cat\/escola-monmany\/wp-json\/wp\/v2\/pages"}],"about":[{"href":"https:\/\/agora.xtec.cat\/escola-monmany\/wp-json\/wp\/v2\/types\/page"}],"author":[{"embeddable":true,"href":"https:\/\/agora.xtec.cat\/escola-monmany\/wp-json\/wp\/v2\/users\/1"}],"replies":[{"embeddable":true,"href":"https:\/\/agora.xtec.cat\/escola-monmany\/wp-json\/wp\/v2\/comments?post=721"}],"version-history":[{"count":3,"href":"https:\/\/agora.xtec.cat\/escola-monmany\/wp-json\/wp\/v2\/pages\/721\/revisions"}],"predecessor-version":[{"id":2101,"href":"https:\/\/agora.xtec.cat\/escola-monmany\/wp-json\/wp\/v2\/pages\/721\/revisions\/2101"}],"up":[{"embeddable":true,"href":"https:\/\/agora.xtec.cat\/escola-monmany\/wp-json\/wp\/v2\/pages\/533"}],"wp:attachment":[{"href":"https:\/\/agora.xtec.cat\/escola-monmany\/wp-json\/wp\/v2\/media?parent=721"}],"curies":[{"name":"wp","href":"https:\/\/api.w.org\/{rel}","templated":true}]}}