{"id":701,"date":"2020-03-28T18:44:37","date_gmt":"2020-03-28T17:44:37","guid":{"rendered":"https:\/\/agora.xtec.cat\/escola-monmany\/?page_id=701"},"modified":"2022-09-05T10:31:26","modified_gmt":"2022-09-05T08:31:26","slug":"reunions-pedagogiques","status":"publish","type":"page","link":"https:\/\/agora.xtec.cat\/escola-monmany\/families\/reunions-pedagogiques\/","title":{"rendered":"Reunions pedag\u00f2giques"},"content":{"rendered":"<p>Durant aquest primer trimestre de curs, tindr\u00e0 lloc la reuni\u00f3 pedag\u00f2gica d&#8217;inici de curs.<\/p>\n<p>Aquesta trobada ser\u00e0 presencial a la classe del vostre fill\/a.<\/p>\n<p>\u00c9s <strong>MOLT IMPORTANT l&#8217;assist\u00e8ncia<\/strong>.<\/p>\n<p>Amb aquesta trobada es pret\u00e9n:<\/p>\n<ul>\n<li style=\"list-style-type: none;\">\n<ul style=\"list-style-type: square;\">\n<li><a href=\"http:\/\/ensenyament.gencat.cat\/ca\/arees-actuacio\/families\/\">Acompanyar la fam\u00edlia en la marxa de l&#8217;infant en el seu proc\u00e9s educatiu<\/a>.<\/li>\n<li>Acostar el m\u00f3n de la fam\u00edlia i el de l&#8217;escola creant vincles de confian\u00e7a.<\/li>\n<li>Transmetre a les fam\u00edlies quin ser\u00e0 el curr\u00edculum i la seva implantaci\u00f3 durant el curs escolar.<\/li>\n<li>Fer saber quins s\u00f3n els objectius programats i els criteris d&#8217;avaluaci\u00f3.<\/li>\n<li>Informar sobre el funcionament del dia a dia a la classe.<\/li>\n<li>Comunicar aspectes generals de funcionament de centre.<\/li>\n<\/ul>\n<\/li>\n<\/ul>\n<table style=\"height: 374px; width: 516px;\">\n<tbody>\n<tr style=\"height: 34px;\">\n<td style=\"background-color: #f1bff2; height: 34px; width: 511.2px; text-align: center;\" colspan=\"3\"><strong>CALENDARITZACI\u00d3 DE LES REUNIONS PEDAG\u00d2GIQUES D&#8217;INICI DE CURS<\/strong><\/td>\n<\/tr>\n<tr style=\"height: 34px;\">\n<td style=\"background-color: #f1bff2; height: 34px; width: 152px; text-align: center;\"><strong>NIVELL<\/strong><\/td>\n<td style=\"background-color: #f1bff2; height: 34px; width: 189.6px; text-align: center;\"><strong>DIA<\/strong><\/td>\n<td style=\"background-color: #f1bff2; height: 34px; width: 166.4px; text-align: center;\"><strong>HORA<\/strong><\/td>\n<\/tr>\n<tr style=\"height: 34px;\">\n<td style=\"height: 34px; width: 152px; text-align: center;\"><strong>I3<\/strong><\/td>\n<td style=\"height: 34px; width: 189.6px; text-align: center;\">18 d&#8217;octubre del 2022<\/td>\n<td style=\"height: 34px; width: 166.4px; text-align: center;\">17:00 hores<\/td>\n<\/tr>\n<tr style=\"height: 34px;\">\n<td style=\"height: 34px; width: 152px; text-align: center;\"><strong>I4<\/strong><\/td>\n<td style=\"height: 34px; width: 189.6px; text-align: center;\">19 d&#8217;octubre del 2022<\/td>\n<td style=\"height: 34px; width: 166.4px; text-align: center;\">17:00 hores<\/td>\n<\/tr>\n<tr style=\"height: 34px;\">\n<td style=\"height: 34px; width: 152px; text-align: center;\"><strong>I5<\/strong><\/td>\n<td style=\"height: 34px; width: 189.6px; text-align: center;\">20 d&#8217;octubre del 2022<\/td>\n<td style=\"height: 34px; width: 166.4px; text-align: center;\">17:00 hores<\/td>\n<\/tr>\n<tr style=\"height: 34px;\">\n<td style=\"height: 34px; width: 152px; text-align: center;\"><strong>1r<\/strong><\/td>\n<td style=\"height: 34px; width: 189.6px; text-align: center;\">03 d&#8217;octubre del 2022<\/td>\n<td style=\"height: 34px; width: 166.4px; text-align: center;\">17:00 hores<\/td>\n<\/tr>\n<tr style=\"height: 34px;\">\n<td style=\"height: 34px; width: 152px; text-align: center;\"><strong>2n<\/strong><\/td>\n<td style=\"height: 34px; width: 189.6px; text-align: center;\">04 d&#8217;octubre del 2022<\/td>\n<td style=\"height: 34px; width: 166.4px; text-align: center;\">17:00 hores<\/td>\n<\/tr>\n<tr style=\"height: 34px;\">\n<td style=\"height: 34px; width: 152px; text-align: center;\"><strong>3r<\/strong><\/td>\n<td style=\"height: 34px; width: 189.6px; text-align: center;\">05 d&#8217;octubre del 2022<\/td>\n<td style=\"height: 34px; width: 166.4px; text-align: center;\">17:00 hores<\/td>\n<\/tr>\n<tr style=\"height: 34px;\">\n<td style=\"height: 34px; width: 152px; text-align: center;\"><strong>4t<\/strong><\/td>\n<td style=\"height: 34px; width: 189.6px; text-align: center;\">06 d&#8217;octubre del 2022<\/td>\n<td style=\"height: 34px; width: 166.4px; text-align: center;\">17:00 hores<\/td>\n<\/tr>\n<tr style=\"height: 34px;\">\n<td style=\"height: 34px; width: 152px; text-align: center;\"><strong>5\u00e8<\/strong><\/td>\n<td style=\"height: 34px; width: 189.6px; text-align: center;\">17 d&#8217;octubre del 2020<\/td>\n<td style=\"height: 34px; width: 166.4px; text-align: center;\">17:00 hores<\/td>\n<\/tr>\n<tr style=\"height: 34px;\">\n<td style=\"width: 152px; text-align: center; height: 34px;\"><strong>6\u00e8<\/strong><\/td>\n<td style=\"width: 189.6px; text-align: center; height: 34px;\">13 d&#8217;octubre del 2022<\/td>\n<td style=\"width: 166.4px; text-align: center; height: 34px;\">17:00 hores<\/td>\n<\/tr>\n<\/tbody>\n<\/table>\n<p>&nbsp;<\/p>\n","protected":false},"excerpt":{"rendered":"<p>Durant aquest primer trimestre de curs, tindr\u00e0 lloc la reuni\u00f3 pedag\u00f2gica d&#8217;inici de curs.<br \/>\nAquesta trobada ser\u00e0 presencial a la classe del vostre fill\/a.<br \/>\n\u00c9s MOLT IMPORTANT l&#8217;assist\u00e8ncia.<br \/>\nAmb aquesta trobada es pret\u00e9n:<\/p>\n<ul>\n<li style=\"list-style-type: none;\">\n<ul style=\"list-style-type: square;\">\n<li><a href=\"http:\/\/ensenyament.gencat.cat\/ca\/arees-actuacio\/families\/\">Acompanyar la fam\u00edlia en la marxa de l&#8217;infant en el seu&hellip;  <a href=\"https:\/\/agora.xtec.cat\/escola-monmany\/families\/reunions-pedagogiques\/\" title=\"Read Reunions pedag\u00f2giques\">Llegeix m\u00e9s\u00bb<\/a><br \/>\n","protected":false},"author":1,"featured_media":0,"parent":532,"menu_order":4,"comment_status":"closed","ping_status":"closed","template":"page-templates\/side-menu.php","meta":{"_bbp_topic_count":0,"_bbp_reply_count":0,"_bbp_total_topic_count":0,"_bbp_total_reply_count":0,"_bbp_voice_count":0,"_bbp_anonymous_reply_count":0,"_bbp_topic_count_hidden":0,"_bbp_reply_count_hidden":0,"_bbp_forum_subforum_count":0,"footnotes":""},"class_list":["post-701","page","type-page","status-publish","hentry"],"post_mailing_queue_ids":[],"_links":{"self":[{"href":"https:\/\/agora.xtec.cat\/escola-monmany\/wp-json\/wp\/v2\/pages\/701","targetHints":{"allow":["GET"]}}],"collection":[{"href":"https:\/\/agora.xtec.cat\/escola-monmany\/wp-json\/wp\/v2\/pages"}],"about":[{"href":"https:\/\/agora.xtec.cat\/escola-monmany\/wp-json\/wp\/v2\/types\/page"}],"author":[{"embeddable":true,"href":"https:\/\/agora.xtec.cat\/escola-monmany\/wp-json\/wp\/v2\/users\/1"}],"replies":[{"embeddable":true,"href":"https:\/\/agora.xtec.cat\/escola-monmany\/wp-json\/wp\/v2\/comments?post=701"}],"version-history":[{"count":4,"href":"https:\/\/agora.xtec.cat\/escola-monmany\/wp-json\/wp\/v2\/pages\/701\/revisions"}],"predecessor-version":[{"id":7682,"href":"https:\/\/agora.xtec.cat\/escola-monmany\/wp-json\/wp\/v2\/pages\/701\/revisions\/7682"}],"up":[{"embeddable":true,"href":"https:\/\/agora.xtec.cat\/escola-monmany\/wp-json\/wp\/v2\/pages\/532"}],"wp:attachment":[{"href":"https:\/\/agora.xtec.cat\/escola-monmany\/wp-json\/wp\/v2\/media?parent=701"}],"curies":[{"name":"wp","href":"https:\/\/api.w.org\/{rel}","templated":true}]}}