{"id":618,"date":"2020-03-28T17:54:31","date_gmt":"2020-03-28T16:54:31","guid":{"rendered":"https:\/\/agora.xtec.cat\/escola-monmany\/?page_id=618"},"modified":"2020-04-29T00:02:39","modified_gmt":"2020-04-28T22:02:39","slug":"activitats-families","status":"publish","type":"page","link":"https:\/\/agora.xtec.cat\/escola-monmany\/families\/activitats-families\/","title":{"rendered":"Activitats fam\u00edlies"},"content":{"rendered":"<p>La complicitat i la confian\u00e7a m\u00fatua entre l&#8217;escola i la fam\u00edlia \u00e9s imprescindible per acompanyar l&#8217;infant sense perdre de vista la seva globalitat en el seu creixement personal. Les portes de l&#8217;escola sempre s\u00f3n obertes per\u00f2 en alguns moments de l&#8217;any b\u00e9 per compartir alguna activitat entre <a href=\"http:\/\/ensenyament.gencat.cat\/ca\/arees-actuacio\/families\/\">la fam\u00edlia i l&#8217;escola<\/a> on els pares interaccioneu amb el vostre infant mentre gaudiu d&#8217;una situaci\u00f3 d&#8217;aprenentatge planificada per l&#8217;equip de mestres o b\u00e9 per gaudir d&#8217;algun tipus d&#8217;actuaci\u00f3 que els infants han preparat per a vosaltres, l&#8217;escola us mostra el seu dia a dia.<\/p>\n<p>&nbsp;<\/p>\n","protected":false},"excerpt":{"rendered":"<p>La complicitat i la confian\u00e7a m\u00fatua entre l&#8217;escola i la fam\u00edlia \u00e9s imprescindible per acompanyar l&#8217;infant sense perdre de vista la seva globalitat en el seu creixement personal. Les portes de l&#8217;escola sempre s\u00f3n obertes per\u00f2 en alguns moments de l&#8217;any b\u00e9 per compartir alguna&hellip;  <a href=\"https:\/\/agora.xtec.cat\/escola-monmany\/families\/activitats-families\/\" title=\"Read Activitats fam\u00edlies\">Llegeix m\u00e9s\u00bb<\/a><\/p>\n","protected":false},"author":1,"featured_media":0,"parent":532,"menu_order":3,"comment_status":"closed","ping_status":"closed","template":"page-templates\/side-menu.php","meta":{"_bbp_topic_count":0,"_bbp_reply_count":0,"_bbp_total_topic_count":0,"_bbp_total_reply_count":0,"_bbp_voice_count":0,"_bbp_anonymous_reply_count":0,"_bbp_topic_count_hidden":0,"_bbp_reply_count_hidden":0,"_bbp_forum_subforum_count":0,"footnotes":""},"class_list":["post-618","page","type-page","status-publish","hentry"],"post_mailing_queue_ids":[],"_links":{"self":[{"href":"https:\/\/agora.xtec.cat\/escola-monmany\/wp-json\/wp\/v2\/pages\/618","targetHints":{"allow":["GET"]}}],"collection":[{"href":"https:\/\/agora.xtec.cat\/escola-monmany\/wp-json\/wp\/v2\/pages"}],"about":[{"href":"https:\/\/agora.xtec.cat\/escola-monmany\/wp-json\/wp\/v2\/types\/page"}],"author":[{"embeddable":true,"href":"https:\/\/agora.xtec.cat\/escola-monmany\/wp-json\/wp\/v2\/users\/1"}],"replies":[{"embeddable":true,"href":"https:\/\/agora.xtec.cat\/escola-monmany\/wp-json\/wp\/v2\/comments?post=618"}],"version-history":[{"count":3,"href":"https:\/\/agora.xtec.cat\/escola-monmany\/wp-json\/wp\/v2\/pages\/618\/revisions"}],"predecessor-version":[{"id":1921,"href":"https:\/\/agora.xtec.cat\/escola-monmany\/wp-json\/wp\/v2\/pages\/618\/revisions\/1921"}],"up":[{"embeddable":true,"href":"https:\/\/agora.xtec.cat\/escola-monmany\/wp-json\/wp\/v2\/pages\/532"}],"wp:attachment":[{"href":"https:\/\/agora.xtec.cat\/escola-monmany\/wp-json\/wp\/v2\/media?parent=618"}],"curies":[{"name":"wp","href":"https:\/\/api.w.org\/{rel}","templated":true}]}}