{"id":616,"date":"2020-03-28T17:54:31","date_gmt":"2020-03-28T16:54:31","guid":{"rendered":"https:\/\/agora.xtec.cat\/escola-monmany\/?page_id=616"},"modified":"2020-04-29T23:37:56","modified_gmt":"2020-04-29T21:37:56","slug":"programa-cooperatiu","status":"publish","type":"page","link":"https:\/\/agora.xtec.cat\/escola-monmany\/families\/programa-cooperatiu\/","title":{"rendered":"Programa cooperatiu"},"content":{"rendered":"<table style=\"width: 910.75px;\">\n<tbody>\n<tr>\n<td style=\"background-color: #f1bff2; width: 904.25px; text-align: center;\" colspan=\"4\"><strong>PROGRAMA COOPERATIU DE REUTILITZACI\u00d3 DE LLIBRES DE TEXT I MATERIAL DID\u00c0CTIC I DIGITAL<br \/>\n<\/strong><\/td>\n<\/tr>\n<tr>\n<td style=\"background-color: #f1bff2; width: 88.75px;\">OBJECTIUS<\/td>\n<td style=\"width: 813.5px;\" colspan=\"3\">\n<ul style=\"list-style-type: square;\">\n<li>Reduir la despesa econ\u00f2mica de les fam\u00edlies per l\u2019adquisici\u00f3 dels llibres de text al comen\u00e7ament de cada curs escolar.<\/li>\n<li>\u00a0Fomentar valors com la capacitat de compartir, la solidaritat, el respecte al b\u00e9 com\u00fa, la companyonia i la responsabilitat.<\/li>\n<li>\u00a0Educar per un consum m\u00e9s racional i sostenible, promovent la cultura del reciclatge, la reutilitzaci\u00f3 dels recursos i l\u2019estalvi ecol\u00f2gic i econ\u00f2mic.<\/li>\n<li>Actualitzar l&#8217;inventari TIC.<\/li>\n<\/ul>\n<\/td>\n<\/tr>\n<\/tbody>\n<\/table>\n<p>La seva implantaci\u00f3 suposa a les fam\u00edlies no haver de comprar un determinat nombre de llibres de text especialment a partir de tercer d&#8217;educaci\u00f3 prim\u00e0ria a l&#8217;igual que els llibres de lectura en qualsevol de les lleng\u00fces de l&#8217;\u00e0mbit ling\u00fc\u00edstic, els atles i els diccionaris. Implica el comprom\u00eds de la fam\u00edlia de tornar el llibre prestat a final de curs en bones condicions i l&#8217;abonament de 10 \u20ac per infant.<\/p>\n","protected":false},"excerpt":{"rendered":"<p>PROGRAMA COOPERATIU DE REUTILITZACI\u00d3 DE LLIBRES DE TEXT I MATERIAL DID\u00c0CTIC I DIGITAL<\/p>\n<p>OBJECTIUS<\/p>\n<ul style=\"list-style-type: square;\">\n<li>Reduir la despesa econ\u00f2mica de les fam\u00edlies per l\u2019adquisici\u00f3 dels llibres de text al comen\u00e7ament de cada curs escolar.<\/li>\n<li>\u00a0Fomentar valors com la capacitat de compartir, la solidaritat, el respecte al b\u00e9&hellip;  <a href=\"https:\/\/agora.xtec.cat\/escola-monmany\/families\/programa-cooperatiu\/\" title=\"Read Programa cooperatiu\">Llegeix m\u00e9s\u00bb<\/a><br \/>\n","protected":false},"author":1,"featured_media":0,"parent":532,"menu_order":5,"comment_status":"closed","ping_status":"closed","template":"page-templates\/side-menu.php","meta":{"_bbp_topic_count":0,"_bbp_reply_count":0,"_bbp_total_topic_count":0,"_bbp_total_reply_count":0,"_bbp_voice_count":0,"_bbp_anonymous_reply_count":0,"_bbp_topic_count_hidden":0,"_bbp_reply_count_hidden":0,"_bbp_forum_subforum_count":0,"footnotes":""},"class_list":["post-616","page","type-page","status-publish","hentry"],"post_mailing_queue_ids":[],"_links":{"self":[{"href":"https:\/\/agora.xtec.cat\/escola-monmany\/wp-json\/wp\/v2\/pages\/616","targetHints":{"allow":["GET"]}}],"collection":[{"href":"https:\/\/agora.xtec.cat\/escola-monmany\/wp-json\/wp\/v2\/pages"}],"about":[{"href":"https:\/\/agora.xtec.cat\/escola-monmany\/wp-json\/wp\/v2\/types\/page"}],"author":[{"embeddable":true,"href":"https:\/\/agora.xtec.cat\/escola-monmany\/wp-json\/wp\/v2\/users\/1"}],"replies":[{"embeddable":true,"href":"https:\/\/agora.xtec.cat\/escola-monmany\/wp-json\/wp\/v2\/comments?post=616"}],"version-history":[{"count":3,"href":"https:\/\/agora.xtec.cat\/escola-monmany\/wp-json\/wp\/v2\/pages\/616\/revisions"}],"predecessor-version":[{"id":2001,"href":"https:\/\/agora.xtec.cat\/escola-monmany\/wp-json\/wp\/v2\/pages\/616\/revisions\/2001"}],"up":[{"embeddable":true,"href":"https:\/\/agora.xtec.cat\/escola-monmany\/wp-json\/wp\/v2\/pages\/532"}],"wp:attachment":[{"href":"https:\/\/agora.xtec.cat\/escola-monmany\/wp-json\/wp\/v2\/media?parent=616"}],"curies":[{"name":"wp","href":"https:\/\/api.w.org\/{rel}","templated":true}]}}