{"id":611,"date":"2020-03-28T17:54:31","date_gmt":"2020-03-28T16:54:31","guid":{"rendered":"https:\/\/agora.xtec.cat\/escola-monmany\/?page_id=611"},"modified":"2020-09-13T11:24:00","modified_gmt":"2020-09-13T09:24:00","slug":"equip-directiu","status":"publish","type":"page","link":"https:\/\/agora.xtec.cat\/escola-monmany\/families\/horari-datencio\/equip-directiu\/","title":{"rendered":"Equip directiu"},"content":{"rendered":"<p>L\u2019horari d\u2019atenci\u00f3 a les fam\u00edlies per part de l\u2019equip directiu \u00e9s preferentment:<\/p>\n<ul>\n<li style=\"list-style-type: none;\">\n<ul>\n<li style=\"list-style-type: none;\">\n<ul>\n<li>Donada la situaci\u00f3 pand\u00e8mica de la Covid19, l&#8217;horari de l&#8217;equip directiu es flexibilitzar\u00e0 per atendre les necessitats de les fam\u00edlies.<\/li>\n<\/ul>\n<\/li>\n<\/ul>\n<\/li>\n<\/ul>\n<p style=\"text-align: center;\">Us demanem que truqueu per demanar cita pr\u00e8via.<\/p>\n<p style=\"text-align: center;\">Atentament, l&#8217;equip directiu.<\/p>\n<p style=\"text-align: center;\"><strong>936 853 046<\/strong> i\/o <strong>608 197 705<\/strong>.<\/p>\n","protected":false},"excerpt":{"rendered":"<p>L\u2019horari d\u2019atenci\u00f3 a les fam\u00edlies per part de l\u2019equip directiu \u00e9s preferentment:<\/p>\n<ul>\n<li style=\"list-style-type: none;\">\n<ul>\n<li style=\"list-style-type: none;\">\n<ul>\n<li>Donada la situaci\u00f3 pand\u00e8mica de la Covid19, l&#8217;horari de l&#8217;equip directiu es flexibilitzar\u00e0 per atendre les necessitats de les fam\u00edlies.<\/li>\n<\/ul>\n<\/li>\n<\/ul>\n<\/li>\n<\/ul>\n<p>Us demanem que truqueu per demanar cita pr\u00e8via.<br \/>\nAtentament, l&#8217;equip directiu.<br \/>\n936 853&hellip;  <a href=\"https:\/\/agora.xtec.cat\/escola-monmany\/families\/horari-datencio\/equip-directiu\/\" title=\"Read Equip directiu\">Llegeix m\u00e9s\u00bb<\/a><\/p>\n","protected":false},"author":1,"featured_media":0,"parent":568,"menu_order":2,"comment_status":"closed","ping_status":"closed","template":"page-templates\/side-menu.php","meta":{"_bbp_topic_count":0,"_bbp_reply_count":0,"_bbp_total_topic_count":0,"_bbp_total_reply_count":0,"_bbp_voice_count":0,"_bbp_anonymous_reply_count":0,"_bbp_topic_count_hidden":0,"_bbp_reply_count_hidden":0,"_bbp_forum_subforum_count":0,"footnotes":""},"class_list":["post-611","page","type-page","status-publish","hentry"],"post_mailing_queue_ids":[],"_links":{"self":[{"href":"https:\/\/agora.xtec.cat\/escola-monmany\/wp-json\/wp\/v2\/pages\/611","targetHints":{"allow":["GET"]}}],"collection":[{"href":"https:\/\/agora.xtec.cat\/escola-monmany\/wp-json\/wp\/v2\/pages"}],"about":[{"href":"https:\/\/agora.xtec.cat\/escola-monmany\/wp-json\/wp\/v2\/types\/page"}],"author":[{"embeddable":true,"href":"https:\/\/agora.xtec.cat\/escola-monmany\/wp-json\/wp\/v2\/users\/1"}],"replies":[{"embeddable":true,"href":"https:\/\/agora.xtec.cat\/escola-monmany\/wp-json\/wp\/v2\/comments?post=611"}],"version-history":[{"count":3,"href":"https:\/\/agora.xtec.cat\/escola-monmany\/wp-json\/wp\/v2\/pages\/611\/revisions"}],"predecessor-version":[{"id":2706,"href":"https:\/\/agora.xtec.cat\/escola-monmany\/wp-json\/wp\/v2\/pages\/611\/revisions\/2706"}],"up":[{"embeddable":true,"href":"https:\/\/agora.xtec.cat\/escola-monmany\/wp-json\/wp\/v2\/pages\/568"}],"wp:attachment":[{"href":"https:\/\/agora.xtec.cat\/escola-monmany\/wp-json\/wp\/v2\/media?parent=611"}],"curies":[{"name":"wp","href":"https:\/\/api.w.org\/{rel}","templated":true}]}}